{"id":3555,"date":"2020-09-18T11:54:20","date_gmt":"2020-09-18T10:54:20","guid":{"rendered":"https:\/\/www.autoline.no\/?post_type=product&#038;p=3555"},"modified":"2026-02-13T22:41:52","modified_gmt":"2026-02-13T21:41:52","slug":"9120615-s90-builder-mercedes-kit-singel-side","status":"publish","type":"product","link":"https:\/\/www.autoline.no\/sv\/product\/9120615-s90-builder-mercedes-kit-singel-side\/","title":{"rendered":"9120615 S90 Builder Mercedes KIT singel side"},"content":{"rendered":"\n<style type=\"text\/css\" data-created_by=\"avia_inline_auto\" id=\"style-css-av-289isz-002b4d21dde3857febb6a0596ccb6242\">\n.flex_column.av-289isz-002b4d21dde3857febb6a0596ccb6242{\nborder-radius:0px 0px 0px 0px;\npadding:0px 0px 0px 0px;\n}\n<\/style>\n<div  class='flex_column av-289isz-002b4d21dde3857febb6a0596ccb6242 av_one_full  avia-builder-el-0  el_before_av_hr  avia-builder-el-first  first flex_column_div av-zero-column-padding  '     ><style type=\"text\/css\" data-created_by=\"avia_inline_auto\" id=\"style-css-av-kyk7hjki-34d35d6a7b1345e1dbcd9b38eac73a17\">\n.avia-image-container.av-kyk7hjki-34d35d6a7b1345e1dbcd9b38eac73a17 img.avia_image{\nbox-shadow:none;\n}\n.avia-image-container.av-kyk7hjki-34d35d6a7b1345e1dbcd9b38eac73a17 .av-image-caption-overlay-center{\ncolor:#ffffff;\n}\n<\/style>\n<div  class='avia-image-container av-kyk7hjki-34d35d6a7b1345e1dbcd9b38eac73a17 av-styling- avia-align-center  avia-builder-el-1  avia-builder-el-no-sibling '   itemprop=\"image\" itemscope=\"itemscope\" itemtype=\"https:\/\/schema.org\/ImageObject\" ><div class=\"avia-image-container-inner\"><div class=\"avia-image-overlay-wrap\"><img decoding=\"async\" fetchpriority=\"high\" class='wp-image-2993 avia-img-lazy-loading-not-2993 avia_image ' src=\"https:\/\/www.autoline.no\/wp-content\/uploads\/2020\/06\/Autoline_logo-300x76.png\" alt='' title='Autoline_logo'  height=\"76\" width=\"300\"  itemprop=\"thumbnailUrl\" srcset=\"https:\/\/www.autoline.no\/wp-content\/uploads\/2020\/06\/Autoline_logo-300x76.png 300w, https:\/\/www.autoline.no\/wp-content\/uploads\/2020\/06\/Autoline_logo-768x194.png 768w, https:\/\/www.autoline.no\/wp-content\/uploads\/2020\/06\/Autoline_logo-705x178.png 705w, https:\/\/www.autoline.no\/wp-content\/uploads\/2020\/06\/Autoline_logo-450x114.png 450w, https:\/\/www.autoline.no\/wp-content\/uploads\/2020\/06\/Autoline_logo.png 980w\" sizes=\"(max-width: 300px) 100vw, 300px\" \/><\/div><\/div><\/div><\/div>\n<div  class='hr av-3r6ycz-028fb4099bc84b9329d3ab74bd7b05c2 hr-default  avia-builder-el-2  el_after_av_one_full  el_before_av_heading '><span class='hr-inner '><span class=\"hr-inner-style\"><\/span><\/span><\/div>\n\n<style type=\"text\/css\" data-created_by=\"avia_inline_auto\" id=\"style-css-av-kyk7gq94-f7a5b3a5a548c836a51bbee8dc884fc1\">\n#top .av-special-heading.av-kyk7gq94-f7a5b3a5a548c836a51bbee8dc884fc1{\npadding-bottom:10px;\n}\nbody .av-special-heading.av-kyk7gq94-f7a5b3a5a548c836a51bbee8dc884fc1 .av-special-heading-tag .heading-char{\nfont-size:25px;\n}\n.av-special-heading.av-kyk7gq94-f7a5b3a5a548c836a51bbee8dc884fc1 .av-subheading{\nfont-size:15px;\n}\n<\/style>\n<div  class='av-special-heading av-kyk7gq94-f7a5b3a5a548c836a51bbee8dc884fc1 av-special-heading-h2 blockquote modern-quote  avia-builder-el-3  el_after_av_hr  el_before_av_hr '><h2 class='av-special-heading-tag '  itemprop=\"headline\"  >S 90 Builder Mercedes single side KIT<\/h2><div class=\"special-heading-border\"><div class=\"special-heading-inner-border\"><\/div><\/div><\/div>\n<div  class='hr av-566avj-3442cf70cc823d4c488dd98f8ce6a2a6 hr-default  avia-builder-el-4  el_after_av_heading  el_before_av_textblock '><span class='hr-inner '><span class=\"hr-inner-style\"><\/span><\/span><\/div>\n<section  class='av_textblock_section av-mllexkq4-0f176a43f3143b6956e4d112b177a0d4 '   itemscope=\"itemscope\" itemtype=\"https:\/\/schema.org\/CreativeWork\" ><div class='avia_textblock'  itemprop=\"text\" ><h4>Kr 30.658,00<\/h4>\n<\/div><\/section>\n\n<style type=\"text\/css\" data-created_by=\"avia_inline_auto\" id=\"style-css-av-3oyd3z-a2073b9ae4142ce4ab425964339cf13b\">\n.flex_column.av-3oyd3z-a2073b9ae4142ce4ab425964339cf13b{\nborder-radius:0px 0px 0px 0px;\npadding:0px 0px 0px 0px;\n}\n<\/style>\n<div  class='flex_column av-3oyd3z-a2073b9ae4142ce4ab425964339cf13b av_two_third  avia-builder-el-6  el_after_av_textblock  el_before_av_one_third  first flex_column_div av-zero-column-padding  column-top-margin'     ><section  class='av_textblock_section av-k66cae3p-d1f156b595dc3e2661c761a476187ae2 '   itemscope=\"itemscope\" itemtype=\"https:\/\/schema.org\/CreativeWork\" ><div class='avia_textblock'  itemprop=\"text\" ><p><b>Produkt nr: 9120615<\/b><br \/>\nSandstr\u00f8ersett for Mercedes Actros 2012 og nyere, inneholder v\u00e5r mest popul\u00e6re sandstr\u00f8er med en kapasitet p\u00e5 90 liter. F\u00f8reren kan enkelt og effektivt styre sandstr\u00f8eren fra kj\u00f8ret\u00f8yets instrumentpanel, og kan uavhengig hente ut en passende mengde sand. Sandstr\u00f8eren kan kobles til Mercedes canbus, noe som gj\u00f8r at de fungerer sammen med kj\u00f8ret\u00f8yets ABS \/ EBS-system. Dette \u00f8ker sikkerheten ved blant annet \u00e5 redusere bremselengden. Sandstr\u00f8eren drives av en elektrisk motor og sanden varmes opp av et varmeelement. anbefalt sand for bruk: 4-8 mm. Sandstr\u00f8eren er montert foran drivhjulene p\u00e5 lastebiler og busser. Vekt for sandstr\u00f8er ekskl. Sand: 40 kg.<\/p>\n<p><strong>Innhold:<\/strong><br \/>\n<a href=\"https:\/\/www.autoline.no\/product\/s-90-standard-sandstroer\/\">1 x Sandstr\u00f8er S90<\/a><br \/>\n<a href=\"https:\/\/www.autoline.no\/product\/standard-bracket\/\">1 x Brakett universal Autoline<\/a><br \/>\n<a href=\"https:\/\/www.autoline.no\/product\/bracket-mercedes-left-right-side\/\">1 x Brakett Mercedes h\u00f8yre \/ venstre<\/a><br \/>\n<a href=\"https:\/\/www.autoline.no\/product\/controlbox-2224\/\">1 x Kontrollpanel \/ kontrollboks ESS 2224 6 m kabel<\/a><br \/>\n<a href=\"https:\/\/www.autoline.no\/product\/4098471-mercedes-actros-atego-switch-singel\/\">1 x Bryter\/Kabel MB Actros 2012 og nyere<\/a><\/p>\n<p><strong>Tekniske data:<\/strong><br \/>\nKasse: Rustfritt st\u00e5l 2 mm<br \/>\nTopp\/luke: Rustfritt st\u00e5l 2 mm<br \/>\nFestebrakett: Galvanisert st\u00e5l 8 mm<br \/>\nMotor: 24 volt\/60 watt pr. kasse<br \/>\nVarme: 24 volt\/140 watt pr. kasse<br \/>\nVekt, kasse: 27-40 kg (eksl. sand og feste)<br \/>\nSandtype: 4-8 mm knust grus\/sand<br \/>\nStr\u00f8tid: 2-3 min<br \/>\nStr\u00f8lengde: 700-1000 m<\/p>\n<\/div><\/section><\/div>\n\n<style type=\"text\/css\" data-created_by=\"avia_inline_auto\" id=\"style-css-av-2v3wjz-c0f5eefab3bf330b68fd0653e829a679\">\n.flex_column.av-2v3wjz-c0f5eefab3bf330b68fd0653e829a679{\nborder-radius:0px 0px 0px 0px;\npadding:0px 0px 0px 0px;\n}\n<\/style>\n<div  class='flex_column av-2v3wjz-c0f5eefab3bf330b68fd0653e829a679 av_one_third  avia-builder-el-8  el_after_av_two_third  el_before_av_gallery  flex_column_div av-zero-column-padding  column-top-margin'     ><p>\n<style type=\"text\/css\" data-created_by=\"avia_inline_auto\" id=\"style-css-av-k66c8jsx-3c855cd5d5a6f9950ef81191f196e7a3\">\n.avia-image-container.av-k66c8jsx-3c855cd5d5a6f9950ef81191f196e7a3 img.avia_image{\nbox-shadow:none;\n}\n.avia-image-container.av-k66c8jsx-3c855cd5d5a6f9950ef81191f196e7a3 .av-image-caption-overlay-center{\ncolor:#ffffff;\n}\n<\/style>\n<div  class='avia-image-container av-k66c8jsx-3c855cd5d5a6f9950ef81191f196e7a3 av-styling- avia-align-center  avia-builder-el-9  el_before_av_textblock  avia-builder-el-first '   itemprop=\"image\" itemscope=\"itemscope\" itemtype=\"https:\/\/schema.org\/ImageObject\" ><div class=\"avia-image-container-inner\"><div class=\"avia-image-overlay-wrap\"><img decoding=\"async\" fetchpriority=\"high\" class='wp-image-2181 avia-img-lazy-loading-not-2181 avia_image ' src=\"https:\/\/www.autoline.no\/wp-content\/uploads\/2016\/12\/s90-teknisk.jpg\" alt='' title='s90-teknisk'  height=\"717\" width=\"620\"  itemprop=\"thumbnailUrl\" srcset=\"https:\/\/www.autoline.no\/wp-content\/uploads\/2016\/12\/s90-teknisk.jpg 620w, https:\/\/www.autoline.no\/wp-content\/uploads\/2016\/12\/s90-teknisk-450x520.jpg 450w, https:\/\/www.autoline.no\/wp-content\/uploads\/2016\/12\/s90-teknisk-259x300.jpg 259w, https:\/\/www.autoline.no\/wp-content\/uploads\/2016\/12\/s90-teknisk-610x705.jpg 610w\" sizes=\"(max-width: 620px) 100vw, 620px\" \/><\/div><\/div><\/div><br \/>\n<section  class='av_textblock_section av-k66cdb06-ea95eaeae53d9fb19ed7c7db813a63df '   itemscope=\"itemscope\" itemtype=\"https:\/\/schema.org\/CreativeWork\" ><div class='avia_textblock'  itemprop=\"text\" ><p>A: 670mm<br \/>\nB: 310mm<br \/>\nC: 290mm<br \/>\nD: 300mm<br \/>\nG: 160mm<br \/>\nH: 550mm<br \/>\nJ: 660mm total h\u00f8yde<\/p>\n<p><a href=\"http:\/\/www.autoline.no\/products\/parts\/\">Deler<\/a><br \/>\n<a href=\"http:\/\/www.autoline.no\/wp-content\/uploads\/2016\/12\/CADDrawing-S90.zip\">CAD-tegning S90<\/a><\/p>\n<\/div><\/section><\/p><\/div>\n\n<style type=\"text\/css\" data-created_by=\"avia_inline_auto\" id=\"style-css-av-k66d78ja-2176d5644727b236c861de0f93d5b0e7\">\n#top .avia-gallery.av-k66d78ja-2176d5644727b236c861de0f93d5b0e7 .avia-gallery-thumb a{\nwidth:20%;\n}\n<\/style>\n<div  class='avia-gallery av-k66d78ja-2176d5644727b236c861de0f93d5b0e7 avia_animate_when_visible  avia-builder-el-11  el_after_av_one_third  avia-builder-el-last  avia_lazyload avia-gallery-animate avia-gallery-1'  itemprop=\"image\" itemscope=\"itemscope\" itemtype=\"https:\/\/schema.org\/ImageObject\" ><meta itemprop=\"contentURL\" content=\"https:\/\/www.autoline.no\/sv\/product\/9120615-s90-builder-mercedes-kit-singel-side\/\"><div class='avia-gallery-thumb'><a href=\"https:\/\/www.autoline.no\/wp-content\/uploads\/2020\/02\/d457_productimage_2.jpg\" data-srcset=\"https:\/\/www.autoline.no\/wp-content\/uploads\/2020\/02\/d457_productimage_2.jpg 650w, https:\/\/www.autoline.no\/wp-content\/uploads\/2020\/02\/d457_productimage_2-300x225.jpg 300w, https:\/\/www.autoline.no\/wp-content\/uploads\/2020\/02\/d457_productimage_2-450x338.jpg 450w\" data-sizes=\"(max-width: 650px) 100vw, 650px\" data-rel='gallery-1' data-prev-img='https:\/\/www.autoline.no\/wp-content\/uploads\/2020\/02\/d457_productimage_2-495x400.jpg' class='first_thumb lightbox ' data-onclick='1' title='d457_productimage_2'  itemprop=\"thumbnailUrl\"  ><img decoding=\"async\" fetchpriority=\"high\" class=\"wp-image-2586 avia-img-lazy-loading-not-2586\"   src=\"https:\/\/www.autoline.no\/wp-content\/uploads\/2020\/02\/d457_productimage_2-495x400.jpg\" width=\"495\" height=\"400\"  title='d457_productimage_2' alt='' \/><div class='big-prev-fake'><img decoding=\"async\" loading=\"lazy\" class=\"wp-image-2586 avia-img-lazy-loading-2586\"  width=\"495\" height=\"400\" src=\"https:\/\/www.autoline.no\/wp-content\/uploads\/2020\/02\/d457_productimage_2-495x400.jpg\" title='d457_productimage_2' alt='' \/><\/div><\/a><a href=\"https:\/\/www.autoline.no\/wp-content\/uploads\/2020\/02\/d456_productimage_mainfront.jpg\" data-srcset=\"https:\/\/www.autoline.no\/wp-content\/uploads\/2020\/02\/d456_productimage_mainfront.jpg 650w, https:\/\/www.autoline.no\/wp-content\/uploads\/2020\/02\/d456_productimage_mainfront-300x225.jpg 300w, https:\/\/www.autoline.no\/wp-content\/uploads\/2020\/02\/d456_productimage_mainfront-450x338.jpg 450w\" data-sizes=\"(max-width: 650px) 100vw, 650px\" data-rel='gallery-1' data-prev-img='https:\/\/www.autoline.no\/wp-content\/uploads\/2020\/02\/d456_productimage_mainfront-495x400.jpg' class='lightbox ' data-onclick='2' title='d456_productimage_mainfront'  itemprop=\"thumbnailUrl\"  ><img decoding=\"async\" fetchpriority=\"high\" class=\"wp-image-2615 avia-img-lazy-loading-not-2615\"   src=\"https:\/\/www.autoline.no\/wp-content\/uploads\/2020\/02\/d456_productimage_mainfront-495x400.jpg\" width=\"495\" height=\"400\"  title='d456_productimage_mainfront' alt='' \/><div class='big-prev-fake'><img decoding=\"async\" loading=\"lazy\" class=\"wp-image-2615 avia-img-lazy-loading-2615\"  width=\"495\" height=\"400\" src=\"https:\/\/www.autoline.no\/wp-content\/uploads\/2020\/02\/d456_productimage_mainfront-495x400.jpg\" title='d456_productimage_mainfront' alt='' \/><\/div><\/a><a href=\"https:\/\/www.autoline.no\/wp-content\/uploads\/2016\/12\/lastebil2_reference.jpg\" data-srcset=\"https:\/\/www.autoline.no\/wp-content\/uploads\/2016\/12\/lastebil2_reference.jpg 800w, https:\/\/www.autoline.no\/wp-content\/uploads\/2016\/12\/lastebil2_reference-450x300.jpg 450w, https:\/\/www.autoline.no\/wp-content\/uploads\/2016\/12\/lastebil2_reference-300x200.jpg 300w, https:\/\/www.autoline.no\/wp-content\/uploads\/2016\/12\/lastebil2_reference-768x513.jpg 768w, https:\/\/www.autoline.no\/wp-content\/uploads\/2016\/12\/lastebil2_reference-705x471.jpg 705w\" data-sizes=\"(max-width: 800px) 100vw, 800px\" data-rel='gallery-1' data-prev-img='https:\/\/www.autoline.no\/wp-content\/uploads\/2016\/12\/lastebil2_reference-495x400.jpg' class='lightbox ' data-onclick='3' title='lastebil2'  itemprop=\"thumbnailUrl\"  ><img decoding=\"async\" fetchpriority=\"high\" class=\"wp-image-1942 avia-img-lazy-loading-not-1942\"  data-avia-tooltip='lastebil2' src=\"https:\/\/www.autoline.no\/wp-content\/uploads\/2016\/12\/lastebil2_reference-495x400.jpg\" width=\"495\" height=\"400\"  title='lastebil2_reference' alt='' \/><div class='big-prev-fake'><img decoding=\"async\" loading=\"lazy\" class=\"wp-image-1942 avia-img-lazy-loading-1942\"  width=\"495\" height=\"400\" src=\"https:\/\/www.autoline.no\/wp-content\/uploads\/2016\/12\/lastebil2_reference-495x400.jpg\" title='lastebil2_reference' alt='' \/><\/div><\/a><a href=\"https:\/\/www.autoline.no\/wp-content\/uploads\/2016\/12\/Autoline-S90-2_reference.jpg\" data-srcset=\"https:\/\/www.autoline.no\/wp-content\/uploads\/2016\/12\/Autoline-S90-2_reference.jpg 500w, https:\/\/www.autoline.no\/wp-content\/uploads\/2016\/12\/Autoline-S90-2_reference-450x427.jpg 450w, https:\/\/www.autoline.no\/wp-content\/uploads\/2016\/12\/Autoline-S90-2_reference-300x284.jpg 300w\" data-sizes=\"(max-width: 500px) 100vw, 500px\" data-rel='gallery-1' data-prev-img='https:\/\/www.autoline.no\/wp-content\/uploads\/2016\/12\/Autoline-S90-2_reference-495x400.jpg' class='lightbox ' data-onclick='4' title='Autoline S90 2'  itemprop=\"thumbnailUrl\"  ><img decoding=\"async\" fetchpriority=\"high\" class=\"wp-image-1953 avia-img-lazy-loading-not-1953\"  data-avia-tooltip='Autoline S90 2' src=\"https:\/\/www.autoline.no\/wp-content\/uploads\/2016\/12\/Autoline-S90-2_reference-495x400.jpg\" width=\"495\" height=\"400\"  title='autoline-s90-2_reference' alt='' \/><div class='big-prev-fake'><img decoding=\"async\" loading=\"lazy\" class=\"wp-image-1953 avia-img-lazy-loading-1953\"  width=\"495\" height=\"400\" src=\"https:\/\/www.autoline.no\/wp-content\/uploads\/2016\/12\/Autoline-S90-2_reference-495x400.jpg\" title='autoline-s90-2_reference' alt='' \/><\/div><\/a><a href=\"https:\/\/www.autoline.no\/wp-content\/uploads\/2016\/12\/buss_s90_reference.jpg\" data-srcset=\"https:\/\/www.autoline.no\/wp-content\/uploads\/2016\/12\/buss_s90_reference.jpg 800w, https:\/\/www.autoline.no\/wp-content\/uploads\/2016\/12\/buss_s90_reference-450x300.jpg 450w, https:\/\/www.autoline.no\/wp-content\/uploads\/2016\/12\/buss_s90_reference-300x200.jpg 300w, https:\/\/www.autoline.no\/wp-content\/uploads\/2016\/12\/buss_s90_reference-768x512.jpg 768w, https:\/\/www.autoline.no\/wp-content\/uploads\/2016\/12\/buss_s90_reference-705x470.jpg 705w\" data-sizes=\"(max-width: 800px) 100vw, 800px\" data-rel='gallery-1' data-prev-img='https:\/\/www.autoline.no\/wp-content\/uploads\/2016\/12\/buss_s90_reference-495x400.jpg' class='lightbox ' data-onclick='5' title='buss_s90'  itemprop=\"thumbnailUrl\"  ><img decoding=\"async\" fetchpriority=\"high\" class=\"wp-image-4436 avia-img-lazy-loading-not-4436\"  data-avia-tooltip='buss_s90' src=\"https:\/\/www.autoline.no\/wp-content\/uploads\/2016\/12\/buss_s90_reference-495x400.jpg\" width=\"495\" height=\"400\"  title='buss_s90_reference' alt='' \/><div class='big-prev-fake'><img decoding=\"async\" loading=\"lazy\" class=\"wp-image-4436 avia-img-lazy-loading-4436\"  width=\"495\" height=\"400\" src=\"https:\/\/www.autoline.no\/wp-content\/uploads\/2016\/12\/buss_s90_reference-495x400.jpg\" title='buss_s90_reference' alt='' \/><\/div><\/a><a href=\"https:\/\/www.autoline.no\/wp-content\/uploads\/2016\/12\/buss_s90_2_reference.jpg\" data-srcset=\"https:\/\/www.autoline.no\/wp-content\/uploads\/2016\/12\/buss_s90_2_reference.jpg 800w, https:\/\/www.autoline.no\/wp-content\/uploads\/2016\/12\/buss_s90_2_reference-450x300.jpg 450w, https:\/\/www.autoline.no\/wp-content\/uploads\/2016\/12\/buss_s90_2_reference-300x200.jpg 300w, https:\/\/www.autoline.no\/wp-content\/uploads\/2016\/12\/buss_s90_2_reference-768x512.jpg 768w, https:\/\/www.autoline.no\/wp-content\/uploads\/2016\/12\/buss_s90_2_reference-705x470.jpg 705w\" data-sizes=\"(max-width: 800px) 100vw, 800px\" data-rel='gallery-1' data-prev-img='https:\/\/www.autoline.no\/wp-content\/uploads\/2016\/12\/buss_s90_2_reference-495x400.jpg' class='first_thumb lightbox ' data-onclick='6' title='buss_s90_2'  itemprop=\"thumbnailUrl\"  ><img decoding=\"async\" fetchpriority=\"high\" class=\"wp-image-4435 avia-img-lazy-loading-not-4435\"  data-avia-tooltip='buss_s90_2' src=\"https:\/\/www.autoline.no\/wp-content\/uploads\/2016\/12\/buss_s90_2_reference-495x400.jpg\" width=\"495\" height=\"400\"  title='buss_s90_2_reference' alt='' \/><div class='big-prev-fake'><img decoding=\"async\" loading=\"lazy\" class=\"wp-image-4435 avia-img-lazy-loading-4435\"  width=\"495\" height=\"400\" src=\"https:\/\/www.autoline.no\/wp-content\/uploads\/2016\/12\/buss_s90_2_reference-495x400.jpg\" title='buss_s90_2_reference' alt='' \/><\/div><\/a><a href=\"https:\/\/www.autoline.no\/wp-content\/uploads\/2016\/12\/IMG_0450_reference.jpg\" data-srcset=\"https:\/\/www.autoline.no\/wp-content\/uploads\/2016\/12\/IMG_0450_reference.jpg 534w, https:\/\/www.autoline.no\/wp-content\/uploads\/2016\/12\/IMG_0450_reference-450x674.jpg 450w, https:\/\/www.autoline.no\/wp-content\/uploads\/2016\/12\/IMG_0450_reference-200x300.jpg 200w, https:\/\/www.autoline.no\/wp-content\/uploads\/2016\/12\/IMG_0450_reference-471x705.jpg 471w\" data-sizes=\"(max-width: 534px) 100vw, 534px\" data-rel='gallery-1' data-prev-img='https:\/\/www.autoline.no\/wp-content\/uploads\/2016\/12\/IMG_0450_reference-495x400.jpg' class='lightbox ' data-onclick='7' title='IMG_0450'  itemprop=\"thumbnailUrl\"  ><img decoding=\"async\" fetchpriority=\"high\" class=\"wp-image-4434 avia-img-lazy-loading-not-4434\"  data-avia-tooltip='IMG_0450' src=\"https:\/\/www.autoline.no\/wp-content\/uploads\/2016\/12\/IMG_0450_reference-495x400.jpg\" width=\"495\" height=\"400\"  title='img_0450_reference' alt='' srcset=\"https:\/\/www.autoline.no\/wp-content\/uploads\/2016\/12\/IMG_0450_reference-495x400.jpg 495w, https:\/\/www.autoline.no\/wp-content\/uploads\/2016\/12\/IMG_0450_reference-534x430.jpg 534w\" sizes=\"(max-width: 495px) 100vw, 495px\" \/><div class='big-prev-fake'><img decoding=\"async\" loading=\"lazy\" class=\"wp-image-4434 avia-img-lazy-loading-4434\"  width=\"495\" height=\"400\" src=\"https:\/\/www.autoline.no\/wp-content\/uploads\/2016\/12\/IMG_0450_reference-495x400.jpg\" title='img_0450_reference' alt='' srcset=\"https:\/\/www.autoline.no\/wp-content\/uploads\/2016\/12\/IMG_0450_reference-495x400.jpg 495w, https:\/\/www.autoline.no\/wp-content\/uploads\/2016\/12\/IMG_0450_reference-534x430.jpg 534w\" sizes=\"auto, (max-width: 495px) 100vw, 495px\" \/><\/div><\/a><a href=\"https:\/\/www.autoline.no\/wp-content\/uploads\/2016\/12\/Autoline-S90_reference.jpg\" data-srcset=\"https:\/\/www.autoline.no\/wp-content\/uploads\/2016\/12\/Autoline-S90_reference.jpg 800w, https:\/\/www.autoline.no\/wp-content\/uploads\/2016\/12\/Autoline-S90_reference-450x300.jpg 450w, https:\/\/www.autoline.no\/wp-content\/uploads\/2016\/12\/Autoline-S90_reference-300x200.jpg 300w, https:\/\/www.autoline.no\/wp-content\/uploads\/2016\/12\/Autoline-S90_reference-768x513.jpg 768w, https:\/\/www.autoline.no\/wp-content\/uploads\/2016\/12\/Autoline-S90_reference-705x471.jpg 705w\" data-sizes=\"(max-width: 800px) 100vw, 800px\" data-rel='gallery-1' data-prev-img='https:\/\/www.autoline.no\/wp-content\/uploads\/2016\/12\/Autoline-S90_reference-495x400.jpg' class='lightbox ' data-onclick='8' title='Autoline S90'  itemprop=\"thumbnailUrl\"  ><img decoding=\"async\" fetchpriority=\"high\" class=\"wp-image-1949 avia-img-lazy-loading-not-1949\"  data-avia-tooltip='Autoline S90' src=\"https:\/\/www.autoline.no\/wp-content\/uploads\/2016\/12\/Autoline-S90_reference-495x400.jpg\" width=\"495\" height=\"400\"  title='autoline-s90_reference' alt='' \/><div class='big-prev-fake'><img decoding=\"async\" loading=\"lazy\" class=\"wp-image-1949 avia-img-lazy-loading-1949\"  width=\"495\" height=\"400\" src=\"https:\/\/www.autoline.no\/wp-content\/uploads\/2016\/12\/Autoline-S90_reference-495x400.jpg\" title='autoline-s90_reference' alt='' \/><\/div><\/a><a href=\"https:\/\/www.autoline.no\/wp-content\/uploads\/2016\/12\/Autoline-sand-spreaders-at-Elmia-2012-s90-3_reference.jpg\" data-srcset=\"https:\/\/www.autoline.no\/wp-content\/uploads\/2016\/12\/Autoline-sand-spreaders-at-Elmia-2012-s90-3_reference.jpg 800w, https:\/\/www.autoline.no\/wp-content\/uploads\/2016\/12\/Autoline-sand-spreaders-at-Elmia-2012-s90-3_reference-450x300.jpg 450w, https:\/\/www.autoline.no\/wp-content\/uploads\/2016\/12\/Autoline-sand-spreaders-at-Elmia-2012-s90-3_reference-300x200.jpg 300w, https:\/\/www.autoline.no\/wp-content\/uploads\/2016\/12\/Autoline-sand-spreaders-at-Elmia-2012-s90-3_reference-768x513.jpg 768w, https:\/\/www.autoline.no\/wp-content\/uploads\/2016\/12\/Autoline-sand-spreaders-at-Elmia-2012-s90-3_reference-705x471.jpg 705w\" data-sizes=\"(max-width: 800px) 100vw, 800px\" data-rel='gallery-1' data-prev-img='https:\/\/www.autoline.no\/wp-content\/uploads\/2016\/12\/Autoline-sand-spreaders-at-Elmia-2012-s90-3_reference-495x400.jpg' class='lightbox ' data-onclick='9' title='Sandstreuer von Autoline auf der Elmia 2012 &#8211; s90 -3'  itemprop=\"thumbnailUrl\"  ><img decoding=\"async\" fetchpriority=\"high\" class=\"wp-image-4400 avia-img-lazy-loading-not-4400\"  data-avia-tooltip='Sandstreuer von Autoline auf der Elmia 2012 &#8211; s90 -3' src=\"https:\/\/www.autoline.no\/wp-content\/uploads\/2016\/12\/Autoline-sand-spreaders-at-Elmia-2012-s90-3_reference-495x400.jpg\" width=\"495\" height=\"400\"  title='autoline-sand-spreaders-at-elmia-2012-s90-3_reference' alt='' \/><div class='big-prev-fake'><img decoding=\"async\" loading=\"lazy\" class=\"wp-image-4400 avia-img-lazy-loading-4400\"  width=\"495\" height=\"400\" src=\"https:\/\/www.autoline.no\/wp-content\/uploads\/2016\/12\/Autoline-sand-spreaders-at-Elmia-2012-s90-3_reference-495x400.jpg\" title='autoline-sand-spreaders-at-elmia-2012-s90-3_reference' alt='' \/><\/div><\/a><a href=\"https:\/\/www.autoline.no\/wp-content\/uploads\/2016\/12\/Autoline-sand-spreaders-at-Elmia-2012-s90_reference.jpg\" data-srcset=\"https:\/\/www.autoline.no\/wp-content\/uploads\/2016\/12\/Autoline-sand-spreaders-at-Elmia-2012-s90_reference.jpg 800w, https:\/\/www.autoline.no\/wp-content\/uploads\/2016\/12\/Autoline-sand-spreaders-at-Elmia-2012-s90_reference-450x300.jpg 450w, https:\/\/www.autoline.no\/wp-content\/uploads\/2016\/12\/Autoline-sand-spreaders-at-Elmia-2012-s90_reference-300x200.jpg 300w, https:\/\/www.autoline.no\/wp-content\/uploads\/2016\/12\/Autoline-sand-spreaders-at-Elmia-2012-s90_reference-768x513.jpg 768w, https:\/\/www.autoline.no\/wp-content\/uploads\/2016\/12\/Autoline-sand-spreaders-at-Elmia-2012-s90_reference-705x471.jpg 705w\" data-sizes=\"(max-width: 800px) 100vw, 800px\" data-rel='gallery-1' data-prev-img='https:\/\/www.autoline.no\/wp-content\/uploads\/2016\/12\/Autoline-sand-spreaders-at-Elmia-2012-s90_reference-495x400.jpg' class='lightbox ' data-onclick='10' title='Sandstreuer von Autoline auf der Elmia 2012 &#8211; s90'  itemprop=\"thumbnailUrl\"  ><img decoding=\"async\" fetchpriority=\"high\" class=\"wp-image-4403 avia-img-lazy-loading-not-4403\"  data-avia-tooltip='Sandstreuer von Autoline auf der Elmia 2012 &#8211; s90' src=\"https:\/\/www.autoline.no\/wp-content\/uploads\/2016\/12\/Autoline-sand-spreaders-at-Elmia-2012-s90_reference-495x400.jpg\" width=\"495\" height=\"400\"  title='autoline-sand-spreaders-at-elmia-2012-s90_reference' alt='' \/><div class='big-prev-fake'><img decoding=\"async\" loading=\"lazy\" class=\"wp-image-4403 avia-img-lazy-loading-4403\"  width=\"495\" height=\"400\" src=\"https:\/\/www.autoline.no\/wp-content\/uploads\/2016\/12\/Autoline-sand-spreaders-at-Elmia-2012-s90_reference-495x400.jpg\" title='autoline-sand-spreaders-at-elmia-2012-s90_reference' alt='' \/><\/div><\/a><a href=\"https:\/\/www.autoline.no\/wp-content\/uploads\/2020\/02\/d589_productimage_mainfront.jpg\" data-srcset=\"https:\/\/www.autoline.no\/wp-content\/uploads\/2020\/02\/d589_productimage_mainfront.jpg 650w, https:\/\/www.autoline.no\/wp-content\/uploads\/2020\/02\/d589_productimage_mainfront-300x225.jpg 300w, https:\/\/www.autoline.no\/wp-content\/uploads\/2020\/02\/d589_productimage_mainfront-450x338.jpg 450w\" data-sizes=\"(max-width: 650px) 100vw, 650px\" data-rel='gallery-1' data-prev-img='https:\/\/www.autoline.no\/wp-content\/uploads\/2020\/02\/d589_productimage_mainfront-495x400.jpg' class='first_thumb lightbox ' data-onclick='11' title='d589_productimage_mainfront'  itemprop=\"thumbnailUrl\"  ><img decoding=\"async\" fetchpriority=\"high\" class=\"wp-image-2618 avia-img-lazy-loading-not-2618\"   src=\"https:\/\/www.autoline.no\/wp-content\/uploads\/2020\/02\/d589_productimage_mainfront-495x400.jpg\" width=\"495\" height=\"400\"  title='d589_productimage_mainfront' alt='' \/><div class='big-prev-fake'><img decoding=\"async\" loading=\"lazy\" class=\"wp-image-2618 avia-img-lazy-loading-2618\"  width=\"495\" height=\"400\" src=\"https:\/\/www.autoline.no\/wp-content\/uploads\/2020\/02\/d589_productimage_mainfront-495x400.jpg\" title='d589_productimage_mainfront' alt='' \/><\/div><\/a><\/div><\/div>\n","protected":false},"excerpt":{"rendered":"<p><b>Produkt nr: 9120615<\/b><br \/>\nSandstr\u00f8ersett for Mercedes Actros 2012 og nyere, inneholder v\u00e5r mest popul\u00e6re sandstr\u00f8er med en kapasitet p\u00e5 90 liter.<\/p>\n","protected":false},"featured_media":0,"comment_status":"open","ping_status":"closed","template":"","meta":{"_acf_changed":false,"_links_to":"","_links_to_target":""},"product_brand":[],"product_cat":[75],"product_tag":[],"class_list":{"0":"post-3555","1":"product","2":"type-product","3":"status-publish","5":"product_cat-single-side-kit","7":"first","8":"instock","9":"shipping-taxable","10":"purchasable","11":"product-type-simple"},"acf":[],"_links":{"self":[{"href":"https:\/\/www.autoline.no\/sv\/wp-json\/wp\/v2\/product\/3555","targetHints":{"allow":["GET"]}}],"collection":[{"href":"https:\/\/www.autoline.no\/sv\/wp-json\/wp\/v2\/product"}],"about":[{"href":"https:\/\/www.autoline.no\/sv\/wp-json\/wp\/v2\/types\/product"}],"replies":[{"embeddable":true,"href":"https:\/\/www.autoline.no\/sv\/wp-json\/wp\/v2\/comments?post=3555"}],"wp:attachment":[{"href":"https:\/\/www.autoline.no\/sv\/wp-json\/wp\/v2\/media?parent=3555"}],"wp:term":[{"taxonomy":"product_brand","embeddable":true,"href":"https:\/\/www.autoline.no\/sv\/wp-json\/wp\/v2\/product_brand?post=3555"},{"taxonomy":"product_cat","embeddable":true,"href":"https:\/\/www.autoline.no\/sv\/wp-json\/wp\/v2\/product_cat?post=3555"},{"taxonomy":"product_tag","embeddable":true,"href":"https:\/\/www.autoline.no\/sv\/wp-json\/wp\/v2\/product_tag?post=3555"}],"curies":[{"name":"wp","href":"https:\/\/api.w.org\/{rel}","templated":true}]}}