{"id":1095,"date":"2016-12-08T11:39:23","date_gmt":"2016-12-08T10:39:23","guid":{"rendered":"http:\/\/www.autoline.no\/product\/xl-140-extra-large-sander\/?lang=nb"},"modified":"2022-01-20T16:13:07","modified_gmt":"2022-01-20T15:13:07","slug":"14000000-xl140-sandbox","status":"publish","type":"product","link":"https:\/\/www.autoline.no\/sv\/product\/14000000-xl140-sandbox\/","title":{"rendered":"14000000 XL140 Sandbox"},"content":{"rendered":"\n<style type=\"text\/css\" data-created_by=\"avia_inline_auto\" id=\"style-css-av-av_one_full-79ff81c021393065cee878051452f6a6\">\n.flex_column.av-av_one_full-79ff81c021393065cee878051452f6a6{\nborder-radius:0px 0px 0px 0px;\npadding:0px 0px 0px 0px;\n}\n<\/style>\n<div  class='flex_column av-av_one_full-79ff81c021393065cee878051452f6a6 av_one_full  avia-builder-el-0  el_before_av_one_full  avia-builder-el-first  first flex_column_div av-zero-column-padding  '     ><style type=\"text\/css\" data-created_by=\"avia_inline_auto\" id=\"style-css-av-kyn44ynz-219e95619b33d4532ce8f0ee8662e4bb\">\n.avia-image-container.av-kyn44ynz-219e95619b33d4532ce8f0ee8662e4bb img.avia_image{\nbox-shadow:none;\n}\n.avia-image-container.av-kyn44ynz-219e95619b33d4532ce8f0ee8662e4bb .av-image-caption-overlay-center{\ncolor:#ffffff;\n}\n<\/style>\n<div  class='avia-image-container av-kyn44ynz-219e95619b33d4532ce8f0ee8662e4bb av-styling- avia-align-center  avia-builder-el-1  avia-builder-el-no-sibling '   itemprop=\"image\" itemscope=\"itemscope\" itemtype=\"https:\/\/schema.org\/ImageObject\" ><div class=\"avia-image-container-inner\"><div class=\"avia-image-overlay-wrap\"><img decoding=\"async\" fetchpriority=\"high\" class='wp-image-2993 avia-img-lazy-loading-not-2993 avia_image ' src=\"https:\/\/www.autoline.no\/wp-content\/uploads\/2020\/06\/Autoline_logo-300x76.png\" alt='' title='Autoline_logo'  height=\"76\" width=\"300\"  itemprop=\"thumbnailUrl\" srcset=\"https:\/\/www.autoline.no\/wp-content\/uploads\/2020\/06\/Autoline_logo-300x76.png 300w, https:\/\/www.autoline.no\/wp-content\/uploads\/2020\/06\/Autoline_logo-768x194.png 768w, https:\/\/www.autoline.no\/wp-content\/uploads\/2020\/06\/Autoline_logo-705x178.png 705w, https:\/\/www.autoline.no\/wp-content\/uploads\/2020\/06\/Autoline_logo-450x114.png 450w, https:\/\/www.autoline.no\/wp-content\/uploads\/2020\/06\/Autoline_logo.png 980w\" sizes=\"(max-width: 300px) 100vw, 300px\" \/><\/div><\/div><\/div><\/div>\n<style type=\"text\/css\" data-created_by=\"avia_inline_auto\" id=\"style-css-av-av_one_full-79ff81c021393065cee878051452f6a6\">\n.flex_column.av-av_one_full-79ff81c021393065cee878051452f6a6{\nborder-radius:0px 0px 0px 0px;\npadding:0px 0px 0px 0px;\n}\n<\/style>\n<div  class='flex_column av-av_one_full-79ff81c021393065cee878051452f6a6 av_one_full  avia-builder-el-2  el_after_av_one_full  el_before_av_hr  first flex_column_div av-zero-column-padding  column-top-margin'     ><style type=\"text\/css\" data-created_by=\"avia_inline_auto\" id=\"style-css-av-kyn44e0b-a648a3314874db373c27505e32f22e1b\">\n.avia-image-container.av-kyn44e0b-a648a3314874db373c27505e32f22e1b img.avia_image{\nbox-shadow:none;\n}\n.avia-image-container.av-kyn44e0b-a648a3314874db373c27505e32f22e1b .av-image-caption-overlay-center{\ncolor:#ffffff;\n}\n<\/style>\n<div  class='avia-image-container av-kyn44e0b-a648a3314874db373c27505e32f22e1b av-styling- avia-align-center  avia-builder-el-3  avia-builder-el-no-sibling '   itemprop=\"image\" itemscope=\"itemscope\" itemtype=\"https:\/\/schema.org\/ImageObject\" ><div class=\"avia-image-container-inner\"><div class=\"avia-image-overlay-wrap\"><img decoding=\"async\" fetchpriority=\"high\" class='wp-image-4116 avia-img-lazy-loading-not-4116 avia_image ' src=\"https:\/\/www.autoline.no\/wp-content\/uploads\/2016\/12\/New-S90-XL-model-sander-with-greater-sanding-capacity.jpg\" alt='' title='new-s90-xl-model-sander-with-greater-sanding-capacity'  height=\"536\" width=\"804\"  itemprop=\"thumbnailUrl\" srcset=\"https:\/\/www.autoline.no\/wp-content\/uploads\/2016\/12\/New-S90-XL-model-sander-with-greater-sanding-capacity.jpg 804w, https:\/\/www.autoline.no\/wp-content\/uploads\/2016\/12\/New-S90-XL-model-sander-with-greater-sanding-capacity-450x300.jpg 450w, https:\/\/www.autoline.no\/wp-content\/uploads\/2016\/12\/New-S90-XL-model-sander-with-greater-sanding-capacity-300x200.jpg 300w, https:\/\/www.autoline.no\/wp-content\/uploads\/2016\/12\/New-S90-XL-model-sander-with-greater-sanding-capacity-768x512.jpg 768w, https:\/\/www.autoline.no\/wp-content\/uploads\/2016\/12\/New-S90-XL-model-sander-with-greater-sanding-capacity-705x470.jpg 705w\" sizes=\"(max-width: 804px) 100vw, 804px\" \/><\/div><\/div><\/div><\/div><div  class='hr av-av_hr-7bacd336e8c7b574fdeac16e430feaa5 hr-default  avia-builder-el-4  el_after_av_one_full  el_before_av_heading '><span class='hr-inner '><span class=\"hr-inner-style\"><\/span><\/span><\/div><\/p>\n\n<style type=\"text\/css\" data-created_by=\"avia_inline_auto\" id=\"style-css-av-av_heading-eab360bef915f718eaded84bf77d55cd\">\n#top .av-special-heading.av-av_heading-eab360bef915f718eaded84bf77d55cd{\npadding-bottom:10px;\n}\nbody .av-special-heading.av-av_heading-eab360bef915f718eaded84bf77d55cd .av-special-heading-tag .heading-char{\nfont-size:25px;\n}\n.av-special-heading.av-av_heading-eab360bef915f718eaded84bf77d55cd .av-subheading{\nfont-size:15px;\n}\n<\/style>\n<div  class='av-special-heading av-av_heading-eab360bef915f718eaded84bf77d55cd av-special-heading-h3 blockquote modern-quote  avia-builder-el-5  el_after_av_hr  el_before_av_hr '><h3 class='av-special-heading-tag '  itemprop=\"headline\"  >XL 140 ekstra stor sandstr\u00f8er<\/h3><div class=\"special-heading-border\"><div class=\"special-heading-inner-border\"><\/div><\/div><\/div>\n\n<style type=\"text\/css\" data-created_by=\"avia_inline_auto\" id=\"style-css-av-bhcupz-23e27fc7c875f829c86408edcd427aee\">\n#top .hr.av-bhcupz-23e27fc7c875f829c86408edcd427aee{\nmargin-top:0;\nmargin-bottom:0;\n}\n.hr.av-bhcupz-23e27fc7c875f829c86408edcd427aee .hr-inner{\nwidth:26px;\nborder-color:#ffb716;\n}\n<\/style>\n<div  class='hr av-bhcupz-23e27fc7c875f829c86408edcd427aee hr-custom  avia-builder-el-6  el_after_av_heading  el_before_av_two_third  hr-left hr-icon-no'><span class='hr-inner inner-border-av-border-fat'><span class=\"hr-inner-style\"><\/span><\/span><\/div>\n\n<style type=\"text\/css\" data-created_by=\"avia_inline_auto\" id=\"style-css-av-v9pjb-80ac9943fe5edcc3a75a34b137ae9465\">\n.flex_column.av-v9pjb-80ac9943fe5edcc3a75a34b137ae9465{\nborder-radius:0px 0px 0px 0px;\npadding:0px 0px 0px 0px;\n}\n<\/style>\n<div  class='flex_column av-v9pjb-80ac9943fe5edcc3a75a34b137ae9465 av_two_third  avia-builder-el-7  el_after_av_hr  el_before_av_one_third  first flex_column_div av-zero-column-padding  '     ><section  class='av_textblock_section av-733ep3-c4c0900c1a59f1edde593c5ad2396c57 '   itemscope=\"itemscope\" itemtype=\"https:\/\/schema.org\/CreativeWork\" ><div class='avia_textblock'  itemprop=\"text\" ><div class=\"attribute-intro\">\n<div class=\"attribute-intro\">\n<div class=\"attribute-intro\">\n<div class=\"attribute-intro\">\n<div class=\"attribute-intro\">\n<div class=\"attribute-intro\">\n<div class=\"attribute-intro\">\n<div class=\"attribute-intro\">\n<div class=\"attribute-intro\">\n<div class=\"attribute-intro\">\n<p><b>Produkt nr: 14000000<\/b><br \/>\nXL\u00a0er v\u00e5r st\u00f8rste sandstr\u00f8er med kapasitet p\u00e5 hele 140 liter og er en modell som helst brukes der det er rikelig med plass p\u00e5 rammen og der det \u00f8nskes ekstra str\u00f8kapasitet.<\/p>\n<\/div>\n<div class=\"attribute-body\">\n<p><strong>Tekniske data:<\/strong><br \/>\nKasse: Rustfritt st\u00e5l 2 mm<br \/>\nTopp\/luke: Rustfritt st\u00e5l 2 mm<br \/>\nFestebrakett: Galvanisert st\u00e5l 8 mm<br \/>\nMotor: 24 volt\/60 watt pr. kasse<br \/>\nVarme: 24 volt\/140 watt pr. kasse<br \/>\nVekt, kasse: 50 kg (ekskl. sand og feste)<br \/>\nSandtype: 4-8 mm knust grus\/sand<br \/>\nStr\u00f8tid: 4-5 min<br \/>\nStr\u00f8lengde: 2000 &#8211; 2500 m<\/p>\n<\/div>\n<\/div>\n<div class=\"attribute-body\"><\/div>\n<\/div>\n<div class=\"attribute-body\"><\/div>\n<\/div>\n<div class=\"attribute-body\"><\/div>\n<\/div>\n<div class=\"attribute-body\"><\/div>\n<\/div>\n<div class=\"attribute-body\"><\/div>\n<\/div>\n<div class=\"attribute-body\"><\/div>\n<\/div>\n<div class=\"attribute-body\"><\/div>\n<\/div>\n<div class=\"attribute-body\"><\/div>\n<\/div>\n<div class=\"attribute-body\"><\/div>\n<\/div><\/section><\/div>\n\n<style type=\"text\/css\" data-created_by=\"avia_inline_auto\" id=\"style-css-av-5p5kh3-c8b68bfb069af521dc33827b7d2ecfc0\">\n.flex_column.av-5p5kh3-c8b68bfb069af521dc33827b7d2ecfc0{\nborder-radius:0px 0px 0px 0px;\npadding:0px 0px 0px 0px;\n}\n<\/style>\n<div  class='flex_column av-5p5kh3-c8b68bfb069af521dc33827b7d2ecfc0 av_one_third  avia-builder-el-9  el_after_av_two_third  el_before_av_gallery  flex_column_div av-zero-column-padding  '     ><section  class='av_textblock_section av-4vu6nb-b3f3d6f82f5704fad607d2d071fd650b '   itemscope=\"itemscope\" itemtype=\"https:\/\/schema.org\/CreativeWork\" ><div class='avia_textblock'  itemprop=\"text\" ><p><b>M\u00e5l XL 140:<\/b><\/p>\n<p><img loading=\"lazy\" decoding=\"async\" class=\"alignnone size-full wp-image-738\" src=\"http:\/\/www.autoline.no\/wp-content\/uploads\/2016\/12\/XL-teknisk.jpg\" alt=\"xl-teknisk\" width=\"620\" height=\"717\" srcset=\"https:\/\/www.autoline.no\/wp-content\/uploads\/2016\/12\/XL-teknisk.jpg 620w, https:\/\/www.autoline.no\/wp-content\/uploads\/2016\/12\/XL-teknisk-450x520.jpg 450w, https:\/\/www.autoline.no\/wp-content\/uploads\/2016\/12\/XL-teknisk-259x300.jpg 259w, https:\/\/www.autoline.no\/wp-content\/uploads\/2016\/12\/XL-teknisk-610x705.jpg 610w\" sizes=\"auto, (max-width: 620px) 100vw, 620px\" \/><\/p>\n<p>A: 670mm<br \/>\nC: 290mm<br \/>\nG: 160mm<br \/>\nH: 550mm<br \/>\nJ: 660mm total h\u00f8yde<br \/>\nP: 500mm<br \/>\nR: 520mm<\/p>\n<p><a href=\"http:\/\/www.autoline.no\/products\/parts\/\">Deler<\/a><br \/>\n<a href=\"https:\/\/www.autoline.no\/wp-content\/uploads\/2016\/12\/CADDrawing-S90XL.zip\">CAD-tegning XL 140<\/a><\/p>\n<\/div><\/section><\/div>\n\n<style type=\"text\/css\" data-created_by=\"avia_inline_auto\" id=\"style-css-av-2ex3g7-69924ec177bf4a34be4b27d9e99e2b27\">\n#top .avia-gallery.av-2ex3g7-69924ec177bf4a34be4b27d9e99e2b27 .avia-gallery-thumb a{\nwidth:50%;\n}\n<\/style>\n<div  class='avia-gallery av-2ex3g7-69924ec177bf4a34be4b27d9e99e2b27 avia_animate_when_visible  avia-builder-el-11  el_after_av_one_third  avia-builder-el-last  avia_lazyload avia-gallery-animate avia-gallery-1'  itemprop=\"image\" itemscope=\"itemscope\" itemtype=\"https:\/\/schema.org\/ImageObject\" ><meta itemprop=\"contentURL\" content=\"https:\/\/www.autoline.no\/sv\/product\/14000000-xl140-sandbox\/\"><div class='avia-gallery-thumb'><a href=\"https:\/\/www.autoline.no\/wp-content\/uploads\/2016\/12\/XL-140-1.jpg\" data-srcset=\"https:\/\/www.autoline.no\/wp-content\/uploads\/2016\/12\/XL-140-1.jpg 667w, https:\/\/www.autoline.no\/wp-content\/uploads\/2016\/12\/XL-140-1-450x675.jpg 450w, https:\/\/www.autoline.no\/wp-content\/uploads\/2016\/12\/XL-140-1-200x300.jpg 200w, https:\/\/www.autoline.no\/wp-content\/uploads\/2016\/12\/XL-140-1-470x705.jpg 470w\" data-sizes=\"(max-width: 667px) 100vw, 667px\" data-rel='gallery-1' data-prev-img='https:\/\/www.autoline.no\/wp-content\/uploads\/2016\/12\/XL-140-1-495x400.jpg' class='first_thumb lightbox ' data-onclick='1' title='xl-140'  itemprop=\"thumbnailUrl\"  ><img decoding=\"async\" fetchpriority=\"high\" class=\"wp-image-745 avia-img-lazy-loading-not-745\"   src=\"https:\/\/www.autoline.no\/wp-content\/uploads\/2016\/12\/XL-140-1-495x400.jpg\" width=\"495\" height=\"400\"  title='xl-140' alt='' \/><div class='big-prev-fake'><img decoding=\"async\" loading=\"lazy\" class=\"wp-image-745 avia-img-lazy-loading-745\"  width=\"495\" height=\"400\" src=\"https:\/\/www.autoline.no\/wp-content\/uploads\/2016\/12\/XL-140-1-495x400.jpg\" title='xl-140' alt='' \/><\/div><\/a><a href=\"https:\/\/www.autoline.no\/wp-content\/uploads\/2016\/12\/XL-140-2-1.jpg\" data-srcset=\"https:\/\/www.autoline.no\/wp-content\/uploads\/2016\/12\/XL-140-2-1.jpg 1000w, https:\/\/www.autoline.no\/wp-content\/uploads\/2016\/12\/XL-140-2-1-450x338.jpg 450w, https:\/\/www.autoline.no\/wp-content\/uploads\/2016\/12\/XL-140-2-1-300x225.jpg 300w, https:\/\/www.autoline.no\/wp-content\/uploads\/2016\/12\/XL-140-2-1-768x576.jpg 768w, https:\/\/www.autoline.no\/wp-content\/uploads\/2016\/12\/XL-140-2-1-705x529.jpg 705w\" data-sizes=\"(max-width: 1000px) 100vw, 1000px\" data-rel='gallery-1' data-prev-img='https:\/\/www.autoline.no\/wp-content\/uploads\/2016\/12\/XL-140-2-1-495x400.jpg' class='lightbox ' data-onclick='2' title='xl-140-2'  itemprop=\"thumbnailUrl\"  ><img decoding=\"async\" fetchpriority=\"high\" class=\"wp-image-744 avia-img-lazy-loading-not-744\"   src=\"https:\/\/www.autoline.no\/wp-content\/uploads\/2016\/12\/XL-140-2-1-495x400.jpg\" width=\"495\" height=\"400\"  title='xl-140-2' alt='' srcset=\"https:\/\/www.autoline.no\/wp-content\/uploads\/2016\/12\/XL-140-2-1-495x400.jpg 495w, https:\/\/www.autoline.no\/wp-content\/uploads\/2016\/12\/XL-140-2-1-845x684.jpg 845w\" sizes=\"(max-width: 495px) 100vw, 495px\" \/><div class='big-prev-fake'><img decoding=\"async\" loading=\"lazy\" class=\"wp-image-744 avia-img-lazy-loading-744\"  width=\"495\" height=\"400\" src=\"https:\/\/www.autoline.no\/wp-content\/uploads\/2016\/12\/XL-140-2-1-495x400.jpg\" title='xl-140-2' alt='' srcset=\"https:\/\/www.autoline.no\/wp-content\/uploads\/2016\/12\/XL-140-2-1-495x400.jpg 495w, https:\/\/www.autoline.no\/wp-content\/uploads\/2016\/12\/XL-140-2-1-845x684.jpg 845w\" sizes=\"auto, (max-width: 495px) 100vw, 495px\" \/><\/div><\/a><a href=\"https:\/\/www.autoline.no\/wp-content\/uploads\/2016\/12\/XL-140-3-773x1030.jpg\" data-srcset=\"https:\/\/www.autoline.no\/wp-content\/uploads\/2016\/12\/XL-140-3-773x1030.jpg 773w, https:\/\/www.autoline.no\/wp-content\/uploads\/2016\/12\/XL-140-3-450x600.jpg 450w, https:\/\/www.autoline.no\/wp-content\/uploads\/2016\/12\/XL-140-3-225x300.jpg 225w, https:\/\/www.autoline.no\/wp-content\/uploads\/2016\/12\/XL-140-3-768x1024.jpg 768w, https:\/\/www.autoline.no\/wp-content\/uploads\/2016\/12\/XL-140-3-529x705.jpg 529w, https:\/\/www.autoline.no\/wp-content\/uploads\/2016\/12\/XL-140-3.jpg 1000w\" data-sizes=\"(max-width: 773px) 100vw, 773px\" data-rel='gallery-1' data-prev-img='https:\/\/www.autoline.no\/wp-content\/uploads\/2016\/12\/XL-140-3-495x400.jpg' class='first_thumb lightbox ' data-onclick='3' title='xl-140-3'  itemprop=\"thumbnailUrl\"  ><img decoding=\"async\" fetchpriority=\"high\" class=\"wp-image-742 avia-img-lazy-loading-not-742\"   src=\"https:\/\/www.autoline.no\/wp-content\/uploads\/2016\/12\/XL-140-3-495x400.jpg\" width=\"495\" height=\"400\"  title='xl-140-3' alt='' srcset=\"https:\/\/www.autoline.no\/wp-content\/uploads\/2016\/12\/XL-140-3-495x400.jpg 495w, https:\/\/www.autoline.no\/wp-content\/uploads\/2016\/12\/XL-140-3-845x684.jpg 845w\" sizes=\"(max-width: 495px) 100vw, 495px\" \/><div class='big-prev-fake'><img decoding=\"async\" loading=\"lazy\" class=\"wp-image-742 avia-img-lazy-loading-742\"  width=\"495\" height=\"400\" src=\"https:\/\/www.autoline.no\/wp-content\/uploads\/2016\/12\/XL-140-3-495x400.jpg\" title='xl-140-3' alt='' srcset=\"https:\/\/www.autoline.no\/wp-content\/uploads\/2016\/12\/XL-140-3-495x400.jpg 495w, https:\/\/www.autoline.no\/wp-content\/uploads\/2016\/12\/XL-140-3-845x684.jpg 845w\" sizes=\"auto, (max-width: 495px) 100vw, 495px\" \/><\/div><\/a><a href=\"https:\/\/www.autoline.no\/wp-content\/uploads\/2016\/12\/xl-140-4-1.jpg\" data-srcset=\"https:\/\/www.autoline.no\/wp-content\/uploads\/2016\/12\/xl-140-4-1.jpg 1000w, https:\/\/www.autoline.no\/wp-content\/uploads\/2016\/12\/xl-140-4-1-450x338.jpg 450w, https:\/\/www.autoline.no\/wp-content\/uploads\/2016\/12\/xl-140-4-1-300x225.jpg 300w, https:\/\/www.autoline.no\/wp-content\/uploads\/2016\/12\/xl-140-4-1-768x576.jpg 768w, https:\/\/www.autoline.no\/wp-content\/uploads\/2016\/12\/xl-140-4-1-705x529.jpg 705w\" data-sizes=\"(max-width: 1000px) 100vw, 1000px\" data-rel='gallery-1' data-prev-img='https:\/\/www.autoline.no\/wp-content\/uploads\/2016\/12\/xl-140-4-1-495x400.jpg' class='lightbox ' data-onclick='4' title='xl-140-4'  itemprop=\"thumbnailUrl\"  ><img decoding=\"async\" fetchpriority=\"high\" class=\"wp-image-743 avia-img-lazy-loading-not-743\"   src=\"https:\/\/www.autoline.no\/wp-content\/uploads\/2016\/12\/xl-140-4-1-495x400.jpg\" width=\"495\" height=\"400\"  title='xl-140-4' alt='' srcset=\"https:\/\/www.autoline.no\/wp-content\/uploads\/2016\/12\/xl-140-4-1-495x400.jpg 495w, https:\/\/www.autoline.no\/wp-content\/uploads\/2016\/12\/xl-140-4-1-845x684.jpg 845w\" sizes=\"(max-width: 495px) 100vw, 495px\" \/><div class='big-prev-fake'><img decoding=\"async\" loading=\"lazy\" class=\"wp-image-743 avia-img-lazy-loading-743\"  width=\"495\" height=\"400\" src=\"https:\/\/www.autoline.no\/wp-content\/uploads\/2016\/12\/xl-140-4-1-495x400.jpg\" title='xl-140-4' alt='' srcset=\"https:\/\/www.autoline.no\/wp-content\/uploads\/2016\/12\/xl-140-4-1-495x400.jpg 495w, https:\/\/www.autoline.no\/wp-content\/uploads\/2016\/12\/xl-140-4-1-845x684.jpg 845w\" sizes=\"auto, (max-width: 495px) 100vw, 495px\" \/><\/div><\/a><a href=\"https:\/\/www.autoline.no\/wp-content\/uploads\/2016\/12\/Autoline-sand-spreaders-at-Elmia-2012.jpg\" data-srcset=\"https:\/\/www.autoline.no\/wp-content\/uploads\/2016\/12\/Autoline-sand-spreaders-at-Elmia-2012.jpg 1000w, https:\/\/www.autoline.no\/wp-content\/uploads\/2016\/12\/Autoline-sand-spreaders-at-Elmia-2012-450x300.jpg 450w, https:\/\/www.autoline.no\/wp-content\/uploads\/2016\/12\/Autoline-sand-spreaders-at-Elmia-2012-300x200.jpg 300w, https:\/\/www.autoline.no\/wp-content\/uploads\/2016\/12\/Autoline-sand-spreaders-at-Elmia-2012-768x512.jpg 768w, https:\/\/www.autoline.no\/wp-content\/uploads\/2016\/12\/Autoline-sand-spreaders-at-Elmia-2012-705x470.jpg 705w\" data-sizes=\"(max-width: 1000px) 100vw, 1000px\" data-rel='gallery-1' data-prev-img='https:\/\/www.autoline.no\/wp-content\/uploads\/2016\/12\/Autoline-sand-spreaders-at-Elmia-2012-495x400.jpg' class='first_thumb lightbox ' data-onclick='5' title='autoline-sand-spreaders-at-elmia-2012'  itemprop=\"thumbnailUrl\"  ><img decoding=\"async\" fetchpriority=\"high\" class=\"wp-image-741 avia-img-lazy-loading-not-741\"   src=\"https:\/\/www.autoline.no\/wp-content\/uploads\/2016\/12\/Autoline-sand-spreaders-at-Elmia-2012-495x400.jpg\" width=\"495\" height=\"400\"  title='autoline-sand-spreaders-at-elmia-2012' alt='' \/><div class='big-prev-fake'><img decoding=\"async\" loading=\"lazy\" class=\"wp-image-741 avia-img-lazy-loading-741\"  width=\"495\" height=\"400\" src=\"https:\/\/www.autoline.no\/wp-content\/uploads\/2016\/12\/Autoline-sand-spreaders-at-Elmia-2012-495x400.jpg\" title='autoline-sand-spreaders-at-elmia-2012' alt='' \/><\/div><\/a><a href=\"https:\/\/www.autoline.no\/wp-content\/uploads\/2016\/12\/Autoline-sand-spreaders-at-Elmia-2012-XL.jpg\" data-srcset=\"https:\/\/www.autoline.no\/wp-content\/uploads\/2016\/12\/Autoline-sand-spreaders-at-Elmia-2012-XL.jpg 666w, https:\/\/www.autoline.no\/wp-content\/uploads\/2016\/12\/Autoline-sand-spreaders-at-Elmia-2012-XL-450x676.jpg 450w, https:\/\/www.autoline.no\/wp-content\/uploads\/2016\/12\/Autoline-sand-spreaders-at-Elmia-2012-XL-200x300.jpg 200w, https:\/\/www.autoline.no\/wp-content\/uploads\/2016\/12\/Autoline-sand-spreaders-at-Elmia-2012-XL-470x705.jpg 470w\" data-sizes=\"(max-width: 666px) 100vw, 666px\" data-rel='gallery-1' data-prev-img='https:\/\/www.autoline.no\/wp-content\/uploads\/2016\/12\/Autoline-sand-spreaders-at-Elmia-2012-XL-495x400.jpg' class='lightbox ' data-onclick='6' title='autoline-sand-spreaders-at-elmia-2012-xl'  itemprop=\"thumbnailUrl\"  ><img decoding=\"async\" fetchpriority=\"high\" class=\"wp-image-739 avia-img-lazy-loading-not-739\"   src=\"https:\/\/www.autoline.no\/wp-content\/uploads\/2016\/12\/Autoline-sand-spreaders-at-Elmia-2012-XL-495x400.jpg\" width=\"495\" height=\"400\"  title='autoline-sand-spreaders-at-elmia-2012-xl' alt='' \/><div class='big-prev-fake'><img decoding=\"async\" loading=\"lazy\" class=\"wp-image-739 avia-img-lazy-loading-739\"  width=\"495\" height=\"400\" src=\"https:\/\/www.autoline.no\/wp-content\/uploads\/2016\/12\/Autoline-sand-spreaders-at-Elmia-2012-XL-495x400.jpg\" title='autoline-sand-spreaders-at-elmia-2012-xl' alt='' \/><\/div><\/a><a href=\"https:\/\/www.autoline.no\/wp-content\/uploads\/2016\/12\/Autoline-sand-spreaders-at-Elmia-2012-XL-2.jpg\" data-srcset=\"https:\/\/www.autoline.no\/wp-content\/uploads\/2016\/12\/Autoline-sand-spreaders-at-Elmia-2012-XL-2.jpg 1000w, https:\/\/www.autoline.no\/wp-content\/uploads\/2016\/12\/Autoline-sand-spreaders-at-Elmia-2012-XL-2-450x300.jpg 450w, https:\/\/www.autoline.no\/wp-content\/uploads\/2016\/12\/Autoline-sand-spreaders-at-Elmia-2012-XL-2-300x200.jpg 300w, https:\/\/www.autoline.no\/wp-content\/uploads\/2016\/12\/Autoline-sand-spreaders-at-Elmia-2012-XL-2-768x512.jpg 768w, https:\/\/www.autoline.no\/wp-content\/uploads\/2016\/12\/Autoline-sand-spreaders-at-Elmia-2012-XL-2-705x470.jpg 705w\" data-sizes=\"(max-width: 1000px) 100vw, 1000px\" data-rel='gallery-1' data-prev-img='https:\/\/www.autoline.no\/wp-content\/uploads\/2016\/12\/Autoline-sand-spreaders-at-Elmia-2012-XL-2-495x400.jpg' class='first_thumb lightbox ' data-onclick='7' title='autoline-sand-spreaders-at-elmia-2012-xl-2'  itemprop=\"thumbnailUrl\"  ><img decoding=\"async\" fetchpriority=\"high\" class=\"wp-image-740 avia-img-lazy-loading-not-740\"   src=\"https:\/\/www.autoline.no\/wp-content\/uploads\/2016\/12\/Autoline-sand-spreaders-at-Elmia-2012-XL-2-495x400.jpg\" width=\"495\" height=\"400\"  title='autoline-sand-spreaders-at-elmia-2012-xl-2' alt='' \/><div class='big-prev-fake'><img decoding=\"async\" loading=\"lazy\" class=\"wp-image-740 avia-img-lazy-loading-740\"  width=\"495\" height=\"400\" src=\"https:\/\/www.autoline.no\/wp-content\/uploads\/2016\/12\/Autoline-sand-spreaders-at-Elmia-2012-XL-2-495x400.jpg\" title='autoline-sand-spreaders-at-elmia-2012-xl-2' alt='' \/><\/div><\/a><\/div><\/div>\n","protected":false},"excerpt":{"rendered":"<p><b>Produkt nr: 14000000<\/b><br \/>\nXL\u00a0er v\u00e5r st\u00f8rste sandstr\u00f8er med kapasitet p\u00e5 hele 140 liter og er en modell som helst brukes der det er rikelig med plass p\u00e5 rammen og der det \u00f8nskes ekstra str\u00f8kapasitet.<\/p>\n","protected":false},"featured_media":4116,"comment_status":"open","ping_status":"closed","template":"","meta":{"_acf_changed":false,"_links_to":"","_links_to_target":""},"product_brand":[],"product_cat":[34],"product_tag":[],"class_list":{"0":"post-1095","1":"product","2":"type-product","3":"status-publish","4":"has-post-thumbnail","6":"product_cat-sandstroere","8":"first","9":"instock","10":"shipping-taxable","11":"purchasable","12":"product-type-simple"},"acf":[],"_links":{"self":[{"href":"https:\/\/www.autoline.no\/sv\/wp-json\/wp\/v2\/product\/1095","targetHints":{"allow":["GET"]}}],"collection":[{"href":"https:\/\/www.autoline.no\/sv\/wp-json\/wp\/v2\/product"}],"about":[{"href":"https:\/\/www.autoline.no\/sv\/wp-json\/wp\/v2\/types\/product"}],"replies":[{"embeddable":true,"href":"https:\/\/www.autoline.no\/sv\/wp-json\/wp\/v2\/comments?post=1095"}],"wp:featuredmedia":[{"embeddable":true,"href":"https:\/\/www.autoline.no\/sv\/wp-json\/wp\/v2\/media\/4116"}],"wp:attachment":[{"href":"https:\/\/www.autoline.no\/sv\/wp-json\/wp\/v2\/media?parent=1095"}],"wp:term":[{"taxonomy":"product_brand","embeddable":true,"href":"https:\/\/www.autoline.no\/sv\/wp-json\/wp\/v2\/product_brand?post=1095"},{"taxonomy":"product_cat","embeddable":true,"href":"https:\/\/www.autoline.no\/sv\/wp-json\/wp\/v2\/product_cat?post=1095"},{"taxonomy":"product_tag","embeddable":true,"href":"https:\/\/www.autoline.no\/sv\/wp-json\/wp\/v2\/product_tag?post=1095"}],"curies":[{"name":"wp","href":"https:\/\/api.w.org\/{rel}","templated":true}]}}