{"id":1091,"date":"2016-12-08T11:24:36","date_gmt":"2016-12-08T10:24:36","guid":{"rendered":"http:\/\/www.autoline.no\/product\/y-60-sand-spreader\/?lang=nb"},"modified":"2020-07-13T08:55:39","modified_gmt":"2020-07-13T07:55:39","slug":"y-60-sandstroer","status":"publish","type":"product","link":"https:\/\/www.autoline.no\/sv\/product\/y-60-sandstroer\/","title":{"rendered":"6000001 Y 60 Sandstr\u00f8er (H\u00f8yre)"},"content":{"rendered":"\n<style type=\"text\/css\" data-created_by=\"avia_inline_auto\" id=\"style-css-av-e8jgdv-59b71a5e5a703a87d5fff63f4fcb169b\">\n.avia-image-container.av-e8jgdv-59b71a5e5a703a87d5fff63f4fcb169b img.avia_image{\nbox-shadow:none;\n}\n.avia-image-container.av-e8jgdv-59b71a5e5a703a87d5fff63f4fcb169b .av-image-caption-overlay-center{\ncolor:#ffffff;\n}\n<\/style>\n<div  class='avia-image-container av-e8jgdv-59b71a5e5a703a87d5fff63f4fcb169b av-styling- avia-align-center  avia-builder-el-0  el_before_av_heading  avia-builder-el-first '   itemprop=\"image\" itemscope=\"itemscope\" itemtype=\"https:\/\/schema.org\/ImageObject\" ><div class=\"avia-image-container-inner\"><div class=\"avia-image-overlay-wrap\"><img decoding=\"async\" fetchpriority=\"high\" class='wp-image-2284 avia-img-lazy-loading-not-2284 avia_image ' src=\"https:\/\/www.autoline.no\/wp-content\/uploads\/2016\/12\/Y-60-sand-spreader-450x450-1.jpg\" alt='' title='Y-60-sand-spreader-450x450'  height=\"450\" width=\"450\"  itemprop=\"thumbnailUrl\" srcset=\"https:\/\/www.autoline.no\/wp-content\/uploads\/2016\/12\/Y-60-sand-spreader-450x450-1.jpg 450w, https:\/\/www.autoline.no\/wp-content\/uploads\/2016\/12\/Y-60-sand-spreader-450x450-1-80x80.jpg 80w, https:\/\/www.autoline.no\/wp-content\/uploads\/2016\/12\/Y-60-sand-spreader-450x450-1-300x300.jpg 300w, https:\/\/www.autoline.no\/wp-content\/uploads\/2016\/12\/Y-60-sand-spreader-450x450-1-36x36.jpg 36w, https:\/\/www.autoline.no\/wp-content\/uploads\/2016\/12\/Y-60-sand-spreader-450x450-1-180x180.jpg 180w, https:\/\/www.autoline.no\/wp-content\/uploads\/2016\/12\/Y-60-sand-spreader-450x450-1-100x100.jpg 100w\" sizes=\"(max-width: 450px) 100vw, 450px\" \/><\/div><\/div><\/div>\n\n<style type=\"text\/css\" data-created_by=\"avia_inline_auto\" id=\"style-css-av-kblzj73s-1ffb81ee1cc6b42e846db61128ada53b\">\n#top .av-special-heading.av-kblzj73s-1ffb81ee1cc6b42e846db61128ada53b{\npadding-bottom:10px;\n}\nbody .av-special-heading.av-kblzj73s-1ffb81ee1cc6b42e846db61128ada53b .av-special-heading-tag .heading-char{\nfont-size:25px;\n}\n.av-special-heading.av-kblzj73s-1ffb81ee1cc6b42e846db61128ada53b .av-subheading{\nfont-size:15px;\n}\n<\/style>\n<div  class='av-special-heading av-kblzj73s-1ffb81ee1cc6b42e846db61128ada53b av-special-heading-h3 blockquote modern-quote  avia-builder-el-1  el_after_av_image  el_before_av_hr '><h3 class='av-special-heading-tag '  itemprop=\"headline\"  >Y 60 SANDSTR\u00d8ER<\/h3><div class=\"special-heading-border\"><div class=\"special-heading-inner-border\"><\/div><\/div><\/div>\n\n<style type=\"text\/css\" data-created_by=\"avia_inline_auto\" id=\"style-css-av-ax8m6r-c2428ee8caa92bf9f7a7bc101d94e7d8\">\n#top .hr.av-ax8m6r-c2428ee8caa92bf9f7a7bc101d94e7d8{\nmargin-top:0;\nmargin-bottom:0;\n}\n.hr.av-ax8m6r-c2428ee8caa92bf9f7a7bc101d94e7d8 .hr-inner{\nwidth:26px;\nborder-color:#ffb716;\n}\n<\/style>\n<div  class='hr av-ax8m6r-c2428ee8caa92bf9f7a7bc101d94e7d8 hr-custom  avia-builder-el-2  el_after_av_heading  el_before_av_two_third  hr-left hr-icon-no'><span class='hr-inner inner-border-av-border-fat'><span class=\"hr-inner-style\"><\/span><\/span><\/div>\n\n<style type=\"text\/css\" data-created_by=\"avia_inline_auto\" id=\"style-css-av-9j928j-0d86395d488275e9a0a4d6b86bcb0e15\">\n.flex_column.av-9j928j-0d86395d488275e9a0a4d6b86bcb0e15{\nborder-radius:0px 0px 0px 0px;\npadding:0px 0px 0px 0px;\n}\n<\/style>\n<div  class='flex_column av-9j928j-0d86395d488275e9a0a4d6b86bcb0e15 av_two_third  avia-builder-el-3  el_after_av_hr  el_before_av_one_third  first flex_column_div av-zero-column-padding  '     ><section  class='av_textblock_section av-7eqv03-60d13110d98183121f9a0c2a7c7d29e8 '   itemscope=\"itemscope\" itemtype=\"https:\/\/schema.org\/CreativeWork\" ><div class='avia_textblock'  itemprop=\"text\" ><div class=\"attribute-intro\">\n<div class=\"attribute-intro\">\n<div class=\"attribute-intro\">\n<div class=\"attribute-intro\">\n<div class=\"attribute-intro\">\n<div class=\"attribute-intro\">\n<p><b>Produkt nr: 6000001<\/b>\u00a0(H\u00f8yre)<br \/>\nY 60 sandstr\u00f8er for montering p\u00e5 h\u00f8yre side er tilpasset biler med tandem-aksling, kan kombineres med andre modeller.<\/p>\n<\/div>\n<div class=\"attribute-body\">\n<p><b>Leveres i to varianter:<\/b><\/p>\n<p>Produkt nr: 6000001 for montering p\u00e5 h\u00f8yre side<br \/>\n<a href=\"https:\/\/www.autoline.no\/product\/6000002-y60-sandbox\/\">Produkt nr: 6000002<\/a> for montering p\u00e5 venstre side<\/p>\n<p><strong>Tekniske data:<\/strong><br \/>\nKasse: Rustfritt st\u00e5l 2 mm<br \/>\nTopp\/luke: Rustfritt st\u00e5l 2 mm<br \/>\nFestebrakett: Galvanisert st\u00e5l 8 mm<br \/>\nMotor: 24 volt\/60 watt pr. kasse<br \/>\nVarme: 24 volt\/140 watt pr. kasse<br \/>\nVekt, kasse: 27-40 kg (eksl. sand og feste)<br \/>\nSandtype: 4-8 mm knust grus\/sand<br \/>\nStr\u00f8tid: 2-3 min<br \/>\nStr\u00f8lengde: 700-1000 m<\/p>\n<\/div>\n<\/div>\n<div class=\"attribute-body\"><\/div>\n<\/div>\n<div class=\"attribute-body\"><\/div>\n<\/div>\n<div class=\"attribute-body\"><\/div>\n<\/div>\n<div class=\"attribute-body\"><\/div>\n<\/div>\n<div class=\"attribute-body\"><\/div>\n<\/div><\/section><\/div>\n<style type=\"text\/css\" data-created_by=\"avia_inline_auto\" id=\"style-css-av-5vioxf-c8ed4d3cff98dcee1b1e80e5e617de8a\">\n.flex_column.av-5vioxf-c8ed4d3cff98dcee1b1e80e5e617de8a{\nborder-radius:0px 0px 0px 0px;\npadding:0px 0px 0px 0px;\n}\n<\/style>\n<div  class='flex_column av-5vioxf-c8ed4d3cff98dcee1b1e80e5e617de8a av_one_third  avia-builder-el-5  el_after_av_two_third  el_before_av_gallery  flex_column_div av-zero-column-padding  '     ><section  class='av_textblock_section av-40hxcz-afa347e601b3c17fc16dbce6e942b1b2 '   itemscope=\"itemscope\" itemtype=\"https:\/\/schema.org\/CreativeWork\" ><div class='avia_textblock'  itemprop=\"text\" ><p><b>M\u00e5l Y 60:<\/b><\/p>\n<p><img loading=\"lazy\" decoding=\"async\" class=\"alignnone size-full wp-image-724\" src=\"http:\/\/www.autoline.no\/wp-content\/uploads\/2016\/12\/Y60-Teknisk.jpg\" alt=\"y60-teknisk\" width=\"620\" height=\"717\" srcset=\"https:\/\/www.autoline.no\/wp-content\/uploads\/2016\/12\/Y60-Teknisk.jpg 620w, https:\/\/www.autoline.no\/wp-content\/uploads\/2016\/12\/Y60-Teknisk-450x520.jpg 450w, https:\/\/www.autoline.no\/wp-content\/uploads\/2016\/12\/Y60-Teknisk-259x300.jpg 259w, https:\/\/www.autoline.no\/wp-content\/uploads\/2016\/12\/Y60-Teknisk-610x705.jpg 610w\" sizes=\"auto, (max-width: 620px) 100vw, 620px\" \/><\/p>\n<p>A: 670mm<br \/>\nB: 310mm<br \/>\nC: 290mm<br \/>\nG: 160mm<br \/>\nK: 620mm total h\u00f8yde<br \/>\nH: 550mm<br \/>\nM: 120mm<\/p>\n<p><a href=\"http:\/\/www.autoline.no\/products\/parts\/\">Deler<\/a><br \/>\n<a href=\"http:\/\/www.autoline.no\/wp-content\/uploads\/2016\/12\/CADDrawing-Y60.zip\">CAD-tegning Y60<\/a><\/p>\n<\/div><\/section><\/div><\/p>\n\n<style type=\"text\/css\" data-created_by=\"avia_inline_auto\" id=\"style-css-av-2bupoj-baa8df69c60d876b712627648d83bd0d\">\n#top .avia-gallery.av-2bupoj-baa8df69c60d876b712627648d83bd0d .avia-gallery-thumb a{\nwidth:50%;\n}\n<\/style>\n<div  class='avia-gallery av-2bupoj-baa8df69c60d876b712627648d83bd0d avia_animate_when_visible  avia-builder-el-7  el_after_av_one_third  avia-builder-el-last  avia_lazyload avia-gallery-animate avia-gallery-1'  itemprop=\"image\" itemscope=\"itemscope\" itemtype=\"https:\/\/schema.org\/ImageObject\" ><meta itemprop=\"contentURL\" content=\"https:\/\/www.autoline.no\/sv\/product\/y-60-sandstroer\/\"><div class='avia-gallery-thumb'><a href=\"https:\/\/www.autoline.no\/wp-content\/uploads\/2016\/12\/Y60_montert.jpg\" data-srcset=\"https:\/\/www.autoline.no\/wp-content\/uploads\/2016\/12\/Y60_montert.jpg 600w, https:\/\/www.autoline.no\/wp-content\/uploads\/2016\/12\/Y60_montert-450x478.jpg 450w, https:\/\/www.autoline.no\/wp-content\/uploads\/2016\/12\/Y60_montert-283x300.jpg 283w\" data-sizes=\"(max-width: 600px) 100vw, 600px\" data-rel='gallery-1' data-prev-img='https:\/\/www.autoline.no\/wp-content\/uploads\/2016\/12\/Y60_montert-495x400.jpg' class='first_thumb lightbox ' data-onclick='1' title='y60_montert'  itemprop=\"thumbnailUrl\"  ><img decoding=\"async\" fetchpriority=\"high\" class=\"wp-image-725 avia-img-lazy-loading-not-725\"   src=\"https:\/\/www.autoline.no\/wp-content\/uploads\/2016\/12\/Y60_montert-495x400.jpg\" width=\"495\" height=\"400\"  title='y60_montert' alt='' \/><div class='big-prev-fake'><img decoding=\"async\" loading=\"lazy\" class=\"wp-image-725 avia-img-lazy-loading-725\"  width=\"495\" height=\"400\" src=\"https:\/\/www.autoline.no\/wp-content\/uploads\/2016\/12\/Y60_montert-495x400.jpg\" title='y60_montert' alt='' \/><\/div><\/a><\/div><\/div>\n","protected":false},"excerpt":{"rendered":"<p><b>Produkt nr: 6000001<\/b>\u00a0(H)<b>\u00a0Produkt nr: 6000002<\/b> (V)<br \/>\nY 60 sandstr\u00f8er for montering p\u00e5 h\u00f8yre side er tilpasset biler med tandem-aksling, kan kombineres med andre modeller.<\/p>\n","protected":false},"featured_media":2696,"comment_status":"open","ping_status":"closed","template":"","meta":{"_acf_changed":false,"_links_to":"","_links_to_target":""},"product_brand":[],"product_cat":[34],"product_tag":[],"class_list":{"0":"post-1091","1":"product","2":"type-product","3":"status-publish","4":"has-post-thumbnail","6":"product_cat-sandstroere","8":"first","9":"instock","10":"shipping-taxable","11":"purchasable","12":"product-type-simple"},"acf":[],"_links":{"self":[{"href":"https:\/\/www.autoline.no\/sv\/wp-json\/wp\/v2\/product\/1091","targetHints":{"allow":["GET"]}}],"collection":[{"href":"https:\/\/www.autoline.no\/sv\/wp-json\/wp\/v2\/product"}],"about":[{"href":"https:\/\/www.autoline.no\/sv\/wp-json\/wp\/v2\/types\/product"}],"replies":[{"embeddable":true,"href":"https:\/\/www.autoline.no\/sv\/wp-json\/wp\/v2\/comments?post=1091"}],"wp:featuredmedia":[{"embeddable":true,"href":"https:\/\/www.autoline.no\/sv\/wp-json\/wp\/v2\/media\/2696"}],"wp:attachment":[{"href":"https:\/\/www.autoline.no\/sv\/wp-json\/wp\/v2\/media?parent=1091"}],"wp:term":[{"taxonomy":"product_brand","embeddable":true,"href":"https:\/\/www.autoline.no\/sv\/wp-json\/wp\/v2\/product_brand?post=1091"},{"taxonomy":"product_cat","embeddable":true,"href":"https:\/\/www.autoline.no\/sv\/wp-json\/wp\/v2\/product_cat?post=1091"},{"taxonomy":"product_tag","embeddable":true,"href":"https:\/\/www.autoline.no\/sv\/wp-json\/wp\/v2\/product_tag?post=1091"}],"curies":[{"name":"wp","href":"https:\/\/api.w.org\/{rel}","templated":true}]}}