{"id":1006,"date":"2016-12-09T02:36:54","date_gmt":"2016-12-09T01:36:54","guid":{"rendered":"http:\/\/www.autoline.no\/product\/autoline-relay-for-motor-50-amps\/?lang=nb"},"modified":"2020-05-27T12:15:24","modified_gmt":"2020-05-27T11:15:24","slug":"autoline-relay-for-motor-50-amps","status":"publish","type":"product","link":"https:\/\/www.autoline.no\/sv\/product\/autoline-relay-for-motor-50-amps\/","title":{"rendered":"4498006 Rel\u00e9 motor 50amp. 24V"},"content":{"rendered":"\n<style type=\"text\/css\" data-created_by=\"avia_inline_auto\" id=\"style-css-av-75wcvy-0ebfaccc9ac2ad58bb20f3c9dff2200c\">\n.avia-image-container.av-75wcvy-0ebfaccc9ac2ad58bb20f3c9dff2200c img.avia_image{\nbox-shadow:none;\n}\n.avia-image-container.av-75wcvy-0ebfaccc9ac2ad58bb20f3c9dff2200c .av-image-caption-overlay-center{\ncolor:#ffffff;\n}\n<\/style>\n<div  class='avia-image-container av-75wcvy-0ebfaccc9ac2ad58bb20f3c9dff2200c av-styling- avia-align-center  avia-builder-el-0  el_before_av_heading  avia-builder-el-first '   itemprop=\"image\" itemscope=\"itemscope\" itemtype=\"https:\/\/schema.org\/ImageObject\" ><div class=\"avia-image-container-inner\"><div class=\"avia-image-overlay-wrap\"><img decoding=\"async\" fetchpriority=\"high\" class='wp-image-756 avia-img-lazy-loading-not-756 avia_image ' src=\"https:\/\/www.autoline.no\/wp-content\/uploads\/2016\/12\/Autoline-relay-for-motor-50-amps..jpg\" alt='' title='autoline-relay-for-motor-50-amps'  height=\"536\" width=\"804\"  itemprop=\"thumbnailUrl\" srcset=\"https:\/\/www.autoline.no\/wp-content\/uploads\/2016\/12\/Autoline-relay-for-motor-50-amps..jpg 804w, https:\/\/www.autoline.no\/wp-content\/uploads\/2016\/12\/Autoline-relay-for-motor-50-amps.-450x300.jpg 450w, https:\/\/www.autoline.no\/wp-content\/uploads\/2016\/12\/Autoline-relay-for-motor-50-amps.-300x200.jpg 300w, https:\/\/www.autoline.no\/wp-content\/uploads\/2016\/12\/Autoline-relay-for-motor-50-amps.-768x512.jpg 768w, https:\/\/www.autoline.no\/wp-content\/uploads\/2016\/12\/Autoline-relay-for-motor-50-amps.-705x470.jpg 705w\" sizes=\"(max-width: 804px) 100vw, 804px\" \/><\/div><\/div><\/div>\n\n<style type=\"text\/css\" data-created_by=\"avia_inline_auto\" id=\"style-css-av-av_heading-87addb4e5ba1bd6d7b4032ce6c8fc60c\">\n#top .av-special-heading.av-av_heading-87addb4e5ba1bd6d7b4032ce6c8fc60c{\npadding-bottom:10px;\n}\nbody .av-special-heading.av-av_heading-87addb4e5ba1bd6d7b4032ce6c8fc60c .av-special-heading-tag .heading-char{\nfont-size:25px;\n}\n.av-special-heading.av-av_heading-87addb4e5ba1bd6d7b4032ce6c8fc60c .av-subheading{\nfont-size:15px;\n}\n<\/style>\n<div  class='av-special-heading av-av_heading-87addb4e5ba1bd6d7b4032ce6c8fc60c av-special-heading-h1 blockquote modern-quote  avia-builder-el-1  el_after_av_image  el_before_av_hr '><h1 class='av-special-heading-tag '  itemprop=\"headline\"  >Autoline rel\u00e9 til motor 50 amp.<\/h1><div class=\"special-heading-border\"><div class=\"special-heading-inner-border\"><\/div><\/div><\/div>\n\n<style type=\"text\/css\" data-created_by=\"avia_inline_auto\" id=\"style-css-av-4drgni-4282bf92ff3aaed6dc66458a7ce0650e\">\n#top .hr.av-4drgni-4282bf92ff3aaed6dc66458a7ce0650e{\nmargin-top:0;\nmargin-bottom:10px;\n}\n.hr.av-4drgni-4282bf92ff3aaed6dc66458a7ce0650e .hr-inner{\nwidth:26px;\nborder-color:#ffb716;\n}\n<\/style>\n<div  class='hr av-4drgni-4282bf92ff3aaed6dc66458a7ce0650e hr-custom  avia-builder-el-2  el_after_av_heading  el_before_av_textblock  hr-left hr-icon-no'><span class='hr-inner inner-border-av-border-fat'><span class=\"hr-inner-style\"><\/span><\/span><\/div>\n<section  class='av_textblock_section av-32cxgu-68fdb4efc80b14c005ce8af518d8d53d '   itemscope=\"itemscope\" itemtype=\"https:\/\/schema.org\/CreativeWork\" ><div class='avia_textblock'  itemprop=\"text\" ><p><b>Produkt nr.: 4498006<\/b><br \/>\nRel\u00e9 50 ampere for motor til kontrollboksen, ett rel\u00e9 for hver motor. Rel\u00e9et er montert fast i\u00a0kontrollboksen og festet med stjerneskruer. Enkelt \u00e5 bytte.<\/p>\n<\/div><\/section>\n","protected":false},"excerpt":{"rendered":"<p><b>Produkt nr.: 4498006<\/b><br \/>\nRel\u00e9 50 ampere for motor til kontrollboksen, ett rel\u00e9 for hver motor. Rel\u00e9et er montert fast i\u00a0kontrollboksen og festet med stjerneskruer. Enkelt \u00e5 bytte.<\/p>\n","protected":false},"featured_media":4002,"comment_status":"open","ping_status":"closed","template":"","meta":{"_acf_changed":false,"_links_to":"","_links_to_target":""},"product_brand":[],"product_cat":[37],"product_tag":[],"class_list":{"0":"post-1006","1":"product","2":"type-product","3":"status-publish","4":"has-post-thumbnail","6":"product_cat-elektrisk","8":"first","9":"instock","10":"shipping-taxable","11":"purchasable","12":"product-type-simple"},"acf":[],"_links":{"self":[{"href":"https:\/\/www.autoline.no\/sv\/wp-json\/wp\/v2\/product\/1006","targetHints":{"allow":["GET"]}}],"collection":[{"href":"https:\/\/www.autoline.no\/sv\/wp-json\/wp\/v2\/product"}],"about":[{"href":"https:\/\/www.autoline.no\/sv\/wp-json\/wp\/v2\/types\/product"}],"replies":[{"embeddable":true,"href":"https:\/\/www.autoline.no\/sv\/wp-json\/wp\/v2\/comments?post=1006"}],"wp:featuredmedia":[{"embeddable":true,"href":"https:\/\/www.autoline.no\/sv\/wp-json\/wp\/v2\/media\/4002"}],"wp:attachment":[{"href":"https:\/\/www.autoline.no\/sv\/wp-json\/wp\/v2\/media?parent=1006"}],"wp:term":[{"taxonomy":"product_brand","embeddable":true,"href":"https:\/\/www.autoline.no\/sv\/wp-json\/wp\/v2\/product_brand?post=1006"},{"taxonomy":"product_cat","embeddable":true,"href":"https:\/\/www.autoline.no\/sv\/wp-json\/wp\/v2\/product_cat?post=1006"},{"taxonomy":"product_tag","embeddable":true,"href":"https:\/\/www.autoline.no\/sv\/wp-json\/wp\/v2\/product_tag?post=1006"}],"curies":[{"name":"wp","href":"https:\/\/api.w.org\/{rel}","templated":true}]}}