{"id":4282,"date":"2026-02-06T10:28:50","date_gmt":"2026-02-06T09:28:50","guid":{"rendered":"https:\/\/www.autoline.no\/?post_type=product&#038;p=4282"},"modified":"2026-02-06T10:45:47","modified_gmt":"2026-02-06T09:45:47","slug":"4498007-rele-motor-200amp-24v","status":"publish","type":"product","link":"https:\/\/www.autoline.no\/?product=4498007-rele-motor-200amp-24v","title":{"rendered":"4498007 Rel\u00e9 motor 200amp. 24V"},"content":{"rendered":"\n\n<style type=\"text\/css\" data-created_by=\"avia_inline_auto\" id=\"style-css-av-av_heading-87addb4e5ba1bd6d7b4032ce6c8fc60c\">\n#top .av-special-heading.av-av_heading-87addb4e5ba1bd6d7b4032ce6c8fc60c{\npadding-bottom:10px;\n}\nbody .av-special-heading.av-av_heading-87addb4e5ba1bd6d7b4032ce6c8fc60c .av-special-heading-tag .heading-char{\nfont-size:25px;\n}\n.av-special-heading.av-av_heading-87addb4e5ba1bd6d7b4032ce6c8fc60c .av-subheading{\nfont-size:15px;\n}\n<\/style>\n<div  class='av-special-heading av-av_heading-87addb4e5ba1bd6d7b4032ce6c8fc60c av-special-heading-h1 blockquote modern-quote  avia-builder-el-1  el_after_av_image  el_before_av_hr '><h1 class='av-special-heading-tag '  itemprop=\"headline\"  >Autoline rel\u00e9 til motor 50 amp.<\/h1><div class=\"special-heading-border\"><div class=\"special-heading-inner-border\"><\/div><\/div><\/div>\n\n<style type=\"text\/css\" data-created_by=\"avia_inline_auto\" id=\"style-css-av-4drgni-4282bf92ff3aaed6dc66458a7ce0650e\">\n#top .hr.av-4drgni-4282bf92ff3aaed6dc66458a7ce0650e{\nmargin-top:0;\nmargin-bottom:10px;\n}\n.hr.av-4drgni-4282bf92ff3aaed6dc66458a7ce0650e .hr-inner{\nwidth:26px;\nborder-color:#ffb716;\n}\n<\/style>\n<div  class='hr av-4drgni-4282bf92ff3aaed6dc66458a7ce0650e hr-custom  avia-builder-el-2  el_after_av_heading  el_before_av_textblock  hr-left hr-icon-no'><span class='hr-inner inner-border-av-border-fat'><span class=\"hr-inner-style\"><\/span><\/span><\/div>\n<section  class='av_textblock_section av-32cxgu-b04a8a94077353f63a4c35bdb1b41500 '   itemscope=\"itemscope\" itemtype=\"https:\/\/schema.org\/CreativeWork\" ><div class='avia_textblock'  itemprop=\"text\" ><p><b>Produkt nr.: 4498007<\/b><br \/>\nRel\u00e9 200 ampere for motor til kontrollboksen, ett rel\u00e9 for hver motor. Rel\u00e9et er montert fast i kontrollboksen og festet med stjerneskruer. Enkelt \u00e5 bytte.<\/p>\n<\/div><\/section>\n","protected":false},"excerpt":{"rendered":"<p><b>Produkt nr.: 4498007<\/b><br \/>\nRel\u00e9 200 ampere for motor til kontrollboksen, ett rel\u00e9 for hver motor. Rel\u00e9et er montert fast i kontrollboksen og festet med stjerneskruer. Enkelt \u00e5 bytte.<\/p>\n","protected":false},"featured_media":4286,"comment_status":"open","ping_status":"closed","template":"","meta":{"_acf_changed":false,"_links_to":"","_links_to_target":""},"product_brand":[],"product_cat":[37],"product_tag":[],"class_list":{"0":"post-4282","1":"product","2":"type-product","3":"status-publish","4":"has-post-thumbnail","6":"product_cat-elektrisk","8":"first","9":"instock","10":"shipping-taxable","11":"purchasable","12":"product-type-simple"},"acf":[],"_links":{"self":[{"href":"https:\/\/www.autoline.no\/index.php?rest_route=\/wp\/v2\/product\/4282","targetHints":{"allow":["GET"]}}],"collection":[{"href":"https:\/\/www.autoline.no\/index.php?rest_route=\/wp\/v2\/product"}],"about":[{"href":"https:\/\/www.autoline.no\/index.php?rest_route=\/wp\/v2\/types\/product"}],"replies":[{"embeddable":true,"href":"https:\/\/www.autoline.no\/index.php?rest_route=%2Fwp%2Fv2%2Fcomments&post=4282"}],"wp:featuredmedia":[{"embeddable":true,"href":"https:\/\/www.autoline.no\/index.php?rest_route=\/wp\/v2\/media\/4286"}],"wp:attachment":[{"href":"https:\/\/www.autoline.no\/index.php?rest_route=%2Fwp%2Fv2%2Fmedia&parent=4282"}],"wp:term":[{"taxonomy":"product_brand","embeddable":true,"href":"https:\/\/www.autoline.no\/index.php?rest_route=%2Fwp%2Fv2%2Fproduct_brand&post=4282"},{"taxonomy":"product_cat","embeddable":true,"href":"https:\/\/www.autoline.no\/index.php?rest_route=%2Fwp%2Fv2%2Fproduct_cat&post=4282"},{"taxonomy":"product_tag","embeddable":true,"href":"https:\/\/www.autoline.no\/index.php?rest_route=%2Fwp%2Fv2%2Fproduct_tag&post=4282"}],"curies":[{"name":"wp","href":"https:\/\/api.w.org\/{rel}","templated":true}]}}