{"id":4094,"date":"2022-01-20T15:01:50","date_gmt":"2022-01-20T14:01:50","guid":{"rendered":"https:\/\/www.autoline.no\/?post_type=product&#038;p=4094"},"modified":"2022-01-20T15:01:51","modified_gmt":"2022-01-20T14:01:51","slug":"4498035-signal-light-green-w-cable","status":"publish","type":"product","link":"https:\/\/www.autoline.no\/?product=4498035-signal-light-green-w-cable","title":{"rendered":"4498035 Signal light Green w\/cable"},"content":{"rendered":"\n<style type=\"text\/css\" data-created_by=\"avia_inline_auto\" id=\"style-css-av-av_one_full-79ff81c021393065cee878051452f6a6\">\n.flex_column.av-av_one_full-79ff81c021393065cee878051452f6a6{\nborder-radius:0px 0px 0px 0px;\npadding:0px 0px 0px 0px;\n}\n<\/style>\n<div  class='flex_column av-av_one_full-79ff81c021393065cee878051452f6a6 av_one_full  avia-builder-el-0  el_before_av_one_full  avia-builder-el-first  first flex_column_div av-zero-column-padding  '     ><style type=\"text\/css\" data-created_by=\"avia_inline_auto\" id=\"style-css-av-kyn14x41-b1c0cca7f6c54f3b56c84a9664a1035f\">\n.avia-image-container.av-kyn14x41-b1c0cca7f6c54f3b56c84a9664a1035f img.avia_image{\nbox-shadow:none;\n}\n.avia-image-container.av-kyn14x41-b1c0cca7f6c54f3b56c84a9664a1035f .av-image-caption-overlay-center{\ncolor:#ffffff;\n}\n<\/style>\n<div  class='avia-image-container av-kyn14x41-b1c0cca7f6c54f3b56c84a9664a1035f av-styling- avia-align-center  avia-builder-el-1  avia-builder-el-no-sibling '   itemprop=\"image\" itemscope=\"itemscope\" itemtype=\"https:\/\/schema.org\/ImageObject\" ><div class=\"avia-image-container-inner\"><div class=\"avia-image-overlay-wrap\"><img decoding=\"async\" fetchpriority=\"high\" class='wp-image-2993 avia-img-lazy-loading-not-2993 avia_image ' src=\"https:\/\/www.autoline.no\/wp-content\/uploads\/2020\/06\/Autoline_logo-300x76.png\" alt='' title='Autoline_logo'  height=\"76\" width=\"300\"  itemprop=\"thumbnailUrl\" srcset=\"https:\/\/www.autoline.no\/wp-content\/uploads\/2020\/06\/Autoline_logo-300x76.png 300w, https:\/\/www.autoline.no\/wp-content\/uploads\/2020\/06\/Autoline_logo-768x194.png 768w, https:\/\/www.autoline.no\/wp-content\/uploads\/2020\/06\/Autoline_logo-705x178.png 705w, https:\/\/www.autoline.no\/wp-content\/uploads\/2020\/06\/Autoline_logo-450x114.png 450w, https:\/\/www.autoline.no\/wp-content\/uploads\/2020\/06\/Autoline_logo.png 980w\" sizes=\"(max-width: 300px) 100vw, 300px\" \/><\/div><\/div><\/div><\/div>\n<style type=\"text\/css\" data-created_by=\"avia_inline_auto\" id=\"style-css-av-av_one_full-79ff81c021393065cee878051452f6a6\">\n.flex_column.av-av_one_full-79ff81c021393065cee878051452f6a6{\nborder-radius:0px 0px 0px 0px;\npadding:0px 0px 0px 0px;\n}\n<\/style>\n<div  class='flex_column av-av_one_full-79ff81c021393065cee878051452f6a6 av_one_full  avia-builder-el-2  el_after_av_one_full  el_before_av_hr  first flex_column_div av-zero-column-padding  column-top-margin'     ><style type=\"text\/css\" data-created_by=\"avia_inline_auto\" id=\"style-css-av-kyn1axqk-153e6864200a16bf288bbc0e786a9cbd\">\n.avia-image-container.av-kyn1axqk-153e6864200a16bf288bbc0e786a9cbd img.avia_image{\nbox-shadow:none;\n}\n.avia-image-container.av-kyn1axqk-153e6864200a16bf288bbc0e786a9cbd .av-image-caption-overlay-center{\ncolor:#ffffff;\n}\n<\/style>\n<div  class='avia-image-container av-kyn1axqk-153e6864200a16bf288bbc0e786a9cbd av-styling- avia-align-center  avia-builder-el-3  avia-builder-el-no-sibling '   itemprop=\"image\" itemscope=\"itemscope\" itemtype=\"https:\/\/schema.org\/ImageObject\" ><div class=\"avia-image-container-inner\"><div class=\"avia-image-overlay-wrap\"><img decoding=\"async\" fetchpriority=\"high\" class='wp-image-4095 avia-img-lazy-loading-not-4095 avia_image ' src=\"https:\/\/www.autoline.no\/wp-content\/uploads\/2022\/01\/4498034-36-300x157.jpg\" alt='' title='4498034-36'  height=\"157\" width=\"300\"  itemprop=\"thumbnailUrl\" srcset=\"https:\/\/www.autoline.no\/wp-content\/uploads\/2022\/01\/4498034-36-300x157.jpg 300w, https:\/\/www.autoline.no\/wp-content\/uploads\/2022\/01\/4498034-36-1030x540.jpg 1030w, https:\/\/www.autoline.no\/wp-content\/uploads\/2022\/01\/4498034-36-768x403.jpg 768w, https:\/\/www.autoline.no\/wp-content\/uploads\/2022\/01\/4498034-36-1500x787.jpg 1500w, https:\/\/www.autoline.no\/wp-content\/uploads\/2022\/01\/4498034-36-710x375.jpg 710w, https:\/\/www.autoline.no\/wp-content\/uploads\/2022\/01\/4498034-36-705x370.jpg 705w, https:\/\/www.autoline.no\/wp-content\/uploads\/2022\/01\/4498034-36-450x236.jpg 450w, https:\/\/www.autoline.no\/wp-content\/uploads\/2022\/01\/4498034-36.jpg 1512w\" sizes=\"(max-width: 300px) 100vw, 300px\" \/><\/div><\/div><\/div><\/div><div  class='hr av-av_hr-7bacd336e8c7b574fdeac16e430feaa5 hr-default  avia-builder-el-4  el_after_av_one_full  el_before_av_heading '><span class='hr-inner '><span class=\"hr-inner-style\"><\/span><\/span><\/div><\/p>\n\n<style type=\"text\/css\" data-created_by=\"avia_inline_auto\" id=\"style-css-av-kyn1c75e-25f39d13cd032dc34a3bf481038c708f\">\n#top .av-special-heading.av-kyn1c75e-25f39d13cd032dc34a3bf481038c708f{\npadding-bottom:10px;\n}\nbody .av-special-heading.av-kyn1c75e-25f39d13cd032dc34a3bf481038c708f .av-special-heading-tag .heading-char{\nfont-size:25px;\n}\n.av-special-heading.av-kyn1c75e-25f39d13cd032dc34a3bf481038c708f .av-subheading{\nfont-size:15px;\n}\n<\/style>\n<div  class='av-special-heading av-kyn1c75e-25f39d13cd032dc34a3bf481038c708f av-special-heading-h2 blockquote modern-quote  avia-builder-el-5  el_after_av_hr  el_before_av_hr '><h2 class='av-special-heading-tag '  itemprop=\"headline\"  >Lysdiode &#8211; Gr\u00f8nn<\/h2><div class=\"special-heading-border\"><div class=\"special-heading-inner-border\"><\/div><\/div><\/div>\n<div  class='hr av-av_hr-7bacd336e8c7b574fdeac16e430feaa5 hr-default  avia-builder-el-6  el_after_av_heading  el_before_av_textblock '><span class='hr-inner '><span class=\"hr-inner-style\"><\/span><\/span><\/div>\n<section  class='av_textblock_section av-kyn1kfu8-68de062f386e0f743550f71057e88482 '   itemscope=\"itemscope\" itemtype=\"https:\/\/schema.org\/CreativeWork\" ><div class='avia_textblock'  itemprop=\"text\" ><p><b>Produkt nr: 4098035<\/b><br \/>\nGr\u00f8nn lysdiode &#8211; Det leveres lysdioder i tre forskjellige farger: Gr\u00f8nn, gul &amp; r\u00f8d.<\/p>\n<\/div><\/section>\n","protected":false},"excerpt":{"rendered":"<p><b>Produkt nr: 4098035<\/b><br \/>\nGr\u00f8nn lysdiode &#8211; Det leveres lysdioder i tre forskjellige farger: Gr\u00f8nn, gul &#038; r\u00f8d.<\/p>\n","protected":false},"featured_media":4095,"comment_status":"open","ping_status":"closed","template":"","meta":{"_acf_changed":false,"_links_to":"","_links_to_target":""},"product_brand":[],"product_cat":[37],"product_tag":[],"class_list":{"0":"post-4094","1":"product","2":"type-product","3":"status-publish","4":"has-post-thumbnail","6":"product_cat-elektrisk","8":"first","9":"instock","10":"shipping-taxable","11":"purchasable","12":"product-type-simple"},"acf":[],"_links":{"self":[{"href":"https:\/\/www.autoline.no\/index.php?rest_route=\/wp\/v2\/product\/4094","targetHints":{"allow":["GET"]}}],"collection":[{"href":"https:\/\/www.autoline.no\/index.php?rest_route=\/wp\/v2\/product"}],"about":[{"href":"https:\/\/www.autoline.no\/index.php?rest_route=\/wp\/v2\/types\/product"}],"replies":[{"embeddable":true,"href":"https:\/\/www.autoline.no\/index.php?rest_route=%2Fwp%2Fv2%2Fcomments&post=4094"}],"wp:featuredmedia":[{"embeddable":true,"href":"https:\/\/www.autoline.no\/index.php?rest_route=\/wp\/v2\/media\/4095"}],"wp:attachment":[{"href":"https:\/\/www.autoline.no\/index.php?rest_route=%2Fwp%2Fv2%2Fmedia&parent=4094"}],"wp:term":[{"taxonomy":"product_brand","embeddable":true,"href":"https:\/\/www.autoline.no\/index.php?rest_route=%2Fwp%2Fv2%2Fproduct_brand&post=4094"},{"taxonomy":"product_cat","embeddable":true,"href":"https:\/\/www.autoline.no\/index.php?rest_route=%2Fwp%2Fv2%2Fproduct_cat&post=4094"},{"taxonomy":"product_tag","embeddable":true,"href":"https:\/\/www.autoline.no\/index.php?rest_route=%2Fwp%2Fv2%2Fproduct_tag&post=4094"}],"curies":[{"name":"wp","href":"https:\/\/api.w.org\/{rel}","templated":true}]}}