{"id":1074,"date":"2016-12-08T10:12:58","date_gmt":"2016-12-08T09:12:58","guid":{"rendered":"http:\/\/www.autoline.no\/product\/standard-bracket\/?lang=nb"},"modified":"2020-03-12T14:05:58","modified_gmt":"2020-03-12T13:05:58","slug":"standard-bracket","status":"publish","type":"product","link":"https:\/\/www.autoline.no\/?product=standard-bracket","title":{"rendered":"2896001 Universal Bracket Left\/Right"},"content":{"rendered":"\n<style type=\"text\/css\" data-created_by=\"avia_inline_auto\" id=\"style-css-av-k5z3aff6-f8275ec08dbc352972044cd12dccf6ca\">\n.avia-image-container.av-k5z3aff6-f8275ec08dbc352972044cd12dccf6ca img.avia_image{\nbox-shadow:none;\n}\n.avia-image-container.av-k5z3aff6-f8275ec08dbc352972044cd12dccf6ca .av-image-caption-overlay-center{\ncolor:#ffffff;\n}\n<\/style>\n<div  class='avia-image-container av-k5z3aff6-f8275ec08dbc352972044cd12dccf6ca av-styling- av-hover-grow avia-align-center  avia-builder-el-0  el_before_av_heading  avia-builder-el-first '   itemprop=\"image\" itemscope=\"itemscope\" itemtype=\"https:\/\/schema.org\/ImageObject\" ><div class=\"avia-image-container-inner\"><div class=\"avia-image-overlay-wrap\"><img decoding=\"async\" fetchpriority=\"high\" class='wp-image-2429 avia-img-lazy-loading-not-2429 avia_image ' src=\"https:\/\/www.autoline.no\/wp-content\/uploads\/2016\/12\/\u00a9Roald-Jung\u00e5rd-0542-300x200.png\" alt='' title='\u00a9Roald Jung\u00e5rd-0542'  height=\"200\" width=\"300\"  itemprop=\"thumbnailUrl\" srcset=\"https:\/\/www.autoline.no\/wp-content\/uploads\/2016\/12\/\u00a9Roald-Jung\u00e5rd-0542-300x200.png 300w, https:\/\/www.autoline.no\/wp-content\/uploads\/2016\/12\/\u00a9Roald-Jung\u00e5rd-0542-768x511.png 768w, https:\/\/www.autoline.no\/wp-content\/uploads\/2016\/12\/\u00a9Roald-Jung\u00e5rd-0542-1030x686.png 1030w, https:\/\/www.autoline.no\/wp-content\/uploads\/2016\/12\/\u00a9Roald-Jung\u00e5rd-0542-1500x999.png 1500w, https:\/\/www.autoline.no\/wp-content\/uploads\/2016\/12\/\u00a9Roald-Jung\u00e5rd-0542-705x469.png 705w, https:\/\/www.autoline.no\/wp-content\/uploads\/2016\/12\/\u00a9Roald-Jung\u00e5rd-0542-450x300.png 450w, https:\/\/www.autoline.no\/wp-content\/uploads\/2016\/12\/\u00a9Roald-Jung\u00e5rd-0542.png 1711w\" sizes=\"(max-width: 300px) 100vw, 300px\" \/><\/div><\/div><\/div>\n\n<style type=\"text\/css\" data-created_by=\"avia_inline_auto\" id=\"style-css-av-k5z55x27-bcdf0160ec2b621d1325ab18aef8c7ce\">\n#top .av-special-heading.av-k5z55x27-bcdf0160ec2b621d1325ab18aef8c7ce{\npadding-bottom:10px;\n}\nbody .av-special-heading.av-k5z55x27-bcdf0160ec2b621d1325ab18aef8c7ce .av-special-heading-tag .heading-char{\nfont-size:25px;\n}\n.av-special-heading.av-k5z55x27-bcdf0160ec2b621d1325ab18aef8c7ce .av-subheading{\nfont-size:15px;\n}\n<\/style>\n<div  class='av-special-heading av-k5z55x27-bcdf0160ec2b621d1325ab18aef8c7ce av-special-heading-h1 blockquote modern-quote  avia-builder-el-1  el_after_av_image  el_before_av_hr '><h1 class='av-special-heading-tag '  itemprop=\"headline\"  >Brakett Standard Y 8mm<\/h1><div class=\"special-heading-border\"><div class=\"special-heading-inner-border\"><\/div><\/div><\/div>\n\n<style type=\"text\/css\" data-created_by=\"avia_inline_auto\" id=\"style-css-av-3nogoy-7f482b240162645cc8eb468829d49ea0\">\n#top .hr.av-3nogoy-7f482b240162645cc8eb468829d49ea0{\nmargin-top:0;\nmargin-bottom:10px;\n}\n.hr.av-3nogoy-7f482b240162645cc8eb468829d49ea0 .hr-inner{\nwidth:26px;\nborder-color:#ffb716;\n}\n<\/style>\n<div  class='hr av-3nogoy-7f482b240162645cc8eb468829d49ea0 hr-custom  avia-builder-el-2  el_after_av_heading  el_before_av_textblock  hr-left hr-icon-no'><span class='hr-inner inner-border-av-border-fat'><span class=\"hr-inner-style\"><\/span><\/span><\/div>\n<section  class='av_textblock_section av-k5z37jl7-6a4757773d2ab230835035eb13f304c8 '   itemscope=\"itemscope\" itemtype=\"https:\/\/schema.org\/CreativeWork\" ><div class='avia_textblock'  itemprop=\"text\" ><div class=\"attribute-intro\">\n<div class=\"attribute-intro\">\n<p><b>Produkt nr.: 2896001<\/b><br \/>\nFestebrakett som festes p\u00e5 bilramme. To stk. braketter f\u00f8lger hver kasse ved nykj\u00f8p. Universal, passer alle modeller.<\/p>\n<\/div>\n<div class=\"attribute-body\"><\/div>\n<\/div>\n<div class=\"attribute-body\"><\/div>\n<\/div><\/section>\n\n<style type=\"text\/css\" data-created_by=\"avia_inline_auto\" id=\"style-css-av-1tzx8i-afad680fbcc351f7b6e8c571ec2a59d9\">\n#top .avia-gallery.av-1tzx8i-afad680fbcc351f7b6e8c571ec2a59d9 .avia-gallery-thumb a{\nwidth:50%;\n}\n<\/style>\n<div  class='avia-gallery av-1tzx8i-afad680fbcc351f7b6e8c571ec2a59d9 avia_animate_when_visible  avia-builder-el-4  el_after_av_textblock  avia-builder-el-last  avia_lazyload avia-gallery-animate avia-gallery-1'  itemprop=\"image\" itemscope=\"itemscope\" itemtype=\"https:\/\/schema.org\/ImageObject\" ><meta itemprop=\"contentURL\" content=\"https:\/\/www.autoline.no\/?product=standard-bracket\"><div class='avia-gallery-thumb'><a href=\"https:\/\/www.autoline.no\/wp-content\/uploads\/2016\/12\/Brakett_cad-1030x524.jpg\" data-srcset=\"https:\/\/www.autoline.no\/wp-content\/uploads\/2016\/12\/Brakett_cad-1030x524.jpg 1030w, https:\/\/www.autoline.no\/wp-content\/uploads\/2016\/12\/Brakett_cad-450x229.jpg 450w, https:\/\/www.autoline.no\/wp-content\/uploads\/2016\/12\/Brakett_cad-300x153.jpg 300w, https:\/\/www.autoline.no\/wp-content\/uploads\/2016\/12\/Brakett_cad-768x391.jpg 768w, https:\/\/www.autoline.no\/wp-content\/uploads\/2016\/12\/Brakett_cad-705x359.jpg 705w, https:\/\/www.autoline.no\/wp-content\/uploads\/2016\/12\/Brakett_cad.jpg 1200w\" data-sizes=\"(max-width: 1030px) 100vw, 1030px\" data-rel='gallery-1' data-prev-img='https:\/\/www.autoline.no\/wp-content\/uploads\/2016\/12\/Brakett_cad-495x400.jpg' class='first_thumb lightbox ' data-onclick='1' title='brakett_cad'  itemprop=\"thumbnailUrl\"  ><img decoding=\"async\" fetchpriority=\"high\" class=\"wp-image-685 avia-img-lazy-loading-not-685\"   src=\"https:\/\/www.autoline.no\/wp-content\/uploads\/2016\/12\/Brakett_cad-495x400.jpg\" width=\"495\" height=\"400\"  title='brakett_cad' alt='' \/><div class='big-prev-fake'><img decoding=\"async\" loading=\"lazy\" class=\"wp-image-685 avia-img-lazy-loading-685\"  width=\"495\" height=\"400\" src=\"https:\/\/www.autoline.no\/wp-content\/uploads\/2016\/12\/Brakett_cad-495x400.jpg\" title='brakett_cad' alt='' \/><\/div><\/a><a href=\"https:\/\/www.autoline.no\/wp-content\/uploads\/2016\/12\/ScaniaSpesialbrakett-1030x687.jpg\" data-srcset=\"https:\/\/www.autoline.no\/wp-content\/uploads\/2016\/12\/ScaniaSpesialbrakett-1030x687.jpg 1030w, https:\/\/www.autoline.no\/wp-content\/uploads\/2016\/12\/ScaniaSpesialbrakett-450x300.jpg 450w, https:\/\/www.autoline.no\/wp-content\/uploads\/2016\/12\/ScaniaSpesialbrakett-300x200.jpg 300w, https:\/\/www.autoline.no\/wp-content\/uploads\/2016\/12\/ScaniaSpesialbrakett-768x512.jpg 768w, https:\/\/www.autoline.no\/wp-content\/uploads\/2016\/12\/ScaniaSpesialbrakett-705x470.jpg 705w, https:\/\/www.autoline.no\/wp-content\/uploads\/2016\/12\/ScaniaSpesialbrakett.jpg 1200w\" data-sizes=\"(max-width: 1030px) 100vw, 1030px\" data-rel='gallery-1' data-prev-img='https:\/\/www.autoline.no\/wp-content\/uploads\/2016\/12\/ScaniaSpesialbrakett-495x400.jpg' class='lightbox ' data-onclick='2' title='scaniaspesialbrakett'  itemprop=\"thumbnailUrl\"  ><img decoding=\"async\" fetchpriority=\"high\" class=\"wp-image-687 avia-img-lazy-loading-not-687\"   src=\"https:\/\/www.autoline.no\/wp-content\/uploads\/2016\/12\/ScaniaSpesialbrakett-495x400.jpg\" width=\"495\" height=\"400\"  title='scaniaspesialbrakett' alt='' srcset=\"https:\/\/www.autoline.no\/wp-content\/uploads\/2016\/12\/ScaniaSpesialbrakett-495x400.jpg 495w, https:\/\/www.autoline.no\/wp-content\/uploads\/2016\/12\/ScaniaSpesialbrakett-845x684.jpg 845w\" sizes=\"(max-width: 495px) 100vw, 495px\" \/><div class='big-prev-fake'><img decoding=\"async\" loading=\"lazy\" class=\"wp-image-687 avia-img-lazy-loading-687\"  width=\"495\" height=\"400\" src=\"https:\/\/www.autoline.no\/wp-content\/uploads\/2016\/12\/ScaniaSpesialbrakett-495x400.jpg\" title='scaniaspesialbrakett' alt='' srcset=\"https:\/\/www.autoline.no\/wp-content\/uploads\/2016\/12\/ScaniaSpesialbrakett-495x400.jpg 495w, https:\/\/www.autoline.no\/wp-content\/uploads\/2016\/12\/ScaniaSpesialbrakett-845x684.jpg 845w\" sizes=\"auto, (max-width: 495px) 100vw, 495px\" \/><\/div><\/a><a href=\"https:\/\/www.autoline.no\/wp-content\/uploads\/2016\/12\/scaniabrakett.jpg\" data-srcset=\"https:\/\/www.autoline.no\/wp-content\/uploads\/2016\/12\/scaniabrakett.jpg 671w, https:\/\/www.autoline.no\/wp-content\/uploads\/2016\/12\/scaniabrakett-450x300.jpg 450w, https:\/\/www.autoline.no\/wp-content\/uploads\/2016\/12\/scaniabrakett-300x200.jpg 300w\" data-sizes=\"(max-width: 671px) 100vw, 671px\" data-rel='gallery-1' data-prev-img='https:\/\/www.autoline.no\/wp-content\/uploads\/2016\/12\/scaniabrakett-495x400.jpg' class='first_thumb lightbox ' data-onclick='3' title='scaniabrakett'  itemprop=\"thumbnailUrl\"  ><img decoding=\"async\" fetchpriority=\"high\" class=\"wp-image-686 avia-img-lazy-loading-not-686\"   src=\"https:\/\/www.autoline.no\/wp-content\/uploads\/2016\/12\/scaniabrakett-495x400.jpg\" width=\"495\" height=\"400\"  title='scaniabrakett' alt='' \/><div class='big-prev-fake'><img decoding=\"async\" loading=\"lazy\" class=\"wp-image-686 avia-img-lazy-loading-686\"  width=\"495\" height=\"400\" src=\"https:\/\/www.autoline.no\/wp-content\/uploads\/2016\/12\/scaniabrakett-495x400.jpg\" title='scaniabrakett' alt='' \/><\/div><\/a><\/div><\/div>\n","protected":false},"excerpt":{"rendered":"<p><b>Produkt nr.: 2896001<\/b><br \/>\nFestebrakett som festes p\u00e5 bilramme. To stk. braketter f\u00f8lger hver kasse ved nykj\u00f8p. Universal, passer alle modeller.<\/p>\n","protected":false},"featured_media":2429,"comment_status":"open","ping_status":"closed","template":"","meta":{"_acf_changed":false,"_links_to":"","_links_to_target":""},"product_brand":[],"product_cat":[40],"product_tag":[],"class_list":{"0":"post-1074","1":"product","2":"type-product","3":"status-publish","4":"has-post-thumbnail","6":"product_cat-mekanisk","8":"first","9":"instock","10":"shipping-taxable","11":"purchasable","12":"product-type-simple"},"acf":[],"_links":{"self":[{"href":"https:\/\/www.autoline.no\/index.php?rest_route=\/wp\/v2\/product\/1074","targetHints":{"allow":["GET"]}}],"collection":[{"href":"https:\/\/www.autoline.no\/index.php?rest_route=\/wp\/v2\/product"}],"about":[{"href":"https:\/\/www.autoline.no\/index.php?rest_route=\/wp\/v2\/types\/product"}],"replies":[{"embeddable":true,"href":"https:\/\/www.autoline.no\/index.php?rest_route=%2Fwp%2Fv2%2Fcomments&post=1074"}],"wp:featuredmedia":[{"embeddable":true,"href":"https:\/\/www.autoline.no\/index.php?rest_route=\/wp\/v2\/media\/2429"}],"wp:attachment":[{"href":"https:\/\/www.autoline.no\/index.php?rest_route=%2Fwp%2Fv2%2Fmedia&parent=1074"}],"wp:term":[{"taxonomy":"product_brand","embeddable":true,"href":"https:\/\/www.autoline.no\/index.php?rest_route=%2Fwp%2Fv2%2Fproduct_brand&post=1074"},{"taxonomy":"product_cat","embeddable":true,"href":"https:\/\/www.autoline.no\/index.php?rest_route=%2Fwp%2Fv2%2Fproduct_cat&post=1074"},{"taxonomy":"product_tag","embeddable":true,"href":"https:\/\/www.autoline.no\/index.php?rest_route=%2Fwp%2Fv2%2Fproduct_tag&post=1074"}],"curies":[{"name":"wp","href":"https:\/\/api.w.org\/{rel}","templated":true}]}}