{"id":1027,"date":"2016-12-09T03:22:05","date_gmt":"2016-12-09T02:22:05","guid":{"rendered":"http:\/\/www.autoline.no\/product\/filling-door-for-s-90\/?lang=nb"},"modified":"2020-03-11T14:20:17","modified_gmt":"2020-03-11T13:20:17","slug":"filling-door-for-s-90","status":"publish","type":"product","link":"https:\/\/www.autoline.no\/?product=filling-door-for-s-90","title":{"rendered":"2302090 Lid S90"},"content":{"rendered":"\n<style type=\"text\/css\" data-created_by=\"avia_inline_auto\" id=\"style-css-av-7sotxv-1b4aee40583c856a1f5b6cb8f9e3e588\">\n.avia-image-container.av-7sotxv-1b4aee40583c856a1f5b6cb8f9e3e588 img.avia_image{\nbox-shadow:none;\n}\n.avia-image-container.av-7sotxv-1b4aee40583c856a1f5b6cb8f9e3e588 .av-image-caption-overlay-center{\ncolor:#ffffff;\n}\n<\/style>\n<div  class='avia-image-container av-7sotxv-1b4aee40583c856a1f5b6cb8f9e3e588 av-styling- avia-align-center  avia-builder-el-0  el_before_av_hr  avia-builder-el-first '   itemprop=\"image\" itemscope=\"itemscope\" itemtype=\"https:\/\/schema.org\/ImageObject\" ><div class=\"avia-image-container-inner\"><div class=\"avia-image-overlay-wrap\"><img decoding=\"async\" fetchpriority=\"high\" class='wp-image-4000 avia-img-lazy-loading-not-4000 avia_image ' src=\"https:\/\/www.autoline.no\/wp-content\/uploads\/2016\/12\/Filling-door-for-S-90.jpg\" alt='' title='filling-door-for-s-90'  height=\"536\" width=\"804\"  itemprop=\"thumbnailUrl\" srcset=\"https:\/\/www.autoline.no\/wp-content\/uploads\/2016\/12\/Filling-door-for-S-90.jpg 804w, https:\/\/www.autoline.no\/wp-content\/uploads\/2016\/12\/Filling-door-for-S-90-450x300.jpg 450w, https:\/\/www.autoline.no\/wp-content\/uploads\/2016\/12\/Filling-door-for-S-90-300x200.jpg 300w, https:\/\/www.autoline.no\/wp-content\/uploads\/2016\/12\/Filling-door-for-S-90-768x512.jpg 768w, https:\/\/www.autoline.no\/wp-content\/uploads\/2016\/12\/Filling-door-for-S-90-705x470.jpg 705w\" sizes=\"(max-width: 804px) 100vw, 804px\" \/><\/div><\/div><\/div>\n<div  class='hr av-av_hr-23b3846cdd0fbd0e234720a594f6db24 hr-default  avia-builder-el-1  el_after_av_image  el_before_av_heading '><span class='hr-inner '><span class=\"hr-inner-style\"><\/span><\/span><\/div>\n\n<style type=\"text\/css\" data-created_by=\"avia_inline_auto\" id=\"style-css-av-av_heading-1c5d96fd68388dc6daae137b6c2e1c5b\">\n#top .av-special-heading.av-av_heading-1c5d96fd68388dc6daae137b6c2e1c5b{\npadding-bottom:10px;\n}\nbody .av-special-heading.av-av_heading-1c5d96fd68388dc6daae137b6c2e1c5b .av-special-heading-tag .heading-char{\nfont-size:25px;\n}\n.av-special-heading.av-av_heading-1c5d96fd68388dc6daae137b6c2e1c5b .av-subheading{\nfont-size:15px;\n}\n<\/style>\n<div  class='av-special-heading av-av_heading-1c5d96fd68388dc6daae137b6c2e1c5b av-special-heading-h1 blockquote modern-quote  avia-builder-el-2  el_after_av_hr  el_before_av_hr '><h1 class='av-special-heading-tag '  itemprop=\"headline\"  >P\u00e5fyllingsluke for S 90<\/h1><div class=\"special-heading-border\"><div class=\"special-heading-inner-border\"><\/div><\/div><\/div>\n\n<style type=\"text\/css\" data-created_by=\"avia_inline_auto\" id=\"style-css-av-3iyhtv-85c59a819e3734109b4ea8b8fa3d1905\">\n#top .hr.av-3iyhtv-85c59a819e3734109b4ea8b8fa3d1905{\nmargin-top:0;\nmargin-bottom:10px;\n}\n.hr.av-3iyhtv-85c59a819e3734109b4ea8b8fa3d1905 .hr-inner{\nwidth:26px;\nborder-color:#ffb716;\n}\n<\/style>\n<div  class='hr av-3iyhtv-85c59a819e3734109b4ea8b8fa3d1905 hr-custom  avia-builder-el-3  el_after_av_heading  el_before_av_textblock  hr-left hr-icon-no'><span class='hr-inner inner-border-av-border-fat'><span class=\"hr-inner-style\"><\/span><\/span><\/div>\n<section  class='av_textblock_section av-2ozbir-ef66ec151c0eb5e65a148fc4d2fc2062 '   itemscope=\"itemscope\" itemtype=\"https:\/\/schema.org\/CreativeWork\" ><div class='avia_textblock'  itemprop=\"text\" ><p><b>Produkt nr: 2302090<\/b><br \/>\nP\u00e5fyllingsluke med wire som passer til S 90 standard sandstr\u00f8er, lett \u00e5 montere.<\/p>\n<\/div><\/section>\n","protected":false},"excerpt":{"rendered":"<p><b>Produkt nr.: 2302090<\/b><br \/>\nP\u00e5fyllingsluke med wire som passer til S 90 standard sandstr\u00f8er, lett \u00e5 montere.<\/p>\n","protected":false},"featured_media":4000,"comment_status":"open","ping_status":"closed","template":"","meta":{"_acf_changed":false,"_links_to":"","_links_to_target":""},"product_brand":[],"product_cat":[40],"product_tag":[],"class_list":{"0":"post-1027","1":"product","2":"type-product","3":"status-publish","4":"has-post-thumbnail","6":"product_cat-mekanisk","8":"first","9":"instock","10":"shipping-taxable","11":"purchasable","12":"product-type-simple"},"acf":[],"_links":{"self":[{"href":"https:\/\/www.autoline.no\/index.php?rest_route=\/wp\/v2\/product\/1027","targetHints":{"allow":["GET"]}}],"collection":[{"href":"https:\/\/www.autoline.no\/index.php?rest_route=\/wp\/v2\/product"}],"about":[{"href":"https:\/\/www.autoline.no\/index.php?rest_route=\/wp\/v2\/types\/product"}],"replies":[{"embeddable":true,"href":"https:\/\/www.autoline.no\/index.php?rest_route=%2Fwp%2Fv2%2Fcomments&post=1027"}],"wp:featuredmedia":[{"embeddable":true,"href":"https:\/\/www.autoline.no\/index.php?rest_route=\/wp\/v2\/media\/4000"}],"wp:attachment":[{"href":"https:\/\/www.autoline.no\/index.php?rest_route=%2Fwp%2Fv2%2Fmedia&parent=1027"}],"wp:term":[{"taxonomy":"product_brand","embeddable":true,"href":"https:\/\/www.autoline.no\/index.php?rest_route=%2Fwp%2Fv2%2Fproduct_brand&post=1027"},{"taxonomy":"product_cat","embeddable":true,"href":"https:\/\/www.autoline.no\/index.php?rest_route=%2Fwp%2Fv2%2Fproduct_cat&post=1027"},{"taxonomy":"product_tag","embeddable":true,"href":"https:\/\/www.autoline.no\/index.php?rest_route=%2Fwp%2Fv2%2Fproduct_tag&post=1027"}],"curies":[{"name":"wp","href":"https:\/\/api.w.org\/{rel}","templated":true}]}}