{"id":1026,"date":"2016-12-09T03:20:09","date_gmt":"2016-12-09T02:20:09","guid":{"rendered":"http:\/\/www.autoline.no\/product\/filling-door-for-v-70\/?lang=nb"},"modified":"2020-05-27T11:41:00","modified_gmt":"2020-05-27T10:41:00","slug":"filling-door-for-v-70","status":"publish","type":"product","link":"https:\/\/www.autoline.no\/?product=filling-door-for-v-70","title":{"rendered":"2302070 Lid V70"},"content":{"rendered":"\n<style type=\"text\/css\" data-created_by=\"avia_inline_auto\" id=\"style-css-av-88alpe-a372fe7ccd58c77ebbfc1cc70d31654b\">\n.avia-image-container.av-88alpe-a372fe7ccd58c77ebbfc1cc70d31654b img.avia_image{\nbox-shadow:none;\n}\n.avia-image-container.av-88alpe-a372fe7ccd58c77ebbfc1cc70d31654b .av-image-caption-overlay-center{\ncolor:#ffffff;\n}\n<\/style>\n<div  class='avia-image-container av-88alpe-a372fe7ccd58c77ebbfc1cc70d31654b av-styling- avia-align-center  avia-builder-el-0  el_before_av_heading  avia-builder-el-first '   itemprop=\"image\" itemscope=\"itemscope\" itemtype=\"https:\/\/schema.org\/ImageObject\" ><div class=\"avia-image-container-inner\"><div class=\"avia-image-overlay-wrap\"><img decoding=\"async\" fetchpriority=\"high\" class='wp-image-3998 avia-img-lazy-loading-not-3998 avia_image ' src=\"https:\/\/www.autoline.no\/wp-content\/uploads\/2016\/12\/Filling-door-for-V-70.jpg\" alt='' title='filling-door-for-v-70'  height=\"536\" width=\"804\"  itemprop=\"thumbnailUrl\" srcset=\"https:\/\/www.autoline.no\/wp-content\/uploads\/2016\/12\/Filling-door-for-V-70.jpg 804w, https:\/\/www.autoline.no\/wp-content\/uploads\/2016\/12\/Filling-door-for-V-70-450x300.jpg 450w, https:\/\/www.autoline.no\/wp-content\/uploads\/2016\/12\/Filling-door-for-V-70-300x200.jpg 300w, https:\/\/www.autoline.no\/wp-content\/uploads\/2016\/12\/Filling-door-for-V-70-768x512.jpg 768w, https:\/\/www.autoline.no\/wp-content\/uploads\/2016\/12\/Filling-door-for-V-70-705x470.jpg 705w\" sizes=\"(max-width: 804px) 100vw, 804px\" \/><\/div><\/div><\/div>\n\n<style type=\"text\/css\" data-created_by=\"avia_inline_auto\" id=\"style-css-av-av_heading-24a66347f815a0ff8f089eb6b6476e5d\">\n#top .av-special-heading.av-av_heading-24a66347f815a0ff8f089eb6b6476e5d{\npadding-bottom:10px;\n}\nbody .av-special-heading.av-av_heading-24a66347f815a0ff8f089eb6b6476e5d .av-special-heading-tag .heading-char{\nfont-size:25px;\n}\n.av-special-heading.av-av_heading-24a66347f815a0ff8f089eb6b6476e5d .av-subheading{\nfont-size:15px;\n}\n<\/style>\n<div  class='av-special-heading av-av_heading-24a66347f815a0ff8f089eb6b6476e5d av-special-heading-h1 blockquote modern-quote  avia-builder-el-1  el_after_av_image  el_before_av_hr '><h1 class='av-special-heading-tag '  itemprop=\"headline\"  >P\u00e5fyllingsluke for V 70<\/h1><div class=\"special-heading-border\"><div class=\"special-heading-inner-border\"><\/div><\/div><\/div>\n\n<style type=\"text\/css\" data-created_by=\"avia_inline_auto\" id=\"style-css-av-4s8idu-078b958822f20a4dbe0b125b163a9ea0\">\n#top .hr.av-4s8idu-078b958822f20a4dbe0b125b163a9ea0{\nmargin-top:0;\nmargin-bottom:10px;\n}\n.hr.av-4s8idu-078b958822f20a4dbe0b125b163a9ea0 .hr-inner{\nwidth:26px;\nborder-color:#ffb716;\n}\n<\/style>\n<div  class='hr av-4s8idu-078b958822f20a4dbe0b125b163a9ea0 hr-custom  avia-builder-el-2  el_after_av_heading  el_before_av_textblock  hr-left hr-icon-no'><span class='hr-inner inner-border-av-border-fat'><span class=\"hr-inner-style\"><\/span><\/span><\/div>\n<section  class='av_textblock_section av-2fxj4i-a8dfc8ad8c679672b1005aae16906921 '   itemscope=\"itemscope\" itemtype=\"https:\/\/schema.org\/CreativeWork\" ><div class='avia_textblock'  itemprop=\"text\" ><p><b>Produkt nr.: 2302070<\/b><br \/>\nP\u00e5fyllingsluke med wire som passer til V 70 sandstr\u00f8er, passer til begge sider, lett \u00e5 montere.<\/p>\n<\/div><\/section>\n","protected":false},"excerpt":{"rendered":"<p><b>Produkt nr.: 2302070<\/b><br \/>\nP\u00e5fyllingsluke med wire som passer til V 70 sandstr\u00f8er, passer til begge sider, lett \u00e5 montere.<\/p>\n","protected":false},"featured_media":3998,"comment_status":"open","ping_status":"closed","template":"","meta":{"_acf_changed":false,"_links_to":"","_links_to_target":""},"product_brand":[],"product_cat":[40],"product_tag":[],"class_list":{"0":"post-1026","1":"product","2":"type-product","3":"status-publish","4":"has-post-thumbnail","6":"product_cat-mekanisk","8":"first","9":"instock","10":"shipping-taxable","11":"purchasable","12":"product-type-simple"},"acf":[],"_links":{"self":[{"href":"https:\/\/www.autoline.no\/index.php?rest_route=\/wp\/v2\/product\/1026","targetHints":{"allow":["GET"]}}],"collection":[{"href":"https:\/\/www.autoline.no\/index.php?rest_route=\/wp\/v2\/product"}],"about":[{"href":"https:\/\/www.autoline.no\/index.php?rest_route=\/wp\/v2\/types\/product"}],"replies":[{"embeddable":true,"href":"https:\/\/www.autoline.no\/index.php?rest_route=%2Fwp%2Fv2%2Fcomments&post=1026"}],"wp:featuredmedia":[{"embeddable":true,"href":"https:\/\/www.autoline.no\/index.php?rest_route=\/wp\/v2\/media\/3998"}],"wp:attachment":[{"href":"https:\/\/www.autoline.no\/index.php?rest_route=%2Fwp%2Fv2%2Fmedia&parent=1026"}],"wp:term":[{"taxonomy":"product_brand","embeddable":true,"href":"https:\/\/www.autoline.no\/index.php?rest_route=%2Fwp%2Fv2%2Fproduct_brand&post=1026"},{"taxonomy":"product_cat","embeddable":true,"href":"https:\/\/www.autoline.no\/index.php?rest_route=%2Fwp%2Fv2%2Fproduct_cat&post=1026"},{"taxonomy":"product_tag","embeddable":true,"href":"https:\/\/www.autoline.no\/index.php?rest_route=%2Fwp%2Fv2%2Fproduct_tag&post=1026"}],"curies":[{"name":"wp","href":"https:\/\/api.w.org\/{rel}","templated":true}]}}