{"id":1024,"date":"2016-12-09T03:16:22","date_gmt":"2016-12-09T02:16:22","guid":{"rendered":"http:\/\/www.autoline.no\/product\/filling-door-for-c-50\/?lang=nb"},"modified":"2020-05-27T11:49:09","modified_gmt":"2020-05-27T10:49:09","slug":"filling-door-for-c-50","status":"publish","type":"product","link":"https:\/\/www.autoline.no\/?product=filling-door-for-c-50","title":{"rendered":"2302050 Lid C50"},"content":{"rendered":"\n<style type=\"text\/css\" data-created_by=\"avia_inline_auto\" id=\"style-css-av-av_image-96c342aacf1d4454d7cee86390fa4c19\">\n.avia-image-container.av-av_image-96c342aacf1d4454d7cee86390fa4c19 img.avia_image{\nbox-shadow:none;\n}\n.avia-image-container.av-av_image-96c342aacf1d4454d7cee86390fa4c19 .av-image-caption-overlay-center{\ncolor:#ffffff;\n}\n<\/style>\n<div  class='avia-image-container av-av_image-96c342aacf1d4454d7cee86390fa4c19 av-styling- avia-align-center  avia-builder-el-0  el_before_av_heading  avia-builder-el-first '   itemprop=\"image\" itemscope=\"itemscope\" itemtype=\"https:\/\/schema.org\/ImageObject\" ><div class=\"avia-image-container-inner\"><div class=\"avia-image-overlay-wrap\"><img decoding=\"async\" fetchpriority=\"high\" class='wp-image-3994 avia-img-lazy-loading-not-3994 avia_image ' src=\"https:\/\/www.autoline.no\/wp-content\/uploads\/2016\/12\/Filling-door-for-C-50.jpg\" alt='' title='filling-door-for-c-50'  height=\"536\" width=\"804\"  itemprop=\"thumbnailUrl\" srcset=\"https:\/\/www.autoline.no\/wp-content\/uploads\/2016\/12\/Filling-door-for-C-50.jpg 804w, https:\/\/www.autoline.no\/wp-content\/uploads\/2016\/12\/Filling-door-for-C-50-450x300.jpg 450w, https:\/\/www.autoline.no\/wp-content\/uploads\/2016\/12\/Filling-door-for-C-50-300x200.jpg 300w, https:\/\/www.autoline.no\/wp-content\/uploads\/2016\/12\/Filling-door-for-C-50-768x512.jpg 768w, https:\/\/www.autoline.no\/wp-content\/uploads\/2016\/12\/Filling-door-for-C-50-705x470.jpg 705w\" sizes=\"(max-width: 804px) 100vw, 804px\" \/><\/div><\/div><\/div>\n\n<style type=\"text\/css\" data-created_by=\"avia_inline_auto\" id=\"style-css-av-av_heading-bc7da494dea4e45536405385f27f4abf\">\n#top .av-special-heading.av-av_heading-bc7da494dea4e45536405385f27f4abf{\npadding-bottom:10px;\n}\nbody .av-special-heading.av-av_heading-bc7da494dea4e45536405385f27f4abf .av-special-heading-tag .heading-char{\nfont-size:25px;\n}\n.av-special-heading.av-av_heading-bc7da494dea4e45536405385f27f4abf .av-subheading{\nfont-size:15px;\n}\n<\/style>\n<div  class='av-special-heading av-av_heading-bc7da494dea4e45536405385f27f4abf av-special-heading-h1 blockquote modern-quote  avia-builder-el-1  el_after_av_image  el_before_av_hr '><h1 class='av-special-heading-tag '  itemprop=\"headline\"  >P\u00e5fyllingsluke for C 50<\/h1><div class=\"special-heading-border\"><div class=\"special-heading-inner-border\"><\/div><\/div><\/div>\n\n<style type=\"text\/css\" data-created_by=\"avia_inline_auto\" id=\"style-css-av-av_hr-6b678f1af306b12df5722988c770be05\">\n#top .hr.av-av_hr-6b678f1af306b12df5722988c770be05{\nmargin-top:0;\nmargin-bottom:10px;\n}\n.hr.av-av_hr-6b678f1af306b12df5722988c770be05 .hr-inner{\nwidth:26px;\nborder-color:#ffb716;\n}\n<\/style>\n<div  class='hr av-av_hr-6b678f1af306b12df5722988c770be05 hr-custom  avia-builder-el-2  el_after_av_heading  el_before_av_textblock  hr-left hr-icon-no'><span class='hr-inner inner-border-av-border-fat'><span class=\"hr-inner-style\"><\/span><\/span><\/div>\n<section  class='av_textblock_section av-av_textblock-35972167d9f102c5ddaec0c531c98b9e '   itemscope=\"itemscope\" itemtype=\"https:\/\/schema.org\/CreativeWork\" ><div class='avia_textblock'  itemprop=\"text\" ><p><b>Produkt nr.: 2302050<\/b><br \/>\nP\u00e5fyllingsluke med wire som passer til C 50 sandstr\u00f8er, passer til begge sider, lett \u00e5 montere.<\/p>\n<\/div><\/section>\n","protected":false},"excerpt":{"rendered":"<p><b>Produkt nr.: 2302050<\/b><br \/>\nP\u00e5fyllingsluke med wire som passer til C 50 sandstr\u00f8er, passer til begge sider, lett \u00e5 montere.<\/p>\n","protected":false},"featured_media":3994,"comment_status":"open","ping_status":"closed","template":"","meta":{"_acf_changed":false,"_links_to":"","_links_to_target":""},"product_brand":[],"product_cat":[40],"product_tag":[],"class_list":{"0":"post-1024","1":"product","2":"type-product","3":"status-publish","4":"has-post-thumbnail","6":"product_cat-mekanisk","8":"first","9":"instock","10":"shipping-taxable","11":"purchasable","12":"product-type-simple"},"acf":[],"_links":{"self":[{"href":"https:\/\/www.autoline.no\/index.php?rest_route=\/wp\/v2\/product\/1024","targetHints":{"allow":["GET"]}}],"collection":[{"href":"https:\/\/www.autoline.no\/index.php?rest_route=\/wp\/v2\/product"}],"about":[{"href":"https:\/\/www.autoline.no\/index.php?rest_route=\/wp\/v2\/types\/product"}],"replies":[{"embeddable":true,"href":"https:\/\/www.autoline.no\/index.php?rest_route=%2Fwp%2Fv2%2Fcomments&post=1024"}],"wp:featuredmedia":[{"embeddable":true,"href":"https:\/\/www.autoline.no\/index.php?rest_route=\/wp\/v2\/media\/3994"}],"wp:attachment":[{"href":"https:\/\/www.autoline.no\/index.php?rest_route=%2Fwp%2Fv2%2Fmedia&parent=1024"}],"wp:term":[{"taxonomy":"product_brand","embeddable":true,"href":"https:\/\/www.autoline.no\/index.php?rest_route=%2Fwp%2Fv2%2Fproduct_brand&post=1024"},{"taxonomy":"product_cat","embeddable":true,"href":"https:\/\/www.autoline.no\/index.php?rest_route=%2Fwp%2Fv2%2Fproduct_cat&post=1024"},{"taxonomy":"product_tag","embeddable":true,"href":"https:\/\/www.autoline.no\/index.php?rest_route=%2Fwp%2Fv2%2Fproduct_tag&post=1024"}],"curies":[{"name":"wp","href":"https:\/\/api.w.org\/{rel}","templated":true}]}}