{"id":978,"date":"2016-12-06T02:58:10","date_gmt":"2016-12-06T02:58:10","guid":{"rendered":"http:\/\/www.autoline.no\/photos\/?lang=nb"},"modified":"2021-10-04T12:49:58","modified_gmt":"2021-10-04T11:49:58","slug":"bildegalleri","status":"publish","type":"page","link":"https:\/\/www.autoline.no\/?page_id=978","title":{"rendered":"Bildegalleri"},"content":{"rendered":"\n<p><\/p>\n\n\n\n<style type=\"text\/css\" data-created_by=\"avia_inline_auto\" id=\"style-css-av-av_heading-c617ee54fe46d0c1b201c11f1a68a96b\">\n#top .av-special-heading.av-av_heading-c617ee54fe46d0c1b201c11f1a68a96b{\npadding-bottom:10px;\n}\nbody .av-special-heading.av-av_heading-c617ee54fe46d0c1b201c11f1a68a96b .av-special-heading-tag .heading-char{\nfont-size:25px;\n}\n.av-special-heading.av-av_heading-c617ee54fe46d0c1b201c11f1a68a96b .av-subheading{\nfont-size:15px;\n}\n<\/style>\n<div  class='av-special-heading av-av_heading-c617ee54fe46d0c1b201c11f1a68a96b av-special-heading-h1 blockquote modern-quote modern-centered  avia-builder-el-0  el_before_av_hr  avia-builder-el-first '><h1 class='av-special-heading-tag '  itemprop=\"headline\"  >Bildegalleri<\/h1><div class=\"special-heading-border\"><div class=\"special-heading-inner-border\"><\/div><\/div><\/div>\n\n<style type=\"text\/css\" data-created_by=\"avia_inline_auto\" id=\"style-css-av-av_hr-edcfa5de73054f590fc6139f5374d728\">\n#top .hr.av-av_hr-edcfa5de73054f590fc6139f5374d728{\nmargin-top:0;\nmargin-bottom:40px;\n}\n.hr.av-av_hr-edcfa5de73054f590fc6139f5374d728 .hr-inner{\nwidth:58px;\nborder-color:#ffb716;\n}\n<\/style>\n<div  class='hr av-av_hr-edcfa5de73054f590fc6139f5374d728 hr-custom  avia-builder-el-1  el_after_av_heading  el_before_av_textblock  hr-center hr-icon-no'><span class='hr-inner inner-border-av-border-fat'><span class=\"hr-inner-style\"><\/span><\/span><\/div>\n<section  class='av_textblock_section av-av_textblock-35972167d9f102c5ddaec0c531c98b9e '   itemscope=\"itemscope\" itemtype=\"https:\/\/schema.org\/CreativeWork\" ><div class='avia_textblock'  itemprop=\"text\" ><div class=\"attribute-intro\">\n<p>Her finner du bilder fra Autolines mange engasjement i flere sammenhenger. Her f\u00e5r du se produktene i forskjellige milj\u00f8, menneskene bak og rundt bedriften, bil-lidenskapen p\u00e5 fritiden og litt historikk.<\/p>\n<\/div>\n<div class=\"attribute-body\"><\/div>\n<\/div><\/section>\n<div  data-autoplay=''  data-interval='5'  data-animation='fade'  data-show_slide_delay='90'  class='avia-content-slider avia-content-grid-active avia-content-slider1 avia-content-slider-even  avia-builder-el-3  el_after_av_textblock  avia-builder-el-last '  itemscope=\"itemscope\" itemtype=\"https:\/\/schema.org\/Blog\" ><div class='avia-content-slider-inner'><div class='slide-entry-wrap'><article class='slide-entry flex_column  post-entry post-entry-931 slide-entry-overview slide-loop-1 slide-parity-odd  av_one_half first real-thumbnail'  itemscope=\"itemscope\" itemtype=\"https:\/\/schema.org\/CreativeWork\" ><a href='https:\/\/www.autoline.no\/?page_id=931' data-rel='slide-1' class='slide-image' title=''><img decoding=\"async\" loading=\"lazy\" width=\"804\" height=\"536\" src=\"https:\/\/www.autoline.no\/wp-content\/uploads\/2016\/12\/Pictures-from-Elmia-2012.jpg\" class=\"wp-image-279 avia-img-lazy-loading-279 attachment-no scaling size-no scaling wp-post-image\" alt=\"\" srcset=\"https:\/\/www.autoline.no\/wp-content\/uploads\/2016\/12\/Pictures-from-Elmia-2012.jpg 804w, https:\/\/www.autoline.no\/wp-content\/uploads\/2016\/12\/Pictures-from-Elmia-2012-450x300.jpg 450w, https:\/\/www.autoline.no\/wp-content\/uploads\/2016\/12\/Pictures-from-Elmia-2012-300x200.jpg 300w, https:\/\/www.autoline.no\/wp-content\/uploads\/2016\/12\/Pictures-from-Elmia-2012-768x512.jpg 768w, https:\/\/www.autoline.no\/wp-content\/uploads\/2016\/12\/Pictures-from-Elmia-2012-705x470.jpg 705w\" sizes=\"auto, (max-width: 804px) 100vw, 804px\" \/><\/a><div class='slide-content'><header class=\"entry-content-header\"><h3 class='slide-entry-title entry-title'  itemprop=\"headline\" ><a href='https:\/\/www.autoline.no\/?page_id=931' title='Bilder fra Elmia 2012'>Bilder fra Elmia 2012<\/a><\/h3><span class=\"av-vertical-delimiter\"><\/span><\/header><div class='slide-entry-excerpt entry-content'  itemprop=\"text\" >\r\n\r\n\r\n\r\n<\/div><\/div><footer class=\"entry-footer\"><\/footer><span class='hidden'>\n\t\t\t\t<span class='av-structured-data'  itemprop=\"image\" itemscope=\"itemscope\" itemtype=\"https:\/\/schema.org\/ImageObject\" >\n\t\t\t\t\t\t<span itemprop='url'>https:\/\/www.autoline.no\/wp-content\/uploads\/2016\/12\/Pictures-from-Elmia-2012.jpg<\/span>\n\t\t\t\t\t\t<span itemprop='height'>536<\/span>\n\t\t\t\t\t\t<span itemprop='width'>804<\/span>\n\t\t\t\t<\/span>\n\t\t\t\t<span class='av-structured-data'  itemprop=\"publisher\" itemtype=\"https:\/\/schema.org\/Organization\" itemscope=\"itemscope\" >\n\t\t\t\t\t\t<span itemprop='name'>netpower<\/span>\n\t\t\t\t\t\t<span itemprop='logo' itemscope itemtype='https:\/\/schema.org\/ImageObject'>\n\t\t\t\t\t\t\t<span itemprop='url'>http:\/\/www.autoline.no\/wp-content\/uploads\/2016\/12\/logo.png<\/span>\n\t\t\t\t\t\t<\/span>\n\t\t\t\t<\/span><span class='av-structured-data'  itemprop=\"author\" itemscope=\"itemscope\" itemtype=\"https:\/\/schema.org\/Person\" ><span itemprop='name'>netpower<\/span><\/span><span class='av-structured-data'  itemprop=\"datePublished\" datetime=\"2016-12-07T00:25:02+01:00\" >2016-12-07 01:38:16<\/span><span class='av-structured-data'  itemprop=\"dateModified\" itemtype=\"https:\/\/schema.org\/dateModified\" >2021-10-04 13:41:28<\/span><span class='av-structured-data'  itemprop=\"mainEntityOfPage\" itemtype=\"https:\/\/schema.org\/mainEntityOfPage\" ><span itemprop='name'>Bilder fra Elmia 2012<\/span><\/span><\/span><\/article><article class='slide-entry flex_column  post-entry post-entry-932 slide-entry-overview slide-loop-2 slide-parity-even  av_one_half  real-thumbnail'  itemscope=\"itemscope\" itemtype=\"https:\/\/schema.org\/CreativeWork\" ><a href='https:\/\/www.autoline.no\/?page_id=932' data-rel='slide-1' class='slide-image' title=''><img decoding=\"async\" loading=\"lazy\" width=\"1024\" height=\"594\" src=\"https:\/\/www.autoline.no\/wp-content\/uploads\/2021\/09\/Volvo750.png\" class=\"wp-image-3854 avia-img-lazy-loading-3854 attachment-no scaling size-no scaling wp-post-image\" alt=\"\" srcset=\"https:\/\/www.autoline.no\/wp-content\/uploads\/2021\/09\/Volvo750.png 1024w, https:\/\/www.autoline.no\/wp-content\/uploads\/2021\/09\/Volvo750-300x174.png 300w, https:\/\/www.autoline.no\/wp-content\/uploads\/2021\/09\/Volvo750-768x446.png 768w, https:\/\/www.autoline.no\/wp-content\/uploads\/2021\/09\/Volvo750-705x409.png 705w, https:\/\/www.autoline.no\/wp-content\/uploads\/2021\/09\/Volvo750-450x261.png 450w\" sizes=\"auto, (max-width: 1024px) 100vw, 1024px\" \/><\/a><div class='slide-content'><header class=\"entry-content-header\"><h3 class='slide-entry-title entry-title'  itemprop=\"headline\" ><a href='https:\/\/www.autoline.no\/?page_id=932' title='Lastebil'>Lastebil<\/a><\/h3><span class=\"av-vertical-delimiter\"><\/span><\/header><div class='slide-entry-excerpt entry-content'  itemprop=\"text\" >Bilder av lastebilder som har p\u00e5montert Autoline sandstr\u00f8er<\/div><\/div><footer class=\"entry-footer\"><\/footer><span class='hidden'>\n\t\t\t\t<span class='av-structured-data'  itemprop=\"image\" itemscope=\"itemscope\" itemtype=\"https:\/\/schema.org\/ImageObject\" >\n\t\t\t\t\t\t<span itemprop='url'>https:\/\/www.autoline.no\/wp-content\/uploads\/2021\/09\/Volvo750.png<\/span>\n\t\t\t\t\t\t<span itemprop='height'>594<\/span>\n\t\t\t\t\t\t<span itemprop='width'>1024<\/span>\n\t\t\t\t<\/span>\n\t\t\t\t<span class='av-structured-data'  itemprop=\"publisher\" itemtype=\"https:\/\/schema.org\/Organization\" itemscope=\"itemscope\" >\n\t\t\t\t\t\t<span itemprop='name'>netpower<\/span>\n\t\t\t\t\t\t<span itemprop='logo' itemscope itemtype='https:\/\/schema.org\/ImageObject'>\n\t\t\t\t\t\t\t<span itemprop='url'>http:\/\/www.autoline.no\/wp-content\/uploads\/2016\/12\/logo.png<\/span>\n\t\t\t\t\t\t<\/span>\n\t\t\t\t<\/span><span class='av-structured-data'  itemprop=\"author\" itemscope=\"itemscope\" itemtype=\"https:\/\/schema.org\/Person\" ><span itemprop='name'>netpower<\/span><\/span><span class='av-structured-data'  itemprop=\"datePublished\" datetime=\"2016-12-07T00:25:02+01:00\" >2016-12-07 06:58:23<\/span><span class='av-structured-data'  itemprop=\"dateModified\" itemtype=\"https:\/\/schema.org\/dateModified\" >2021-10-04 13:42:35<\/span><span class='av-structured-data'  itemprop=\"mainEntityOfPage\" itemtype=\"https:\/\/schema.org\/mainEntityOfPage\" ><span itemprop='name'>Lastebil<\/span><\/span><\/span><\/article><\/div><div class='slide-entry-wrap'><article class='slide-entry flex_column  post-entry post-entry-933 slide-entry-overview slide-loop-3 slide-parity-odd  av_one_half first real-thumbnail'  itemscope=\"itemscope\" itemtype=\"https:\/\/schema.org\/CreativeWork\" ><a href='https:\/\/www.autoline.no\/?page_id=933' data-rel='slide-1' class='slide-image' title=''><img decoding=\"async\" loading=\"lazy\" width=\"804\" height=\"536\" src=\"https:\/\/www.autoline.no\/wp-content\/uploads\/2016\/12\/buses.jpg\" class=\"wp-image-309 avia-img-lazy-loading-309 attachment-no scaling size-no scaling wp-post-image\" alt=\"\" srcset=\"https:\/\/www.autoline.no\/wp-content\/uploads\/2016\/12\/buses.jpg 804w, https:\/\/www.autoline.no\/wp-content\/uploads\/2016\/12\/buses-450x300.jpg 450w, https:\/\/www.autoline.no\/wp-content\/uploads\/2016\/12\/buses-300x200.jpg 300w, https:\/\/www.autoline.no\/wp-content\/uploads\/2016\/12\/buses-768x512.jpg 768w, https:\/\/www.autoline.no\/wp-content\/uploads\/2016\/12\/buses-705x470.jpg 705w\" sizes=\"auto, (max-width: 804px) 100vw, 804px\" \/><\/a><div class='slide-content'><header class=\"entry-content-header\"><h3 class='slide-entry-title entry-title'  itemprop=\"headline\" ><a href='https:\/\/www.autoline.no\/?page_id=933' title='Buss'>Buss<\/a><\/h3><span class=\"av-vertical-delimiter\"><\/span><\/header><div class='slide-entry-excerpt entry-content'  itemprop=\"text\" >Bilder av busser som har p\u00e5montert Autoline sandstr\u00f8er<\/div><\/div><footer class=\"entry-footer\"><\/footer><span class='hidden'>\n\t\t\t\t<span class='av-structured-data'  itemprop=\"image\" itemscope=\"itemscope\" itemtype=\"https:\/\/schema.org\/ImageObject\" >\n\t\t\t\t\t\t<span itemprop='url'>https:\/\/www.autoline.no\/wp-content\/uploads\/2016\/12\/buses.jpg<\/span>\n\t\t\t\t\t\t<span itemprop='height'>536<\/span>\n\t\t\t\t\t\t<span itemprop='width'>804<\/span>\n\t\t\t\t<\/span>\n\t\t\t\t<span class='av-structured-data'  itemprop=\"publisher\" itemtype=\"https:\/\/schema.org\/Organization\" itemscope=\"itemscope\" >\n\t\t\t\t\t\t<span itemprop='name'>netpower<\/span>\n\t\t\t\t\t\t<span itemprop='logo' itemscope itemtype='https:\/\/schema.org\/ImageObject'>\n\t\t\t\t\t\t\t<span itemprop='url'>http:\/\/www.autoline.no\/wp-content\/uploads\/2016\/12\/logo.png<\/span>\n\t\t\t\t\t\t<\/span>\n\t\t\t\t<\/span><span class='av-structured-data'  itemprop=\"author\" itemscope=\"itemscope\" itemtype=\"https:\/\/schema.org\/Person\" ><span itemprop='name'>netpower<\/span><\/span><span class='av-structured-data'  itemprop=\"datePublished\" datetime=\"2016-12-07T00:25:02+01:00\" >2016-12-07 07:35:42<\/span><span class='av-structured-data'  itemprop=\"dateModified\" itemtype=\"https:\/\/schema.org\/dateModified\" >2021-10-04 12:56:36<\/span><span class='av-structured-data'  itemprop=\"mainEntityOfPage\" itemtype=\"https:\/\/schema.org\/mainEntityOfPage\" ><span itemprop='name'>Buss<\/span><\/span><\/span><\/article><article class='slide-entry flex_column  post-entry post-entry-934 slide-entry-overview slide-loop-4 slide-parity-even  av_one_half  real-thumbnail'  itemscope=\"itemscope\" itemtype=\"https:\/\/schema.org\/CreativeWork\" ><a href='https:\/\/www.autoline.no\/?page_id=934' data-rel='slide-1' class='slide-image' title=''><img decoding=\"async\" loading=\"lazy\" width=\"804\" height=\"536\" src=\"https:\/\/www.autoline.no\/wp-content\/uploads\/2016\/12\/Forklift-trucks.jpg\" class=\"wp-image-337 avia-img-lazy-loading-337 attachment-no scaling size-no scaling wp-post-image\" alt=\"\" srcset=\"https:\/\/www.autoline.no\/wp-content\/uploads\/2016\/12\/Forklift-trucks.jpg 804w, https:\/\/www.autoline.no\/wp-content\/uploads\/2016\/12\/Forklift-trucks-450x300.jpg 450w, https:\/\/www.autoline.no\/wp-content\/uploads\/2016\/12\/Forklift-trucks-300x200.jpg 300w, https:\/\/www.autoline.no\/wp-content\/uploads\/2016\/12\/Forklift-trucks-768x512.jpg 768w, https:\/\/www.autoline.no\/wp-content\/uploads\/2016\/12\/Forklift-trucks-705x470.jpg 705w\" sizes=\"auto, (max-width: 804px) 100vw, 804px\" \/><\/a><div class='slide-content'><header class=\"entry-content-header\"><h3 class='slide-entry-title entry-title'  itemprop=\"headline\" ><a href='https:\/\/www.autoline.no\/?page_id=934' title='Truck'>Truck<\/a><\/h3><span class=\"av-vertical-delimiter\"><\/span><\/header><div class='slide-entry-excerpt entry-content'  itemprop=\"text\" >Bilder av gaffeltrucker som har p\u00e5montert Autoline sandstr\u00f8er\t<\/div><\/div><footer class=\"entry-footer\"><\/footer><span class='hidden'>\n\t\t\t\t<span class='av-structured-data'  itemprop=\"image\" itemscope=\"itemscope\" itemtype=\"https:\/\/schema.org\/ImageObject\" >\n\t\t\t\t\t\t<span itemprop='url'>https:\/\/www.autoline.no\/wp-content\/uploads\/2016\/12\/Forklift-trucks.jpg<\/span>\n\t\t\t\t\t\t<span itemprop='height'>536<\/span>\n\t\t\t\t\t\t<span itemprop='width'>804<\/span>\n\t\t\t\t<\/span>\n\t\t\t\t<span class='av-structured-data'  itemprop=\"publisher\" itemtype=\"https:\/\/schema.org\/Organization\" itemscope=\"itemscope\" >\n\t\t\t\t\t\t<span itemprop='name'>netpower<\/span>\n\t\t\t\t\t\t<span itemprop='logo' itemscope itemtype='https:\/\/schema.org\/ImageObject'>\n\t\t\t\t\t\t\t<span itemprop='url'>http:\/\/www.autoline.no\/wp-content\/uploads\/2016\/12\/logo.png<\/span>\n\t\t\t\t\t\t<\/span>\n\t\t\t\t<\/span><span class='av-structured-data'  itemprop=\"author\" itemscope=\"itemscope\" itemtype=\"https:\/\/schema.org\/Person\" ><span itemprop='name'>netpower<\/span><\/span><span class='av-structured-data'  itemprop=\"datePublished\" datetime=\"2016-12-07T00:25:02+01:00\" >2016-12-07 07:46:02<\/span><span class='av-structured-data'  itemprop=\"dateModified\" itemtype=\"https:\/\/schema.org\/dateModified\" >2021-10-04 12:56:46<\/span><span class='av-structured-data'  itemprop=\"mainEntityOfPage\" itemtype=\"https:\/\/schema.org\/mainEntityOfPage\" ><span itemprop='name'>Truck<\/span><\/span><\/span><\/article><\/div><div class='slide-entry-wrap'><article class='slide-entry flex_column  post-entry post-entry-935 slide-entry-overview slide-loop-5 slide-parity-odd  av_one_half first real-thumbnail'  itemscope=\"itemscope\" itemtype=\"https:\/\/schema.org\/CreativeWork\" ><a href='https:\/\/www.autoline.no\/?page_id=935' data-rel='slide-1' class='slide-image' title=''><img decoding=\"async\" loading=\"lazy\" width=\"804\" height=\"536\" src=\"https:\/\/www.autoline.no\/wp-content\/uploads\/2016\/12\/The-factory.jpg\" class=\"wp-image-362 avia-img-lazy-loading-362 attachment-no scaling size-no scaling wp-post-image\" alt=\"\" srcset=\"https:\/\/www.autoline.no\/wp-content\/uploads\/2016\/12\/The-factory.jpg 804w, https:\/\/www.autoline.no\/wp-content\/uploads\/2016\/12\/The-factory-450x300.jpg 450w, https:\/\/www.autoline.no\/wp-content\/uploads\/2016\/12\/The-factory-300x200.jpg 300w, https:\/\/www.autoline.no\/wp-content\/uploads\/2016\/12\/The-factory-768x512.jpg 768w, https:\/\/www.autoline.no\/wp-content\/uploads\/2016\/12\/The-factory-705x470.jpg 705w\" sizes=\"auto, (max-width: 804px) 100vw, 804px\" \/><\/a><div class='slide-content'><header class=\"entry-content-header\"><h3 class='slide-entry-title entry-title'  itemprop=\"headline\" ><a href='https:\/\/www.autoline.no\/?page_id=935' title='Fabrikken'>Fabrikken<\/a><\/h3><span class=\"av-vertical-delimiter\"><\/span><\/header><div class='slide-entry-excerpt entry-content'  itemprop=\"text\" >Bilder fra v\u00e5r fabrikk i Bangkok\t<\/div><\/div><footer class=\"entry-footer\"><\/footer><span class='hidden'>\n\t\t\t\t<span class='av-structured-data'  itemprop=\"image\" itemscope=\"itemscope\" itemtype=\"https:\/\/schema.org\/ImageObject\" >\n\t\t\t\t\t\t<span itemprop='url'>https:\/\/www.autoline.no\/wp-content\/uploads\/2016\/12\/The-factory.jpg<\/span>\n\t\t\t\t\t\t<span itemprop='height'>536<\/span>\n\t\t\t\t\t\t<span itemprop='width'>804<\/span>\n\t\t\t\t<\/span>\n\t\t\t\t<span class='av-structured-data'  itemprop=\"publisher\" itemtype=\"https:\/\/schema.org\/Organization\" itemscope=\"itemscope\" >\n\t\t\t\t\t\t<span itemprop='name'>netpower<\/span>\n\t\t\t\t\t\t<span itemprop='logo' itemscope itemtype='https:\/\/schema.org\/ImageObject'>\n\t\t\t\t\t\t\t<span itemprop='url'>http:\/\/www.autoline.no\/wp-content\/uploads\/2016\/12\/logo.png<\/span>\n\t\t\t\t\t\t<\/span>\n\t\t\t\t<\/span><span class='av-structured-data'  itemprop=\"author\" itemscope=\"itemscope\" itemtype=\"https:\/\/schema.org\/Person\" ><span itemprop='name'>netpower<\/span><\/span><span class='av-structured-data'  itemprop=\"datePublished\" datetime=\"2016-12-07T00:25:02+01:00\" >2016-12-07 07:52:16<\/span><span class='av-structured-data'  itemprop=\"dateModified\" itemtype=\"https:\/\/schema.org\/dateModified\" >2021-10-04 13:47:39<\/span><span class='av-structured-data'  itemprop=\"mainEntityOfPage\" itemtype=\"https:\/\/schema.org\/mainEntityOfPage\" ><span itemprop='name'>Fabrikken<\/span><\/span><\/span><\/article><article class='slide-entry flex_column  post-entry post-entry-936 slide-entry-overview slide-loop-6 slide-parity-even  av_one_half  real-thumbnail'  itemscope=\"itemscope\" itemtype=\"https:\/\/schema.org\/CreativeWork\" ><a href='https:\/\/www.autoline.no\/?page_id=936' data-rel='slide-1' class='slide-image' title=''><img decoding=\"async\" loading=\"lazy\" width=\"804\" height=\"536\" src=\"https:\/\/www.autoline.no\/wp-content\/uploads\/2016\/12\/S-90-Fat-Boy.jpg\" class=\"wp-image-84 avia-img-lazy-loading-84 attachment-no scaling size-no scaling wp-post-image\" alt=\"\" srcset=\"https:\/\/www.autoline.no\/wp-content\/uploads\/2016\/12\/S-90-Fat-Boy.jpg 804w, https:\/\/www.autoline.no\/wp-content\/uploads\/2016\/12\/S-90-Fat-Boy-450x300.jpg 450w, https:\/\/www.autoline.no\/wp-content\/uploads\/2016\/12\/S-90-Fat-Boy-300x200.jpg 300w, https:\/\/www.autoline.no\/wp-content\/uploads\/2016\/12\/S-90-Fat-Boy-768x512.jpg 768w, https:\/\/www.autoline.no\/wp-content\/uploads\/2016\/12\/S-90-Fat-Boy-705x470.jpg 705w\" sizes=\"auto, (max-width: 804px) 100vw, 804px\" \/><\/a><div class='slide-content'><header class=\"entry-content-header\"><h3 class='slide-entry-title entry-title'  itemprop=\"headline\" ><a href='https:\/\/www.autoline.no\/?page_id=936' title='Annet'>Annet<\/a><\/h3><span class=\"av-vertical-delimiter\"><\/span><\/header><div class='slide-entry-excerpt entry-content'  itemprop=\"text\" >Her har vi samlet bilder fra historien om utviklingen av Autoline sandstr\u00f8er og annet som kan v\u00e6re morsomt \u00e5 se<\/div><\/div><footer class=\"entry-footer\"><\/footer><span class='hidden'>\n\t\t\t\t<span class='av-structured-data'  itemprop=\"image\" itemscope=\"itemscope\" itemtype=\"https:\/\/schema.org\/ImageObject\" >\n\t\t\t\t\t\t<span itemprop='url'>https:\/\/www.autoline.no\/wp-content\/uploads\/2016\/12\/S-90-Fat-Boy.jpg<\/span>\n\t\t\t\t\t\t<span itemprop='height'>536<\/span>\n\t\t\t\t\t\t<span itemprop='width'>804<\/span>\n\t\t\t\t<\/span>\n\t\t\t\t<span class='av-structured-data'  itemprop=\"publisher\" itemtype=\"https:\/\/schema.org\/Organization\" itemscope=\"itemscope\" >\n\t\t\t\t\t\t<span itemprop='name'>netpower<\/span>\n\t\t\t\t\t\t<span itemprop='logo' itemscope itemtype='https:\/\/schema.org\/ImageObject'>\n\t\t\t\t\t\t\t<span itemprop='url'>http:\/\/www.autoline.no\/wp-content\/uploads\/2016\/12\/logo.png<\/span>\n\t\t\t\t\t\t<\/span>\n\t\t\t\t<\/span><span class='av-structured-data'  itemprop=\"author\" itemscope=\"itemscope\" itemtype=\"https:\/\/schema.org\/Person\" ><span itemprop='name'>netpower<\/span><\/span><span class='av-structured-data'  itemprop=\"datePublished\" datetime=\"2016-12-07T00:25:02+01:00\" >2016-12-07 07:56:59<\/span><span class='av-structured-data'  itemprop=\"dateModified\" itemtype=\"https:\/\/schema.org\/dateModified\" >2019-01-17 10:53:22<\/span><span class='av-structured-data'  itemprop=\"mainEntityOfPage\" itemtype=\"https:\/\/schema.org\/mainEntityOfPage\" ><span itemprop='name'>Annet<\/span><\/span><\/span><\/article><\/div><div class='slide-entry-wrap'><article class='slide-entry flex_column  post-entry post-entry-937 slide-entry-overview slide-loop-7 slide-parity-odd  post-entry-last  av_one_half first real-thumbnail'  itemscope=\"itemscope\" itemtype=\"https:\/\/schema.org\/CreativeWork\" ><a href='https:\/\/www.autoline.no\/?page_id=937' data-rel='slide-1' class='slide-image' title=''><img decoding=\"async\" loading=\"lazy\" width=\"1073\" height=\"812\" src=\"https:\/\/www.autoline.no\/wp-content\/uploads\/2020\/06\/Camaro.jpg\" class=\"wp-image-3115 avia-img-lazy-loading-3115 attachment-no scaling size-no scaling wp-post-image\" alt=\"\" srcset=\"https:\/\/www.autoline.no\/wp-content\/uploads\/2020\/06\/Camaro.jpg 1073w, https:\/\/www.autoline.no\/wp-content\/uploads\/2020\/06\/Camaro-300x227.jpg 300w, https:\/\/www.autoline.no\/wp-content\/uploads\/2020\/06\/Camaro-768x581.jpg 768w, https:\/\/www.autoline.no\/wp-content\/uploads\/2020\/06\/Camaro-1030x779.jpg 1030w, https:\/\/www.autoline.no\/wp-content\/uploads\/2020\/06\/Camaro-705x534.jpg 705w, https:\/\/www.autoline.no\/wp-content\/uploads\/2020\/06\/Camaro-450x341.jpg 450w\" sizes=\"auto, (max-width: 1073px) 100vw, 1073px\" \/><\/a><div class='slide-content'><header class=\"entry-content-header\"><h3 class='slide-entry-title entry-title'  itemprop=\"headline\" ><a href='https:\/\/www.autoline.no\/?page_id=937' title='Autoline racingteam'>Autoline racingteam<\/a><\/h3><span class=\"av-vertical-delimiter\"><\/span><\/header><div class='slide-entry-excerpt entry-content'  itemprop=\"text\" >Autoline har sitt eget racingteam med hovedvekt p\u00e5 drag-race. Teamet har to junior-dragsterbiler, fire drag-racebiler, en dragster i oppbygging og en bilcrossbil. Teamet best\u00e5r av et 20-talls personer i alle aldre som elsker motorsport.<\/div><\/div><footer class=\"entry-footer\"><\/footer><span class='hidden'>\n\t\t\t\t<span class='av-structured-data'  itemprop=\"image\" itemscope=\"itemscope\" itemtype=\"https:\/\/schema.org\/ImageObject\" >\n\t\t\t\t\t\t<span itemprop='url'>https:\/\/www.autoline.no\/wp-content\/uploads\/2020\/06\/Camaro.jpg<\/span>\n\t\t\t\t\t\t<span itemprop='height'>812<\/span>\n\t\t\t\t\t\t<span itemprop='width'>1073<\/span>\n\t\t\t\t<\/span>\n\t\t\t\t<span class='av-structured-data'  itemprop=\"publisher\" itemtype=\"https:\/\/schema.org\/Organization\" itemscope=\"itemscope\" >\n\t\t\t\t\t\t<span itemprop='name'>netpower<\/span>\n\t\t\t\t\t\t<span itemprop='logo' itemscope itemtype='https:\/\/schema.org\/ImageObject'>\n\t\t\t\t\t\t\t<span itemprop='url'>http:\/\/www.autoline.no\/wp-content\/uploads\/2016\/12\/logo.png<\/span>\n\t\t\t\t\t\t<\/span>\n\t\t\t\t<\/span><span class='av-structured-data'  itemprop=\"author\" itemscope=\"itemscope\" itemtype=\"https:\/\/schema.org\/Person\" ><span itemprop='name'>netpower<\/span><\/span><span class='av-structured-data'  itemprop=\"datePublished\" datetime=\"2016-12-07T00:25:02+01:00\" >2016-12-07 00:25:02<\/span><span class='av-structured-data'  itemprop=\"dateModified\" itemtype=\"https:\/\/schema.org\/dateModified\" >2021-10-04 12:57:05<\/span><span class='av-structured-data'  itemprop=\"mainEntityOfPage\" itemtype=\"https:\/\/schema.org\/mainEntityOfPage\" ><span itemprop='name'>Autoline racingteam<\/span><\/span><\/span><\/article><\/div><\/div><\/div>\n","protected":false},"excerpt":{"rendered":"","protected":false},"author":1,"featured_media":0,"parent":0,"menu_order":0,"comment_status":"closed","ping_status":"closed","template":"","meta":{"_acf_changed":false,"footnotes":"","_links_to":"","_links_to_target":""},"class_list":["post-978","page","type-page","status-publish","hentry"],"acf":[],"_links":{"self":[{"href":"https:\/\/www.autoline.no\/index.php?rest_route=\/wp\/v2\/pages\/978","targetHints":{"allow":["GET"]}}],"collection":[{"href":"https:\/\/www.autoline.no\/index.php?rest_route=\/wp\/v2\/pages"}],"about":[{"href":"https:\/\/www.autoline.no\/index.php?rest_route=\/wp\/v2\/types\/page"}],"author":[{"embeddable":true,"href":"https:\/\/www.autoline.no\/index.php?rest_route=\/wp\/v2\/users\/1"}],"replies":[{"embeddable":true,"href":"https:\/\/www.autoline.no\/index.php?rest_route=%2Fwp%2Fv2%2Fcomments&post=978"}],"version-history":[{"count":6,"href":"https:\/\/www.autoline.no\/index.php?rest_route=\/wp\/v2\/pages\/978\/revisions"}],"predecessor-version":[{"id":4705,"href":"https:\/\/www.autoline.no\/index.php?rest_route=\/wp\/v2\/pages\/978\/revisions\/4705"}],"wp:attachment":[{"href":"https:\/\/www.autoline.no\/index.php?rest_route=%2Fwp%2Fv2%2Fmedia&parent=978"}],"curies":[{"name":"wp","href":"https:\/\/api.w.org\/{rel}","templated":true}]}}