{"id":967,"date":"2016-12-07T11:36:09","date_gmt":"2016-12-07T11:36:09","guid":{"rendered":"http:\/\/www.autoline.no\/about-us\/about-the-product\/?lang=nb"},"modified":"2019-01-17T10:54:25","modified_gmt":"2019-01-17T10:54:25","slug":"om-produktet","status":"publish","type":"page","link":"https:\/\/www.autoline.no\/?page_id=967","title":{"rendered":"Om produktet"},"content":{"rendered":"\n<style type=\"text\/css\" data-created_by=\"avia_inline_auto\" id=\"style-css-av-av_image-67aaaa3056d0a18737e67a8e3f5e29c4\">\n.avia-image-container.av-av_image-67aaaa3056d0a18737e67a8e3f5e29c4 img.avia_image{\nbox-shadow:none;\n}\n.avia-image-container.av-av_image-67aaaa3056d0a18737e67a8e3f5e29c4 .av-image-caption-overlay-center{\ncolor:#ffffff;\n}\n<\/style>\n<div  class='avia-image-container av-av_image-67aaaa3056d0a18737e67a8e3f5e29c4 av-styling- avia-align-center  avia-builder-el-0  el_before_av_heading  avia-builder-el-first '   itemprop=\"image\" itemscope=\"itemscope\" itemtype=\"https:\/\/schema.org\/ImageObject\" ><div class=\"avia-image-container-inner\"><div class=\"avia-image-overlay-wrap\"><img decoding=\"async\" fetchpriority=\"high\" class='wp-image-562 avia-img-lazy-loading-not-562 avia_image ' src=\"https:\/\/www.autoline.no\/wp-content\/uploads\/2016\/12\/Better-safety.jpg\" alt='' title='better-safety'  height=\"536\" width=\"804\"  itemprop=\"thumbnailUrl\" srcset=\"https:\/\/www.autoline.no\/wp-content\/uploads\/2016\/12\/Better-safety.jpg 804w, https:\/\/www.autoline.no\/wp-content\/uploads\/2016\/12\/Better-safety-450x300.jpg 450w, https:\/\/www.autoline.no\/wp-content\/uploads\/2016\/12\/Better-safety-300x200.jpg 300w, https:\/\/www.autoline.no\/wp-content\/uploads\/2016\/12\/Better-safety-768x512.jpg 768w, https:\/\/www.autoline.no\/wp-content\/uploads\/2016\/12\/Better-safety-705x470.jpg 705w\" sizes=\"(max-width: 804px) 100vw, 804px\" \/><\/div><\/div><\/div>\n\n<style type=\"text\/css\" data-created_by=\"avia_inline_auto\" id=\"style-css-av-jpnsr7xn-60a002f1f24564d3b0055bc43d249055\">\n#top .av-special-heading.av-jpnsr7xn-60a002f1f24564d3b0055bc43d249055{\npadding-bottom:10px;\n}\nbody .av-special-heading.av-jpnsr7xn-60a002f1f24564d3b0055bc43d249055 .av-special-heading-tag .heading-char{\nfont-size:25px;\n}\n.av-special-heading.av-jpnsr7xn-60a002f1f24564d3b0055bc43d249055 .av-subheading{\nfont-size:15px;\n}\n<\/style>\n<div  class='av-special-heading av-jpnsr7xn-60a002f1f24564d3b0055bc43d249055 av-special-heading-h1 blockquote modern-quote  avia-builder-el-1  el_after_av_image  el_before_av_textblock '><h1 class='av-special-heading-tag '  itemprop=\"headline\"  >\u00d8kt sikkerhet og tryggere veier<\/h1><div class=\"special-heading-border\"><div class=\"special-heading-inner-border\"><\/div><\/div><\/div>\n<section  class='av_textblock_section av-av_textblock-35972167d9f102c5ddaec0c531c98b9e '   itemscope=\"itemscope\" itemtype=\"https:\/\/schema.org\/CreativeWork\" ><div class='avia_textblock'  itemprop=\"text\" ><div class=\"attribute-intro\">\n<div class=\"attribute-intro\">\n<p>Bruk av sandst\u00f8er har gjentatte ganger beviselig \u00f8kt sikkerheten b\u00e5de i opp- og nedoverbakke.<\/p>\n<\/div>\n<div class=\"attribute-body\">\n<p>Med Autoline sandstr\u00f8er montert p\u00e5 bilen er det mulig \u00e5 kj\u00f8re sikrere og mer effektivt p\u00e5 glatt f\u00f8re. Autoline sandstr\u00f8er kan v\u00e6re det som skal til for \u00e5 redde sj\u00e5f\u00f8r, bil og last i en kritisk situasjon. Produktet er utviklet i n\u00e6rt samarbeid med transportbransjen og er i dag montert p\u00e5 flere tusen lastebiler og busser.<\/p>\n<p>Tanken p\u00e5 \u00e5 f\u00e5 stopp midt i en bratt bakke, med fare for bakoverglidning, trenger ikke \u00e5 v\u00e6re et mareritt lenger. Vi vet at mange alvorlige ulykker kunne v\u00e6rt unng\u00e5tt ved bruk av Autoline sandstr\u00f8er. &laquo;Tenk forebyggende sikkerhet.&raquo;<\/p>\n<p>Autoline sandstr\u00f8er har oppn\u00e5dd omd\u00f8mme som det beste produktet som kan velges for \u00e5 \u00f8ke sikkerheten ved kj\u00f8ring p\u00e5 glatte veier.<\/p>\n<p>Autoline sandstr\u00f8er monteres foran drivhjulene p\u00e5 lastebiler og busser. Sj\u00e5f\u00f8ren betjener sandstr\u00f8eren fra dash-bordet og kan selv str\u00f8 den glatte vegbanen til seg selv og andre trafikkanter.<\/p>\n<p>Sandstr\u00f8erne leveres i forskjellige st\u00f8rrelser. Se <a href=\"http:\/\/nor.autoline.no\/Produkter\/Tekniske-data\" target=\"_self\" rel=\"noopener\">teknisk data<\/a> eller kontakt din n\u00e6rmeste <a href=\"http:\/\/nor.autoline.no\/Forhandlere\" target=\"_self\" rel=\"noopener\">forhandler.<\/a><\/p>\n<p><a id=\"eztoc785_0_1\" name=\"eztoc785_0_1\"><\/a><\/p>\n<h3>Norsk sikkerhetsprodukt<\/h3>\n<p>Autoline sandstr\u00f8er er et milj\u00f8vennlig norsk sikkerhetsprodukt, utviklet og testet i n\u00e6rt samarbeid med lastebilbransjen gjennom de 18 siste \u00e5rene.<\/p>\n<p><a id=\"eztoc785_0_2\" name=\"eztoc785_0_2\"><\/a><\/p>\n<h3>Gir \u00f8kt sikkerhet<\/h3>\n<p>Bruk av sandstr\u00f8er har gjentatte ganger beviselig gitt \u00f8kt sikkerhet b\u00e5de i opp- og nedoverbakke. Flere transportbedrifter bruker Autoline sandstr\u00f8er som en viktig del av sine sikkerhetskrav.<\/p>\n<p><a id=\"eztoc785_0_3\" name=\"eztoc785_0_3\"><\/a><\/p>\n<h3>\u00d8konomi og milj\u00f8<\/h3>\n<p>Det kan dokumenteres at bruk av Autoline sandstr\u00f8er reduserer behovet for kjettinger og dermed redusert slitasje p\u00e5 veg og dekk. Sandstr\u00f8eren gir en tryggere og mindre stresset hverdag for sj\u00e5f\u00f8ren og bileieren.<\/p>\n<\/div>\n<\/div>\n<div class=\"attribute-body\"><\/div>\n<\/div><\/section>\n","protected":false},"excerpt":{"rendered":"<p>Bruk av sandst\u00f8er har gjentatte ganger beviselig \u00f8kt sikkerheten b\u00e5de i opp- og nedoverbakke.<\/p>\n","protected":false},"author":1,"featured_media":562,"parent":960,"menu_order":10,"comment_status":"closed","ping_status":"closed","template":"","meta":{"_acf_changed":false,"footnotes":"","_links_to":"","_links_to_target":""},"class_list":["post-967","page","type-page","status-publish","has-post-thumbnail","hentry"],"acf":[],"_links":{"self":[{"href":"https:\/\/www.autoline.no\/index.php?rest_route=\/wp\/v2\/pages\/967","targetHints":{"allow":["GET"]}}],"collection":[{"href":"https:\/\/www.autoline.no\/index.php?rest_route=\/wp\/v2\/pages"}],"about":[{"href":"https:\/\/www.autoline.no\/index.php?rest_route=\/wp\/v2\/types\/page"}],"author":[{"embeddable":true,"href":"https:\/\/www.autoline.no\/index.php?rest_route=\/wp\/v2\/users\/1"}],"replies":[{"embeddable":true,"href":"https:\/\/www.autoline.no\/index.php?rest_route=%2Fwp%2Fv2%2Fcomments&post=967"}],"version-history":[{"count":5,"href":"https:\/\/www.autoline.no\/index.php?rest_route=\/wp\/v2\/pages\/967\/revisions"}],"predecessor-version":[{"id":1739,"href":"https:\/\/www.autoline.no\/index.php?rest_route=\/wp\/v2\/pages\/967\/revisions\/1739"}],"up":[{"embeddable":true,"href":"https:\/\/www.autoline.no\/index.php?rest_route=\/wp\/v2\/pages\/960"}],"wp:featuredmedia":[{"embeddable":true,"href":"https:\/\/www.autoline.no\/index.php?rest_route=\/wp\/v2\/media\/562"}],"wp:attachment":[{"href":"https:\/\/www.autoline.no\/index.php?rest_route=%2Fwp%2Fv2%2Fmedia&parent=967"}],"curies":[{"name":"wp","href":"https:\/\/api.w.org\/{rel}","templated":true}]}}