{"id":2504,"date":"2020-01-31T13:04:48","date_gmt":"2020-01-31T13:04:48","guid":{"rendered":"https:\/\/www.autoline.no\/?page_id=2504"},"modified":"2020-01-31T13:04:48","modified_gmt":"2020-01-31T13:04:48","slug":"t-40-complete-mounting-kit","status":"publish","type":"page","link":"https:\/\/www.autoline.no\/?page_id=2504","title":{"rendered":"T 40 Complete mounting KIT"},"content":{"rendered":"<div  class='avia-product-slider-container av-k626j57w-cf5598353cd2a5ad071fe3c5deb142c4 av_fullwidth flex_column av-catalogue-column  avia-builder-el-0  avia-builder-el-no-sibling  av-slideshow-ui av-slider-hover-pause av-slideshow-manual av-loop-once av-loop-manual-endless first avia-product-slider1'><div class=\"av-catalogue-container av-catalogue-container-woo\"><ul class=\"av-catalogue-list\"><li><a  href=\"https:\/\/www.autoline.no\/?product=4020000-t-40-kit\" data-product_id=\"3358\" data-product_sku=\"4020000\" class=\"av-catalogue-item  product_type_simple product-nr-1\"><img decoding=\"async\" loading=\"lazy\" width=\"180\" height=\"180\" src=\"https:\/\/www.autoline.no\/wp-content\/uploads\/2016\/12\/T-40-Sand-spreader-450x450-1-180x180.jpg\" class=\"wp-image-2288 avia-img-lazy-loading-2288 av-catalogue-image av-cart-update-image av-catalogue-image-yes wp-post-image\" alt=\"\" srcset=\"https:\/\/www.autoline.no\/wp-content\/uploads\/2016\/12\/T-40-Sand-spreader-450x450-1-180x180.jpg 180w, https:\/\/www.autoline.no\/wp-content\/uploads\/2016\/12\/T-40-Sand-spreader-450x450-1-80x80.jpg 80w, https:\/\/www.autoline.no\/wp-content\/uploads\/2016\/12\/T-40-Sand-spreader-450x450-1-300x300.jpg 300w, https:\/\/www.autoline.no\/wp-content\/uploads\/2016\/12\/T-40-Sand-spreader-450x450-1-36x36.jpg 36w, https:\/\/www.autoline.no\/wp-content\/uploads\/2016\/12\/T-40-Sand-spreader-450x450-1-100x100.jpg 100w, https:\/\/www.autoline.no\/wp-content\/uploads\/2016\/12\/T-40-Sand-spreader-450x450-1.jpg 450w\" sizes=\"auto, (max-width: 180px) 100vw, 180px\" \/><div class=\"av-catalogue-item-inner\"><div class=\"av-catalogue-title-container\"><div class='av-catalogue-title av-cart-update-title'>4020000 T 40 KIT<\/div><div class='av-catalogue-price av-cart-update-price'><span class=\"woocommerce-Price-amount amount\"><bdi><span class=\"woocommerce-Price-currencySymbol\">&#107;&#114;<\/span>39.000,00<\/bdi><\/span><\/div><\/div><div class='av-catalogue-content'>Produkt nr: 4020000\r\nDette er et komplett KIT for montering p\u00e5 alle typer trucker som har plass p\u00e5 skjerm, dette kan ogs\u00e5 benyttes for montering p\u00e5 spesialkj\u00f8ret\u00f8yer som eks. brannbiler og redningsbiler. Kittet inneholder v\u00e5r T 40 modell med kapasitet p\u00e5 40 liter.<\/div><\/div><\/a><\/li><\/ul><\/div><\/div>\n","protected":false},"excerpt":{"rendered":"","protected":false},"author":4,"featured_media":0,"parent":2486,"menu_order":5,"comment_status":"closed","ping_status":"closed","template":"","meta":{"_acf_changed":false,"footnotes":"","_links_to":"","_links_to_target":""},"class_list":["post-2504","page","type-page","status-publish","hentry"],"acf":[],"_links":{"self":[{"href":"https:\/\/www.autoline.no\/index.php?rest_route=\/wp\/v2\/pages\/2504","targetHints":{"allow":["GET"]}}],"collection":[{"href":"https:\/\/www.autoline.no\/index.php?rest_route=\/wp\/v2\/pages"}],"about":[{"href":"https:\/\/www.autoline.no\/index.php?rest_route=\/wp\/v2\/types\/page"}],"author":[{"embeddable":true,"href":"https:\/\/www.autoline.no\/index.php?rest_route=\/wp\/v2\/users\/4"}],"replies":[{"embeddable":true,"href":"https:\/\/www.autoline.no\/index.php?rest_route=%2Fwp%2Fv2%2Fcomments&post=2504"}],"version-history":[{"count":2,"href":"https:\/\/www.autoline.no\/index.php?rest_route=\/wp\/v2\/pages\/2504\/revisions"}],"predecessor-version":[{"id":2506,"href":"https:\/\/www.autoline.no\/index.php?rest_route=\/wp\/v2\/pages\/2504\/revisions\/2506"}],"up":[{"embeddable":true,"href":"https:\/\/www.autoline.no\/index.php?rest_route=\/wp\/v2\/pages\/2486"}],"wp:attachment":[{"href":"https:\/\/www.autoline.no\/index.php?rest_route=%2Fwp%2Fv2%2Fmedia&parent=2504"}],"curies":[{"name":"wp","href":"https:\/\/api.w.org\/{rel}","templated":true}]}}