{"id":3781,"date":"2021-09-27T11:32:43","date_gmt":"2021-09-27T10:32:43","guid":{"rendered":"https:\/\/www.autoline.no\/?post_type=product&#038;p=3781"},"modified":"2022-01-07T13:03:45","modified_gmt":"2022-01-07T12:03:45","slug":"6020619-y60-factory-mercedes-kit","status":"publish","type":"product","link":"https:\/\/www.autoline.no\/en\/product\/6020619-y60-factory-mercedes-kit\/","title":{"rendered":"6020619 Y60 Factory Mercedes KIT"},"content":{"rendered":"\n<style type=\"text\/css\" data-created_by=\"avia_inline_auto\" id=\"style-css-av-1euipf-06e201b701d38bf48df44e680de3364a\">\n.avia-image-container.av-1euipf-06e201b701d38bf48df44e680de3364a img.avia_image{\nbox-shadow:none;\n}\n.avia-image-container.av-1euipf-06e201b701d38bf48df44e680de3364a .av-image-caption-overlay-center{\ncolor:#ffffff;\n}\n<\/style>\n<div  class='avia-image-container av-1euipf-06e201b701d38bf48df44e680de3364a av-styling- avia-align-center  avia-builder-el-0  el_before_av_heading  avia-builder-el-first '   itemprop=\"image\" itemscope=\"itemscope\" itemtype=\"https:\/\/schema.org\/ImageObject\" ><div class=\"avia-image-container-inner\"><div class=\"avia-image-overlay-wrap\"><img decoding=\"async\" fetchpriority=\"high\" class='wp-image-2285 avia-img-lazy-loading-not-2285 avia_image ' src=\"https:\/\/www.autoline.no\/wp-content\/uploads\/2016\/12\/Y-60-sand-spreader-450x450-1.jpg\" alt='' title='Y-60-sand-spreader-450x450'  height=\"450\" width=\"450\"  itemprop=\"thumbnailUrl\" srcset=\"https:\/\/www.autoline.no\/wp-content\/uploads\/2016\/12\/Y-60-sand-spreader-450x450-1.jpg 450w, https:\/\/www.autoline.no\/wp-content\/uploads\/2016\/12\/Y-60-sand-spreader-450x450-1-80x80.jpg 80w, https:\/\/www.autoline.no\/wp-content\/uploads\/2016\/12\/Y-60-sand-spreader-450x450-1-300x300.jpg 300w, https:\/\/www.autoline.no\/wp-content\/uploads\/2016\/12\/Y-60-sand-spreader-450x450-1-36x36.jpg 36w, https:\/\/www.autoline.no\/wp-content\/uploads\/2016\/12\/Y-60-sand-spreader-450x450-1-180x180.jpg 180w, https:\/\/www.autoline.no\/wp-content\/uploads\/2016\/12\/Y-60-sand-spreader-450x450-1-100x100.jpg 100w\" sizes=\"(max-width: 450px) 100vw, 450px\" \/><\/div><\/div><\/div>\n\n<style type=\"text\/css\" data-created_by=\"avia_inline_auto\" id=\"style-css-av-ku2itac9-de00891392525079014f0082100349a1\">\n#top .av-special-heading.av-ku2itac9-de00891392525079014f0082100349a1{\npadding-bottom:10px;\n}\nbody .av-special-heading.av-ku2itac9-de00891392525079014f0082100349a1 .av-special-heading-tag .heading-char{\nfont-size:25px;\n}\n.av-special-heading.av-ku2itac9-de00891392525079014f0082100349a1 .av-subheading{\nfont-size:15px;\n}\n<\/style>\n<div  class='av-special-heading av-ku2itac9-de00891392525079014f0082100349a1 av-special-heading-h2 blockquote modern-quote  avia-builder-el-1  el_after_av_image  el_before_av_hr '><h2 class='av-special-heading-tag '  itemprop=\"headline\"  >Y 60 Factory Mercedes KIT<\/h2><div class=\"special-heading-border\"><div class=\"special-heading-inner-border\"><\/div><\/div><\/div>\n\n<style type=\"text\/css\" data-created_by=\"avia_inline_auto\" id=\"style-css-av-3uo2j-24a8da72435786729682cb02d8482223\">\n#top .hr.av-3uo2j-24a8da72435786729682cb02d8482223{\nmargin-top:0;\nmargin-bottom:0;\n}\n.hr.av-3uo2j-24a8da72435786729682cb02d8482223 .hr-inner{\nwidth:26px;\nborder-color:#ffb716;\n}\n<\/style>\n<div  class='hr av-3uo2j-24a8da72435786729682cb02d8482223 hr-custom  avia-builder-el-2  el_after_av_heading  el_before_av_two_third  hr-left hr-icon-no'><span class='hr-inner inner-border-av-border-fat'><span class=\"hr-inner-style\"><\/span><\/span><\/div>\n\n<style type=\"text\/css\" data-created_by=\"avia_inline_auto\" id=\"style-css-av-y2i3v-1695ad6af2c03349f25ff9414755ada6\">\n.flex_column.av-y2i3v-1695ad6af2c03349f25ff9414755ada6{\nborder-radius:0px 0px 0px 0px;\npadding:0px 0px 0px 0px;\n}\n<\/style>\n<div  class='flex_column av-y2i3v-1695ad6af2c03349f25ff9414755ada6 av_two_third  avia-builder-el-3  el_after_av_hr  el_before_av_one_third  first flex_column_div av-zero-column-padding  '     ><section  class='av_textblock_section av-2ieez-58fcefbe737dde9bcdcc438fdda1d29a '   itemscope=\"itemscope\" itemtype=\"https:\/\/schema.org\/CreativeWork\" ><div class='avia_textblock'  itemprop=\"text\" ><p><strong>Produkt nr: 6020619<\/strong><br \/>\nDette er et komplett sandstr\u00f8ersett for montering p\u00e5 Mercedes Actros 2012, og nyere. Settet inneholder v\u00e5r Y 60 modell for pusher akslede biler og har kapasitet p\u00e5 60 liter. F\u00f8reren kan enkelt og effektivt styre sandstr\u00f8eren fra kj\u00f8ret\u00f8yets instrumentpanel, og kan uavhengig legge ut en passende mengde sand p\u00e5 hver side av bilen. Inkludert i kittet er fire braketter, sandstr\u00f8ere for h\u00f8yre og venstre side, en controllbox med sikringer og rel\u00e8 for drift av motor og varme. Sandstr\u00f8erene drives av en elektrisk motor og sanden varmes opp av et varmeelement. anbefalt sand for bruk: 4-8 mm. Sandsprederen er montert foran drivhjulene p\u00e5 lastebiler. Vekt for pr. sandstr\u00f8er uten sand er 40 kg.<\/p>\n<p><strong>Innhold:<\/strong><br \/>\n<a href=\"https:\/\/www.autoline.no\/product\/y-60-sandstroer\/\">1 x Y 60 for montering p\u00e5 h\u00f8yre side<\/a><br \/>\n<a href=\"https:\/\/www.autoline.no\/product\/6000002-y60-sandbox\/\">1 x Y 60 for montering p\u00e5 venstre side<\/a><br \/>\n<a href=\"https:\/\/www.autoline.no\/product\/bracket-mercedes-left-right-side\/\">2 x Braketter for Mercedes<\/a><br \/>\n<a href=\"https:\/\/www.autoline.no\/product\/standard-bracket\/\">2x Autoline Universal Bracket <\/a><br \/>\n<a href=\"https:\/\/www.autoline.no\/product\/controlbox-2224\/\">1 x Kontrollpanel \/ kontrollboks ESS2224 6 m kabel<\/a><br \/>\n<a href=\"https:\/\/www.autoline.no\/product\/volvo-fh-fm-og-fmx-double-switch\/\">1 x Bryter\/kabel Volvo FH vers 4, FM, FMX delt p\u00e5 2 knapper<\/a><\/p>\n<p><strong>Tekniske data:<\/strong><br \/>\nKasse: Rustfritt st\u00e5l 2 mm<br \/>\nTopp\/luke: Rustfritt st\u00e5l 2 mm<br \/>\nFestebrakett: Galvanisert st\u00e5l 8 mm<br \/>\nMotor: 24 volt\/60 watt pr. kasse<br \/>\nVarme: 24 volt\/140 watt pr. kasse<br \/>\nVekt, kasse: 40 kg (eksl. sand og feste)<br \/>\nSandtype: 4-8 mm knust grus\/sand<br \/>\nStr\u00f8tid: 2-3 min<br \/>\nStr\u00f8lengde: 700-1000 m<\/p>\n<\/div><\/section><\/div>\n<style type=\"text\/css\" data-created_by=\"avia_inline_auto\" id=\"style-css-av-l4o1n-f3790b3494cd33559aa3feb8a630d452\">\n.flex_column.av-l4o1n-f3790b3494cd33559aa3feb8a630d452{\nborder-radius:0px 0px 0px 0px;\npadding:0px 0px 0px 0px;\n}\n<\/style>\n<div  class='flex_column av-l4o1n-f3790b3494cd33559aa3feb8a630d452 av_one_third  avia-builder-el-5  el_after_av_two_third  el_before_av_gallery  flex_column_div av-zero-column-padding  '     ><section  class='av_textblock_section av-hfps3-16c6fa723a857670698a971104887243 '   itemscope=\"itemscope\" itemtype=\"https:\/\/schema.org\/CreativeWork\" ><div class='avia_textblock'  itemprop=\"text\" ><p><b>M\u00e5l Y 60:<\/b><\/p>\n<p><img loading=\"lazy\" decoding=\"async\" class=\"alignnone size-full wp-image-724\" src=\"http:\/\/www.autoline.no\/wp-content\/uploads\/2016\/12\/Y60-Teknisk.jpg\" alt=\"y60-teknisk\" width=\"620\" height=\"717\" srcset=\"https:\/\/www.autoline.no\/wp-content\/uploads\/2016\/12\/Y60-Teknisk.jpg 620w, https:\/\/www.autoline.no\/wp-content\/uploads\/2016\/12\/Y60-Teknisk-450x520.jpg 450w, https:\/\/www.autoline.no\/wp-content\/uploads\/2016\/12\/Y60-Teknisk-259x300.jpg 259w, https:\/\/www.autoline.no\/wp-content\/uploads\/2016\/12\/Y60-Teknisk-610x705.jpg 610w\" sizes=\"auto, (max-width: 620px) 100vw, 620px\" \/><\/p>\n<p>A: 670mm<br \/>\nB: 310mm<br \/>\nC: 290mm<br \/>\nG: 160mm<br \/>\nK: 620mm total h\u00f8yde<br \/>\nH: 550mm<br \/>\nM: 120mm<\/p>\n<p><a href=\"https:\/\/www.autoline.no\/produkter\/deler\/\">Deler<\/a><br \/>\n<a href=\"http:\/\/www.autoline.no\/wp-content\/uploads\/2016\/12\/CADDrawing-Y60.zip\">CAD-Tegning<\/a><\/p>\n<\/div><\/section><\/div><\/p>\n\n<style type=\"text\/css\" data-created_by=\"avia_inline_auto\" id=\"style-css-av-bj0df-e79516eb2129266a691ea85a62f197ea\">\n#top .avia-gallery.av-bj0df-e79516eb2129266a691ea85a62f197ea .avia-gallery-thumb a{\nwidth:50%;\n}\n<\/style>\n<div  class='avia-gallery av-bj0df-e79516eb2129266a691ea85a62f197ea avia_animate_when_visible  avia-builder-el-7  el_after_av_one_third  avia-builder-el-last  avia_lazyload avia-gallery-animate avia-gallery-1'  itemprop=\"image\" itemscope=\"itemscope\" itemtype=\"https:\/\/schema.org\/ImageObject\" ><meta itemprop=\"contentURL\" content=\"https:\/\/www.autoline.no\/en\/product\/6020619-y60-factory-mercedes-kit\/\"><div class='avia-gallery-thumb'><a href=\"https:\/\/www.autoline.no\/wp-content\/uploads\/2016\/12\/Y60_montert.jpg\" data-srcset=\"https:\/\/www.autoline.no\/wp-content\/uploads\/2016\/12\/Y60_montert.jpg 600w, https:\/\/www.autoline.no\/wp-content\/uploads\/2016\/12\/Y60_montert-450x478.jpg 450w, https:\/\/www.autoline.no\/wp-content\/uploads\/2016\/12\/Y60_montert-283x300.jpg 283w\" data-sizes=\"(max-width: 600px) 100vw, 600px\" data-rel='gallery-1' data-prev-img='https:\/\/www.autoline.no\/wp-content\/uploads\/2016\/12\/Y60_montert-495x400.jpg' class='first_thumb lightbox ' data-onclick='1' title='y60_montert'  itemprop=\"thumbnailUrl\"  ><img decoding=\"async\" fetchpriority=\"high\" class=\"wp-image-725 avia-img-lazy-loading-not-725\"   src=\"https:\/\/www.autoline.no\/wp-content\/uploads\/2016\/12\/Y60_montert-495x400.jpg\" width=\"495\" height=\"400\"  title='y60_montert' alt='' \/><div class='big-prev-fake'><img decoding=\"async\" loading=\"lazy\" class=\"wp-image-725 avia-img-lazy-loading-725\"  width=\"495\" height=\"400\" src=\"https:\/\/www.autoline.no\/wp-content\/uploads\/2016\/12\/Y60_montert-495x400.jpg\" title='y60_montert' alt='' \/><\/div><\/a><\/div><\/div>\n","protected":false},"excerpt":{"rendered":"<p><strong>Produkt nr: 6020619<\/strong><br \/>\nDette er et komplett sandstr\u00f8ersett for montering p\u00e5 Mercedes Actros 2012, og nyere. Settet inneholder v\u00e5r Y 60 modell for pusher akslede biler og har kapasitet p\u00e5 60 liter. F\u00f8reren kan enkelt og effektivt styre sandstr\u00f8eren fra kj\u00f8ret\u00f8yets instrumentpanel, og kan uavhengig legge ut en passende mengde sand p\u00e5 hver side av bilen. Inkludert i kittet er fire standardbraketter, sandstr\u00f8ere for h\u00f8yre og venstre side, en controllbox med sikringer og rel\u00e8 for drift av motor og varme. Sandstr\u00f8erene drives av en elektrisk motor og sanden varmes opp av et varmeelement. anbefalt sand for bruk: 4-8 mm. Sandsprederen er montert foran drivhjulene p\u00e5 lastebiler. Vekt for pr. sandstr\u00f8er uten sand er 40 kg.<\/p>\n","protected":false},"featured_media":2696,"comment_status":"open","ping_status":"closed","template":"","meta":{"_acf_changed":false,"_links_to":"","_links_to_target":""},"product_brand":[],"product_cat":[56],"product_tag":[],"class_list":{"0":"post-3781","1":"product","2":"type-product","3":"status-publish","4":"has-post-thumbnail","6":"product_cat-y-60-complete-mounting-kit","8":"first","9":"instock","10":"shipping-taxable","11":"purchasable","12":"product-type-simple"},"acf":[],"_links":{"self":[{"href":"https:\/\/www.autoline.no\/en\/wp-json\/wp\/v2\/product\/3781","targetHints":{"allow":["GET"]}}],"collection":[{"href":"https:\/\/www.autoline.no\/en\/wp-json\/wp\/v2\/product"}],"about":[{"href":"https:\/\/www.autoline.no\/en\/wp-json\/wp\/v2\/types\/product"}],"replies":[{"embeddable":true,"href":"https:\/\/www.autoline.no\/en\/wp-json\/wp\/v2\/comments?post=3781"}],"wp:featuredmedia":[{"embeddable":true,"href":"https:\/\/www.autoline.no\/en\/wp-json\/wp\/v2\/media\/2696"}],"wp:attachment":[{"href":"https:\/\/www.autoline.no\/en\/wp-json\/wp\/v2\/media?parent=3781"}],"wp:term":[{"taxonomy":"product_brand","embeddable":true,"href":"https:\/\/www.autoline.no\/en\/wp-json\/wp\/v2\/product_brand?post=3781"},{"taxonomy":"product_cat","embeddable":true,"href":"https:\/\/www.autoline.no\/en\/wp-json\/wp\/v2\/product_cat?post=3781"},{"taxonomy":"product_tag","embeddable":true,"href":"https:\/\/www.autoline.no\/en\/wp-json\/wp\/v2\/product_tag?post=3781"}],"curies":[{"name":"wp","href":"https:\/\/api.w.org\/{rel}","templated":true}]}}