{"id":3549,"date":"2020-09-18T11:29:37","date_gmt":"2020-09-18T10:29:37","guid":{"rendered":"https:\/\/www.autoline.no\/?post_type=product&#038;p=3549"},"modified":"2026-02-13T22:48:36","modified_gmt":"2026-02-13T21:48:36","slug":"5120225-c-50-builder-scania-single-side-kit","status":"publish","type":"product","link":"https:\/\/www.autoline.no\/en\/product\/5120225-c-50-builder-scania-single-side-kit\/","title":{"rendered":"5120225 C 50 Builder Scania KIT singel side"},"content":{"rendered":"\n<style type=\"text\/css\" data-created_by=\"avia_inline_auto\" id=\"style-css-av-2z4lm5-a6d06d53fd93c5dd5557841ba36b1d42\">\n#top .av-special-heading.av-2z4lm5-a6d06d53fd93c5dd5557841ba36b1d42{\npadding-bottom:10px;\n}\nbody .av-special-heading.av-2z4lm5-a6d06d53fd93c5dd5557841ba36b1d42 .av-special-heading-tag .heading-char{\nfont-size:25px;\n}\n.av-special-heading.av-2z4lm5-a6d06d53fd93c5dd5557841ba36b1d42 .av-subheading{\nfont-size:15px;\n}\n<\/style>\n<div  class='av-special-heading av-2z4lm5-a6d06d53fd93c5dd5557841ba36b1d42 av-special-heading-h1 blockquote modern-quote  avia-builder-el-0  el_before_av_hr  avia-builder-el-first '><h1 class='av-special-heading-tag '  itemprop=\"headline\"  >C 50 Builder Scania KIT<\/h1><div class=\"special-heading-border\"><div class=\"special-heading-inner-border\"><\/div><\/div><\/div>\n\n<style type=\"text\/css\" data-created_by=\"avia_inline_auto\" id=\"style-css-av-b65wjp-c34576cc607813d9d358f33c56617902\">\n#top .hr.av-b65wjp-c34576cc607813d9d358f33c56617902{\nmargin-top:0;\nmargin-bottom:0;\n}\n.hr.av-b65wjp-c34576cc607813d9d358f33c56617902 .hr-inner{\nwidth:26px;\nborder-color:#ffb716;\n}\n<\/style>\n<div  class='hr av-b65wjp-c34576cc607813d9d358f33c56617902 hr-custom  avia-builder-el-1  el_after_av_heading  el_before_av_textblock  hr-left hr-icon-no'><span class='hr-inner inner-border-av-border-fat'><span class=\"hr-inner-style\"><\/span><\/span><\/div>\n<section  class='av_textblock_section av-mllf5jgp-b6001371791fcb39fa976425dd3ee932 '   itemscope=\"itemscope\" itemtype=\"https:\/\/schema.org\/CreativeWork\" ><div class='avia_textblock'  itemprop=\"text\" ><h4>Kr 26.760,00<\/h4>\n<\/div><\/section>\n\n<style type=\"text\/css\" data-created_by=\"avia_inline_auto\" id=\"style-css-av-9cunhh-5faf584f06312276cf180cfe683d41da\">\n.flex_column.av-9cunhh-5faf584f06312276cf180cfe683d41da{\nborder-radius:0px 0px 0px 0px;\npadding:0px 0px 0px 0px;\n}\n<\/style>\n<div  class='flex_column av-9cunhh-5faf584f06312276cf180cfe683d41da av_two_third  avia-builder-el-3  el_after_av_textblock  el_before_av_one_third  first flex_column_div av-zero-column-padding  column-top-margin'     ><section  class='av_textblock_section av-7jrjmt-7ad098a94c52e3ee46ffd554f0605e3c '   itemscope=\"itemscope\" itemtype=\"https:\/\/schema.org\/CreativeWork\" ><div class='avia_textblock'  itemprop=\"text\" ><p><b>Produkt nr: 5120225<\/b><br \/>\nC 50 compact sandstr\u00f8er er en smal modell, passer til alle bil- og busstyper med begrenset plass. Kan brukes p\u00e5 h\u00f8yre og venstre side. Kan kombineres med andre modeller.<\/p>\n<p><strong>Innhold:<\/strong><br \/>\n<a href=\"https:\/\/www.autoline.no\/product\/c-50-compact-sandstroer\/\">1 x Sandstr\u00f8er C50<\/a><br \/>\n<a href=\"https:\/\/www.autoline.no\/product\/standard-bracket\/\">1 x Brakett universal Autoline<\/a><br \/>\n<a href=\"https:\/\/www.autoline.no\/product\/bracket-scania-left-side\/\">1 x Brakett Scania<\/a><br \/>\n<a href=\"https:\/\/www.autoline.no\/product\/controlbox-2224\/\">1 x Kontrollpanel \/ kontrollboks ESS2224 6m kabel<\/a><br \/>\n<a href=\"https:\/\/www.autoline.no\/product\/4098425-scania-r-switch-singel-ntg-2016\/\">1 x Bryter\/Kabling Scania NTG 2016 singel<\/a><\/p>\n<p><strong>Tekniske data:<\/strong><br \/>\nKasse: Rustfritt st\u00e5l 2 mm<br \/>\nTopp\/luke: Rustfritt st\u00e5l 2 mm<br \/>\nFestebrakett: Galvanisert st\u00e5l 8 mm<br \/>\nMotor: 24 volt\/60 watt pr. kasse<br \/>\nVarme: 24 volt\/140 watt pr. kasse<br \/>\nVekt, kasse: 27-40 kg (eksl. sand og feste)<br \/>\nSandtype: 4-8 mm knust grus\/sand<br \/>\nStr\u00f8tid: 1,5-2 min<br \/>\nStr\u00f8lengde: 450-750 m<\/p>\n<\/div><\/section><\/div>\n\n<style type=\"text\/css\" data-created_by=\"avia_inline_auto\" id=\"style-css-av-68v8b9-7292531b2ed66263a62ce5633554a357\">\n.flex_column.av-68v8b9-7292531b2ed66263a62ce5633554a357{\nborder-radius:0px 0px 0px 0px;\npadding:0px 0px 0px 0px;\n}\n<\/style>\n<div  class='flex_column av-68v8b9-7292531b2ed66263a62ce5633554a357 av_one_third  avia-builder-el-5  el_after_av_two_third  el_before_av_gallery  flex_column_div av-zero-column-padding  column-top-margin'     ><p>\n<style type=\"text\/css\" data-created_by=\"avia_inline_auto\" id=\"style-css-av-k66g283u-2eea5122ad235a585ff22d2d359e6c99\">\n.avia-image-container.av-k66g283u-2eea5122ad235a585ff22d2d359e6c99 img.avia_image{\nbox-shadow:none;\n}\n.avia-image-container.av-k66g283u-2eea5122ad235a585ff22d2d359e6c99 .av-image-caption-overlay-center{\ncolor:#ffffff;\n}\n<\/style>\n<div  class='avia-image-container av-k66g283u-2eea5122ad235a585ff22d2d359e6c99 av-styling- avia-align-center  avia-builder-el-6  el_before_av_textblock  avia-builder-el-first '   itemprop=\"image\" itemscope=\"itemscope\" itemtype=\"https:\/\/schema.org\/ImageObject\" ><div class=\"avia-image-container-inner\"><div class=\"avia-image-overlay-wrap\"><img decoding=\"async\" fetchpriority=\"high\" class='wp-image-722 avia-img-lazy-loading-not-722 avia_image ' src=\"https:\/\/www.autoline.no\/wp-content\/uploads\/2016\/12\/C50-Teknisk.jpg\" alt='' title='c50-teknisk'  height=\"717\" width=\"620\"  itemprop=\"thumbnailUrl\" srcset=\"https:\/\/www.autoline.no\/wp-content\/uploads\/2016\/12\/C50-Teknisk.jpg 620w, https:\/\/www.autoline.no\/wp-content\/uploads\/2016\/12\/C50-Teknisk-450x520.jpg 450w, https:\/\/www.autoline.no\/wp-content\/uploads\/2016\/12\/C50-Teknisk-259x300.jpg 259w, https:\/\/www.autoline.no\/wp-content\/uploads\/2016\/12\/C50-Teknisk-610x705.jpg 610w\" sizes=\"(max-width: 620px) 100vw, 620px\" \/><\/div><\/div><\/div><br \/>\n<section  class='av_textblock_section av-k66g57zp-581ecad7e5a5f327916ed264b649d224 '   itemscope=\"itemscope\" itemtype=\"https:\/\/schema.org\/CreativeWork\" ><div class='avia_textblock'  itemprop=\"text\" ><p>A: 670mm<br \/>\nC: 290mm<br \/>\nF: 210mm<br \/>\nG: 160mm<br \/>\nH: 550mm<br \/>\nJ: 660mm total h\u00f8yde<br \/>\nL: 200m<\/p>\n<p><a href=\"http:\/\/www.autoline.no\/products\/parts\/?lang=nb\">Deler<\/a><br \/>\n<a href=\"http:\/\/www.autoline.no\/wp-content\/uploads\/2016\/12\/CADDrawing-C50.zip\">CAD-tegning C50<\/a><\/p>\n<\/div><\/section><\/p><\/div>\n\n<style type=\"text\/css\" data-created_by=\"avia_inline_auto\" id=\"style-css-av-2sx7lh-45aed10fd17b84ba1199057b790b58b5\">\n#top .avia-gallery.av-2sx7lh-45aed10fd17b84ba1199057b790b58b5 .avia-gallery-thumb a{\nwidth:20%;\n}\n<\/style>\n<div  class='avia-gallery av-2sx7lh-45aed10fd17b84ba1199057b790b58b5 avia_animate_when_visible  avia-builder-el-8  el_after_av_one_third  avia-builder-el-last  deactivate_avia_lazyload avia-gallery-animate avia-gallery-1'  itemprop=\"image\" itemscope=\"itemscope\" itemtype=\"https:\/\/schema.org\/ImageObject\" ><meta itemprop=\"contentURL\" content=\"https:\/\/www.autoline.no\/en\/product\/5120225-c-50-builder-scania-single-side-kit\/\"><div class='avia-gallery-thumb'><a href=\"https:\/\/www.autoline.no\/wp-content\/uploads\/2016\/12\/347x231xc501-1030x687.jpg\" data-srcset=\"https:\/\/www.autoline.no\/wp-content\/uploads\/2016\/12\/347x231xc501-1030x687.jpg 1030w, https:\/\/www.autoline.no\/wp-content\/uploads\/2016\/12\/347x231xc501-450x300.jpg 450w, https:\/\/www.autoline.no\/wp-content\/uploads\/2016\/12\/347x231xc501-300x200.jpg 300w, https:\/\/www.autoline.no\/wp-content\/uploads\/2016\/12\/347x231xc501-768x512.jpg 768w, https:\/\/www.autoline.no\/wp-content\/uploads\/2016\/12\/347x231xc501-705x470.jpg 705w, https:\/\/www.autoline.no\/wp-content\/uploads\/2016\/12\/347x231xc501.jpg 1200w\" data-sizes=\"(max-width: 1030px) 100vw, 1030px\" data-rel='gallery-1' data-prev-img='https:\/\/www.autoline.no\/wp-content\/uploads\/2016\/12\/347x231xc501-495x400.jpg' class='first_thumb lightbox ' data-onclick='1' title='347x231xc501'  itemprop=\"thumbnailUrl\"  ><img decoding=\"async\" fetchpriority=\"high\" class=\"wp-image-710 avia-img-lazy-loading-not-710\"   src=\"https:\/\/www.autoline.no\/wp-content\/uploads\/2016\/12\/347x231xc501-495x400.jpg\" width=\"495\" height=\"400\"  title='347x231xc501' alt='' srcset=\"https:\/\/www.autoline.no\/wp-content\/uploads\/2016\/12\/347x231xc501-495x400.jpg 495w, https:\/\/www.autoline.no\/wp-content\/uploads\/2016\/12\/347x231xc501-845x684.jpg 845w\" sizes=\"(max-width: 495px) 100vw, 495px\" \/><div class='big-prev-fake'><img decoding=\"async\" loading=\"lazy\" class=\"wp-image-710 avia-img-lazy-loading-710\"  width=\"495\" height=\"400\" src=\"https:\/\/www.autoline.no\/wp-content\/uploads\/2016\/12\/347x231xc501-495x400.jpg\" title='347x231xc501' alt='' srcset=\"https:\/\/www.autoline.no\/wp-content\/uploads\/2016\/12\/347x231xc501-495x400.jpg 495w, https:\/\/www.autoline.no\/wp-content\/uploads\/2016\/12\/347x231xc501-845x684.jpg 845w\" sizes=\"auto, (max-width: 495px) 100vw, 495px\" \/><\/div><\/a><a href=\"https:\/\/www.autoline.no\/wp-content\/uploads\/2016\/12\/c502-1030x687.jpg\" data-srcset=\"https:\/\/www.autoline.no\/wp-content\/uploads\/2016\/12\/c502-1030x687.jpg 1030w, https:\/\/www.autoline.no\/wp-content\/uploads\/2016\/12\/c502-450x300.jpg 450w, https:\/\/www.autoline.no\/wp-content\/uploads\/2016\/12\/c502-300x200.jpg 300w, https:\/\/www.autoline.no\/wp-content\/uploads\/2016\/12\/c502-768x512.jpg 768w, https:\/\/www.autoline.no\/wp-content\/uploads\/2016\/12\/c502-705x470.jpg 705w, https:\/\/www.autoline.no\/wp-content\/uploads\/2016\/12\/c502.jpg 1200w\" data-sizes=\"(max-width: 1030px) 100vw, 1030px\" data-rel='gallery-1' data-prev-img='https:\/\/www.autoline.no\/wp-content\/uploads\/2016\/12\/c502-495x400.jpg' class='lightbox ' data-onclick='2' title='c502'  itemprop=\"thumbnailUrl\"  ><img decoding=\"async\" fetchpriority=\"high\" class=\"wp-image-712 avia-img-lazy-loading-not-712\"   src=\"https:\/\/www.autoline.no\/wp-content\/uploads\/2016\/12\/c502-495x400.jpg\" width=\"495\" height=\"400\"  title='c502' alt='' srcset=\"https:\/\/www.autoline.no\/wp-content\/uploads\/2016\/12\/c502-495x400.jpg 495w, https:\/\/www.autoline.no\/wp-content\/uploads\/2016\/12\/c502-845x684.jpg 845w\" sizes=\"(max-width: 495px) 100vw, 495px\" \/><div class='big-prev-fake'><img decoding=\"async\" loading=\"lazy\" class=\"wp-image-712 avia-img-lazy-loading-712\"  width=\"495\" height=\"400\" src=\"https:\/\/www.autoline.no\/wp-content\/uploads\/2016\/12\/c502-495x400.jpg\" title='c502' alt='' srcset=\"https:\/\/www.autoline.no\/wp-content\/uploads\/2016\/12\/c502-495x400.jpg 495w, https:\/\/www.autoline.no\/wp-content\/uploads\/2016\/12\/c502-845x684.jpg 845w\" sizes=\"auto, (max-width: 495px) 100vw, 495px\" \/><\/div><\/a><a href=\"https:\/\/www.autoline.no\/wp-content\/uploads\/2016\/12\/c505-1030x687.jpg\" data-srcset=\"https:\/\/www.autoline.no\/wp-content\/uploads\/2016\/12\/c505-1030x687.jpg 1030w, https:\/\/www.autoline.no\/wp-content\/uploads\/2016\/12\/c505-450x300.jpg 450w, https:\/\/www.autoline.no\/wp-content\/uploads\/2016\/12\/c505-300x200.jpg 300w, https:\/\/www.autoline.no\/wp-content\/uploads\/2016\/12\/c505-768x512.jpg 768w, https:\/\/www.autoline.no\/wp-content\/uploads\/2016\/12\/c505-705x470.jpg 705w, https:\/\/www.autoline.no\/wp-content\/uploads\/2016\/12\/c505.jpg 1200w\" data-sizes=\"(max-width: 1030px) 100vw, 1030px\" data-rel='gallery-1' data-prev-img='https:\/\/www.autoline.no\/wp-content\/uploads\/2016\/12\/c505-495x400.jpg' class='lightbox ' data-onclick='3' title='c505'  itemprop=\"thumbnailUrl\"  ><img decoding=\"async\" fetchpriority=\"high\" class=\"wp-image-714 avia-img-lazy-loading-not-714\"   src=\"https:\/\/www.autoline.no\/wp-content\/uploads\/2016\/12\/c505-495x400.jpg\" width=\"495\" height=\"400\"  title='c505' alt='' srcset=\"https:\/\/www.autoline.no\/wp-content\/uploads\/2016\/12\/c505-495x400.jpg 495w, https:\/\/www.autoline.no\/wp-content\/uploads\/2016\/12\/c505-845x684.jpg 845w\" sizes=\"(max-width: 495px) 100vw, 495px\" \/><div class='big-prev-fake'><img decoding=\"async\" loading=\"lazy\" class=\"wp-image-714 avia-img-lazy-loading-714\"  width=\"495\" height=\"400\" src=\"https:\/\/www.autoline.no\/wp-content\/uploads\/2016\/12\/c505-495x400.jpg\" title='c505' alt='' srcset=\"https:\/\/www.autoline.no\/wp-content\/uploads\/2016\/12\/c505-495x400.jpg 495w, https:\/\/www.autoline.no\/wp-content\/uploads\/2016\/12\/c505-845x684.jpg 845w\" sizes=\"auto, (max-width: 495px) 100vw, 495px\" \/><\/div><\/a><a href=\"https:\/\/www.autoline.no\/wp-content\/uploads\/2016\/12\/c504-1030x687.jpg\" data-srcset=\"https:\/\/www.autoline.no\/wp-content\/uploads\/2016\/12\/c504-1030x687.jpg 1030w, https:\/\/www.autoline.no\/wp-content\/uploads\/2016\/12\/c504-450x300.jpg 450w, https:\/\/www.autoline.no\/wp-content\/uploads\/2016\/12\/c504-300x200.jpg 300w, https:\/\/www.autoline.no\/wp-content\/uploads\/2016\/12\/c504-768x512.jpg 768w, https:\/\/www.autoline.no\/wp-content\/uploads\/2016\/12\/c504-705x470.jpg 705w, https:\/\/www.autoline.no\/wp-content\/uploads\/2016\/12\/c504.jpg 1200w\" data-sizes=\"(max-width: 1030px) 100vw, 1030px\" data-rel='gallery-1' data-prev-img='https:\/\/www.autoline.no\/wp-content\/uploads\/2016\/12\/c504-495x400.jpg' class='lightbox ' data-onclick='4' title='c504'  itemprop=\"thumbnailUrl\"  ><img decoding=\"async\" fetchpriority=\"high\" class=\"wp-image-713 avia-img-lazy-loading-not-713\"   src=\"https:\/\/www.autoline.no\/wp-content\/uploads\/2016\/12\/c504-495x400.jpg\" width=\"495\" height=\"400\"  title='c504' alt='' srcset=\"https:\/\/www.autoline.no\/wp-content\/uploads\/2016\/12\/c504-495x400.jpg 495w, https:\/\/www.autoline.no\/wp-content\/uploads\/2016\/12\/c504-845x684.jpg 845w\" sizes=\"(max-width: 495px) 100vw, 495px\" \/><div class='big-prev-fake'><img decoding=\"async\" loading=\"lazy\" class=\"wp-image-713 avia-img-lazy-loading-713\"  width=\"495\" height=\"400\" src=\"https:\/\/www.autoline.no\/wp-content\/uploads\/2016\/12\/c504-495x400.jpg\" title='c504' alt='' srcset=\"https:\/\/www.autoline.no\/wp-content\/uploads\/2016\/12\/c504-495x400.jpg 495w, https:\/\/www.autoline.no\/wp-content\/uploads\/2016\/12\/c504-845x684.jpg 845w\" sizes=\"auto, (max-width: 495px) 100vw, 495px\" \/><\/div><\/a><a href=\"https:\/\/www.autoline.no\/wp-content\/uploads\/2016\/12\/Autoline-C50_reference.jpg\" data-srcset=\"https:\/\/www.autoline.no\/wp-content\/uploads\/2016\/12\/Autoline-C50_reference.jpg 712w, https:\/\/www.autoline.no\/wp-content\/uploads\/2016\/12\/Autoline-C50_reference-450x506.jpg 450w, https:\/\/www.autoline.no\/wp-content\/uploads\/2016\/12\/Autoline-C50_reference-267x300.jpg 267w, https:\/\/www.autoline.no\/wp-content\/uploads\/2016\/12\/Autoline-C50_reference-627x705.jpg 627w\" data-sizes=\"(max-width: 712px) 100vw, 712px\" data-rel='gallery-1' data-prev-img='https:\/\/www.autoline.no\/wp-content\/uploads\/2016\/12\/Autoline-C50_reference-495x400.jpg' class='lightbox ' data-onclick='5' title='Autoline C50'  itemprop=\"thumbnailUrl\"  ><img decoding=\"async\" fetchpriority=\"high\" class=\"wp-image-294 avia-img-lazy-loading-not-294\"  data-avia-tooltip='Autoline C50' src=\"https:\/\/www.autoline.no\/wp-content\/uploads\/2016\/12\/Autoline-C50_reference-495x400.jpg\" width=\"495\" height=\"400\"  title='autoline-c50_reference' alt='' \/><div class='big-prev-fake'><img decoding=\"async\" loading=\"lazy\" class=\"wp-image-294 avia-img-lazy-loading-294\"  width=\"495\" height=\"400\" src=\"https:\/\/www.autoline.no\/wp-content\/uploads\/2016\/12\/Autoline-C50_reference-495x400.jpg\" title='autoline-c50_reference' alt='' \/><\/div><\/a><a href=\"https:\/\/www.autoline.no\/wp-content\/uploads\/2016\/12\/lastebil7_reference.jpg\" data-srcset=\"https:\/\/www.autoline.no\/wp-content\/uploads\/2016\/12\/lastebil7_reference.jpg 800w, https:\/\/www.autoline.no\/wp-content\/uploads\/2016\/12\/lastebil7_reference-450x300.jpg 450w, https:\/\/www.autoline.no\/wp-content\/uploads\/2016\/12\/lastebil7_reference-300x200.jpg 300w, https:\/\/www.autoline.no\/wp-content\/uploads\/2016\/12\/lastebil7_reference-768x513.jpg 768w, https:\/\/www.autoline.no\/wp-content\/uploads\/2016\/12\/lastebil7_reference-705x471.jpg 705w\" data-sizes=\"(max-width: 800px) 100vw, 800px\" data-rel='gallery-1' data-prev-img='https:\/\/www.autoline.no\/wp-content\/uploads\/2016\/12\/lastebil7_reference-495x400.jpg' class='first_thumb lightbox ' data-onclick='6' title='lastebil7'  itemprop=\"thumbnailUrl\"  ><img decoding=\"async\" fetchpriority=\"high\" class=\"wp-image-285 avia-img-lazy-loading-not-285\"  data-avia-tooltip='lastebil7' src=\"https:\/\/www.autoline.no\/wp-content\/uploads\/2016\/12\/lastebil7_reference-495x400.jpg\" width=\"495\" height=\"400\"  title='lastebil7_reference' alt='' \/><div class='big-prev-fake'><img decoding=\"async\" loading=\"lazy\" class=\"wp-image-285 avia-img-lazy-loading-285\"  width=\"495\" height=\"400\" src=\"https:\/\/www.autoline.no\/wp-content\/uploads\/2016\/12\/lastebil7_reference-495x400.jpg\" title='lastebil7_reference' alt='' \/><\/div><\/a><a href=\"https:\/\/www.autoline.no\/wp-content\/uploads\/2016\/12\/Autoline-C50-2_reference.jpg\" data-srcset=\"https:\/\/www.autoline.no\/wp-content\/uploads\/2016\/12\/Autoline-C50-2_reference.jpg 800w, https:\/\/www.autoline.no\/wp-content\/uploads\/2016\/12\/Autoline-C50-2_reference-450x300.jpg 450w, https:\/\/www.autoline.no\/wp-content\/uploads\/2016\/12\/Autoline-C50-2_reference-300x200.jpg 300w, https:\/\/www.autoline.no\/wp-content\/uploads\/2016\/12\/Autoline-C50-2_reference-768x513.jpg 768w, https:\/\/www.autoline.no\/wp-content\/uploads\/2016\/12\/Autoline-C50-2_reference-705x471.jpg 705w\" data-sizes=\"(max-width: 800px) 100vw, 800px\" data-rel='gallery-1' data-prev-img='https:\/\/www.autoline.no\/wp-content\/uploads\/2016\/12\/Autoline-C50-2_reference-495x400.jpg' class='lightbox ' data-onclick='7' title='Autoline C50 2'  itemprop=\"thumbnailUrl\"  ><img decoding=\"async\" fetchpriority=\"high\" class=\"wp-image-293 avia-img-lazy-loading-not-293\"  data-avia-tooltip='Autoline C50 2' src=\"https:\/\/www.autoline.no\/wp-content\/uploads\/2016\/12\/Autoline-C50-2_reference-495x400.jpg\" width=\"495\" height=\"400\"  title='autoline-c50-2_reference' alt='' \/><div class='big-prev-fake'><img decoding=\"async\" loading=\"lazy\" class=\"wp-image-293 avia-img-lazy-loading-293\"  width=\"495\" height=\"400\" src=\"https:\/\/www.autoline.no\/wp-content\/uploads\/2016\/12\/Autoline-C50-2_reference-495x400.jpg\" title='autoline-c50-2_reference' alt='' \/><\/div><\/a><a href=\"https:\/\/www.autoline.no\/wp-content\/uploads\/2020\/02\/d457_productimage_2.jpg\" data-srcset=\"https:\/\/www.autoline.no\/wp-content\/uploads\/2020\/02\/d457_productimage_2.jpg 650w, https:\/\/www.autoline.no\/wp-content\/uploads\/2020\/02\/d457_productimage_2-300x225.jpg 300w, https:\/\/www.autoline.no\/wp-content\/uploads\/2020\/02\/d457_productimage_2-450x338.jpg 450w\" data-sizes=\"(max-width: 650px) 100vw, 650px\" data-rel='gallery-1' data-prev-img='https:\/\/www.autoline.no\/wp-content\/uploads\/2020\/02\/d457_productimage_2-495x400.jpg' class='lightbox ' data-onclick='8' title='d457_productimage_2'  itemprop=\"thumbnailUrl\"  ><img decoding=\"async\" fetchpriority=\"high\" class=\"wp-image-2587 avia-img-lazy-loading-not-2587\"   src=\"https:\/\/www.autoline.no\/wp-content\/uploads\/2020\/02\/d457_productimage_2-495x400.jpg\" width=\"495\" height=\"400\"  title='d457_productimage_2' alt='' \/><div class='big-prev-fake'><img decoding=\"async\" loading=\"lazy\" class=\"wp-image-2587 avia-img-lazy-loading-2587\"  width=\"495\" height=\"400\" src=\"https:\/\/www.autoline.no\/wp-content\/uploads\/2020\/02\/d457_productimage_2-495x400.jpg\" title='d457_productimage_2' alt='' \/><\/div><\/a><a href=\"https:\/\/www.autoline.no\/wp-content\/uploads\/2020\/02\/d470_productimage_mainfront.jpg\" data-srcset=\"https:\/\/www.autoline.no\/wp-content\/uploads\/2020\/02\/d470_productimage_mainfront.jpg 650w, https:\/\/www.autoline.no\/wp-content\/uploads\/2020\/02\/d470_productimage_mainfront-300x225.jpg 300w, https:\/\/www.autoline.no\/wp-content\/uploads\/2020\/02\/d470_productimage_mainfront-450x338.jpg 450w\" data-sizes=\"(max-width: 650px) 100vw, 650px\" data-rel='gallery-1' data-prev-img='https:\/\/www.autoline.no\/wp-content\/uploads\/2020\/02\/d470_productimage_mainfront-495x400.jpg' class='lightbox ' data-onclick='9' title='d470_productimage_mainfront'  itemprop=\"thumbnailUrl\"  ><img decoding=\"async\" fetchpriority=\"high\" class=\"wp-image-2642 avia-img-lazy-loading-not-2642\"   src=\"https:\/\/www.autoline.no\/wp-content\/uploads\/2020\/02\/d470_productimage_mainfront-495x400.jpg\" width=\"495\" height=\"400\"  title='d470_productimage_mainfront' alt='' \/><div class='big-prev-fake'><img decoding=\"async\" loading=\"lazy\" class=\"wp-image-2642 avia-img-lazy-loading-2642\"  width=\"495\" height=\"400\" src=\"https:\/\/www.autoline.no\/wp-content\/uploads\/2020\/02\/d470_productimage_mainfront-495x400.jpg\" title='d470_productimage_mainfront' alt='' \/><\/div><\/a><a href=\"https:\/\/www.autoline.no\/wp-content\/uploads\/2016\/12\/Filling-door-for-C-50-1.jpg\" data-srcset=\"https:\/\/www.autoline.no\/wp-content\/uploads\/2016\/12\/Filling-door-for-C-50-1.jpg 804w, https:\/\/www.autoline.no\/wp-content\/uploads\/2016\/12\/Filling-door-for-C-50-1-300x200.jpg 300w, https:\/\/www.autoline.no\/wp-content\/uploads\/2016\/12\/Filling-door-for-C-50-1-768x512.jpg 768w, https:\/\/www.autoline.no\/wp-content\/uploads\/2016\/12\/Filling-door-for-C-50-1-705x470.jpg 705w, https:\/\/www.autoline.no\/wp-content\/uploads\/2016\/12\/Filling-door-for-C-50-1-450x300.jpg 450w\" data-sizes=\"(max-width: 804px) 100vw, 804px\" data-rel='gallery-1' data-prev-img='https:\/\/www.autoline.no\/wp-content\/uploads\/2016\/12\/Filling-door-for-C-50-1-495x400.jpg' class='lightbox ' data-onclick='10' title='Filling-door-for-C-50'  itemprop=\"thumbnailUrl\"  ><img decoding=\"async\" fetchpriority=\"high\" class=\"wp-image-2309 avia-img-lazy-loading-not-2309\"   src=\"https:\/\/www.autoline.no\/wp-content\/uploads\/2016\/12\/Filling-door-for-C-50-1-495x400.jpg\" width=\"495\" height=\"400\"  title='Filling-door-for-C-50' alt='' \/><div class='big-prev-fake'><img decoding=\"async\" loading=\"lazy\" class=\"wp-image-2309 avia-img-lazy-loading-2309\"  width=\"495\" height=\"400\" src=\"https:\/\/www.autoline.no\/wp-content\/uploads\/2016\/12\/Filling-door-for-C-50-1-495x400.jpg\" title='Filling-door-for-C-50' alt='' \/><\/div><\/a><a href=\"https:\/\/www.autoline.no\/wp-content\/uploads\/2016\/12\/\u00a9Roald-Jung\u00e5rd-0535-1030x686.png\" data-srcset=\"https:\/\/www.autoline.no\/wp-content\/uploads\/2016\/12\/\u00a9Roald-Jung\u00e5rd-0535-1030x686.png 1030w, https:\/\/www.autoline.no\/wp-content\/uploads\/2016\/12\/\u00a9Roald-Jung\u00e5rd-0535-300x200.png 300w, https:\/\/www.autoline.no\/wp-content\/uploads\/2016\/12\/\u00a9Roald-Jung\u00e5rd-0535-768x511.png 768w, https:\/\/www.autoline.no\/wp-content\/uploads\/2016\/12\/\u00a9Roald-Jung\u00e5rd-0535-705x469.png 705w, https:\/\/www.autoline.no\/wp-content\/uploads\/2016\/12\/\u00a9Roald-Jung\u00e5rd-0535-450x300.png 450w, https:\/\/www.autoline.no\/wp-content\/uploads\/2016\/12\/\u00a9Roald-Jung\u00e5rd-0535.png 1316w\" data-sizes=\"(max-width: 1030px) 100vw, 1030px\" data-rel='gallery-1' data-prev-img='https:\/\/www.autoline.no\/wp-content\/uploads\/2016\/12\/\u00a9Roald-Jung\u00e5rd-0535-495x400.png' class='first_thumb lightbox ' data-onclick='11' title='\u00a9Roald Jung\u00e5rd-0535'  itemprop=\"thumbnailUrl\"  ><img decoding=\"async\" fetchpriority=\"high\" class=\"wp-image-2436 avia-img-lazy-loading-not-2436\"   src=\"https:\/\/www.autoline.no\/wp-content\/uploads\/2016\/12\/\u00a9Roald-Jung\u00e5rd-0535-495x400.png\" width=\"495\" height=\"400\"  title='\u00a9Roald Jung\u00e5rd-0535' alt='' srcset=\"https:\/\/www.autoline.no\/wp-content\/uploads\/2016\/12\/\u00a9Roald-Jung\u00e5rd-0535-495x400.png 495w, https:\/\/www.autoline.no\/wp-content\/uploads\/2016\/12\/\u00a9Roald-Jung\u00e5rd-0535-845x684.png 845w\" sizes=\"(max-width: 495px) 100vw, 495px\" \/><div class='big-prev-fake'><img decoding=\"async\" loading=\"lazy\" class=\"wp-image-2436 avia-img-lazy-loading-2436\"  width=\"495\" height=\"400\" src=\"https:\/\/www.autoline.no\/wp-content\/uploads\/2016\/12\/\u00a9Roald-Jung\u00e5rd-0535-495x400.png\" title='\u00a9Roald Jung\u00e5rd-0535' alt='' srcset=\"https:\/\/www.autoline.no\/wp-content\/uploads\/2016\/12\/\u00a9Roald-Jung\u00e5rd-0535-495x400.png 495w, https:\/\/www.autoline.no\/wp-content\/uploads\/2016\/12\/\u00a9Roald-Jung\u00e5rd-0535-845x684.png 845w\" sizes=\"auto, (max-width: 495px) 100vw, 495px\" \/><\/div><\/a><\/div><\/div>\n","protected":false},"excerpt":{"rendered":"<p><b>Produkt nr: 5120225<\/b><br \/>\nC 50 compact sandstr\u00f8er er en smal modell, passer til alle bil- og busstyper med begrenset plass. Kan brukes p\u00e5 h\u00f8yre og venstre side. Kan kombineres med andre modeller.<\/p>\n","protected":false},"featured_media":0,"comment_status":"open","ping_status":"closed","template":"","meta":{"_acf_changed":false,"_links_to":"","_links_to_target":""},"product_brand":[],"product_cat":[75],"product_tag":[],"class_list":{"0":"post-3549","1":"product","2":"type-product","3":"status-publish","5":"product_cat-single-side-kit","7":"first","8":"instock","9":"shipping-taxable","10":"purchasable","11":"product-type-simple"},"acf":[],"_links":{"self":[{"href":"https:\/\/www.autoline.no\/en\/wp-json\/wp\/v2\/product\/3549","targetHints":{"allow":["GET"]}}],"collection":[{"href":"https:\/\/www.autoline.no\/en\/wp-json\/wp\/v2\/product"}],"about":[{"href":"https:\/\/www.autoline.no\/en\/wp-json\/wp\/v2\/types\/product"}],"replies":[{"embeddable":true,"href":"https:\/\/www.autoline.no\/en\/wp-json\/wp\/v2\/comments?post=3549"}],"wp:attachment":[{"href":"https:\/\/www.autoline.no\/en\/wp-json\/wp\/v2\/media?parent=3549"}],"wp:term":[{"taxonomy":"product_brand","embeddable":true,"href":"https:\/\/www.autoline.no\/en\/wp-json\/wp\/v2\/product_brand?post=3549"},{"taxonomy":"product_cat","embeddable":true,"href":"https:\/\/www.autoline.no\/en\/wp-json\/wp\/v2\/product_cat?post=3549"},{"taxonomy":"product_tag","embeddable":true,"href":"https:\/\/www.autoline.no\/en\/wp-json\/wp\/v2\/product_tag?post=3549"}],"curies":[{"name":"wp","href":"https:\/\/api.w.org\/{rel}","templated":true}]}}