{"id":3358,"date":"2020-08-07T08:08:27","date_gmt":"2020-08-07T07:08:27","guid":{"rendered":"https:\/\/www.autoline.no\/?post_type=product&#038;p=3358"},"modified":"2022-01-07T13:51:53","modified_gmt":"2022-01-07T12:51:53","slug":"4020000-t-40-kit","status":"publish","type":"product","link":"https:\/\/www.autoline.no\/en\/product\/4020000-t-40-kit\/","title":{"rendered":"4020000 T 40 KIT"},"content":{"rendered":"\n<style type=\"text\/css\" data-created_by=\"avia_inline_auto\" id=\"style-css-av-ebvwsy-65fbc161e35d44be74c4d39bd1a96ef4\">\n.avia-image-container.av-ebvwsy-65fbc161e35d44be74c4d39bd1a96ef4 img.avia_image{\nbox-shadow:none;\n}\n.avia-image-container.av-ebvwsy-65fbc161e35d44be74c4d39bd1a96ef4 .av-image-caption-overlay-center{\ncolor:#ffffff;\n}\n<\/style>\n<div  class='avia-image-container av-ebvwsy-65fbc161e35d44be74c4d39bd1a96ef4 av-styling- avia-align-center  avia-builder-el-0  el_before_av_heading  avia-builder-el-first '   itemprop=\"image\" itemscope=\"itemscope\" itemtype=\"https:\/\/schema.org\/ImageObject\" ><div class=\"avia-image-container-inner\"><div class=\"avia-image-overlay-wrap\"><img decoding=\"async\" fetchpriority=\"high\" class='wp-image-697 avia-img-lazy-loading-not-697 avia_image ' src=\"https:\/\/www.autoline.no\/wp-content\/uploads\/2016\/12\/T-40-Sand-spreader.jpg\" alt='' title='t-40-sand-spreader'  height=\"536\" width=\"804\"  itemprop=\"thumbnailUrl\" srcset=\"https:\/\/www.autoline.no\/wp-content\/uploads\/2016\/12\/T-40-Sand-spreader.jpg 804w, https:\/\/www.autoline.no\/wp-content\/uploads\/2016\/12\/T-40-Sand-spreader-450x300.jpg 450w, https:\/\/www.autoline.no\/wp-content\/uploads\/2016\/12\/T-40-Sand-spreader-300x200.jpg 300w, https:\/\/www.autoline.no\/wp-content\/uploads\/2016\/12\/T-40-Sand-spreader-768x512.jpg 768w, https:\/\/www.autoline.no\/wp-content\/uploads\/2016\/12\/T-40-Sand-spreader-705x470.jpg 705w\" sizes=\"(max-width: 804px) 100vw, 804px\" \/><\/div><\/div><\/div>\n\n<style type=\"text\/css\" data-created_by=\"avia_inline_auto\" id=\"style-css-av-av_heading-53d2061a87229875b24144f9abcfb835\">\n#top .av-special-heading.av-av_heading-53d2061a87229875b24144f9abcfb835{\npadding-bottom:10px;\n}\nbody .av-special-heading.av-av_heading-53d2061a87229875b24144f9abcfb835 .av-special-heading-tag .heading-char{\nfont-size:25px;\n}\n.av-special-heading.av-av_heading-53d2061a87229875b24144f9abcfb835 .av-subheading{\nfont-size:15px;\n}\n<\/style>\n<div  class='av-special-heading av-av_heading-53d2061a87229875b24144f9abcfb835 av-special-heading-h2 blockquote modern-quote  avia-builder-el-1  el_after_av_image  el_before_av_hr '><h2 class='av-special-heading-tag '  itemprop=\"headline\"  >T 40 KIT<\/h2><div class=\"special-heading-border\"><div class=\"special-heading-inner-border\"><\/div><\/div><\/div>\n\n<style type=\"text\/css\" data-created_by=\"avia_inline_auto\" id=\"style-css-av-axl1pu-dfe03cd3390f5c83a59767398bcd7f48\">\n#top .hr.av-axl1pu-dfe03cd3390f5c83a59767398bcd7f48{\nmargin-top:0;\nmargin-bottom:0;\n}\n.hr.av-axl1pu-dfe03cd3390f5c83a59767398bcd7f48 .hr-inner{\nwidth:26px;\nborder-color:#ffb716;\n}\n<\/style>\n<div  class='hr av-axl1pu-dfe03cd3390f5c83a59767398bcd7f48 hr-custom  avia-builder-el-2  el_after_av_heading  el_before_av_two_third  hr-left hr-icon-no'><span class='hr-inner inner-border-av-border-fat'><span class=\"hr-inner-style\"><\/span><\/span><\/div>\n\n<style type=\"text\/css\" data-created_by=\"avia_inline_auto\" id=\"style-css-av-9n93f6-3a76e0f4a41730cf8608f125c14f8325\">\n.flex_column.av-9n93f6-3a76e0f4a41730cf8608f125c14f8325{\nborder-radius:0px 0px 0px 0px;\npadding:0px 0px 0px 0px;\n}\n<\/style>\n<div  class='flex_column av-9n93f6-3a76e0f4a41730cf8608f125c14f8325 av_two_third  avia-builder-el-3  el_after_av_hr  el_before_av_one_third  first flex_column_div av-zero-column-padding  '     ><section  class='av_textblock_section av-70r6aa-1a493b7699a07c27378b5726b011d3d9 '   itemscope=\"itemscope\" itemtype=\"https:\/\/schema.org\/CreativeWork\" ><div class='avia_textblock'  itemprop=\"text\" ><p><b>Produkt nr: 4020000<\/b><br \/>\nDette er et komplett KIT for montering p\u00e5 alle typer trucker som har plass p\u00e5 skjerm, dette kan ogs\u00e5 benyttes for montering p\u00e5 spesialkj\u00f8ret\u00f8yer som eks. brannbiler og redningsbiler. Kittet inneholder v\u00e5r T 40 modell med kapasitet p\u00e5 40 liter. F\u00f8reren kan enkelt og effektivt styre sandstr\u00f8eren fra kj\u00f8ret\u00f8yets instrumentpanel, og kan uavhengig str\u00f8 ut en passende mengde sand p\u00e5 hver side av kj\u00f8ret\u00f8yet. Inkludert i kittet er fire monteringsbraketter, str\u00f8kasser for h\u00f8yre og venstre side, en controllbox med sikringer og rel\u00e8 for drift av motor og varme, samt et Carling brytersett. Sandstr\u00f8erene drives av en elektrisk motor og sanden varmes opp av et varmeelement. anbefalt sand for bruk: 4-8 mm. Sandsprederen er montert opp\u00e5 skjemen eller foran drivhjulene p\u00e5 trucker og andre kj\u00f8ret\u00f8yer. Vekt for pr. sandstr\u00f8er uten sand er 35 kg.<\/p>\n<p><strong>Tekniske data:<\/strong><br \/>\nKasse: Rustfritt st\u00e5l 2 mm<br \/>\nTopp\/luke: Rustfritt st\u00e5l 2 mm<br \/>\nFestebrakett: Galvanisert st\u00e5l 8 mm<br \/>\nMotor: 24 volt\/60 watt pr. kasse<br \/>\nVarme: 24 volt\/140 watt pr. kasse<br \/>\nVekt, kasse: 35 kg (eksl. sand og feste)<br \/>\nSandtype: 4-8 mm knust grus\/sand<br \/>\nStr\u00f8tid: 2-3 min<br \/>\nStr\u00f8lengde: 700-1000 m<\/p>\n<\/div><\/section><\/div>\n\n<style type=\"text\/css\" data-created_by=\"avia_inline_auto\" id=\"style-css-av-n5s9u-f1003e98db85fa920d41c5a1aae9c3c7\">\n.flex_column.av-n5s9u-f1003e98db85fa920d41c5a1aae9c3c7{\nborder-radius:0px 0px 0px 0px;\npadding:0px 0px 0px 0px;\n}\n<\/style>\n<div  class='flex_column av-n5s9u-f1003e98db85fa920d41c5a1aae9c3c7 av_one_third  avia-builder-el-5  el_after_av_two_third  el_before_av_gallery  flex_column_div av-zero-column-padding  '     ><section  class='av_textblock_section av-4m5oci-a48731476b265e42fe9fec2113f52f31 '   itemscope=\"itemscope\" itemtype=\"https:\/\/schema.org\/CreativeWork\" ><div class='avia_textblock'  itemprop=\"text\" ><p><b>M\u00e5l T 40:<\/b><\/p>\n<p><img loading=\"lazy\" decoding=\"async\" class=\"alignnone size-full wp-image-717\" src=\"http:\/\/www.autoline.no\/wp-content\/uploads\/2016\/12\/t40-teknisk.jpg\" alt=\"t40-teknisk\" width=\"620\" height=\"717\" srcset=\"https:\/\/www.autoline.no\/wp-content\/uploads\/2016\/12\/t40-teknisk.jpg 620w, https:\/\/www.autoline.no\/wp-content\/uploads\/2016\/12\/t40-teknisk-450x520.jpg 450w, https:\/\/www.autoline.no\/wp-content\/uploads\/2016\/12\/t40-teknisk-259x300.jpg 259w, https:\/\/www.autoline.no\/wp-content\/uploads\/2016\/12\/t40-teknisk-610x705.jpg 610w\" sizes=\"auto, (max-width: 620px) 100vw, 620px\" \/><\/p>\n<p>B: 310 mm<br \/>\nD: 300 mm<br \/>\nH: 550 mm<br \/>\nP: 500 mm<br \/>\nQ: 260 mm<\/p>\n<p><a href=\"http:\/\/www.autoline.no\/products\/parts\/\">Deler<\/a><br \/>\n<a href=\"https:\/\/www.dropbox.com\/s\/cycfv55708he69b\/4000000_3.stp?dl=0\">CAD-tegning T40<\/a><\/p>\n<\/div><\/section><\/div>\n<style type=\"text\/css\" data-created_by=\"avia_inline_auto\" id=\"style-css-av-2k2pjm-5c7710af3989507c58e71d38da15f35a\">\n#top .avia-gallery.av-2k2pjm-5c7710af3989507c58e71d38da15f35a .avia-gallery-thumb a{\nwidth:50%;\n}\n<\/style>\n<div  class='avia-gallery av-2k2pjm-5c7710af3989507c58e71d38da15f35a avia_animate_when_visible  avia-builder-el-7  el_after_av_one_third  avia-builder-el-last  avia_lazyload avia-gallery-animate avia-gallery-1'  itemprop=\"image\" itemscope=\"itemscope\" itemtype=\"https:\/\/schema.org\/ImageObject\" ><meta itemprop=\"contentURL\" content=\"https:\/\/www.autoline.no\/en\/product\/4020000-t-40-kit\/\"><div class='avia-gallery-thumb'><a href=\"https:\/\/www.autoline.no\/wp-content\/uploads\/2016\/12\/Truck_t40_2.jpg\" data-srcset=\"https:\/\/www.autoline.no\/wp-content\/uploads\/2016\/12\/Truck_t40_2.jpg 640w, https:\/\/www.autoline.no\/wp-content\/uploads\/2016\/12\/Truck_t40_2-450x338.jpg 450w, https:\/\/www.autoline.no\/wp-content\/uploads\/2016\/12\/Truck_t40_2-300x225.jpg 300w\" data-sizes=\"(max-width: 640px) 100vw, 640px\" data-rel='gallery-1' data-prev-img='https:\/\/www.autoline.no\/wp-content\/uploads\/2016\/12\/Truck_t40_2-495x400.jpg' class='first_thumb lightbox ' data-onclick='1' title='truck_t40_2'  itemprop=\"thumbnailUrl\"  ><img decoding=\"async\" fetchpriority=\"high\" class=\"wp-image-721 avia-img-lazy-loading-not-721\"   src=\"https:\/\/www.autoline.no\/wp-content\/uploads\/2016\/12\/Truck_t40_2-495x400.jpg\" width=\"495\" height=\"400\"  title='truck_t40_2' alt='' \/><div class='big-prev-fake'><img decoding=\"async\" loading=\"lazy\" class=\"wp-image-721 avia-img-lazy-loading-721\"  width=\"495\" height=\"400\" src=\"https:\/\/www.autoline.no\/wp-content\/uploads\/2016\/12\/Truck_t40_2-495x400.jpg\" title='truck_t40_2' alt='' \/><\/div><\/a><a href=\"https:\/\/www.autoline.no\/wp-content\/uploads\/2016\/12\/Truck_t40_1.jpg\" data-srcset=\"https:\/\/www.autoline.no\/wp-content\/uploads\/2016\/12\/Truck_t40_1.jpg 768w, https:\/\/www.autoline.no\/wp-content\/uploads\/2016\/12\/Truck_t40_1-450x338.jpg 450w, https:\/\/www.autoline.no\/wp-content\/uploads\/2016\/12\/Truck_t40_1-300x225.jpg 300w, https:\/\/www.autoline.no\/wp-content\/uploads\/2016\/12\/Truck_t40_1-705x529.jpg 705w\" data-sizes=\"(max-width: 768px) 100vw, 768px\" data-rel='gallery-1' data-prev-img='https:\/\/www.autoline.no\/wp-content\/uploads\/2016\/12\/Truck_t40_1-495x400.jpg' class='lightbox ' data-onclick='2' title='truck_t40_1'  itemprop=\"thumbnailUrl\"  ><img decoding=\"async\" fetchpriority=\"high\" class=\"wp-image-720 avia-img-lazy-loading-not-720\"   src=\"https:\/\/www.autoline.no\/wp-content\/uploads\/2016\/12\/Truck_t40_1-495x400.jpg\" width=\"495\" height=\"400\"  title='truck_t40_1' alt='' \/><div class='big-prev-fake'><img decoding=\"async\" loading=\"lazy\" class=\"wp-image-720 avia-img-lazy-loading-720\"  width=\"495\" height=\"400\" src=\"https:\/\/www.autoline.no\/wp-content\/uploads\/2016\/12\/Truck_t40_1-495x400.jpg\" title='truck_t40_1' alt='' \/><\/div><\/a><a href=\"https:\/\/www.autoline.no\/wp-content\/uploads\/2016\/12\/P1000963_72dpi.jpg\" data-srcset=\"https:\/\/www.autoline.no\/wp-content\/uploads\/2016\/12\/P1000963_72dpi.jpg 820w, https:\/\/www.autoline.no\/wp-content\/uploads\/2016\/12\/P1000963_72dpi-450x338.jpg 450w, https:\/\/www.autoline.no\/wp-content\/uploads\/2016\/12\/P1000963_72dpi-300x225.jpg 300w, https:\/\/www.autoline.no\/wp-content\/uploads\/2016\/12\/P1000963_72dpi-768x576.jpg 768w, https:\/\/www.autoline.no\/wp-content\/uploads\/2016\/12\/P1000963_72dpi-705x529.jpg 705w\" data-sizes=\"(max-width: 820px) 100vw, 820px\" data-rel='gallery-1' data-prev-img='https:\/\/www.autoline.no\/wp-content\/uploads\/2016\/12\/P1000963_72dpi-495x400.jpg' class='first_thumb lightbox ' data-onclick='3' title='p1000963_72dpi'  itemprop=\"thumbnailUrl\"  ><img decoding=\"async\" fetchpriority=\"high\" class=\"wp-image-719 avia-img-lazy-loading-not-719\"   src=\"https:\/\/www.autoline.no\/wp-content\/uploads\/2016\/12\/P1000963_72dpi-495x400.jpg\" width=\"495\" height=\"400\"  title='p1000963_72dpi' alt='' \/><div class='big-prev-fake'><img decoding=\"async\" loading=\"lazy\" class=\"wp-image-719 avia-img-lazy-loading-719\"  width=\"495\" height=\"400\" src=\"https:\/\/www.autoline.no\/wp-content\/uploads\/2016\/12\/P1000963_72dpi-495x400.jpg\" title='p1000963_72dpi' alt='' \/><\/div><\/a><a href=\"https:\/\/www.autoline.no\/wp-content\/uploads\/2016\/12\/P1000956_72dpi.jpg\" data-srcset=\"https:\/\/www.autoline.no\/wp-content\/uploads\/2016\/12\/P1000956_72dpi.jpg 819w, https:\/\/www.autoline.no\/wp-content\/uploads\/2016\/12\/P1000956_72dpi-450x337.jpg 450w, https:\/\/www.autoline.no\/wp-content\/uploads\/2016\/12\/P1000956_72dpi-300x225.jpg 300w, https:\/\/www.autoline.no\/wp-content\/uploads\/2016\/12\/P1000956_72dpi-768x576.jpg 768w, https:\/\/www.autoline.no\/wp-content\/uploads\/2016\/12\/P1000956_72dpi-705x529.jpg 705w\" data-sizes=\"(max-width: 819px) 100vw, 819px\" data-rel='gallery-1' data-prev-img='https:\/\/www.autoline.no\/wp-content\/uploads\/2016\/12\/P1000956_72dpi-495x400.jpg' class='lightbox ' data-onclick='4' title='p1000956_72dpi'  itemprop=\"thumbnailUrl\"  ><img decoding=\"async\" fetchpriority=\"high\" class=\"wp-image-718 avia-img-lazy-loading-not-718\"   src=\"https:\/\/www.autoline.no\/wp-content\/uploads\/2016\/12\/P1000956_72dpi-495x400.jpg\" width=\"495\" height=\"400\"  title='p1000956_72dpi' alt='' \/><div class='big-prev-fake'><img decoding=\"async\" loading=\"lazy\" class=\"wp-image-718 avia-img-lazy-loading-718\"  width=\"495\" height=\"400\" src=\"https:\/\/www.autoline.no\/wp-content\/uploads\/2016\/12\/P1000956_72dpi-495x400.jpg\" title='p1000956_72dpi' alt='' \/><\/div><\/a><\/div><\/div><\/p>\n","protected":false},"excerpt":{"rendered":"<p><b>Produkt nr: 4020000<\/b><br \/>\nDette er et komplett KIT for montering p\u00e5 alle typer trucker som har plass p\u00e5 skjerm, dette kan ogs\u00e5 benyttes for montering p\u00e5 spesialkj\u00f8ret\u00f8yer som eks. brannbiler og redningsbiler. Kittet inneholder v\u00e5r T 40 modell med kapasitet p\u00e5 40 liter.<\/p>\n","protected":false},"featured_media":2288,"comment_status":"open","ping_status":"closed","template":"","meta":{"_acf_changed":false,"_links_to":"","_links_to_target":""},"product_brand":[],"product_cat":[50],"product_tag":[],"class_list":{"0":"post-3358","1":"product","2":"type-product","3":"status-publish","4":"has-post-thumbnail","6":"product_cat-t-40-complete-mounting-kit","8":"first","9":"instock","10":"shipping-taxable","11":"purchasable","12":"product-type-simple"},"acf":[],"_links":{"self":[{"href":"https:\/\/www.autoline.no\/en\/wp-json\/wp\/v2\/product\/3358","targetHints":{"allow":["GET"]}}],"collection":[{"href":"https:\/\/www.autoline.no\/en\/wp-json\/wp\/v2\/product"}],"about":[{"href":"https:\/\/www.autoline.no\/en\/wp-json\/wp\/v2\/types\/product"}],"replies":[{"embeddable":true,"href":"https:\/\/www.autoline.no\/en\/wp-json\/wp\/v2\/comments?post=3358"}],"wp:featuredmedia":[{"embeddable":true,"href":"https:\/\/www.autoline.no\/en\/wp-json\/wp\/v2\/media\/2288"}],"wp:attachment":[{"href":"https:\/\/www.autoline.no\/en\/wp-json\/wp\/v2\/media?parent=3358"}],"wp:term":[{"taxonomy":"product_brand","embeddable":true,"href":"https:\/\/www.autoline.no\/en\/wp-json\/wp\/v2\/product_brand?post=3358"},{"taxonomy":"product_cat","embeddable":true,"href":"https:\/\/www.autoline.no\/en\/wp-json\/wp\/v2\/product_cat?post=3358"},{"taxonomy":"product_tag","embeddable":true,"href":"https:\/\/www.autoline.no\/en\/wp-json\/wp\/v2\/product_tag?post=3358"}],"curies":[{"name":"wp","href":"https:\/\/api.w.org\/{rel}","templated":true}]}}