{"id":3804,"date":"2021-09-27T13:22:23","date_gmt":"2021-09-27T12:22:24","guid":{"rendered":"https:\/\/www.autoline.no\/?post_type=product&#038;p=3804"},"modified":"2022-01-18T09:59:30","modified_gmt":"2022-01-18T08:59:30","slug":"7020219-v70-factory-scania-kit","status":"publish","type":"product","link":"https:\/\/www.autoline.no\/de\/product\/7020219-v70-factory-scania-kit\/","title":{"rendered":"7020219 V70 Factory Scania KIT"},"content":{"rendered":"\n<style type=\"text\/css\" data-created_by=\"avia_inline_auto\" id=\"style-css-av-1euipf-2d37367994489bf8c746c3b4d44f18c7\">\n.avia-image-container.av-1euipf-2d37367994489bf8c746c3b4d44f18c7 img.avia_image{\nbox-shadow:none;\n}\n.avia-image-container.av-1euipf-2d37367994489bf8c746c3b4d44f18c7 .av-image-caption-overlay-center{\ncolor:#ffffff;\n}\n<\/style>\n<div  class='avia-image-container av-1euipf-2d37367994489bf8c746c3b4d44f18c7 av-styling- avia-align-center  avia-builder-el-0  el_before_av_heading  avia-builder-el-first '   itemprop=\"image\" itemscope=\"itemscope\" itemtype=\"https:\/\/schema.org\/ImageObject\" ><div class=\"avia-image-container-inner\"><div class=\"avia-image-overlay-wrap\"><img decoding=\"async\" fetchpriority=\"high\" class='wp-image-2701 avia-img-lazy-loading-not-2701 avia_image ' src=\"https:\/\/www.autoline.no\/wp-content\/uploads\/2020\/02\/d66_productimage_mainfront.jpg\" alt='' title='d66_productimage_mainfront'  height=\"488\" width=\"650\"  itemprop=\"thumbnailUrl\" srcset=\"https:\/\/www.autoline.no\/wp-content\/uploads\/2020\/02\/d66_productimage_mainfront.jpg 650w, https:\/\/www.autoline.no\/wp-content\/uploads\/2020\/02\/d66_productimage_mainfront-300x225.jpg 300w, https:\/\/www.autoline.no\/wp-content\/uploads\/2020\/02\/d66_productimage_mainfront-450x338.jpg 450w\" sizes=\"(max-width: 650px) 100vw, 650px\" \/><\/div><\/div><\/div>\n\n<style type=\"text\/css\" data-created_by=\"avia_inline_auto\" id=\"style-css-av-kyjvnexq-4bb7a663f843662987083cec2680b339\">\n#top .av-special-heading.av-kyjvnexq-4bb7a663f843662987083cec2680b339{\npadding-bottom:10px;\n}\nbody .av-special-heading.av-kyjvnexq-4bb7a663f843662987083cec2680b339 .av-special-heading-tag .heading-char{\nfont-size:25px;\n}\n.av-special-heading.av-kyjvnexq-4bb7a663f843662987083cec2680b339 .av-subheading{\nfont-size:15px;\n}\n<\/style>\n<div  class='av-special-heading av-kyjvnexq-4bb7a663f843662987083cec2680b339 av-special-heading-h2 blockquote modern-quote  avia-builder-el-1  el_after_av_image  el_before_av_hr '><h2 class='av-special-heading-tag '  itemprop=\"headline\"  >V 70 Factory Scania KIT<\/h2><div class=\"special-heading-border\"><div class=\"special-heading-inner-border\"><\/div><\/div><\/div>\n\n<style type=\"text\/css\" data-created_by=\"avia_inline_auto\" id=\"style-css-av-3uo2j-24a8da72435786729682cb02d8482223\">\n#top .hr.av-3uo2j-24a8da72435786729682cb02d8482223{\nmargin-top:0;\nmargin-bottom:0;\n}\n.hr.av-3uo2j-24a8da72435786729682cb02d8482223 .hr-inner{\nwidth:26px;\nborder-color:#ffb716;\n}\n<\/style>\n<div  class='hr av-3uo2j-24a8da72435786729682cb02d8482223 hr-custom  avia-builder-el-2  el_after_av_heading  el_before_av_two_third  hr-left hr-icon-no'><span class='hr-inner inner-border-av-border-fat'><span class=\"hr-inner-style\"><\/span><\/span><\/div>\n\n<style type=\"text\/css\" data-created_by=\"avia_inline_auto\" id=\"style-css-av-y2i3v-1695ad6af2c03349f25ff9414755ada6\">\n.flex_column.av-y2i3v-1695ad6af2c03349f25ff9414755ada6{\nborder-radius:0px 0px 0px 0px;\npadding:0px 0px 0px 0px;\n}\n<\/style>\n<div  class='flex_column av-y2i3v-1695ad6af2c03349f25ff9414755ada6 av_two_third  avia-builder-el-3  el_after_av_hr  el_before_av_one_third  first flex_column_div av-zero-column-padding  '     ><section  class='av_textblock_section av-2ieez-58fcefbe737dde9bcdcc438fdda1d29a '   itemscope=\"itemscope\" itemtype=\"https:\/\/schema.org\/CreativeWork\" ><div class='avia_textblock'  itemprop=\"text\" ><p><strong>Produkt-Nr.: 7020219<\/strong><br \/>\nDies ist ein komplettes Sandstreuer-Set mit dem Modell V 70. Das Set enth\u00e4lt unser Modell V 70, das bei Autos und Bussen mit begrenztem Platz zum Einbau vor Antriebsr\u00e4dern verwendet wird und mit anderen Modellen kombiniert werden kann. Der Fahrer kann den Sandstreuer einfach und effizient vom Armaturenbrett des Fahrzeugs aus steuern und auf jeder Seite des Fahrzeugs unabh\u00e4ngig voneinander eine angemessene Menge Sand ausbringen. Im Bausatz enthalten sind vier Halterungen, Sandstreuer f\u00fcr die rechte und linke Seite, ein Schaltkasten mit Sicherungen und ein Relais f\u00fcr Motor- und Heizungsbetrieb. Die Sandstreuer werden von einem Elektromotor angetrieben und der Sand wird durch ein Heizelement erhitzt. Empfohlener Sand f\u00fcr die Verwendung: 4-8 mm. Der Sandstreuer wird bei LKWs vor den Antriebsr\u00e4dern montiert. Gewicht f\u00fcr Pr. Sandstreuung ohne Sand betr\u00e4gt 40 kg.<\/p>\n<p><strong>Inhalt:<\/strong><br \/>\n<a href=\"https:\/\/www.autoline.no\/de\/product\/v-70-sand-spreader\/\">1 x V70 f\u00fcr den Anbau an der rechten Seite<\/a><br \/>\n<a href=\"https:\/\/www.autoline.no\/de\/product\/7000002-v-70-sandstreuer-links\/\">1 x V70 f\u00fcr den Anbau an der linken Seite<\/a><br \/>\n<a href=\"https:\/\/www.autoline.no\/de\/product\/standard-bracket\/\">2 x Autoline Universal Halterung<\/a><br \/>\n<a href=\"https:\/\/www.autoline.no\/de\/product\/bracket-scania-left-side\/\">2 x Scania Halterung<\/a><br \/>\n<a href=\"https:\/\/www.autoline.no\/de\/product\/controlbox-2224\/\">1 x Kontrollkasten ESS 2224, 6m kabel<\/a><br \/>\n<a href=\"https:\/\/www.autoline.no\/de\/product\/scania-r-pb-contact-switch-icl2\/\">1 x Scania doppelt kontakt switch ICL2 NTG<\/a><\/p>\n<p><strong>Technische Daten:<\/strong><br \/>\nKasten: Edelstahl 2 mm<br \/>\nDeckel \/ Luke: Edelstahl 2 mm<br \/>\nBefestigungsb\u00fcgel: Verzinkter Stahl 8 mm<br \/>\nMotor: 24 Volt \/ 60 Watt pr. Kasten<br \/>\nHitze: 24 Volt \/ 140 Watt pro. Kasten<br \/>\nGewicht Karton: 40 kg (exkl. Sand und Aufsatz)<br \/>\nSandart: 4-8 mm gebrochener Kies \/ Sand<br \/>\nStreichzeit: 2-3 min<br \/>\nSpreizl\u00e4nge: 700-1000 m<\/p>\n<\/div><\/section><\/div>\n<style type=\"text\/css\" data-created_by=\"avia_inline_auto\" id=\"style-css-av-l4o1n-f3790b3494cd33559aa3feb8a630d452\">\n.flex_column.av-l4o1n-f3790b3494cd33559aa3feb8a630d452{\nborder-radius:0px 0px 0px 0px;\npadding:0px 0px 0px 0px;\n}\n<\/style>\n<div  class='flex_column av-l4o1n-f3790b3494cd33559aa3feb8a630d452 av_one_third  avia-builder-el-5  el_after_av_two_third  el_before_av_gallery  flex_column_div av-zero-column-padding  '     ><section  class='av_textblock_section av-hfps3-69f56aefc7ed7412efcab29935618cdc '   itemscope=\"itemscope\" itemtype=\"https:\/\/schema.org\/CreativeWork\" ><div class='avia_textblock'  itemprop=\"text\" ><p><b>Abmessungen V 70:<\/b><\/p>\n<p><b><\/b><img loading=\"lazy\" decoding=\"async\" class=\"alignnone wp-image-2223 size-full\" src=\"https:\/\/www.autoline.no\/wp-content\/uploads\/2016\/12\/v70-teknisk.jpg\" alt=\"\" width=\"620\" height=\"717\" srcset=\"https:\/\/www.autoline.no\/wp-content\/uploads\/2016\/12\/v70-teknisk.jpg 620w, https:\/\/www.autoline.no\/wp-content\/uploads\/2016\/12\/v70-teknisk-450x520.jpg 450w, https:\/\/www.autoline.no\/wp-content\/uploads\/2016\/12\/v70-teknisk-259x300.jpg 259w, https:\/\/www.autoline.no\/wp-content\/uploads\/2016\/12\/v70-teknisk-610x705.jpg 610w\" sizes=\"auto, (max-width: 620px) 100vw, 620px\" \/><\/p>\n<p>A: 670 mm<br \/>\nB: 310 mm<br \/>\nC: 290 mm<br \/>\nE: 150 mm<br \/>\nG: 160 mm<br \/>\nH: 550 mm<br \/>\nJ: 660 mm Gesamth\u00f6he<\/p>\n<p><a href=\"https:\/\/www.autoline.no\/de\/products\/parts\/\">Teile<\/a><br \/>\n<a href=\"https:\/\/www.autoline.no\/wp-content\/uploads\/2016\/12\/CADDrawing-V70.zip\">CAD-Zeichnung V70<\/a><\/p>\n<\/div><\/section><\/div>\n<style type=\"text\/css\" data-created_by=\"avia_inline_auto\" id=\"style-css-av-bj0df-e79516eb2129266a691ea85a62f197ea\">\n#top .avia-gallery.av-bj0df-e79516eb2129266a691ea85a62f197ea .avia-gallery-thumb a{\nwidth:50%;\n}\n<\/style>\n<div  class='avia-gallery av-bj0df-e79516eb2129266a691ea85a62f197ea avia_animate_when_visible  avia-builder-el-7  el_after_av_one_third  avia-builder-el-last  avia_lazyload avia-gallery-animate avia-gallery-1'  itemprop=\"image\" itemscope=\"itemscope\" itemtype=\"https:\/\/schema.org\/ImageObject\" ><meta itemprop=\"contentURL\" content=\"https:\/\/www.autoline.no\/de\/product\/7020219-v70-factory-scania-kit\/\"><div class='avia-gallery-thumb'><a href=\"https:\/\/www.autoline.no\/wp-content\/uploads\/2016\/12\/Y60_montert.jpg\" data-srcset=\"https:\/\/www.autoline.no\/wp-content\/uploads\/2016\/12\/Y60_montert.jpg 600w, https:\/\/www.autoline.no\/wp-content\/uploads\/2016\/12\/Y60_montert-450x478.jpg 450w, https:\/\/www.autoline.no\/wp-content\/uploads\/2016\/12\/Y60_montert-283x300.jpg 283w\" data-sizes=\"(max-width: 600px) 100vw, 600px\" data-rel='gallery-1' data-prev-img='https:\/\/www.autoline.no\/wp-content\/uploads\/2016\/12\/Y60_montert-495x400.jpg' class='first_thumb lightbox ' data-onclick='1' title='y60_montert'  itemprop=\"thumbnailUrl\"  ><img decoding=\"async\" fetchpriority=\"high\" class=\"wp-image-2229 avia-img-lazy-loading-not-2229\"   src=\"https:\/\/www.autoline.no\/wp-content\/uploads\/2016\/12\/Y60_montert-495x400.jpg\" width=\"495\" height=\"400\"  title='y60_montert' alt='' \/><div class='big-prev-fake'><img decoding=\"async\" loading=\"lazy\" class=\"wp-image-2229 avia-img-lazy-loading-2229\"  width=\"495\" height=\"400\" src=\"https:\/\/www.autoline.no\/wp-content\/uploads\/2016\/12\/Y60_montert-495x400.jpg\" title='y60_montert' alt='' \/><\/div><\/a><\/div><\/div><\/p>\n","protected":false},"excerpt":{"rendered":"<p><strong>Produkt-Nr.: 7020219<\/strong><br \/>\nDies ist ein komplettes Sandstreuer-Set mit dem Modell V 70. Das Set enth\u00e4lt unser Modell V 70, das bei Autos und Bussen mit begrenztem Platz zum Einbau vor Antriebsr\u00e4dern verwendet wird und mit anderen Modellen kombiniert werden kann.<\/p>\n","protected":false},"featured_media":2701,"comment_status":"open","ping_status":"closed","template":"","meta":{"_acf_changed":false,"_links_to":"","_links_to_target":""},"product_brand":[],"product_cat":[33],"product_tag":[],"class_list":{"0":"post-3804","1":"product","2":"type-product","3":"status-publish","4":"has-post-thumbnail","6":"product_cat-uncategorized","8":"first","9":"instock","10":"shipping-taxable","11":"purchasable","12":"product-type-simple"},"acf":[],"_links":{"self":[{"href":"https:\/\/www.autoline.no\/de\/wp-json\/wp\/v2\/product\/3804","targetHints":{"allow":["GET"]}}],"collection":[{"href":"https:\/\/www.autoline.no\/de\/wp-json\/wp\/v2\/product"}],"about":[{"href":"https:\/\/www.autoline.no\/de\/wp-json\/wp\/v2\/types\/product"}],"replies":[{"embeddable":true,"href":"https:\/\/www.autoline.no\/de\/wp-json\/wp\/v2\/comments?post=3804"}],"wp:featuredmedia":[{"embeddable":true,"href":"https:\/\/www.autoline.no\/de\/wp-json\/wp\/v2\/media\/2701"}],"wp:attachment":[{"href":"https:\/\/www.autoline.no\/de\/wp-json\/wp\/v2\/media?parent=3804"}],"wp:term":[{"taxonomy":"product_brand","embeddable":true,"href":"https:\/\/www.autoline.no\/de\/wp-json\/wp\/v2\/product_brand?post=3804"},{"taxonomy":"product_cat","embeddable":true,"href":"https:\/\/www.autoline.no\/de\/wp-json\/wp\/v2\/product_cat?post=3804"},{"taxonomy":"product_tag","embeddable":true,"href":"https:\/\/www.autoline.no\/de\/wp-json\/wp\/v2\/product_tag?post=3804"}],"curies":[{"name":"wp","href":"https:\/\/api.w.org\/{rel}","templated":true}]}}