{"id":3732,"date":"2021-06-07T12:58:09","date_gmt":"2021-06-07T11:58:09","guid":{"rendered":"https:\/\/www.autoline.no\/?post_type=product&#038;p=3732"},"modified":"2022-01-18T13:13:45","modified_gmt":"2022-01-18T12:13:45","slug":"9520115-s90-c50-builder-volvo-split-kit","status":"publish","type":"product","link":"https:\/\/www.autoline.no\/de\/product\/9520115-s90-c50-builder-volvo-split-kit\/","title":{"rendered":"9520115 S90-C50 Builder Volvo split KIT"},"content":{"rendered":"\n<style type=\"text\/css\" data-created_by=\"avia_inline_auto\" id=\"style-css-av-7wbe8w-10ee27722875b597d74c449f71f9c01d\">\n.flex_column.av-7wbe8w-10ee27722875b597d74c449f71f9c01d{\nborder-radius:0px 0px 0px 0px;\npadding:0px 0px 0px 0px;\n}\n<\/style>\n<div  class='flex_column av-7wbe8w-10ee27722875b597d74c449f71f9c01d av_one_full  avia-builder-el-0  el_before_av_hr  avia-builder-el-first  first flex_column_div av-zero-column-padding  '     ><style type=\"text\/css\" data-created_by=\"avia_inline_auto\" id=\"style-css-av-k66dwcgl-33a51ed28a31c46e5d4cbb1ab545793f\">\n.avia-image-container.av-k66dwcgl-33a51ed28a31c46e5d4cbb1ab545793f img.avia_image{\nbox-shadow:none;\n}\n.avia-image-container.av-k66dwcgl-33a51ed28a31c46e5d4cbb1ab545793f .av-image-caption-overlay-center{\ncolor:#ffffff;\n}\n<\/style>\n<div  class='avia-image-container av-k66dwcgl-33a51ed28a31c46e5d4cbb1ab545793f av-styling- av-hover-grow avia-align-center  avia-builder-el-1  avia-builder-el-no-sibling '   itemprop=\"image\" itemscope=\"itemscope\" itemtype=\"https:\/\/schema.org\/ImageObject\" ><div class=\"avia-image-container-inner\"><div class=\"avia-image-overlay-wrap\"><img decoding=\"async\" fetchpriority=\"high\" class='wp-image-3736 avia-img-lazy-loading-not-3736 avia_image ' src=\"https:\/\/www.autoline.no\/wp-content\/uploads\/2021\/06\/splitKITvolvo.jpg\" alt='' title='splitKITvolvo'  height=\"488\" width=\"734\"  itemprop=\"thumbnailUrl\" srcset=\"https:\/\/www.autoline.no\/wp-content\/uploads\/2021\/06\/splitKITvolvo.jpg 734w, https:\/\/www.autoline.no\/wp-content\/uploads\/2021\/06\/splitKITvolvo-300x199.jpg 300w, https:\/\/www.autoline.no\/wp-content\/uploads\/2021\/06\/splitKITvolvo-705x469.jpg 705w, https:\/\/www.autoline.no\/wp-content\/uploads\/2021\/06\/splitKITvolvo-450x299.jpg 450w\" sizes=\"(max-width: 734px) 100vw, 734px\" \/><\/div><\/div><\/div><\/div><div  class='hr av-dd0u8-5fd534089cd243ad1f6cbae8014dcab0 hr-default  avia-builder-el-2  el_after_av_one_full  el_before_av_heading '><span class='hr-inner '><span class=\"hr-inner-style\"><\/span><\/span><\/div><\/p>\n\n<style type=\"text\/css\" data-created_by=\"avia_inline_auto\" id=\"style-css-av-kyk2ju3d-9ee3e99692ba2f63c41d002a2fc51809\">\n#top .av-special-heading.av-kyk2ju3d-9ee3e99692ba2f63c41d002a2fc51809{\npadding-bottom:10px;\n}\nbody .av-special-heading.av-kyk2ju3d-9ee3e99692ba2f63c41d002a2fc51809 .av-special-heading-tag .heading-char{\nfont-size:25px;\n}\n.av-special-heading.av-kyk2ju3d-9ee3e99692ba2f63c41d002a2fc51809 .av-subheading{\nfont-size:15px;\n}\n<\/style>\n<div  class='av-special-heading av-kyk2ju3d-9ee3e99692ba2f63c41d002a2fc51809 av-special-heading-h2 blockquote modern-quote  avia-builder-el-3  el_after_av_hr  el_before_av_hr '><h2 class='av-special-heading-tag '  itemprop=\"headline\"  >S90 &#8211; C50 Builder Volvo split KIT<\/h2><div class=\"special-heading-border\"><div class=\"special-heading-inner-border\"><\/div><\/div><\/div>\n<div  class='hr av-5no0n4-55a50c556c23660ec646a1979cb3d9bb hr-default  avia-builder-el-4  el_after_av_heading  el_before_av_two_third '><span class='hr-inner '><span class=\"hr-inner-style\"><\/span><\/span><\/div>\n\n<style type=\"text\/css\" data-created_by=\"avia_inline_auto\" id=\"style-css-av-3k61f4-358db523300faa97a9b5873b0c01ffdb\">\n.flex_column.av-3k61f4-358db523300faa97a9b5873b0c01ffdb{\nborder-radius:0px 0px 0px 0px;\npadding:0px 0px 0px 0px;\n}\n<\/style>\n<div  class='flex_column av-3k61f4-358db523300faa97a9b5873b0c01ffdb av_two_third  avia-builder-el-5  el_after_av_hr  el_before_av_one_third  first flex_column_div av-zero-column-padding  '     ><section  class='av_textblock_section av-k66dulks-c8cf507c534146ea147684aad8fbc4c4 '   itemscope=\"itemscope\" itemtype=\"https:\/\/schema.org\/CreativeWork\" ><div class='avia_textblock'  itemprop=\"text\" ><p><strong>Artikel-Nr.: 9520115<\/strong><br \/>\nSandstreuer-Set f\u00fcr Volvo FH Vers 4, FM, FMX enth\u00e4lt unseren beliebtesten Sandstreuer mit einem Fassungsverm\u00f6gen von 90 Litern und 50 Litern. Der Fahrer kann den Sandstreuer einfach und effizient vom Armaturenbrett des Fahrzeugs aus steuern und selbstst\u00e4ndig eine angemessene Menge Sand holen. Die Sandstreuer k\u00f6nnen an den Volvo Canbus angeschlossen werden, was bedeutet, dass sie mit dem ABS \/ EBS-System des Fahrzeugs zusammenarbeiten. Dies erh\u00f6ht die Sicherheit, indem unter anderem der Bremsweg verk\u00fcrzt wird. Die Sandstreuer werden von einem Elektromotor angetrieben und der Sand wird durch ein Heizelement erhitzt. Empfohlener Sand f\u00fcr die Verwendung: 4-8 mm. Der Sandstreuer wird bei Lkw und Bussen vor den Antriebsr\u00e4dern montiert.<\/p>\n<p><strong>Inhalt:<\/strong><br \/>\n<a href=\"https:\/\/www.autoline.no\/de\/product\/s-90-standard-sand-spreader\/\">1 x Sandstreuer S 90<\/a><br \/>\n<a href=\"https:\/\/www.autoline.no\/de\/product\/c-50-compact-sand-spreader\/\">1 x Sandstreuer C 50<\/a><br \/>\n<a href=\"https:\/\/www.autoline.no\/de\/product\/bracket-volvo-leftright-side\/\">4 x Halterung f\u00fcr Volvo rechts \/ links<\/a><br \/>\n<a href=\"https:\/\/www.autoline.no\/de\/product\/controlbox-2224\/\">1 x Bedienfeld\/Steuerbox ESS 2224, 6m Kabel<\/a><br \/>\n<a href=\"https:\/\/www.autoline.no\/de\/product\/volvo-fh-fm-og-fmx-double-switch\/\">1 x Schalter\/Kabel Volvo FH Vers 4, FM, FMX durch Tasten geteilt<\/a><\/p>\n<p><strong>Technische Daten:<\/strong><br \/>\nGeh\u00e4use: Edelstahl 2 mm<br \/>\nDeckel \/ Luke: Edelstahl 2 mm<br \/>\nBefestigungsb\u00fcgel: Verzinkter Stahl 8 mm<br \/>\nMotor: 24 Volt \/ 60 Watt pr. Kasten<br \/>\nHitze: 24 Volt \/ 140 Watt pro. Kasten<br \/>\nGewicht Karton: 27-40 kg (exkl. Sand und Aufsatz)<br \/>\nSandart: 4-8 mm gebrochener Kies \/ Sand<br \/>\nStreichzeit: 2-3 min<br \/>\nSpreizl\u00e4nge: 700-1000 m<\/p>\n<\/div><\/section><\/div>\n<style type=\"text\/css\" data-created_by=\"avia_inline_auto\" id=\"style-css-av-2nfev4-7b7838f5c7a2e696ee026ea402bb6b09\">\n.flex_column.av-2nfev4-7b7838f5c7a2e696ee026ea402bb6b09{\nborder-radius:0px 0px 0px 0px;\npadding:0px 0px 0px 0px;\n}\n<\/style>\n<div  class='flex_column av-2nfev4-7b7838f5c7a2e696ee026ea402bb6b09 av_one_third  avia-builder-el-7  el_after_av_two_third  el_before_av_gallery  flex_column_div av-zero-column-padding  '     ><p>\n<style type=\"text\/css\" data-created_by=\"avia_inline_auto\" id=\"style-css-av-k66dxodn-f9fb61d7206ee24731e691472248f50d\">\n.avia-image-container.av-k66dxodn-f9fb61d7206ee24731e691472248f50d img.avia_image{\nbox-shadow:none;\n}\n.avia-image-container.av-k66dxodn-f9fb61d7206ee24731e691472248f50d .av-image-caption-overlay-center{\ncolor:#ffffff;\n}\n<\/style>\n<div  class='avia-image-container av-k66dxodn-f9fb61d7206ee24731e691472248f50d av-styling- avia-align-center  avia-builder-el-8  el_before_av_textblock  avia-builder-el-first '   itemprop=\"image\" itemscope=\"itemscope\" itemtype=\"https:\/\/schema.org\/ImageObject\" ><div class=\"avia-image-container-inner\"><div class=\"avia-image-overlay-wrap\"><img decoding=\"async\" fetchpriority=\"high\" class='wp-image-2218 avia-img-lazy-loading-not-2218 avia_image ' src=\"https:\/\/www.autoline.no\/wp-content\/uploads\/2016\/12\/s90-teknisk.jpg\" alt='' title='s90-teknisk'  height=\"717\" width=\"620\"  itemprop=\"thumbnailUrl\" srcset=\"https:\/\/www.autoline.no\/wp-content\/uploads\/2016\/12\/s90-teknisk.jpg 620w, https:\/\/www.autoline.no\/wp-content\/uploads\/2016\/12\/s90-teknisk-450x520.jpg 450w, https:\/\/www.autoline.no\/wp-content\/uploads\/2016\/12\/s90-teknisk-259x300.jpg 259w, https:\/\/www.autoline.no\/wp-content\/uploads\/2016\/12\/s90-teknisk-610x705.jpg 610w\" sizes=\"(max-width: 620px) 100vw, 620px\" \/><\/div><\/div><\/div><br \/>\n<section  class='av_textblock_section av-k66e0032-761184de0de4a651f8d8d8f77d943a18 '   itemscope=\"itemscope\" itemtype=\"https:\/\/schema.org\/CreativeWork\" ><div class='avia_textblock'  itemprop=\"text\" ><p>A: 670 mm<br \/>\nB: 310 mm<br \/>\nC: 290 mm<br \/>\nD: 300 mm<br \/>\nG: 160 mm<br \/>\nH: 550 mm<br \/>\nJ: 660 mm Gesamth\u00f6he<\/p>\n<p><a href=\"https:\/\/www.autoline.no\/de\/products\/parts\/\">Teile<\/a><br \/>\n<a href=\"https:\/\/www.autoline.no\/wp-content\/uploads\/2016\/12\/CADDrawing-S90.zip\">CAD-Zeichnung S 90<\/a><\/p>\n<\/div><\/section><br \/>\n\n<style type=\"text\/css\" data-created_by=\"avia_inline_auto\" id=\"style-css-av-k66dxodn-23929d8213f6127f3909566a03af4c50\">\n.avia-image-container.av-k66dxodn-23929d8213f6127f3909566a03af4c50 img.avia_image{\nbox-shadow:none;\n}\n.avia-image-container.av-k66dxodn-23929d8213f6127f3909566a03af4c50 .av-image-caption-overlay-center{\ncolor:#ffffff;\n}\n<\/style>\n<div  class='avia-image-container av-k66dxodn-23929d8213f6127f3909566a03af4c50 av-styling- avia-align-center  avia-builder-el-10  el_after_av_textblock  el_before_av_textblock '   itemprop=\"image\" itemscope=\"itemscope\" itemtype=\"https:\/\/schema.org\/ImageObject\" ><div class=\"avia-image-container-inner\"><div class=\"avia-image-overlay-wrap\"><img decoding=\"async\" fetchpriority=\"high\" class='wp-image-2242 avia-img-lazy-loading-not-2242 avia_image ' src=\"https:\/\/www.autoline.no\/wp-content\/uploads\/2016\/12\/C50-Teknisk.jpg\" alt='' title='c50-teknisk'  height=\"717\" width=\"620\"  itemprop=\"thumbnailUrl\" srcset=\"https:\/\/www.autoline.no\/wp-content\/uploads\/2016\/12\/C50-Teknisk.jpg 620w, https:\/\/www.autoline.no\/wp-content\/uploads\/2016\/12\/C50-Teknisk-450x520.jpg 450w, https:\/\/www.autoline.no\/wp-content\/uploads\/2016\/12\/C50-Teknisk-259x300.jpg 259w, https:\/\/www.autoline.no\/wp-content\/uploads\/2016\/12\/C50-Teknisk-610x705.jpg 610w\" sizes=\"(max-width: 620px) 100vw, 620px\" \/><\/div><\/div><\/div><br \/>\n<section  class='av_textblock_section av-k66e0032-761184de0de4a651f8d8d8f77d943a18 '   itemscope=\"itemscope\" itemtype=\"https:\/\/schema.org\/CreativeWork\" ><div class='avia_textblock'  itemprop=\"text\" ><p>A: 670mm<br \/>\nC: 290mm<br \/>\nF: 210mm<br \/>\nG: 160mm<br \/>\nH: 550mm<br \/>\nJ: 660mm Gesamth\u00f6he<br \/>\nL: 200mm<\/p>\n<p><a href=\"https:\/\/www.autoline.no\/de\/products\/parts\/\">Teile<\/a><br \/>\n<a href=\"https:\/\/www.autoline.no\/wp-content\/uploads\/2016\/12\/CADDrawing-C50.zip\">CAD-Zeichnung C 50<\/a><\/p>\n<\/div><\/section><\/p><\/div>\n<style type=\"text\/css\" data-created_by=\"avia_inline_auto\" id=\"style-css-av-k66e1tyz-846b5a2072c8c8bda1df20ab1902851a\">\n#top .avia-gallery.av-k66e1tyz-846b5a2072c8c8bda1df20ab1902851a .avia-gallery-thumb a{\nwidth:20%;\n}\n<\/style>\n<div  class='avia-gallery av-k66e1tyz-846b5a2072c8c8bda1df20ab1902851a avia_animate_when_visible  avia-builder-el-12  el_after_av_one_third  avia-builder-el-last  avia_lazyload avia-gallery-animate avia-gallery-1'  itemprop=\"image\" itemscope=\"itemscope\" itemtype=\"https:\/\/schema.org\/ImageObject\" ><meta itemprop=\"contentURL\" content=\"https:\/\/www.autoline.no\/de\/product\/9520115-s90-c50-builder-volvo-split-kit\/\"><div class='avia-gallery-thumb'><a href=\"https:\/\/www.autoline.no\/wp-content\/uploads\/2020\/02\/d457_productimage_2.jpg\" data-srcset=\"https:\/\/www.autoline.no\/wp-content\/uploads\/2020\/02\/d457_productimage_2.jpg 650w, https:\/\/www.autoline.no\/wp-content\/uploads\/2020\/02\/d457_productimage_2-300x225.jpg 300w, https:\/\/www.autoline.no\/wp-content\/uploads\/2020\/02\/d457_productimage_2-450x338.jpg 450w\" data-sizes=\"(max-width: 650px) 100vw, 650px\" data-rel='gallery-1' data-prev-img='https:\/\/www.autoline.no\/wp-content\/uploads\/2020\/02\/d457_productimage_2-495x400.jpg' class='first_thumb lightbox ' data-onclick='1' title='d457_productimage_2'  itemprop=\"thumbnailUrl\"  ><img decoding=\"async\" fetchpriority=\"high\" class=\"wp-image-2588 avia-img-lazy-loading-not-2588\"   src=\"https:\/\/www.autoline.no\/wp-content\/uploads\/2020\/02\/d457_productimage_2-495x400.jpg\" width=\"495\" height=\"400\"  title='d457_productimage_2' alt='' \/><div class='big-prev-fake'><img decoding=\"async\" loading=\"lazy\" class=\"wp-image-2588 avia-img-lazy-loading-2588\"  width=\"495\" height=\"400\" src=\"https:\/\/www.autoline.no\/wp-content\/uploads\/2020\/02\/d457_productimage_2-495x400.jpg\" title='d457_productimage_2' alt='' \/><\/div><\/a><a href=\"https:\/\/www.autoline.no\/wp-content\/uploads\/2020\/02\/d456_productimage_mainfront.jpg\" data-srcset=\"https:\/\/www.autoline.no\/wp-content\/uploads\/2020\/02\/d456_productimage_mainfront.jpg 650w, https:\/\/www.autoline.no\/wp-content\/uploads\/2020\/02\/d456_productimage_mainfront-300x225.jpg 300w, https:\/\/www.autoline.no\/wp-content\/uploads\/2020\/02\/d456_productimage_mainfront-450x338.jpg 450w\" data-sizes=\"(max-width: 650px) 100vw, 650px\" data-rel='gallery-1' data-prev-img='https:\/\/www.autoline.no\/wp-content\/uploads\/2020\/02\/d456_productimage_mainfront-495x400.jpg' class='lightbox ' data-onclick='2' title='d456_productimage_mainfront'  itemprop=\"thumbnailUrl\"  ><img decoding=\"async\" fetchpriority=\"high\" class=\"wp-image-2617 avia-img-lazy-loading-not-2617\"   src=\"https:\/\/www.autoline.no\/wp-content\/uploads\/2020\/02\/d456_productimage_mainfront-495x400.jpg\" width=\"495\" height=\"400\"  title='d456_productimage_mainfront' alt='' \/><div class='big-prev-fake'><img decoding=\"async\" loading=\"lazy\" class=\"wp-image-2617 avia-img-lazy-loading-2617\"  width=\"495\" height=\"400\" src=\"https:\/\/www.autoline.no\/wp-content\/uploads\/2020\/02\/d456_productimage_mainfront-495x400.jpg\" title='d456_productimage_mainfront' alt='' \/><\/div><\/a><a href=\"https:\/\/www.autoline.no\/wp-content\/uploads\/2016\/12\/S-90-standard-sand-spreader-450x450-1.jpg\" data-srcset=\"https:\/\/www.autoline.no\/wp-content\/uploads\/2016\/12\/S-90-standard-sand-spreader-450x450-1.jpg 450w, https:\/\/www.autoline.no\/wp-content\/uploads\/2016\/12\/S-90-standard-sand-spreader-450x450-1-80x80.jpg 80w, https:\/\/www.autoline.no\/wp-content\/uploads\/2016\/12\/S-90-standard-sand-spreader-450x450-1-300x300.jpg 300w, https:\/\/www.autoline.no\/wp-content\/uploads\/2016\/12\/S-90-standard-sand-spreader-450x450-1-36x36.jpg 36w, https:\/\/www.autoline.no\/wp-content\/uploads\/2016\/12\/S-90-standard-sand-spreader-450x450-1-180x180.jpg 180w, https:\/\/www.autoline.no\/wp-content\/uploads\/2016\/12\/S-90-standard-sand-spreader-450x450-1-100x100.jpg 100w\" data-sizes=\"(max-width: 450px) 100vw, 450px\" data-rel='gallery-1' data-prev-img='https:\/\/www.autoline.no\/wp-content\/uploads\/2016\/12\/S-90-standard-sand-spreader-450x450-1-450x400.jpg' class='lightbox ' data-onclick='3' title='S-90-standard-sand-spreader-450x450'  itemprop=\"thumbnailUrl\"  ><img decoding=\"async\" fetchpriority=\"high\" class=\"wp-image-2278 avia-img-lazy-loading-not-2278\"   src=\"https:\/\/www.autoline.no\/wp-content\/uploads\/2016\/12\/S-90-standard-sand-spreader-450x450-1-450x400.jpg\" width=\"450\" height=\"400\"  title='S-90-standard-sand-spreader-450x450' alt='' \/><div class='big-prev-fake'><img decoding=\"async\" loading=\"lazy\" class=\"wp-image-2278 avia-img-lazy-loading-2278\"  width=\"450\" height=\"400\" src=\"https:\/\/www.autoline.no\/wp-content\/uploads\/2016\/12\/S-90-standard-sand-spreader-450x450-1-450x400.jpg\" title='S-90-standard-sand-spreader-450x450' alt='' \/><\/div><\/a><a href=\"https:\/\/www.autoline.no\/wp-content\/uploads\/2016\/12\/s90_2-1030x687.jpg\" data-srcset=\"https:\/\/www.autoline.no\/wp-content\/uploads\/2016\/12\/s90_2-1030x687.jpg 1030w, https:\/\/www.autoline.no\/wp-content\/uploads\/2016\/12\/s90_2-450x300.jpg 450w, https:\/\/www.autoline.no\/wp-content\/uploads\/2016\/12\/s90_2-300x200.jpg 300w, https:\/\/www.autoline.no\/wp-content\/uploads\/2016\/12\/s90_2-768x512.jpg 768w, https:\/\/www.autoline.no\/wp-content\/uploads\/2016\/12\/s90_2-705x470.jpg 705w, https:\/\/www.autoline.no\/wp-content\/uploads\/2016\/12\/s90_2.jpg 1200w\" data-sizes=\"(max-width: 1030px) 100vw, 1030px\" data-rel='gallery-1' data-prev-img='https:\/\/www.autoline.no\/wp-content\/uploads\/2016\/12\/s90_2-495x400.jpg' class='lightbox ' data-onclick='4' title='s90_2'  itemprop=\"thumbnailUrl\"  ><img decoding=\"async\" fetchpriority=\"high\" class=\"wp-image-2220 avia-img-lazy-loading-not-2220\"   src=\"https:\/\/www.autoline.no\/wp-content\/uploads\/2016\/12\/s90_2-495x400.jpg\" width=\"495\" height=\"400\"  title='s90_2' alt='' srcset=\"https:\/\/www.autoline.no\/wp-content\/uploads\/2016\/12\/s90_2-495x400.jpg 495w, https:\/\/www.autoline.no\/wp-content\/uploads\/2016\/12\/s90_2-845x684.jpg 845w\" sizes=\"(max-width: 495px) 100vw, 495px\" \/><div class='big-prev-fake'><img decoding=\"async\" loading=\"lazy\" class=\"wp-image-2220 avia-img-lazy-loading-2220\"  width=\"495\" height=\"400\" src=\"https:\/\/www.autoline.no\/wp-content\/uploads\/2016\/12\/s90_2-495x400.jpg\" title='s90_2' alt='' srcset=\"https:\/\/www.autoline.no\/wp-content\/uploads\/2016\/12\/s90_2-495x400.jpg 495w, https:\/\/www.autoline.no\/wp-content\/uploads\/2016\/12\/s90_2-845x684.jpg 845w\" sizes=\"auto, (max-width: 495px) 100vw, 495px\" \/><\/div><\/a><a href=\"https:\/\/www.autoline.no\/wp-content\/uploads\/2020\/02\/d589_productimage_mainfront.jpg\" data-srcset=\"https:\/\/www.autoline.no\/wp-content\/uploads\/2020\/02\/d589_productimage_mainfront.jpg 650w, https:\/\/www.autoline.no\/wp-content\/uploads\/2020\/02\/d589_productimage_mainfront-300x225.jpg 300w, https:\/\/www.autoline.no\/wp-content\/uploads\/2020\/02\/d589_productimage_mainfront-450x338.jpg 450w\" data-sizes=\"(max-width: 650px) 100vw, 650px\" data-rel='gallery-1' data-prev-img='https:\/\/www.autoline.no\/wp-content\/uploads\/2020\/02\/d589_productimage_mainfront-495x400.jpg' class='lightbox ' data-onclick='5' title='d589_productimage_mainfront'  itemprop=\"thumbnailUrl\"  ><img decoding=\"async\" fetchpriority=\"high\" class=\"wp-image-2620 avia-img-lazy-loading-not-2620\"   src=\"https:\/\/www.autoline.no\/wp-content\/uploads\/2020\/02\/d589_productimage_mainfront-495x400.jpg\" width=\"495\" height=\"400\"  title='d589_productimage_mainfront' alt='' \/><div class='big-prev-fake'><img decoding=\"async\" loading=\"lazy\" class=\"wp-image-2620 avia-img-lazy-loading-2620\"  width=\"495\" height=\"400\" src=\"https:\/\/www.autoline.no\/wp-content\/uploads\/2020\/02\/d589_productimage_mainfront-495x400.jpg\" title='d589_productimage_mainfront' alt='' \/><\/div><\/a><\/div><\/div><\/p>\n","protected":false},"excerpt":{"rendered":"<p><strong>Artikel-Nr .: 9520115<\/strong><br \/>\nSandstreuer-Set f\u00fcr Volvo FH Vers 4, FM, FMX enth\u00e4lt unseren beliebtesten Sandstreuer mit einem Fassungsverm\u00f6gen von 90 Litern und 50 Litern.<\/p>\n","protected":false},"featured_media":3736,"comment_status":"open","ping_status":"closed","template":"","meta":{"_acf_changed":false,"_links_to":"","_links_to_target":""},"product_brand":[],"product_cat":[33],"product_tag":[],"class_list":{"0":"post-3732","1":"product","2":"type-product","3":"status-publish","4":"has-post-thumbnail","6":"product_cat-uncategorized","8":"first","9":"instock","10":"shipping-taxable","11":"purchasable","12":"product-type-simple"},"acf":[],"_links":{"self":[{"href":"https:\/\/www.autoline.no\/de\/wp-json\/wp\/v2\/product\/3732","targetHints":{"allow":["GET"]}}],"collection":[{"href":"https:\/\/www.autoline.no\/de\/wp-json\/wp\/v2\/product"}],"about":[{"href":"https:\/\/www.autoline.no\/de\/wp-json\/wp\/v2\/types\/product"}],"replies":[{"embeddable":true,"href":"https:\/\/www.autoline.no\/de\/wp-json\/wp\/v2\/comments?post=3732"}],"wp:featuredmedia":[{"embeddable":true,"href":"https:\/\/www.autoline.no\/de\/wp-json\/wp\/v2\/media\/3736"}],"wp:attachment":[{"href":"https:\/\/www.autoline.no\/de\/wp-json\/wp\/v2\/media?parent=3732"}],"wp:term":[{"taxonomy":"product_brand","embeddable":true,"href":"https:\/\/www.autoline.no\/de\/wp-json\/wp\/v2\/product_brand?post=3732"},{"taxonomy":"product_cat","embeddable":true,"href":"https:\/\/www.autoline.no\/de\/wp-json\/wp\/v2\/product_cat?post=3732"},{"taxonomy":"product_tag","embeddable":true,"href":"https:\/\/www.autoline.no\/de\/wp-json\/wp\/v2\/product_tag?post=3732"}],"curies":[{"name":"wp","href":"https:\/\/api.w.org\/{rel}","templated":true}]}}