{"id":3545,"date":"2020-09-18T10:13:49","date_gmt":"2020-09-18T09:13:49","guid":{"rendered":"https:\/\/www.autoline.no\/?post_type=product&#038;p=3545"},"modified":"2026-02-13T22:46:49","modified_gmt":"2026-02-13T21:46:49","slug":"9120225-s-90-builder-scania-kit-single-side","status":"publish","type":"product","link":"https:\/\/www.autoline.no\/de\/product\/9120225-s-90-builder-scania-kit-single-side\/","title":{"rendered":"9120225 S 90 Builder Scania KIT single side"},"content":{"rendered":"<div  class='hr av-4t8c5y-96a043612558f819c5a94205a08f568f hr-default  avia-builder-el-0  el_before_av_heading  avia-builder-el-first '><span class='hr-inner '><span class=\"hr-inner-style\"><\/span><\/span><\/div>\n\n<style type=\"text\/css\" data-created_by=\"avia_inline_auto\" id=\"style-css-av-2gll9l-a673106401884c682d991e9267b0d780\">\n#top .av-special-heading.av-2gll9l-a673106401884c682d991e9267b0d780{\npadding-bottom:10px;\n}\nbody .av-special-heading.av-2gll9l-a673106401884c682d991e9267b0d780 .av-special-heading-tag .heading-char{\nfont-size:25px;\n}\n.av-special-heading.av-2gll9l-a673106401884c682d991e9267b0d780 .av-subheading{\nfont-size:15px;\n}\n<\/style>\n<div  class='av-special-heading av-2gll9l-a673106401884c682d991e9267b0d780 av-special-heading-h2 blockquote modern-quote  avia-builder-el-1  el_after_av_hr  el_before_av_hr '><h2 class='av-special-heading-tag '  itemprop=\"headline\"  >S 90 Builder Scania KIT New Generation 2016<\/h2><div class=\"special-heading-border\"><div class=\"special-heading-inner-border\"><\/div><\/div><\/div>\n\n<style type=\"text\/css\" data-created_by=\"avia_inline_auto\" id=\"style-css-av-b65wjp-c34576cc607813d9d358f33c56617902\">\n#top .hr.av-b65wjp-c34576cc607813d9d358f33c56617902{\nmargin-top:0;\nmargin-bottom:0;\n}\n.hr.av-b65wjp-c34576cc607813d9d358f33c56617902 .hr-inner{\nwidth:26px;\nborder-color:#ffb716;\n}\n<\/style>\n<div  class='hr av-b65wjp-c34576cc607813d9d358f33c56617902 hr-custom  avia-builder-el-2  el_after_av_heading  el_before_av_textblock  hr-left hr-icon-no'><span class='hr-inner inner-border-av-border-fat'><span class=\"hr-inner-style\"><\/span><\/span><\/div>\n<section  class='av_textblock_section av-mllf3xik-747a0d3c3f508e45c8df843218a3519f '   itemscope=\"itemscope\" itemtype=\"https:\/\/schema.org\/CreativeWork\" ><div class='avia_textblock'  itemprop=\"text\" ><h4>Kr 27.916,00<\/h4>\n<\/div><\/section>\n\n<style type=\"text\/css\" data-created_by=\"avia_inline_auto\" id=\"style-css-av-2ojhqe-1dda71265dff4d92a1cbd5c17275b58d\">\n.flex_column.av-2ojhqe-1dda71265dff4d92a1cbd5c17275b58d{\nborder-radius:0px 0px 0px 0px;\npadding:0px 0px 0px 0px;\n}\n<\/style>\n<div  class='flex_column av-2ojhqe-1dda71265dff4d92a1cbd5c17275b58d av_two_third  avia-builder-el-4  el_after_av_textblock  el_before_av_one_third  first flex_column_div av-zero-column-padding  column-top-margin'     ><section  class='av_textblock_section av-kdfvrlz1-b88c629bdae120103a4036593f3deec9 '   itemscope=\"itemscope\" itemtype=\"https:\/\/schema.org\/CreativeWork\" ><div class='avia_textblock'  itemprop=\"text\" ><p><b>Produkt nr: 9120225<\/b><br \/>\nDette er et komplett single side KIT for montering p\u00e5 Scanias nye generasjon etter 2016, Kittet inneholder v\u00e5r mest popul\u00e6re modell med kapasitet p\u00e5 90 liter. F\u00f8reren kan enkelt og effektivt styre sandstr\u00f8eren fra kj\u00f8ret\u00f8yets instrumentpanel, og kan uavhengig hente ut en passende mengde sand p\u00e5 hver side av bilen. Sandstr\u00f8erene kan kobles til Scania canbus kontakt, noe som gj\u00f8r at de fungerer sammen med kj\u00f8ret\u00f8yets ABS \/ EBS-system. Dette \u00f8ker sikkerheten ved blant annet \u00e5 redusere bremselengden. Inkludert i kittet er to standardbraketter, to Scania braketter for montering p\u00e5 fj\u00e6rfeste (fj\u00e6rskinke) p\u00e5 h\u00f8yre og venstre side, en controllbox med sikringer og rel\u00e8 for drift av motor og varme, samt et brytersett til Scania. Sandstr\u00f8erene drives av en elektrisk motor og sanden varmes opp av et varmeelement. anbefalt sand for bruk: 4-8 mm. Sandsprederen er montert foran drivhjulene p\u00e5 lastebiler og busser. Vekt for pr. sandstr\u00f8er uten sand er 40 kg.<\/p>\n<p><strong>Innhold:<\/strong><br \/>\n<a href=\"https:\/\/www.autoline.no\/product\/s-90-standard-sandstroer\/\">1 x Sandstr\u00f8er S90<\/a><br \/>\n<a href=\"https:\/\/www.autoline.no\/product\/standard-bracket\/\">1 x Brakett universal Autoline<\/a><br \/>\n<a href=\"https:\/\/www.autoline.no\/product\/bracket-scania-left-side\/\">1 x Brakett Scania<\/a><br \/>\n<a href=\"https:\/\/www.autoline.no\/product\/controlbox-2224\/\">1 x Kontrollpanel \/ kontrollboks ESS 2224 6 m kabel<\/a><br \/>\n<a href=\"https:\/\/www.autoline.no\/product\/4098425-scania-r-switch-singel-ntg-2016\/\">1 x Bryter\/Kabel Scania R Switch Singel<\/a><\/p>\n<p><strong>Tekniske data:<\/strong><br \/>\nKasse: Rustfritt st\u00e5l 2 mm<br \/>\nTopp\/luke: Rustfritt st\u00e5l 2 mm<br \/>\nFestebrakett: Galvanisert st\u00e5l 8 mm<br \/>\nMotor: 24 volt\/60 watt pr. kasse<br \/>\nVarme: 24 volt\/140 watt pr. kasse<br \/>\nVekt, kasse: 40 kg (eksl. sand og feste)<br \/>\nSandtype: 4-8 mm knust grus\/sand<br \/>\nStr\u00f8tid: 2-3 min<br \/>\nStr\u00f8lengde: 700-1000 m<\/p>\n<\/div><\/section><\/div>\n\n<style type=\"text\/css\" data-created_by=\"avia_inline_auto\" id=\"style-css-av-68v8b9-7292531b2ed66263a62ce5633554a357\">\n.flex_column.av-68v8b9-7292531b2ed66263a62ce5633554a357{\nborder-radius:0px 0px 0px 0px;\npadding:0px 0px 0px 0px;\n}\n<\/style>\n<div  class='flex_column av-68v8b9-7292531b2ed66263a62ce5633554a357 av_one_third  avia-builder-el-6  el_after_av_two_third  el_before_av_gallery  flex_column_div av-zero-column-padding  column-top-margin'     ><section  class='av_textblock_section av-4x7hc5-8e3bc1de81443685db8b30a04b1feb74 '   itemscope=\"itemscope\" itemtype=\"https:\/\/schema.org\/CreativeWork\" ><div class='avia_textblock'  itemprop=\"text\" ><p><b>M\u00e5l S 90:<\/b><\/p>\n<p><img loading=\"lazy\" decoding=\"async\" class=\"alignnone size-full wp-image-732\" src=\"http:\/\/www.autoline.no\/wp-content\/uploads\/2016\/12\/s90-teknisk.jpg\" alt=\"s90-teknisk\" width=\"620\" height=\"717\" srcset=\"https:\/\/www.autoline.no\/wp-content\/uploads\/2016\/12\/s90-teknisk.jpg 620w, https:\/\/www.autoline.no\/wp-content\/uploads\/2016\/12\/s90-teknisk-450x520.jpg 450w, https:\/\/www.autoline.no\/wp-content\/uploads\/2016\/12\/s90-teknisk-259x300.jpg 259w, https:\/\/www.autoline.no\/wp-content\/uploads\/2016\/12\/s90-teknisk-610x705.jpg 610w\" sizes=\"auto, (max-width: 620px) 100vw, 620px\" \/><\/p>\n<p>A: 670mm<br \/>\nB: 310mm<br \/>\nC: 290mm<br \/>\nD: 300mm<br \/>\nG: 160mm<br \/>\nH: 550mm<br \/>\nJ: 660mm total h\u00f8yde<\/p>\n<p><a href=\"http:\/\/www.autoline.no\/products\/parts\/\">Deler<\/a><br \/>\n<a href=\"http:\/\/www.autoline.no\/wp-content\/uploads\/2016\/12\/CADDrawing-S90.zip\">CAD-tegning S90<\/a><\/p>\n<\/div><\/section><\/div>\n\n<style type=\"text\/css\" data-created_by=\"avia_inline_auto\" id=\"style-css-av-2sx7lh-d7a2ff8d20c439bf1e36c474b6fd1657\">\n#top .avia-gallery.av-2sx7lh-d7a2ff8d20c439bf1e36c474b6fd1657 .avia-gallery-thumb a{\nwidth:20%;\n}\n<\/style>\n<div  class='avia-gallery av-2sx7lh-d7a2ff8d20c439bf1e36c474b6fd1657 avia_animate_when_visible  avia-builder-el-8  el_after_av_one_third  avia-builder-el-last  deactivate_avia_lazyload avia-gallery-animate avia-gallery-1'  itemprop=\"image\" itemscope=\"itemscope\" itemtype=\"https:\/\/schema.org\/ImageObject\" ><meta itemprop=\"contentURL\" content=\"https:\/\/www.autoline.no\/de\/product\/9120225-s-90-builder-scania-kit-single-side\/\"><div class='avia-gallery-thumb'><a href=\"https:\/\/www.autoline.no\/wp-content\/uploads\/2020\/02\/d457_productimage_2.jpg\" data-srcset=\"https:\/\/www.autoline.no\/wp-content\/uploads\/2020\/02\/d457_productimage_2.jpg 650w, https:\/\/www.autoline.no\/wp-content\/uploads\/2020\/02\/d457_productimage_2-300x225.jpg 300w, https:\/\/www.autoline.no\/wp-content\/uploads\/2020\/02\/d457_productimage_2-450x338.jpg 450w\" data-sizes=\"(max-width: 650px) 100vw, 650px\" data-rel='gallery-1' data-prev-img='https:\/\/www.autoline.no\/wp-content\/uploads\/2020\/02\/d457_productimage_2-495x400.jpg' class='first_thumb lightbox ' data-onclick='1' title='d457_productimage_2'  itemprop=\"thumbnailUrl\"  ><img decoding=\"async\" fetchpriority=\"high\" class=\"wp-image-2588 avia-img-lazy-loading-not-2588\"   src=\"https:\/\/www.autoline.no\/wp-content\/uploads\/2020\/02\/d457_productimage_2-495x400.jpg\" width=\"495\" height=\"400\"  title='d457_productimage_2' alt='' \/><div class='big-prev-fake'><img decoding=\"async\" loading=\"lazy\" class=\"wp-image-2588 avia-img-lazy-loading-2588\"  width=\"495\" height=\"400\" src=\"https:\/\/www.autoline.no\/wp-content\/uploads\/2020\/02\/d457_productimage_2-495x400.jpg\" title='d457_productimage_2' alt='' \/><\/div><\/a><a href=\"https:\/\/www.autoline.no\/wp-content\/uploads\/2016\/12\/img-safety-with-sand.jpg\" data-srcset=\"https:\/\/www.autoline.no\/wp-content\/uploads\/2016\/12\/img-safety-with-sand.jpg 360w, https:\/\/www.autoline.no\/wp-content\/uploads\/2016\/12\/img-safety-with-sand-300x233.jpg 300w\" data-sizes=\"(max-width: 360px) 100vw, 360px\" data-rel='gallery-1' data-prev-img='https:\/\/www.autoline.no\/wp-content\/uploads\/2016\/12\/img-safety-with-sand.jpg' class='lightbox ' data-onclick='2' title='img-safety-with-sand'  itemprop=\"thumbnailUrl\"  ><img decoding=\"async\" fetchpriority=\"high\" class=\"wp-image-2054 avia-img-lazy-loading-not-2054\"   src=\"https:\/\/www.autoline.no\/wp-content\/uploads\/2016\/12\/img-safety-with-sand.jpg\" width=\"360\" height=\"280\"  title='img-safety-with-sand' alt='' srcset=\"https:\/\/www.autoline.no\/wp-content\/uploads\/2016\/12\/img-safety-with-sand.jpg 360w, https:\/\/www.autoline.no\/wp-content\/uploads\/2016\/12\/img-safety-with-sand-300x233.jpg 300w\" sizes=\"(max-width: 360px) 100vw, 360px\" \/><div class='big-prev-fake'><img decoding=\"async\" loading=\"lazy\" class=\"wp-image-2054 avia-img-lazy-loading-2054\"  width=\"360\" height=\"280\" src=\"https:\/\/www.autoline.no\/wp-content\/uploads\/2016\/12\/img-safety-with-sand.jpg\" title='img-safety-with-sand' alt='' srcset=\"https:\/\/www.autoline.no\/wp-content\/uploads\/2016\/12\/img-safety-with-sand.jpg 360w, https:\/\/www.autoline.no\/wp-content\/uploads\/2016\/12\/img-safety-with-sand-300x233.jpg 300w\" sizes=\"auto, (max-width: 360px) 100vw, 360px\" \/><\/div><\/a><a href=\"https:\/\/www.autoline.no\/wp-content\/uploads\/2016\/12\/buss_s90_reference.jpg\" data-srcset=\"https:\/\/www.autoline.no\/wp-content\/uploads\/2016\/12\/buss_s90_reference.jpg 800w, https:\/\/www.autoline.no\/wp-content\/uploads\/2016\/12\/buss_s90_reference-450x300.jpg 450w, https:\/\/www.autoline.no\/wp-content\/uploads\/2016\/12\/buss_s90_reference-300x200.jpg 300w, https:\/\/www.autoline.no\/wp-content\/uploads\/2016\/12\/buss_s90_reference-768x512.jpg 768w, https:\/\/www.autoline.no\/wp-content\/uploads\/2016\/12\/buss_s90_reference-705x470.jpg 705w\" data-sizes=\"(max-width: 800px) 100vw, 800px\" data-rel='gallery-1' data-prev-img='https:\/\/www.autoline.no\/wp-content\/uploads\/2016\/12\/buss_s90_reference-495x400.jpg' class='lightbox ' data-onclick='3' title='buss_s90'  itemprop=\"thumbnailUrl\"  ><img decoding=\"async\" fetchpriority=\"high\" class=\"wp-image-1978 avia-img-lazy-loading-not-1978\"  data-avia-tooltip='buss_s90' src=\"https:\/\/www.autoline.no\/wp-content\/uploads\/2016\/12\/buss_s90_reference-495x400.jpg\" width=\"495\" height=\"400\"  title='buss_s90_reference' alt='' \/><div class='big-prev-fake'><img decoding=\"async\" loading=\"lazy\" class=\"wp-image-1978 avia-img-lazy-loading-1978\"  width=\"495\" height=\"400\" src=\"https:\/\/www.autoline.no\/wp-content\/uploads\/2016\/12\/buss_s90_reference-495x400.jpg\" title='buss_s90_reference' alt='' \/><\/div><\/a><a href=\"https:\/\/www.autoline.no\/wp-content\/uploads\/2016\/12\/IMG_0456_reference-1.jpg\" data-srcset=\"https:\/\/www.autoline.no\/wp-content\/uploads\/2016\/12\/IMG_0456_reference-1.jpg 500w, https:\/\/www.autoline.no\/wp-content\/uploads\/2016\/12\/IMG_0456_reference-1-450x755.jpg 450w, https:\/\/www.autoline.no\/wp-content\/uploads\/2016\/12\/IMG_0456_reference-1-179x300.jpg 179w, https:\/\/www.autoline.no\/wp-content\/uploads\/2016\/12\/IMG_0456_reference-1-420x705.jpg 420w\" data-sizes=\"(max-width: 500px) 100vw, 500px\" data-rel='gallery-1' data-prev-img='https:\/\/www.autoline.no\/wp-content\/uploads\/2016\/12\/IMG_0456_reference-1-495x400.jpg' class='lightbox ' data-onclick='4' title='IMG_0456'  itemprop=\"thumbnailUrl\"  ><img decoding=\"async\" fetchpriority=\"high\" class=\"wp-image-1979 avia-img-lazy-loading-not-1979\"  data-avia-tooltip='IMG_0456' src=\"https:\/\/www.autoline.no\/wp-content\/uploads\/2016\/12\/IMG_0456_reference-1-495x400.jpg\" width=\"495\" height=\"400\"  title='img_0456_reference' alt='' \/><div class='big-prev-fake'><img decoding=\"async\" loading=\"lazy\" class=\"wp-image-1979 avia-img-lazy-loading-1979\"  width=\"495\" height=\"400\" src=\"https:\/\/www.autoline.no\/wp-content\/uploads\/2016\/12\/IMG_0456_reference-1-495x400.jpg\" title='img_0456_reference' alt='' \/><\/div><\/a><a href=\"https:\/\/www.autoline.no\/wp-content\/uploads\/2016\/12\/S90_1-1030x687.jpg\" data-srcset=\"https:\/\/www.autoline.no\/wp-content\/uploads\/2016\/12\/S90_1-1030x687.jpg 1030w, https:\/\/www.autoline.no\/wp-content\/uploads\/2016\/12\/S90_1-450x300.jpg 450w, https:\/\/www.autoline.no\/wp-content\/uploads\/2016\/12\/S90_1-300x200.jpg 300w, https:\/\/www.autoline.no\/wp-content\/uploads\/2016\/12\/S90_1-768x512.jpg 768w, https:\/\/www.autoline.no\/wp-content\/uploads\/2016\/12\/S90_1-705x470.jpg 705w, https:\/\/www.autoline.no\/wp-content\/uploads\/2016\/12\/S90_1.jpg 1200w\" data-sizes=\"(max-width: 1030px) 100vw, 1030px\" data-rel='gallery-1' data-prev-img='https:\/\/www.autoline.no\/wp-content\/uploads\/2016\/12\/S90_1-495x400.jpg' class='lightbox ' data-onclick='5' title='s90_1'  itemprop=\"thumbnailUrl\"  ><img decoding=\"async\" fetchpriority=\"high\" class=\"wp-image-2219 avia-img-lazy-loading-not-2219\"   src=\"https:\/\/www.autoline.no\/wp-content\/uploads\/2016\/12\/S90_1-495x400.jpg\" width=\"495\" height=\"400\"  title='s90_1' alt='' srcset=\"https:\/\/www.autoline.no\/wp-content\/uploads\/2016\/12\/S90_1-495x400.jpg 495w, https:\/\/www.autoline.no\/wp-content\/uploads\/2016\/12\/S90_1-845x684.jpg 845w\" sizes=\"(max-width: 495px) 100vw, 495px\" \/><div class='big-prev-fake'><img decoding=\"async\" loading=\"lazy\" class=\"wp-image-2219 avia-img-lazy-loading-2219\"  width=\"495\" height=\"400\" src=\"https:\/\/www.autoline.no\/wp-content\/uploads\/2016\/12\/S90_1-495x400.jpg\" title='s90_1' alt='' srcset=\"https:\/\/www.autoline.no\/wp-content\/uploads\/2016\/12\/S90_1-495x400.jpg 495w, https:\/\/www.autoline.no\/wp-content\/uploads\/2016\/12\/S90_1-845x684.jpg 845w\" sizes=\"auto, (max-width: 495px) 100vw, 495px\" \/><\/div><\/a><a href=\"https:\/\/www.autoline.no\/wp-content\/uploads\/2016\/12\/s90_2-1030x687.jpg\" data-srcset=\"https:\/\/www.autoline.no\/wp-content\/uploads\/2016\/12\/s90_2-1030x687.jpg 1030w, https:\/\/www.autoline.no\/wp-content\/uploads\/2016\/12\/s90_2-450x300.jpg 450w, https:\/\/www.autoline.no\/wp-content\/uploads\/2016\/12\/s90_2-300x200.jpg 300w, https:\/\/www.autoline.no\/wp-content\/uploads\/2016\/12\/s90_2-768x512.jpg 768w, https:\/\/www.autoline.no\/wp-content\/uploads\/2016\/12\/s90_2-705x470.jpg 705w, https:\/\/www.autoline.no\/wp-content\/uploads\/2016\/12\/s90_2.jpg 1200w\" data-sizes=\"(max-width: 1030px) 100vw, 1030px\" data-rel='gallery-1' data-prev-img='https:\/\/www.autoline.no\/wp-content\/uploads\/2016\/12\/s90_2-495x400.jpg' class='first_thumb lightbox ' data-onclick='6' title='s90_2'  itemprop=\"thumbnailUrl\"  ><img decoding=\"async\" fetchpriority=\"high\" class=\"wp-image-2220 avia-img-lazy-loading-not-2220\"   src=\"https:\/\/www.autoline.no\/wp-content\/uploads\/2016\/12\/s90_2-495x400.jpg\" width=\"495\" height=\"400\"  title='s90_2' alt='' srcset=\"https:\/\/www.autoline.no\/wp-content\/uploads\/2016\/12\/s90_2-495x400.jpg 495w, https:\/\/www.autoline.no\/wp-content\/uploads\/2016\/12\/s90_2-845x684.jpg 845w\" sizes=\"(max-width: 495px) 100vw, 495px\" \/><div class='big-prev-fake'><img decoding=\"async\" loading=\"lazy\" class=\"wp-image-2220 avia-img-lazy-loading-2220\"  width=\"495\" height=\"400\" src=\"https:\/\/www.autoline.no\/wp-content\/uploads\/2016\/12\/s90_2-495x400.jpg\" title='s90_2' alt='' srcset=\"https:\/\/www.autoline.no\/wp-content\/uploads\/2016\/12\/s90_2-495x400.jpg 495w, https:\/\/www.autoline.no\/wp-content\/uploads\/2016\/12\/s90_2-845x684.jpg 845w\" sizes=\"auto, (max-width: 495px) 100vw, 495px\" \/><\/div><\/a><a href=\"https:\/\/www.autoline.no\/wp-content\/uploads\/2016\/12\/s90_3-1030x687.jpg\" data-srcset=\"https:\/\/www.autoline.no\/wp-content\/uploads\/2016\/12\/s90_3-1030x687.jpg 1030w, https:\/\/www.autoline.no\/wp-content\/uploads\/2016\/12\/s90_3-450x300.jpg 450w, https:\/\/www.autoline.no\/wp-content\/uploads\/2016\/12\/s90_3-300x200.jpg 300w, https:\/\/www.autoline.no\/wp-content\/uploads\/2016\/12\/s90_3-768x512.jpg 768w, https:\/\/www.autoline.no\/wp-content\/uploads\/2016\/12\/s90_3-705x470.jpg 705w, https:\/\/www.autoline.no\/wp-content\/uploads\/2016\/12\/s90_3.jpg 1200w\" data-sizes=\"(max-width: 1030px) 100vw, 1030px\" data-rel='gallery-1' data-prev-img='https:\/\/www.autoline.no\/wp-content\/uploads\/2016\/12\/s90_3-495x400.jpg' class='lightbox ' data-onclick='7' title='s90_3'  itemprop=\"thumbnailUrl\"  ><img decoding=\"async\" fetchpriority=\"high\" class=\"wp-image-2221 avia-img-lazy-loading-not-2221\"   src=\"https:\/\/www.autoline.no\/wp-content\/uploads\/2016\/12\/s90_3-495x400.jpg\" width=\"495\" height=\"400\"  title='s90_3' alt='' srcset=\"https:\/\/www.autoline.no\/wp-content\/uploads\/2016\/12\/s90_3-495x400.jpg 495w, https:\/\/www.autoline.no\/wp-content\/uploads\/2016\/12\/s90_3-845x684.jpg 845w\" sizes=\"(max-width: 495px) 100vw, 495px\" \/><div class='big-prev-fake'><img decoding=\"async\" loading=\"lazy\" class=\"wp-image-2221 avia-img-lazy-loading-2221\"  width=\"495\" height=\"400\" src=\"https:\/\/www.autoline.no\/wp-content\/uploads\/2016\/12\/s90_3-495x400.jpg\" title='s90_3' alt='' srcset=\"https:\/\/www.autoline.no\/wp-content\/uploads\/2016\/12\/s90_3-495x400.jpg 495w, https:\/\/www.autoline.no\/wp-content\/uploads\/2016\/12\/s90_3-845x684.jpg 845w\" sizes=\"auto, (max-width: 495px) 100vw, 495px\" \/><\/div><\/a><a href=\"https:\/\/www.autoline.no\/wp-content\/uploads\/2016\/12\/\u00a9Roald-Jung\u00e5rd-0535-1030x686.png\" data-srcset=\"https:\/\/www.autoline.no\/wp-content\/uploads\/2016\/12\/\u00a9Roald-Jung\u00e5rd-0535-1030x686.png 1030w, https:\/\/www.autoline.no\/wp-content\/uploads\/2016\/12\/\u00a9Roald-Jung\u00e5rd-0535-300x200.png 300w, https:\/\/www.autoline.no\/wp-content\/uploads\/2016\/12\/\u00a9Roald-Jung\u00e5rd-0535-768x511.png 768w, https:\/\/www.autoline.no\/wp-content\/uploads\/2016\/12\/\u00a9Roald-Jung\u00e5rd-0535-705x469.png 705w, https:\/\/www.autoline.no\/wp-content\/uploads\/2016\/12\/\u00a9Roald-Jung\u00e5rd-0535-450x300.png 450w, https:\/\/www.autoline.no\/wp-content\/uploads\/2016\/12\/\u00a9Roald-Jung\u00e5rd-0535.png 1316w\" data-sizes=\"(max-width: 1030px) 100vw, 1030px\" data-rel='gallery-1' data-prev-img='https:\/\/www.autoline.no\/wp-content\/uploads\/2016\/12\/\u00a9Roald-Jung\u00e5rd-0535-495x400.png' class='lightbox ' data-onclick='8' title='\u00a9Roald Jung\u00e5rd-0535'  itemprop=\"thumbnailUrl\"  ><img decoding=\"async\" fetchpriority=\"high\" class=\"wp-image-2437 avia-img-lazy-loading-not-2437\"   src=\"https:\/\/www.autoline.no\/wp-content\/uploads\/2016\/12\/\u00a9Roald-Jung\u00e5rd-0535-495x400.png\" width=\"495\" height=\"400\"  title='\u00a9Roald Jung\u00e5rd-0535' alt='' srcset=\"https:\/\/www.autoline.no\/wp-content\/uploads\/2016\/12\/\u00a9Roald-Jung\u00e5rd-0535-495x400.png 495w, https:\/\/www.autoline.no\/wp-content\/uploads\/2016\/12\/\u00a9Roald-Jung\u00e5rd-0535-845x684.png 845w\" sizes=\"(max-width: 495px) 100vw, 495px\" \/><div class='big-prev-fake'><img decoding=\"async\" loading=\"lazy\" class=\"wp-image-2437 avia-img-lazy-loading-2437\"  width=\"495\" height=\"400\" src=\"https:\/\/www.autoline.no\/wp-content\/uploads\/2016\/12\/\u00a9Roald-Jung\u00e5rd-0535-495x400.png\" title='\u00a9Roald Jung\u00e5rd-0535' alt='' srcset=\"https:\/\/www.autoline.no\/wp-content\/uploads\/2016\/12\/\u00a9Roald-Jung\u00e5rd-0535-495x400.png 495w, https:\/\/www.autoline.no\/wp-content\/uploads\/2016\/12\/\u00a9Roald-Jung\u00e5rd-0535-845x684.png 845w\" sizes=\"auto, (max-width: 495px) 100vw, 495px\" \/><\/div><\/a><a href=\"https:\/\/www.autoline.no\/wp-content\/uploads\/2016\/12\/Y-60-sand-spreader-450x450-2.jpg\" data-srcset=\"https:\/\/www.autoline.no\/wp-content\/uploads\/2016\/12\/Y-60-sand-spreader-450x450-2.jpg 804w, https:\/\/www.autoline.no\/wp-content\/uploads\/2016\/12\/Y-60-sand-spreader-450x450-2-300x200.jpg 300w, https:\/\/www.autoline.no\/wp-content\/uploads\/2016\/12\/Y-60-sand-spreader-450x450-2-768x512.jpg 768w, https:\/\/www.autoline.no\/wp-content\/uploads\/2016\/12\/Y-60-sand-spreader-450x450-2-705x470.jpg 705w, https:\/\/www.autoline.no\/wp-content\/uploads\/2016\/12\/Y-60-sand-spreader-450x450-2-450x300.jpg 450w\" data-sizes=\"(max-width: 804px) 100vw, 804px\" data-rel='gallery-1' data-prev-img='https:\/\/www.autoline.no\/wp-content\/uploads\/2016\/12\/Y-60-sand-spreader-450x450-2-495x400.jpg' class='lightbox ' data-onclick='9' title='Y-60-sand-spreader-450x450'  itemprop=\"thumbnailUrl\"  ><img decoding=\"async\" fetchpriority=\"high\" class=\"wp-image-2298 avia-img-lazy-loading-not-2298\"   src=\"https:\/\/www.autoline.no\/wp-content\/uploads\/2016\/12\/Y-60-sand-spreader-450x450-2-495x400.jpg\" width=\"495\" height=\"400\"  title='Y-60-sand-spreader-450x450' alt='' \/><div class='big-prev-fake'><img decoding=\"async\" loading=\"lazy\" class=\"wp-image-2298 avia-img-lazy-loading-2298\"  width=\"495\" height=\"400\" src=\"https:\/\/www.autoline.no\/wp-content\/uploads\/2016\/12\/Y-60-sand-spreader-450x450-2-495x400.jpg\" title='Y-60-sand-spreader-450x450' alt='' \/><\/div><\/a><a href=\"https:\/\/www.autoline.no\/wp-content\/uploads\/2016\/12\/S-90-Aluminum-450x450-1.jpg\" data-srcset=\"https:\/\/www.autoline.no\/wp-content\/uploads\/2016\/12\/S-90-Aluminum-450x450-1.jpg 450w, https:\/\/www.autoline.no\/wp-content\/uploads\/2016\/12\/S-90-Aluminum-450x450-1-80x80.jpg 80w, https:\/\/www.autoline.no\/wp-content\/uploads\/2016\/12\/S-90-Aluminum-450x450-1-300x300.jpg 300w, https:\/\/www.autoline.no\/wp-content\/uploads\/2016\/12\/S-90-Aluminum-450x450-1-36x36.jpg 36w, https:\/\/www.autoline.no\/wp-content\/uploads\/2016\/12\/S-90-Aluminum-450x450-1-180x180.jpg 180w, https:\/\/www.autoline.no\/wp-content\/uploads\/2016\/12\/S-90-Aluminum-450x450-1-100x100.jpg 100w\" data-sizes=\"(max-width: 450px) 100vw, 450px\" data-rel='gallery-1' data-prev-img='https:\/\/www.autoline.no\/wp-content\/uploads\/2016\/12\/S-90-Aluminum-450x450-1-450x400.jpg' class='lightbox ' data-onclick='10' title='S-90-Aluminum-450x450'  itemprop=\"thumbnailUrl\"  ><img decoding=\"async\" fetchpriority=\"high\" class=\"wp-image-2274 avia-img-lazy-loading-not-2274\"   src=\"https:\/\/www.autoline.no\/wp-content\/uploads\/2016\/12\/S-90-Aluminum-450x450-1-450x400.jpg\" width=\"450\" height=\"400\"  title='S-90-Aluminum-450x450' alt='' \/><div class='big-prev-fake'><img decoding=\"async\" loading=\"lazy\" class=\"wp-image-2274 avia-img-lazy-loading-2274\"  width=\"450\" height=\"400\" src=\"https:\/\/www.autoline.no\/wp-content\/uploads\/2016\/12\/S-90-Aluminum-450x450-1-450x400.jpg\" title='S-90-Aluminum-450x450' alt='' \/><\/div><\/a><\/div><\/div>\n","protected":false},"excerpt":{"rendered":"<p><b>Produkt nr: 9120225<\/b><br \/>\nDette er et komplett single side KIT for montering p\u00e5 Scanias nye generasjon etter 2016.<\/p>\n","protected":false},"featured_media":0,"comment_status":"open","ping_status":"closed","template":"","meta":{"_acf_changed":false,"_links_to":"","_links_to_target":""},"product_brand":[],"product_cat":[75],"product_tag":[],"class_list":{"0":"post-3545","1":"product","2":"type-product","3":"status-publish","5":"product_cat-single-side-kit","7":"first","8":"instock","9":"shipping-taxable","10":"purchasable","11":"product-type-simple"},"acf":[],"_links":{"self":[{"href":"https:\/\/www.autoline.no\/de\/wp-json\/wp\/v2\/product\/3545","targetHints":{"allow":["GET"]}}],"collection":[{"href":"https:\/\/www.autoline.no\/de\/wp-json\/wp\/v2\/product"}],"about":[{"href":"https:\/\/www.autoline.no\/de\/wp-json\/wp\/v2\/types\/product"}],"replies":[{"embeddable":true,"href":"https:\/\/www.autoline.no\/de\/wp-json\/wp\/v2\/comments?post=3545"}],"wp:attachment":[{"href":"https:\/\/www.autoline.no\/de\/wp-json\/wp\/v2\/media?parent=3545"}],"wp:term":[{"taxonomy":"product_brand","embeddable":true,"href":"https:\/\/www.autoline.no\/de\/wp-json\/wp\/v2\/product_brand?post=3545"},{"taxonomy":"product_cat","embeddable":true,"href":"https:\/\/www.autoline.no\/de\/wp-json\/wp\/v2\/product_cat?post=3545"},{"taxonomy":"product_tag","embeddable":true,"href":"https:\/\/www.autoline.no\/de\/wp-json\/wp\/v2\/product_tag?post=3545"}],"curies":[{"name":"wp","href":"https:\/\/api.w.org\/{rel}","templated":true}]}}