{"id":3395,"date":"2020-08-11T07:51:32","date_gmt":"2020-08-11T06:51:32","guid":{"rendered":"https:\/\/www.autoline.no\/product\/6020235-y60-dealer-scania-kit\/"},"modified":"2020-08-11T14:07:26","modified_gmt":"2020-08-11T13:07:26","slug":"6020235-y60-dealer-scania-kit","status":"publish","type":"product","link":"https:\/\/www.autoline.no\/de\/product\/6020235-y60-dealer-scania-kit\/","title":{"rendered":"6020235 Y60 Dealer Scania KIT"},"content":{"rendered":"\n<style type=\"text\/css\" data-created_by=\"avia_inline_auto\" id=\"style-css-av-1euipf-06e201b701d38bf48df44e680de3364a\">\n.avia-image-container.av-1euipf-06e201b701d38bf48df44e680de3364a img.avia_image{\nbox-shadow:none;\n}\n.avia-image-container.av-1euipf-06e201b701d38bf48df44e680de3364a .av-image-caption-overlay-center{\ncolor:#ffffff;\n}\n<\/style>\n<div  class='avia-image-container av-1euipf-06e201b701d38bf48df44e680de3364a av-styling- avia-align-center  avia-builder-el-0  el_before_av_heading  avia-builder-el-first '   itemprop=\"image\" itemscope=\"itemscope\" itemtype=\"https:\/\/schema.org\/ImageObject\" ><div class=\"avia-image-container-inner\"><div class=\"avia-image-overlay-wrap\"><img decoding=\"async\" fetchpriority=\"high\" class='wp-image-2286 avia-img-lazy-loading-not-2286 avia_image ' src=\"https:\/\/www.autoline.no\/wp-content\/uploads\/2016\/12\/Y-60-sand-spreader-450x450-1.jpg\" alt='' title='Y-60-sand-spreader-450x450'  height=\"450\" width=\"450\"  itemprop=\"thumbnailUrl\" srcset=\"https:\/\/www.autoline.no\/wp-content\/uploads\/2016\/12\/Y-60-sand-spreader-450x450-1.jpg 450w, https:\/\/www.autoline.no\/wp-content\/uploads\/2016\/12\/Y-60-sand-spreader-450x450-1-80x80.jpg 80w, https:\/\/www.autoline.no\/wp-content\/uploads\/2016\/12\/Y-60-sand-spreader-450x450-1-300x300.jpg 300w, https:\/\/www.autoline.no\/wp-content\/uploads\/2016\/12\/Y-60-sand-spreader-450x450-1-36x36.jpg 36w, https:\/\/www.autoline.no\/wp-content\/uploads\/2016\/12\/Y-60-sand-spreader-450x450-1-180x180.jpg 180w, https:\/\/www.autoline.no\/wp-content\/uploads\/2016\/12\/Y-60-sand-spreader-450x450-1-100x100.jpg 100w\" sizes=\"(max-width: 450px) 100vw, 450px\" \/><\/div><\/div><\/div>\n\n<style type=\"text\/css\" data-created_by=\"avia_inline_auto\" id=\"style-css-av-av_heading-2d6b308d2d098898ca6dfb640c026b2b\">\n#top .av-special-heading.av-av_heading-2d6b308d2d098898ca6dfb640c026b2b{\npadding-bottom:10px;\n}\nbody .av-special-heading.av-av_heading-2d6b308d2d098898ca6dfb640c026b2b .av-special-heading-tag .heading-char{\nfont-size:25px;\n}\n.av-special-heading.av-av_heading-2d6b308d2d098898ca6dfb640c026b2b .av-subheading{\nfont-size:15px;\n}\n<\/style>\n<div  class='av-special-heading av-av_heading-2d6b308d2d098898ca6dfb640c026b2b av-special-heading-h2 blockquote modern-quote  avia-builder-el-1  el_after_av_image  el_before_av_hr '><h2 class='av-special-heading-tag '  itemprop=\"headline\"  >Y 60 Dealer Scania KIT<\/h2><div class=\"special-heading-border\"><div class=\"special-heading-inner-border\"><\/div><\/div><\/div>\n\n<style type=\"text\/css\" data-created_by=\"avia_inline_auto\" id=\"style-css-av-3uo2j-24a8da72435786729682cb02d8482223\">\n#top .hr.av-3uo2j-24a8da72435786729682cb02d8482223{\nmargin-top:0;\nmargin-bottom:0;\n}\n.hr.av-3uo2j-24a8da72435786729682cb02d8482223 .hr-inner{\nwidth:26px;\nborder-color:#ffb716;\n}\n<\/style>\n<div  class='hr av-3uo2j-24a8da72435786729682cb02d8482223 hr-custom  avia-builder-el-2  el_after_av_heading  el_before_av_two_third  hr-left hr-icon-no'><span class='hr-inner inner-border-av-border-fat'><span class=\"hr-inner-style\"><\/span><\/span><\/div>\n\n<style type=\"text\/css\" data-created_by=\"avia_inline_auto\" id=\"style-css-av-y2i3v-1695ad6af2c03349f25ff9414755ada6\">\n.flex_column.av-y2i3v-1695ad6af2c03349f25ff9414755ada6{\nborder-radius:0px 0px 0px 0px;\npadding:0px 0px 0px 0px;\n}\n<\/style>\n<div  class='flex_column av-y2i3v-1695ad6af2c03349f25ff9414755ada6 av_two_third  avia-builder-el-3  el_after_av_hr  el_before_av_one_third  first flex_column_div av-zero-column-padding  '     ><section  class='av_textblock_section av-2ieez-1ee4694d2aab6f527cf78e64c84b65cd '   itemscope=\"itemscope\" itemtype=\"https:\/\/schema.org\/CreativeWork\" ><div class='avia_textblock'  itemprop=\"text\" ><p><strong>Produkt-Nr.: 6020235<\/strong><br \/>\nDies ist ein komplettes KIT f\u00fcr die Montage an der neuen Generation von Scania nach 2016. Das Kit enth\u00e4lt unser Modell Y 60 f\u00fcr Schubachsautos und hat ein Fassungsverm\u00f6gen von 60 Litern. Der Fahrer kann den Sandstreuer einfach und effizient \u00fcber die Instrumententafel des Fahrzeugs steuern und unabh\u00e4ngig voneinander eine geeignete Menge Sand auf jeder Seite des Fahrzeugs auslegen. Die Sandstreuer k\u00f6nnen an den Canbus-Anschluss von Scania angeschlossen werden, was bedeutet, dass sie mit dem ABS \/ EBS-System des Fahrzeugs zusammenarbeiten. Dies erh\u00f6ht die Sicherheit, indem unter anderem der Bremsweg verringert wird. Im Kit enthalten sind vier Standardhalterungen, Sandstreuer f\u00fcr die rechte und linke Seite, ein Steuerkasten mit Sicherungen und ein Relais f\u00fcr Motor- und Heizbetrieb. Die Sandstreuer werden von einem Elektromotor angetrieben und der Sand von einem Heizelement erw\u00e4rmt. empfohlener Sand zur Verwendung: 4-8 mm. Der Sandstreuer ist bei LKWs vor den Antriebsr\u00e4dern montiert. Gewicht f\u00fcr pr. Die Sandausbreitung ohne Sand betr\u00e4gt 40 kg.<\/p>\n<p><strong>Inhalt:<\/strong><br \/>\n<a href=\"https:\/\/www.autoline.no\/de\/product\/y-60-sand-spreader\/\">1 x Y60 f\u00fcr den Anbau an der rechten Seite<\/a><br \/>\n<a href=\"https:\/\/www.autoline.no\/de\/product\/6000002-y60-sandbox\/\">1 x Y60 f\u00fcr den Anbau an der linken Seite<\/a><br \/>\n<a href=\"https:\/\/www.autoline.no\/de\/product\/standard-bracket\/\">4 x Autoline Universal Halterung<\/a><br \/>\n<a href=\"https:\/\/www.autoline.no\/de\/product\/2302290-fliplid-with-list-s90-ntg\/\">1 x Fliplid w\/list NTG<\/a><br \/>\n<a href=\"https:\/\/www.autoline.no\/de\/product\/controlbox-2224\/\">1 x Kontrollkasten ESS 2224, 6m kabel<\/a><br \/>\n<a href=\"https:\/\/www.autoline.no\/de\/product\/scania-r-pb-contact-switch-icl2\/\">1 x Scania doppelt kontakt switch ICL2 NTG<\/a><\/p>\n<p><strong>Technische Daten:<\/strong><br \/>\nKasten: Rostfreier Stahl 2 mm<br \/>\nAbdeckung\/\u00d6ffnung: Rostfreier Stahl 2 mm<br \/>\nBefestigungseisen: Galvanisierter Stahl 8 mm<br \/>\nMotor: 24 Volt \/ 60 Watt je Kasten<br \/>\nHeizung: 24 Volt \/ 140 Watt je Kasten<br \/>\nGewicht Kasten: 40 kg (ohne Sand und Befestigung)<br \/>\nSandtyp: 4 \u2013 8 mm feiner Kies \/ Sand<br \/>\nStreuzeit: 2 \u2013 3 Min.<br \/>\nStreul\u00e4nge: 700 \u2013 1000 m<\/p>\n<\/div><\/section><\/div>\n<style type=\"text\/css\" data-created_by=\"avia_inline_auto\" id=\"style-css-av-l4o1n-f3790b3494cd33559aa3feb8a630d452\">\n.flex_column.av-l4o1n-f3790b3494cd33559aa3feb8a630d452{\nborder-radius:0px 0px 0px 0px;\npadding:0px 0px 0px 0px;\n}\n<\/style>\n<div  class='flex_column av-l4o1n-f3790b3494cd33559aa3feb8a630d452 av_one_third  avia-builder-el-5  el_after_av_two_third  el_before_av_gallery  flex_column_div av-zero-column-padding  '     ><section  class='av_textblock_section av-hfps3-16c6fa723a857670698a971104887243 '   itemscope=\"itemscope\" itemtype=\"https:\/\/schema.org\/CreativeWork\" ><div class='avia_textblock'  itemprop=\"text\" ><p><b>Abmessung Y 60:<\/b><\/p>\n<p><img loading=\"lazy\" decoding=\"async\" class=\"alignnone size-full wp-image-724\" src=\"http:\/\/www.autoline.no\/wp-content\/uploads\/2016\/12\/Y60-Teknisk.jpg\" alt=\"y60-teknisk\" width=\"620\" height=\"717\" srcset=\"https:\/\/www.autoline.no\/wp-content\/uploads\/2016\/12\/Y60-Teknisk.jpg 620w, https:\/\/www.autoline.no\/wp-content\/uploads\/2016\/12\/Y60-Teknisk-450x520.jpg 450w, https:\/\/www.autoline.no\/wp-content\/uploads\/2016\/12\/Y60-Teknisk-259x300.jpg 259w, https:\/\/www.autoline.no\/wp-content\/uploads\/2016\/12\/Y60-Teknisk-610x705.jpg 610w\" sizes=\"auto, (max-width: 620px) 100vw, 620px\" \/><\/p>\n<p>A: 670mm<br \/>\nB: 310mm<br \/>\nC: 290mm<br \/>\nG: 160mm<br \/>\nK: 620mm Gesamth\u00f6he<br \/>\nH: 550mm<br \/>\nM: 120mm<\/p>\n<p><a href=\"https:\/\/www.autoline.no\/de\/products\/parts\/\">Teile<\/a><br \/>\n<a href=\"http:\/\/www.autoline.no\/wp-content\/uploads\/2016\/12\/CADDrawing-Y60.zip\">CAD-Zeichnung<\/a><\/p>\n<\/div><\/section><\/div>\n<style type=\"text\/css\" data-created_by=\"avia_inline_auto\" id=\"style-css-av-bj0df-e79516eb2129266a691ea85a62f197ea\">\n#top .avia-gallery.av-bj0df-e79516eb2129266a691ea85a62f197ea .avia-gallery-thumb a{\nwidth:50%;\n}\n<\/style>\n<div  class='avia-gallery av-bj0df-e79516eb2129266a691ea85a62f197ea avia_animate_when_visible  avia-builder-el-7  el_after_av_one_third  avia-builder-el-last  avia_lazyload avia-gallery-animate avia-gallery-1'  itemprop=\"image\" itemscope=\"itemscope\" itemtype=\"https:\/\/schema.org\/ImageObject\" ><meta itemprop=\"contentURL\" content=\"https:\/\/www.autoline.no\/de\/product\/6020235-y60-dealer-scania-kit\/\"><div class='avia-gallery-thumb'><a href=\"https:\/\/www.autoline.no\/wp-content\/uploads\/2016\/12\/Y60_montert.jpg\" data-srcset=\"https:\/\/www.autoline.no\/wp-content\/uploads\/2016\/12\/Y60_montert.jpg 600w, https:\/\/www.autoline.no\/wp-content\/uploads\/2016\/12\/Y60_montert-450x478.jpg 450w, https:\/\/www.autoline.no\/wp-content\/uploads\/2016\/12\/Y60_montert-283x300.jpg 283w\" data-sizes=\"(max-width: 600px) 100vw, 600px\" data-rel='gallery-1' data-prev-img='https:\/\/www.autoline.no\/wp-content\/uploads\/2016\/12\/Y60_montert-495x400.jpg' class='first_thumb lightbox ' data-onclick='1' title='y60_montert'  itemprop=\"thumbnailUrl\"  ><img decoding=\"async\" fetchpriority=\"high\" class=\"wp-image-2229 avia-img-lazy-loading-not-2229\"   src=\"https:\/\/www.autoline.no\/wp-content\/uploads\/2016\/12\/Y60_montert-495x400.jpg\" width=\"495\" height=\"400\"  title='y60_montert' alt='' \/><div class='big-prev-fake'><img decoding=\"async\" loading=\"lazy\" class=\"wp-image-2229 avia-img-lazy-loading-2229\"  width=\"495\" height=\"400\" src=\"https:\/\/www.autoline.no\/wp-content\/uploads\/2016\/12\/Y60_montert-495x400.jpg\" title='y60_montert' alt='' \/><\/div><\/a><\/div><\/div><\/p>\n","protected":false},"excerpt":{"rendered":"<p><strong>Produkt-Nr.: 6020235<\/strong><br \/>\nDies ist ein komplettes KIT f\u00fcr die Montage an der neuen Generation von Scania nach 2016. Das Kit enth\u00e4lt unser Modell Y 60 f\u00fcr Schubachsautos und hat ein Fassungsverm\u00f6gen von 60 Litern.<\/p>\n","protected":false},"featured_media":2698,"comment_status":"open","ping_status":"closed","template":"","meta":{"_acf_changed":false,"_links_to":"","_links_to_target":""},"product_brand":[],"product_cat":[33],"product_tag":[],"class_list":{"0":"post-3395","1":"product","2":"type-product","3":"status-publish","4":"has-post-thumbnail","6":"product_cat-uncategorized","8":"first","9":"instock","10":"shipping-taxable","11":"purchasable","12":"product-type-simple"},"acf":[],"_links":{"self":[{"href":"https:\/\/www.autoline.no\/de\/wp-json\/wp\/v2\/product\/3395","targetHints":{"allow":["GET"]}}],"collection":[{"href":"https:\/\/www.autoline.no\/de\/wp-json\/wp\/v2\/product"}],"about":[{"href":"https:\/\/www.autoline.no\/de\/wp-json\/wp\/v2\/types\/product"}],"replies":[{"embeddable":true,"href":"https:\/\/www.autoline.no\/de\/wp-json\/wp\/v2\/comments?post=3395"}],"wp:featuredmedia":[{"embeddable":true,"href":"https:\/\/www.autoline.no\/de\/wp-json\/wp\/v2\/media\/2698"}],"wp:attachment":[{"href":"https:\/\/www.autoline.no\/de\/wp-json\/wp\/v2\/media?parent=3395"}],"wp:term":[{"taxonomy":"product_brand","embeddable":true,"href":"https:\/\/www.autoline.no\/de\/wp-json\/wp\/v2\/product_brand?post=3395"},{"taxonomy":"product_cat","embeddable":true,"href":"https:\/\/www.autoline.no\/de\/wp-json\/wp\/v2\/product_cat?post=3395"},{"taxonomy":"product_tag","embeddable":true,"href":"https:\/\/www.autoline.no\/de\/wp-json\/wp\/v2\/product_tag?post=3395"}],"curies":[{"name":"wp","href":"https:\/\/api.w.org\/{rel}","templated":true}]}}