{"id":2600,"date":"2020-02-03T07:52:38","date_gmt":"2020-02-03T06:52:38","guid":{"rendered":"https:\/\/www.autoline.no\/?post_type=product&#038;p=2600"},"modified":"2020-09-18T10:25:02","modified_gmt":"2020-09-18T09:25:02","slug":"s-90-builder-scania-kit","status":"publish","type":"product","link":"https:\/\/www.autoline.no\/de\/product\/s-90-builder-scania-kit\/","title":{"rendered":"9020225 S 90 Builder Scania KIT New Generation 2016"},"content":{"rendered":"\n<style type=\"text\/css\" data-created_by=\"avia_inline_auto\" id=\"style-css-av-45z5ag-ea6bf6fb185bbab4bcb1791e2dad2e9e\">\n.flex_column.av-45z5ag-ea6bf6fb185bbab4bcb1791e2dad2e9e{\nborder-radius:0px 0px 0px 0px;\npadding:0px 0px 0px 0px;\n}\n<\/style>\n<div  class='flex_column av-45z5ag-ea6bf6fb185bbab4bcb1791e2dad2e9e av_one_half  avia-builder-el-0  el_before_av_one_half  avia-builder-el-first  first flex_column_div av-zero-column-padding  '     ><style type=\"text\/css\" data-created_by=\"avia_inline_auto\" id=\"style-css-av-k7n5xwsx-f7b823f0fca96ab0d1140129e950b4e0\">\n.avia-image-container.av-k7n5xwsx-f7b823f0fca96ab0d1140129e950b4e0 img.avia_image{\nbox-shadow:none;\n}\n.avia-image-container.av-k7n5xwsx-f7b823f0fca96ab0d1140129e950b4e0 .av-image-caption-overlay-center{\ncolor:#ffffff;\n}\n<\/style>\n<div  class='avia-image-container av-k7n5xwsx-f7b823f0fca96ab0d1140129e950b4e0 av-styling- avia-align-center  avia-builder-el-1  avia-builder-el-no-sibling '   itemprop=\"image\" itemscope=\"itemscope\" itemtype=\"https:\/\/schema.org\/ImageObject\" ><div class=\"avia-image-container-inner\"><div class=\"avia-image-overlay-wrap\"><img decoding=\"async\" fetchpriority=\"high\" class='wp-image-2851 avia-img-lazy-loading-not-2851 avia_image ' src=\"https:\/\/www.autoline.no\/wp-content\/uploads\/2020\/02\/9020225-9020235-S90-Scania-KIT.png\" alt='' title='9020225-9020235 - S90 Scania KIT'  height=\"700\" width=\"605\"  itemprop=\"thumbnailUrl\" srcset=\"https:\/\/www.autoline.no\/wp-content\/uploads\/2020\/02\/9020225-9020235-S90-Scania-KIT.png 605w, https:\/\/www.autoline.no\/wp-content\/uploads\/2020\/02\/9020225-9020235-S90-Scania-KIT-259x300.png 259w, https:\/\/www.autoline.no\/wp-content\/uploads\/2020\/02\/9020225-9020235-S90-Scania-KIT-450x521.png 450w\" sizes=\"(max-width: 605px) 100vw, 605px\" \/><\/div><\/div><\/div><\/div>\n\n<style type=\"text\/css\" data-created_by=\"avia_inline_auto\" id=\"style-css-av-mzte0-297989600e00b1006eebc16c68c9f31f\">\n.flex_column.av-mzte0-297989600e00b1006eebc16c68c9f31f{\nborder-radius:0px 0px 0px 0px;\npadding:0px 0px 0px 0px;\n}\n<\/style>\n<div  class='flex_column av-mzte0-297989600e00b1006eebc16c68c9f31f av_one_half  avia-builder-el-2  el_after_av_one_half  el_before_av_hr  flex_column_div av-zero-column-padding  '     ><style type=\"text\/css\" data-created_by=\"avia_inline_auto\" id=\"style-css-av-k669av0n-e6fb20195dd5389682f98a8b703423a7\">\n.avia-image-container.av-k669av0n-e6fb20195dd5389682f98a8b703423a7 img.avia_image{\nbox-shadow:none;\n}\n.avia-image-container.av-k669av0n-e6fb20195dd5389682f98a8b703423a7 .av-image-caption-overlay-center{\ncolor:#ffffff;\n}\n<\/style>\n<div  class='avia-image-container av-k669av0n-e6fb20195dd5389682f98a8b703423a7 av-styling- av-hover-grow avia-align-center  avia-builder-el-3  avia-builder-el-no-sibling '   itemprop=\"image\" itemscope=\"itemscope\" itemtype=\"https:\/\/schema.org\/ImageObject\" ><div class=\"avia-image-container-inner\"><div class=\"avia-image-overlay-wrap\"><img decoding=\"async\" fetchpriority=\"high\" class='wp-image-2585 avia-img-lazy-loading-not-2585 avia_image ' src=\"https:\/\/www.autoline.no\/wp-content\/uploads\/2020\/02\/d457_productimage_mainfront.jpg\" alt='' title='d457_productimage_mainfront'  height=\"488\" width=\"650\"  itemprop=\"thumbnailUrl\" srcset=\"https:\/\/www.autoline.no\/wp-content\/uploads\/2020\/02\/d457_productimage_mainfront.jpg 650w, https:\/\/www.autoline.no\/wp-content\/uploads\/2020\/02\/d457_productimage_mainfront-300x225.jpg 300w, https:\/\/www.autoline.no\/wp-content\/uploads\/2020\/02\/d457_productimage_mainfront-450x338.jpg 450w\" sizes=\"(max-width: 650px) 100vw, 650px\" \/><\/div><\/div><\/div><\/div>\n<div  class='hr av-av_hr-23b3846cdd0fbd0e234720a594f6db24 hr-default  avia-builder-el-4  el_after_av_one_half  el_before_av_heading '><span class='hr-inner '><span class=\"hr-inner-style\"><\/span><\/span><\/div>\n\n<style type=\"text\/css\" data-created_by=\"avia_inline_auto\" id=\"style-css-av-av_heading-93625759fad1c42f390f8fa463b7667c\">\n#top .av-special-heading.av-av_heading-93625759fad1c42f390f8fa463b7667c{\npadding-bottom:10px;\n}\nbody .av-special-heading.av-av_heading-93625759fad1c42f390f8fa463b7667c .av-special-heading-tag .heading-char{\nfont-size:25px;\n}\n.av-special-heading.av-av_heading-93625759fad1c42f390f8fa463b7667c .av-subheading{\nfont-size:15px;\n}\n<\/style>\n<div  class='av-special-heading av-av_heading-93625759fad1c42f390f8fa463b7667c av-special-heading-h3 blockquote modern-quote  avia-builder-el-5  el_after_av_hr  el_before_av_hr '><h3 class='av-special-heading-tag '  itemprop=\"headline\"  >S 90 Builder Scania KIT New Generation 2016<\/h3><div class=\"special-heading-border\"><div class=\"special-heading-inner-border\"><\/div><\/div><\/div>\n<div  class='hr av-31q12w-c7a92d56df2d46ef88b67a56c17c203d hr-default  avia-builder-el-6  el_after_av_heading  el_before_av_two_third '><span class='hr-inner '><span class=\"hr-inner-style\"><\/span><\/span><\/div>\n\n<style type=\"text\/css\" data-created_by=\"avia_inline_auto\" id=\"style-css-av-4unclk-b20809de700bd55f2f441adff23af124\">\n.flex_column.av-4unclk-b20809de700bd55f2f441adff23af124{\nborder-radius:0px 0px 0px 0px;\npadding:0px 0px 0px 0px;\n}\n<\/style>\n<div  class='flex_column av-4unclk-b20809de700bd55f2f441adff23af124 av_two_third  avia-builder-el-7  el_after_av_hr  el_before_av_one_third  first flex_column_div av-zero-column-padding  '     ><section  class='av_textblock_section av-k669rndz-73d1ad0518fd05ad777cc6c02893f651 '   itemscope=\"itemscope\" itemtype=\"https:\/\/schema.org\/CreativeWork\" ><div class='avia_textblock'  itemprop=\"text\" ><p><strong>Produkt-Nr.: 9020225<\/strong><br \/>\nSandstreuset f\u00fcr Scania-Aufbauten ICL2 enth\u00e4lt unsere beliebtesten Sandstreuer mit einem Fassungsverm\u00f6gen von 90 Litern. Der Fahrer kann den Sandstreuer einfach und effektiv von der Instrumententafel des Fahrzeugs aus steuern und unabh\u00e4ngig eine angemessene Menge Sand extrahieren. Die Sandstreuer k\u00f6nnen an den Scania Canbus angeschlossen werden, wodurch sie mit dem ABS \/ EBS-System des Fahrzeugs zusammenarbeiten. Dies erh\u00f6ht die Sicherheit, indem unter anderem der Bremsweg verk\u00fcrzt wird. Im Set sind zwei Standardhalterungen, zwei Konsolen f\u00fcr Scania links \/ rechts, ein Kontrollzentrum und eine Verkabelung enthalten. Die Sandstreuer werden von einem Elektromotor angetrieben und der Sand wird von einem Heizelement erw\u00e4rmt. Empfohlener Sand f\u00fcr die Verwendung: 4-8 mm. Bei LKWs und Bussen ist der Sandstreuer vor den Antriebsr\u00e4dern montiert. Gewicht f\u00fcr Streuer exkl. Sand: 40 kg.<\/p>\n<p><strong>Inhalt:<\/strong><br \/>\n<a href=\"https:\/\/www.autoline.no\/de\/product\/s-90-standard-sand-spreader\/\">2 x Sandstreuer S 90<\/a><br \/>\n<a href=\"https:\/\/www.autoline.no\/de\/product\/standard-bracket\/\">2 x Halterung Autoline Universal Rechts\/Links<\/a><br \/>\n<a href=\"https:\/\/www.autoline.no\/de\/product\/bracket-scania-left-side\/\">2 x Halterung Scania Rechts\/Links<\/a><br \/>\n<a href=\"https:\/\/www.autoline.no\/de\/product\/controlbox-2224\/\">1 x Bedienfeld\/Steuerbox ESS 2224, 6m kabel<\/a><br \/>\n<a href=\"https:\/\/www.autoline.no\/de\/product\/scania-r-pb-contact-switch-icl2\/\">1 x Schalter\/Kabel Scania R PB ICL2 NTG, durch tasten geteilt<\/a><\/p>\n<p><strong>Technische Daten:<\/strong><br \/>\nGeh\u00e4use: Edelstahl 2 mm<br \/>\nTop \/ Luke: Edelstahl 2 mm<br \/>\nMontagewinkel: Stahl verzinkt 8 mm<br \/>\nMotor: 24 Volt \/ 60 Watt pr. Kiste<br \/>\nHitze: 24 Volt \/ 140 Watt pr. Kiste<br \/>\nGewicht, Karton: 27-40 kg (ohne Sand und Halterung)<br \/>\nSandart: 4-8 mm Schotter \/ Sand<br \/>\nAktuelle Zeit: 2-3 min<br \/>\nStreul\u00e4nge: 700-1000 m<\/p>\n<\/div><\/section><\/div>\n<style type=\"text\/css\" data-created_by=\"avia_inline_auto\" id=\"style-css-av-26i248-b3ed68224792e03d04660e88e5371dac\">\n.flex_column.av-26i248-b3ed68224792e03d04660e88e5371dac{\nborder-radius:0px 0px 0px 0px;\npadding:0px 0px 0px 0px;\n}\n<\/style>\n<div  class='flex_column av-26i248-b3ed68224792e03d04660e88e5371dac av_one_third  avia-builder-el-9  el_after_av_two_third  el_before_av_gallery  flex_column_div av-zero-column-padding  '     ><p>\n<style type=\"text\/css\" data-created_by=\"avia_inline_auto\" id=\"style-css-av-k669biq1-9206c1284436dd355de58e282f5064c8\">\n.avia-image-container.av-k669biq1-9206c1284436dd355de58e282f5064c8 img.avia_image{\nbox-shadow:none;\n}\n.avia-image-container.av-k669biq1-9206c1284436dd355de58e282f5064c8 .av-image-caption-overlay-center{\ncolor:#ffffff;\n}\n<\/style>\n<div  class='avia-image-container av-k669biq1-9206c1284436dd355de58e282f5064c8 av-styling- avia-align-center  avia-builder-el-10  el_before_av_textblock  avia-builder-el-first '   itemprop=\"image\" itemscope=\"itemscope\" itemtype=\"https:\/\/schema.org\/ImageObject\" ><div class=\"avia-image-container-inner\"><div class=\"avia-image-overlay-wrap\"><img decoding=\"async\" fetchpriority=\"high\" class='wp-image-2218 avia-img-lazy-loading-not-2218 avia_image ' src=\"https:\/\/www.autoline.no\/wp-content\/uploads\/2016\/12\/s90-teknisk.jpg\" alt='' title='s90-teknisk'  height=\"717\" width=\"620\"  itemprop=\"thumbnailUrl\" srcset=\"https:\/\/www.autoline.no\/wp-content\/uploads\/2016\/12\/s90-teknisk.jpg 620w, https:\/\/www.autoline.no\/wp-content\/uploads\/2016\/12\/s90-teknisk-450x520.jpg 450w, https:\/\/www.autoline.no\/wp-content\/uploads\/2016\/12\/s90-teknisk-259x300.jpg 259w, https:\/\/www.autoline.no\/wp-content\/uploads\/2016\/12\/s90-teknisk-610x705.jpg 610w\" sizes=\"(max-width: 620px) 100vw, 620px\" \/><\/div><\/div><\/div><br \/>\n<section  class='av_textblock_section av-k669fyy1-b53c0d499d5e96d0f1ac9a525dfd1870 '   itemscope=\"itemscope\" itemtype=\"https:\/\/schema.org\/CreativeWork\" ><div class='avia_textblock'  itemprop=\"text\" ><p>A: 670 mm<br \/>\nB: 310 mm<br \/>\nC: 290 mm<br \/>\nD: 300 mm<br \/>\nG: 160 mm<br \/>\nH: 550 mm<br \/>\nJ: 660 mm Gesamth\u00f6he<\/p>\n<p><a href=\"https:\/\/www.autoline.no\/de\/products\/parts\/\">Gesamth\u00f6he<\/a><br \/>\n<a href=\"https:\/\/www.autoline.no\/wp-content\/uploads\/2016\/12\/CADDrawing-S90.zip\">CAD-Zeichnung<\/a><\/p>\n<\/div><\/section><\/p><\/div><\/p>\n\n<style type=\"text\/css\" data-created_by=\"avia_inline_auto\" id=\"style-css-av-k669e6ke-dbb1f3d84859d693f2122d5f23017645\">\n#top .avia-gallery.av-k669e6ke-dbb1f3d84859d693f2122d5f23017645 .avia-gallery-thumb a{\nwidth:20%;\n}\n<\/style>\n<div  class='avia-gallery av-k669e6ke-dbb1f3d84859d693f2122d5f23017645 avia_animate_when_visible  avia-builder-el-12  el_after_av_one_third  avia-builder-el-last  avia_lazyload avia-gallery-animate avia-gallery-1'  itemprop=\"image\" itemscope=\"itemscope\" itemtype=\"https:\/\/schema.org\/ImageObject\" ><meta itemprop=\"contentURL\" content=\"https:\/\/www.autoline.no\/de\/product\/s-90-builder-scania-kit\/\"><div class='avia-gallery-thumb'><a href=\"https:\/\/www.autoline.no\/wp-content\/uploads\/2020\/02\/d457_productimage_2.jpg\" data-srcset=\"https:\/\/www.autoline.no\/wp-content\/uploads\/2020\/02\/d457_productimage_2.jpg 650w, https:\/\/www.autoline.no\/wp-content\/uploads\/2020\/02\/d457_productimage_2-300x225.jpg 300w, https:\/\/www.autoline.no\/wp-content\/uploads\/2020\/02\/d457_productimage_2-450x338.jpg 450w\" data-sizes=\"(max-width: 650px) 100vw, 650px\" data-rel='gallery-1' data-prev-img='https:\/\/www.autoline.no\/wp-content\/uploads\/2020\/02\/d457_productimage_2-495x400.jpg' class='first_thumb lightbox ' data-onclick='1' title='d457_productimage_2'  itemprop=\"thumbnailUrl\"  ><img decoding=\"async\" fetchpriority=\"high\" class=\"wp-image-2588 avia-img-lazy-loading-not-2588\"   src=\"https:\/\/www.autoline.no\/wp-content\/uploads\/2020\/02\/d457_productimage_2-495x400.jpg\" width=\"495\" height=\"400\"  title='d457_productimage_2' alt='' \/><div class='big-prev-fake'><img decoding=\"async\" loading=\"lazy\" class=\"wp-image-2588 avia-img-lazy-loading-2588\"  width=\"495\" height=\"400\" src=\"https:\/\/www.autoline.no\/wp-content\/uploads\/2020\/02\/d457_productimage_2-495x400.jpg\" title='d457_productimage_2' alt='' \/><\/div><\/a><a href=\"https:\/\/www.autoline.no\/wp-content\/uploads\/2020\/02\/d457_productimage_mainfront.jpg\" data-srcset=\"https:\/\/www.autoline.no\/wp-content\/uploads\/2020\/02\/d457_productimage_mainfront.jpg 650w, https:\/\/www.autoline.no\/wp-content\/uploads\/2020\/02\/d457_productimage_mainfront-300x225.jpg 300w, https:\/\/www.autoline.no\/wp-content\/uploads\/2020\/02\/d457_productimage_mainfront-450x338.jpg 450w\" data-sizes=\"(max-width: 650px) 100vw, 650px\" data-rel='gallery-1' data-prev-img='https:\/\/www.autoline.no\/wp-content\/uploads\/2020\/02\/d457_productimage_mainfront-495x400.jpg' class='lightbox ' data-onclick='2' title='d457_productimage_mainfront'  itemprop=\"thumbnailUrl\"  ><img decoding=\"async\" fetchpriority=\"high\" class=\"wp-image-2585 avia-img-lazy-loading-not-2585\"   src=\"https:\/\/www.autoline.no\/wp-content\/uploads\/2020\/02\/d457_productimage_mainfront-495x400.jpg\" width=\"495\" height=\"400\"  title='d457_productimage_mainfront' alt='' \/><div class='big-prev-fake'><img decoding=\"async\" loading=\"lazy\" class=\"wp-image-2585 avia-img-lazy-loading-2585\"  width=\"495\" height=\"400\" src=\"https:\/\/www.autoline.no\/wp-content\/uploads\/2020\/02\/d457_productimage_mainfront-495x400.jpg\" title='d457_productimage_mainfront' alt='' \/><\/div><\/a><a href=\"https:\/\/www.autoline.no\/wp-content\/uploads\/2016\/12\/\u00a9Roald-Jung\u00e5rd-0535-1030x686.png\" data-srcset=\"https:\/\/www.autoline.no\/wp-content\/uploads\/2016\/12\/\u00a9Roald-Jung\u00e5rd-0535-1030x686.png 1030w, https:\/\/www.autoline.no\/wp-content\/uploads\/2016\/12\/\u00a9Roald-Jung\u00e5rd-0535-300x200.png 300w, https:\/\/www.autoline.no\/wp-content\/uploads\/2016\/12\/\u00a9Roald-Jung\u00e5rd-0535-768x511.png 768w, https:\/\/www.autoline.no\/wp-content\/uploads\/2016\/12\/\u00a9Roald-Jung\u00e5rd-0535-705x469.png 705w, https:\/\/www.autoline.no\/wp-content\/uploads\/2016\/12\/\u00a9Roald-Jung\u00e5rd-0535-450x300.png 450w, https:\/\/www.autoline.no\/wp-content\/uploads\/2016\/12\/\u00a9Roald-Jung\u00e5rd-0535.png 1316w\" data-sizes=\"(max-width: 1030px) 100vw, 1030px\" data-rel='gallery-1' data-prev-img='https:\/\/www.autoline.no\/wp-content\/uploads\/2016\/12\/\u00a9Roald-Jung\u00e5rd-0535-495x400.png' class='lightbox ' data-onclick='3' title='\u00a9Roald Jung\u00e5rd-0535'  itemprop=\"thumbnailUrl\"  ><img decoding=\"async\" fetchpriority=\"high\" class=\"wp-image-2437 avia-img-lazy-loading-not-2437\"   src=\"https:\/\/www.autoline.no\/wp-content\/uploads\/2016\/12\/\u00a9Roald-Jung\u00e5rd-0535-495x400.png\" width=\"495\" height=\"400\"  title='\u00a9Roald Jung\u00e5rd-0535' alt='' srcset=\"https:\/\/www.autoline.no\/wp-content\/uploads\/2016\/12\/\u00a9Roald-Jung\u00e5rd-0535-495x400.png 495w, https:\/\/www.autoline.no\/wp-content\/uploads\/2016\/12\/\u00a9Roald-Jung\u00e5rd-0535-845x684.png 845w\" sizes=\"(max-width: 495px) 100vw, 495px\" \/><div class='big-prev-fake'><img decoding=\"async\" loading=\"lazy\" class=\"wp-image-2437 avia-img-lazy-loading-2437\"  width=\"495\" height=\"400\" src=\"https:\/\/www.autoline.no\/wp-content\/uploads\/2016\/12\/\u00a9Roald-Jung\u00e5rd-0535-495x400.png\" title='\u00a9Roald Jung\u00e5rd-0535' alt='' srcset=\"https:\/\/www.autoline.no\/wp-content\/uploads\/2016\/12\/\u00a9Roald-Jung\u00e5rd-0535-495x400.png 495w, https:\/\/www.autoline.no\/wp-content\/uploads\/2016\/12\/\u00a9Roald-Jung\u00e5rd-0535-845x684.png 845w\" sizes=\"auto, (max-width: 495px) 100vw, 495px\" \/><\/div><\/a><a href=\"https:\/\/www.autoline.no\/wp-content\/uploads\/2016\/12\/\u00a9Roald-Jung\u00e5rd-0542-1030x686.png\" data-srcset=\"https:\/\/www.autoline.no\/wp-content\/uploads\/2016\/12\/\u00a9Roald-Jung\u00e5rd-0542-1030x686.png 1030w, https:\/\/www.autoline.no\/wp-content\/uploads\/2016\/12\/\u00a9Roald-Jung\u00e5rd-0542-300x200.png 300w, https:\/\/www.autoline.no\/wp-content\/uploads\/2016\/12\/\u00a9Roald-Jung\u00e5rd-0542-768x511.png 768w, https:\/\/www.autoline.no\/wp-content\/uploads\/2016\/12\/\u00a9Roald-Jung\u00e5rd-0542-1500x999.png 1500w, https:\/\/www.autoline.no\/wp-content\/uploads\/2016\/12\/\u00a9Roald-Jung\u00e5rd-0542-705x469.png 705w, https:\/\/www.autoline.no\/wp-content\/uploads\/2016\/12\/\u00a9Roald-Jung\u00e5rd-0542-450x300.png 450w, https:\/\/www.autoline.no\/wp-content\/uploads\/2016\/12\/\u00a9Roald-Jung\u00e5rd-0542.png 1711w\" data-sizes=\"(max-width: 1030px) 100vw, 1030px\" data-rel='gallery-1' data-prev-img='https:\/\/www.autoline.no\/wp-content\/uploads\/2016\/12\/\u00a9Roald-Jung\u00e5rd-0542-495x400.png' class='lightbox ' data-onclick='4' title='\u00a9Roald Jung\u00e5rd-0542'  itemprop=\"thumbnailUrl\"  ><img decoding=\"async\" fetchpriority=\"high\" class=\"wp-image-2431 avia-img-lazy-loading-not-2431\"   src=\"https:\/\/www.autoline.no\/wp-content\/uploads\/2016\/12\/\u00a9Roald-Jung\u00e5rd-0542-495x400.png\" width=\"495\" height=\"400\"  title='\u00a9Roald Jung\u00e5rd-0542' alt='' srcset=\"https:\/\/www.autoline.no\/wp-content\/uploads\/2016\/12\/\u00a9Roald-Jung\u00e5rd-0542-495x400.png 495w, https:\/\/www.autoline.no\/wp-content\/uploads\/2016\/12\/\u00a9Roald-Jung\u00e5rd-0542-845x684.png 845w\" sizes=\"(max-width: 495px) 100vw, 495px\" \/><div class='big-prev-fake'><img decoding=\"async\" loading=\"lazy\" class=\"wp-image-2431 avia-img-lazy-loading-2431\"  width=\"495\" height=\"400\" src=\"https:\/\/www.autoline.no\/wp-content\/uploads\/2016\/12\/\u00a9Roald-Jung\u00e5rd-0542-495x400.png\" title='\u00a9Roald Jung\u00e5rd-0542' alt='' srcset=\"https:\/\/www.autoline.no\/wp-content\/uploads\/2016\/12\/\u00a9Roald-Jung\u00e5rd-0542-495x400.png 495w, https:\/\/www.autoline.no\/wp-content\/uploads\/2016\/12\/\u00a9Roald-Jung\u00e5rd-0542-845x684.png 845w\" sizes=\"auto, (max-width: 495px) 100vw, 495px\" \/><\/div><\/a><a href=\"https:\/\/www.autoline.no\/wp-content\/uploads\/2016\/12\/Y-60-sand-spreader-450x450-2.jpg\" data-srcset=\"https:\/\/www.autoline.no\/wp-content\/uploads\/2016\/12\/Y-60-sand-spreader-450x450-2.jpg 804w, https:\/\/www.autoline.no\/wp-content\/uploads\/2016\/12\/Y-60-sand-spreader-450x450-2-300x200.jpg 300w, https:\/\/www.autoline.no\/wp-content\/uploads\/2016\/12\/Y-60-sand-spreader-450x450-2-768x512.jpg 768w, https:\/\/www.autoline.no\/wp-content\/uploads\/2016\/12\/Y-60-sand-spreader-450x450-2-705x470.jpg 705w, https:\/\/www.autoline.no\/wp-content\/uploads\/2016\/12\/Y-60-sand-spreader-450x450-2-450x300.jpg 450w\" data-sizes=\"(max-width: 804px) 100vw, 804px\" data-rel='gallery-1' data-prev-img='https:\/\/www.autoline.no\/wp-content\/uploads\/2016\/12\/Y-60-sand-spreader-450x450-2-495x400.jpg' class='lightbox ' data-onclick='5' title='Y-60-sand-spreader-450x450'  itemprop=\"thumbnailUrl\"  ><img decoding=\"async\" fetchpriority=\"high\" class=\"wp-image-2298 avia-img-lazy-loading-not-2298\"   src=\"https:\/\/www.autoline.no\/wp-content\/uploads\/2016\/12\/Y-60-sand-spreader-450x450-2-495x400.jpg\" width=\"495\" height=\"400\"  title='Y-60-sand-spreader-450x450' alt='' \/><div class='big-prev-fake'><img decoding=\"async\" loading=\"lazy\" class=\"wp-image-2298 avia-img-lazy-loading-2298\"  width=\"495\" height=\"400\" src=\"https:\/\/www.autoline.no\/wp-content\/uploads\/2016\/12\/Y-60-sand-spreader-450x450-2-495x400.jpg\" title='Y-60-sand-spreader-450x450' alt='' \/><\/div><\/a><a href=\"https:\/\/www.autoline.no\/wp-content\/uploads\/2016\/12\/S-90-standard-sand-spreader-450x450-1.jpg\" data-srcset=\"https:\/\/www.autoline.no\/wp-content\/uploads\/2016\/12\/S-90-standard-sand-spreader-450x450-1.jpg 450w, https:\/\/www.autoline.no\/wp-content\/uploads\/2016\/12\/S-90-standard-sand-spreader-450x450-1-80x80.jpg 80w, https:\/\/www.autoline.no\/wp-content\/uploads\/2016\/12\/S-90-standard-sand-spreader-450x450-1-300x300.jpg 300w, https:\/\/www.autoline.no\/wp-content\/uploads\/2016\/12\/S-90-standard-sand-spreader-450x450-1-36x36.jpg 36w, https:\/\/www.autoline.no\/wp-content\/uploads\/2016\/12\/S-90-standard-sand-spreader-450x450-1-180x180.jpg 180w, https:\/\/www.autoline.no\/wp-content\/uploads\/2016\/12\/S-90-standard-sand-spreader-450x450-1-100x100.jpg 100w\" data-sizes=\"(max-width: 450px) 100vw, 450px\" data-rel='gallery-1' data-prev-img='https:\/\/www.autoline.no\/wp-content\/uploads\/2016\/12\/S-90-standard-sand-spreader-450x450-1-450x400.jpg' class='first_thumb lightbox ' data-onclick='6' title='S-90-standard-sand-spreader-450x450'  itemprop=\"thumbnailUrl\"  ><img decoding=\"async\" fetchpriority=\"high\" class=\"wp-image-2278 avia-img-lazy-loading-not-2278\"   src=\"https:\/\/www.autoline.no\/wp-content\/uploads\/2016\/12\/S-90-standard-sand-spreader-450x450-1-450x400.jpg\" width=\"450\" height=\"400\"  title='S-90-standard-sand-spreader-450x450' alt='' \/><div class='big-prev-fake'><img decoding=\"async\" loading=\"lazy\" class=\"wp-image-2278 avia-img-lazy-loading-2278\"  width=\"450\" height=\"400\" src=\"https:\/\/www.autoline.no\/wp-content\/uploads\/2016\/12\/S-90-standard-sand-spreader-450x450-1-450x400.jpg\" title='S-90-standard-sand-spreader-450x450' alt='' \/><\/div><\/a><a href=\"https:\/\/www.autoline.no\/wp-content\/uploads\/2016\/12\/s90_2-1030x687.jpg\" data-srcset=\"https:\/\/www.autoline.no\/wp-content\/uploads\/2016\/12\/s90_2-1030x687.jpg 1030w, https:\/\/www.autoline.no\/wp-content\/uploads\/2016\/12\/s90_2-450x300.jpg 450w, https:\/\/www.autoline.no\/wp-content\/uploads\/2016\/12\/s90_2-300x200.jpg 300w, https:\/\/www.autoline.no\/wp-content\/uploads\/2016\/12\/s90_2-768x512.jpg 768w, https:\/\/www.autoline.no\/wp-content\/uploads\/2016\/12\/s90_2-705x470.jpg 705w, https:\/\/www.autoline.no\/wp-content\/uploads\/2016\/12\/s90_2.jpg 1200w\" data-sizes=\"(max-width: 1030px) 100vw, 1030px\" data-rel='gallery-1' data-prev-img='https:\/\/www.autoline.no\/wp-content\/uploads\/2016\/12\/s90_2-495x400.jpg' class='lightbox ' data-onclick='7' title='s90_2'  itemprop=\"thumbnailUrl\"  ><img decoding=\"async\" fetchpriority=\"high\" class=\"wp-image-2220 avia-img-lazy-loading-not-2220\"   src=\"https:\/\/www.autoline.no\/wp-content\/uploads\/2016\/12\/s90_2-495x400.jpg\" width=\"495\" height=\"400\"  title='s90_2' alt='' srcset=\"https:\/\/www.autoline.no\/wp-content\/uploads\/2016\/12\/s90_2-495x400.jpg 495w, https:\/\/www.autoline.no\/wp-content\/uploads\/2016\/12\/s90_2-845x684.jpg 845w\" sizes=\"(max-width: 495px) 100vw, 495px\" \/><div class='big-prev-fake'><img decoding=\"async\" loading=\"lazy\" class=\"wp-image-2220 avia-img-lazy-loading-2220\"  width=\"495\" height=\"400\" src=\"https:\/\/www.autoline.no\/wp-content\/uploads\/2016\/12\/s90_2-495x400.jpg\" title='s90_2' alt='' srcset=\"https:\/\/www.autoline.no\/wp-content\/uploads\/2016\/12\/s90_2-495x400.jpg 495w, https:\/\/www.autoline.no\/wp-content\/uploads\/2016\/12\/s90_2-845x684.jpg 845w\" sizes=\"auto, (max-width: 495px) 100vw, 495px\" \/><\/div><\/a><a href=\"https:\/\/www.autoline.no\/wp-content\/uploads\/2016\/12\/S90_1-1030x687.jpg\" data-srcset=\"https:\/\/www.autoline.no\/wp-content\/uploads\/2016\/12\/S90_1-1030x687.jpg 1030w, https:\/\/www.autoline.no\/wp-content\/uploads\/2016\/12\/S90_1-450x300.jpg 450w, https:\/\/www.autoline.no\/wp-content\/uploads\/2016\/12\/S90_1-300x200.jpg 300w, https:\/\/www.autoline.no\/wp-content\/uploads\/2016\/12\/S90_1-768x512.jpg 768w, https:\/\/www.autoline.no\/wp-content\/uploads\/2016\/12\/S90_1-705x470.jpg 705w, https:\/\/www.autoline.no\/wp-content\/uploads\/2016\/12\/S90_1.jpg 1200w\" data-sizes=\"(max-width: 1030px) 100vw, 1030px\" data-rel='gallery-1' data-prev-img='https:\/\/www.autoline.no\/wp-content\/uploads\/2016\/12\/S90_1-495x400.jpg' class='lightbox ' data-onclick='8' title='s90_1'  itemprop=\"thumbnailUrl\"  ><img decoding=\"async\" fetchpriority=\"high\" class=\"wp-image-2219 avia-img-lazy-loading-not-2219\"   src=\"https:\/\/www.autoline.no\/wp-content\/uploads\/2016\/12\/S90_1-495x400.jpg\" width=\"495\" height=\"400\"  title='s90_1' alt='' srcset=\"https:\/\/www.autoline.no\/wp-content\/uploads\/2016\/12\/S90_1-495x400.jpg 495w, https:\/\/www.autoline.no\/wp-content\/uploads\/2016\/12\/S90_1-845x684.jpg 845w\" sizes=\"(max-width: 495px) 100vw, 495px\" \/><div class='big-prev-fake'><img decoding=\"async\" loading=\"lazy\" class=\"wp-image-2219 avia-img-lazy-loading-2219\"  width=\"495\" height=\"400\" src=\"https:\/\/www.autoline.no\/wp-content\/uploads\/2016\/12\/S90_1-495x400.jpg\" title='s90_1' alt='' srcset=\"https:\/\/www.autoline.no\/wp-content\/uploads\/2016\/12\/S90_1-495x400.jpg 495w, https:\/\/www.autoline.no\/wp-content\/uploads\/2016\/12\/S90_1-845x684.jpg 845w\" sizes=\"auto, (max-width: 495px) 100vw, 495px\" \/><\/div><\/a><\/div><\/div>\n","protected":false},"excerpt":{"rendered":"<p><strong>Produkt-Nr.: 9020225<\/strong><br \/>\nSandstreuset f\u00fcr Scania-Aufbauten ICL2 enth\u00e4lt unsere beliebtesten Sandstreuer mit einem Fassungsverm\u00f6gen von 90 Litern.<\/p>\n","protected":false},"featured_media":2585,"comment_status":"open","ping_status":"closed","template":"","meta":{"_acf_changed":false,"_links_to":"","_links_to_target":""},"product_brand":[],"product_cat":[33],"product_tag":[],"class_list":{"0":"post-2600","1":"product","2":"type-product","3":"status-publish","4":"has-post-thumbnail","6":"product_cat-uncategorized","8":"first","9":"instock","10":"shipping-taxable","11":"purchasable","12":"product-type-simple"},"acf":[],"_links":{"self":[{"href":"https:\/\/www.autoline.no\/de\/wp-json\/wp\/v2\/product\/2600","targetHints":{"allow":["GET"]}}],"collection":[{"href":"https:\/\/www.autoline.no\/de\/wp-json\/wp\/v2\/product"}],"about":[{"href":"https:\/\/www.autoline.no\/de\/wp-json\/wp\/v2\/types\/product"}],"replies":[{"embeddable":true,"href":"https:\/\/www.autoline.no\/de\/wp-json\/wp\/v2\/comments?post=2600"}],"wp:featuredmedia":[{"embeddable":true,"href":"https:\/\/www.autoline.no\/de\/wp-json\/wp\/v2\/media\/2585"}],"wp:attachment":[{"href":"https:\/\/www.autoline.no\/de\/wp-json\/wp\/v2\/media?parent=2600"}],"wp:term":[{"taxonomy":"product_brand","embeddable":true,"href":"https:\/\/www.autoline.no\/de\/wp-json\/wp\/v2\/product_brand?post=2600"},{"taxonomy":"product_cat","embeddable":true,"href":"https:\/\/www.autoline.no\/de\/wp-json\/wp\/v2\/product_cat?post=2600"},{"taxonomy":"product_tag","embeddable":true,"href":"https:\/\/www.autoline.no\/de\/wp-json\/wp\/v2\/product_tag?post=2600"}],"curies":[{"name":"wp","href":"https:\/\/api.w.org\/{rel}","templated":true}]}}