{"id":1414,"date":"2016-12-08T11:39:23","date_gmt":"2016-12-08T10:39:23","guid":{"rendered":"http:\/\/www.autoline.no\/product\/xl-140-extra-large-sander\/?lang=de"},"modified":"2022-01-20T16:15:24","modified_gmt":"2022-01-20T15:15:24","slug":"14000000-xl140-sandstreuer","status":"publish","type":"product","link":"https:\/\/www.autoline.no\/de\/product\/14000000-xl140-sandstreuer\/","title":{"rendered":"14000000 XL140 Sandstreuer"},"content":{"rendered":"\n<style type=\"text\/css\" data-created_by=\"avia_inline_auto\" id=\"style-css-av-5cl452-bd89e2ee5d51c5a1a24d0607b5ff80e5\">\n.flex_column.av-5cl452-bd89e2ee5d51c5a1a24d0607b5ff80e5{\nborder-radius:0px 0px 0px 0px;\npadding:0px 0px 0px 0px;\n}\n<\/style>\n<div  class='flex_column av-5cl452-bd89e2ee5d51c5a1a24d0607b5ff80e5 av_one_full  avia-builder-el-0  el_before_av_one_full  avia-builder-el-first  first flex_column_div av-zero-column-padding  '     ><style type=\"text\/css\" data-created_by=\"avia_inline_auto\" id=\"style-css-av-kyn3plhc-848c0f556b8cc34998b1f6f3c05a3726\">\n.avia-image-container.av-kyn3plhc-848c0f556b8cc34998b1f6f3c05a3726 img.avia_image{\nbox-shadow:none;\n}\n.avia-image-container.av-kyn3plhc-848c0f556b8cc34998b1f6f3c05a3726 .av-image-caption-overlay-center{\ncolor:#ffffff;\n}\n<\/style>\n<div  class='avia-image-container av-kyn3plhc-848c0f556b8cc34998b1f6f3c05a3726 av-styling- avia-align-center  avia-builder-el-1  avia-builder-el-no-sibling '   itemprop=\"image\" itemscope=\"itemscope\" itemtype=\"https:\/\/schema.org\/ImageObject\" ><div class=\"avia-image-container-inner\"><div class=\"avia-image-overlay-wrap\"><img decoding=\"async\" fetchpriority=\"high\" class='wp-image-2992 avia-img-lazy-loading-not-2992 avia_image ' src=\"https:\/\/www.autoline.no\/wp-content\/uploads\/2020\/06\/Autoline_logo-300x76.png\" alt='' title='Autoline_logo'  height=\"76\" width=\"300\"  itemprop=\"thumbnailUrl\" srcset=\"https:\/\/www.autoline.no\/wp-content\/uploads\/2020\/06\/Autoline_logo-300x76.png 300w, https:\/\/www.autoline.no\/wp-content\/uploads\/2020\/06\/Autoline_logo-768x194.png 768w, https:\/\/www.autoline.no\/wp-content\/uploads\/2020\/06\/Autoline_logo-705x178.png 705w, https:\/\/www.autoline.no\/wp-content\/uploads\/2020\/06\/Autoline_logo-450x114.png 450w, https:\/\/www.autoline.no\/wp-content\/uploads\/2020\/06\/Autoline_logo.png 980w\" sizes=\"(max-width: 300px) 100vw, 300px\" \/><\/div><\/div><\/div><\/div>\n\n<style type=\"text\/css\" data-created_by=\"avia_inline_auto\" id=\"style-css-av-av_one_full-79ff81c021393065cee878051452f6a6\">\n.flex_column.av-av_one_full-79ff81c021393065cee878051452f6a6{\nborder-radius:0px 0px 0px 0px;\npadding:0px 0px 0px 0px;\n}\n<\/style>\n<div  class='flex_column av-av_one_full-79ff81c021393065cee878051452f6a6 av_one_full  avia-builder-el-2  el_after_av_one_full  el_before_av_hr  first flex_column_div av-zero-column-padding  column-top-margin'     ><style type=\"text\/css\" data-created_by=\"avia_inline_auto\" id=\"style-css-av-kyn47w98-f34cecae7aa9d2e6bade4b510229d7bf\">\n.avia-image-container.av-kyn47w98-f34cecae7aa9d2e6bade4b510229d7bf img.avia_image{\nbox-shadow:none;\n}\n.avia-image-container.av-kyn47w98-f34cecae7aa9d2e6bade4b510229d7bf .av-image-caption-overlay-center{\ncolor:#ffffff;\n}\n<\/style>\n<div  class='avia-image-container av-kyn47w98-f34cecae7aa9d2e6bade4b510229d7bf av-styling- avia-align-center  avia-builder-el-3  avia-builder-el-no-sibling '   itemprop=\"image\" itemscope=\"itemscope\" itemtype=\"https:\/\/schema.org\/ImageObject\" ><div class=\"avia-image-container-inner\"><div class=\"avia-image-overlay-wrap\"><img decoding=\"async\" fetchpriority=\"high\" class='wp-image-4115 avia-img-lazy-loading-not-4115 avia_image ' src=\"https:\/\/www.autoline.no\/wp-content\/uploads\/2016\/12\/New-S90-XL-model-sander-with-greater-sanding-capacity.jpg\" alt='' title='new-s90-xl-model-sander-with-greater-sanding-capacity'  height=\"536\" width=\"804\"  itemprop=\"thumbnailUrl\" srcset=\"https:\/\/www.autoline.no\/wp-content\/uploads\/2016\/12\/New-S90-XL-model-sander-with-greater-sanding-capacity.jpg 804w, https:\/\/www.autoline.no\/wp-content\/uploads\/2016\/12\/New-S90-XL-model-sander-with-greater-sanding-capacity-450x300.jpg 450w, https:\/\/www.autoline.no\/wp-content\/uploads\/2016\/12\/New-S90-XL-model-sander-with-greater-sanding-capacity-300x200.jpg 300w, https:\/\/www.autoline.no\/wp-content\/uploads\/2016\/12\/New-S90-XL-model-sander-with-greater-sanding-capacity-768x512.jpg 768w, https:\/\/www.autoline.no\/wp-content\/uploads\/2016\/12\/New-S90-XL-model-sander-with-greater-sanding-capacity-705x470.jpg 705w\" sizes=\"(max-width: 804px) 100vw, 804px\" \/><\/div><\/div><\/div><\/div><div  class='hr av-epng6-15c9a4da4ecf263438b8a1757e9e343f hr-default  avia-builder-el-4  el_after_av_one_full  el_before_av_heading '><span class='hr-inner '><span class=\"hr-inner-style\"><\/span><\/span><\/div><\/p>\n\n<style type=\"text\/css\" data-created_by=\"avia_inline_auto\" id=\"style-css-av-av_heading-c046e94f921f569ae0a8c17e62a77fe4\">\n#top .av-special-heading.av-av_heading-c046e94f921f569ae0a8c17e62a77fe4{\npadding-bottom:10px;\n}\nbody .av-special-heading.av-av_heading-c046e94f921f569ae0a8c17e62a77fe4 .av-special-heading-tag .heading-char{\nfont-size:25px;\n}\n.av-special-heading.av-av_heading-c046e94f921f569ae0a8c17e62a77fe4 .av-subheading{\nfont-size:15px;\n}\n<\/style>\n<div  class='av-special-heading av-av_heading-c046e94f921f569ae0a8c17e62a77fe4 av-special-heading-h2 blockquote modern-quote  avia-builder-el-5  el_after_av_hr  el_before_av_hr '><h2 class='av-special-heading-tag '  itemprop=\"headline\"  >XL 140 EXTRA GRO\u00dfER SANDSTREUER<\/h2><div class=\"special-heading-border\"><div class=\"special-heading-inner-border\"><\/div><\/div><\/div>\n<div  class='hr av-1xd12e-1417d55c5d6703cc185a083316083a31 hr-default  avia-builder-el-6  el_after_av_heading  el_before_av_two_third '><span class='hr-inner '><span class=\"hr-inner-style\"><\/span><\/span><\/div>\n\n<style type=\"text\/css\" data-created_by=\"avia_inline_auto\" id=\"style-css-av-q08sm-b69728cff063a50706ee8a140ca56487\">\n.flex_column.av-q08sm-b69728cff063a50706ee8a140ca56487{\nborder-radius:0px 0px 0px 0px;\npadding:0px 0px 0px 0px;\n}\n<\/style>\n<div  class='flex_column av-q08sm-b69728cff063a50706ee8a140ca56487 av_two_third  avia-builder-el-7  el_after_av_hr  el_before_av_one_third  first flex_column_div av-zero-column-padding  '     ><section  class='av_textblock_section av-k7onyqh5-c8040a5fca88e79bab71dd719d3ac891 '   itemscope=\"itemscope\" itemtype=\"https:\/\/schema.org\/CreativeWork\" ><div class='avia_textblock'  itemprop=\"text\" ><div class=\"attribute-intro\">\n<div class=\"attribute-intro\">\n<div class=\"attribute-intro\">\n<div class=\"attribute-intro\">\n<div class=\"attribute-intro\">\n<div class=\"attribute-intro\">\n<div class=\"attribute-intro\">\n<div class=\"attribute-intro\">\n<div class=\"attribute-intro\">\n<div class=\"attribute-intro\">\n<p><b>Artikel-Nr.: 14000000<\/b><br \/>\nXL 140 ist unserer gr\u00f6\u00dfter Sandstreuer mit einer Kapazit\u00e4t von stolzen 140 Litern. Ein Modell, das besonders bei viel Platz am Rahmen geeignet ist, sowie, wenn zus\u00e4tzliche Streukapazit\u00e4t gew\u00fcnscht wird.<\/p>\n<\/div>\n<div class=\"attribute-body\">\n<p><strong>Technische Daten:<\/strong><br \/>\nKasten: Rostfreier Stahl 2 mm<br \/>\nAbdeckung\/\u00d6ffnung: Rostfreier Stahl 2 mm<br \/>\nBefestigungseisen: Galvanisierter Stahl 8 mm<br \/>\nMotor: 24 Volt \/ 60 Watt je Kasten<br \/>\nHeizung: 24 Volt \/ 140 Watt je Kasten<br \/>\nGewicht Kasten: 50 kg (ohne Sand und Befestigung)<br \/>\nSandtyp: 4 &#8211; 8 mm feiner Kies\/Sand<br \/>\nStreuzeit: 2 &#8211; 3 Min.<br \/>\nStreul\u00e4nge: 2000 &#8211; 2500 m<\/p>\n<\/div>\n<\/div>\n<div class=\"attribute-body\"><\/div>\n<\/div>\n<div class=\"attribute-body\"><\/div>\n<\/div>\n<div class=\"attribute-body\"><\/div>\n<\/div>\n<div class=\"attribute-body\"><\/div>\n<\/div>\n<div class=\"attribute-body\"><\/div>\n<\/div>\n<div class=\"attribute-body\"><\/div>\n<\/div>\n<div class=\"attribute-body\"><\/div>\n<\/div>\n<div class=\"attribute-body\"><\/div>\n<\/div>\n<div class=\"attribute-body\"><\/div>\n<\/div><\/section><\/div>\n\n<style type=\"text\/css\" data-created_by=\"avia_inline_auto\" id=\"style-css-av-5lsova-721aa46d10b591fd1c2e4130e9f0bd4b\">\n.flex_column.av-5lsova-721aa46d10b591fd1c2e4130e9f0bd4b{\nborder-radius:0px 0px 0px 0px;\npadding:0px 0px 0px 0px;\n}\n<\/style>\n<div  class='flex_column av-5lsova-721aa46d10b591fd1c2e4130e9f0bd4b av_one_third  avia-builder-el-9  el_after_av_two_third  el_before_av_hr  flex_column_div av-zero-column-padding  '     ><section  class='av_textblock_section av-d77km-13a5e285b13a2f5059b319ca95104351 '   itemscope=\"itemscope\" itemtype=\"https:\/\/schema.org\/CreativeWork\" ><div class='avia_textblock'  itemprop=\"text\" ><p><b>Abmessungen XL 140:<\/b><\/p>\n<p><img loading=\"lazy\" decoding=\"async\" class=\"alignnone size-full wp-image-738\" src=\"http:\/\/www.autoline.no\/wp-content\/uploads\/2016\/12\/XL-teknisk.jpg\" alt=\"xl-teknisk\" width=\"620\" height=\"717\" srcset=\"https:\/\/www.autoline.no\/wp-content\/uploads\/2016\/12\/XL-teknisk.jpg 620w, https:\/\/www.autoline.no\/wp-content\/uploads\/2016\/12\/XL-teknisk-450x520.jpg 450w, https:\/\/www.autoline.no\/wp-content\/uploads\/2016\/12\/XL-teknisk-259x300.jpg 259w, https:\/\/www.autoline.no\/wp-content\/uploads\/2016\/12\/XL-teknisk-610x705.jpg 610w\" sizes=\"auto, (max-width: 620px) 100vw, 620px\" \/><\/p>\n<p>A: 670mm<br \/>\nC: 290mm<br \/>\nG: 160mm<br \/>\nH: 550mm<br \/>\nJ: 660mm<br \/>\nP: 500mm<br \/>\nR: 520mm<\/p>\n<p><a href=\"https:\/\/www.autoline.no\/de\/products\/parts\/\">Teile<\/a><br \/>\n<a href=\"https:\/\/www.autoline.no\/wp-content\/uploads\/2016\/12\/CADDrawing-S90XL.zip\">Cad-Zeichnung XL 140<\/a><\/p>\n<\/div><\/section><\/div>\n<div  class='hr av-2xktsm-9ae787c59309dd6d9a2258aa1d348022 hr-default  avia-builder-el-11  el_after_av_one_third  el_before_av_gallery '><span class='hr-inner '><span class=\"hr-inner-style\"><\/span><\/span><\/div>\n\n<style type=\"text\/css\" data-created_by=\"avia_inline_auto\" id=\"style-css-av-7oy86-6040971918a00b013903a30a0cd4f20a\">\n#top .avia-gallery.av-7oy86-6040971918a00b013903a30a0cd4f20a .avia-gallery-thumb a{\nwidth:50%;\n}\n<\/style>\n<div  class='avia-gallery av-7oy86-6040971918a00b013903a30a0cd4f20a avia_animate_when_visible  avia-builder-el-12  el_after_av_hr  avia-builder-el-last  avia_lazyload avia-gallery-animate avia-gallery-1'  itemprop=\"image\" itemscope=\"itemscope\" itemtype=\"https:\/\/schema.org\/ImageObject\" ><meta itemprop=\"contentURL\" content=\"https:\/\/www.autoline.no\/de\/product\/14000000-xl140-sandstreuer\/\"><div class='avia-gallery-thumb'><a href=\"https:\/\/www.autoline.no\/wp-content\/uploads\/2016\/12\/XL-140-1.jpg\" data-srcset=\"https:\/\/www.autoline.no\/wp-content\/uploads\/2016\/12\/XL-140-1.jpg 667w, https:\/\/www.autoline.no\/wp-content\/uploads\/2016\/12\/XL-140-1-450x675.jpg 450w, https:\/\/www.autoline.no\/wp-content\/uploads\/2016\/12\/XL-140-1-200x300.jpg 200w, https:\/\/www.autoline.no\/wp-content\/uploads\/2016\/12\/XL-140-1-470x705.jpg 470w\" data-sizes=\"(max-width: 667px) 100vw, 667px\" data-rel='gallery-1' data-prev-img='https:\/\/www.autoline.no\/wp-content\/uploads\/2016\/12\/XL-140-1-495x400.jpg' class='first_thumb lightbox ' data-onclick='1' title='xl-140'  itemprop=\"thumbnailUrl\"  ><img decoding=\"async\" fetchpriority=\"high\" class=\"wp-image-2215 avia-img-lazy-loading-not-2215\"   src=\"https:\/\/www.autoline.no\/wp-content\/uploads\/2016\/12\/XL-140-1-495x400.jpg\" width=\"495\" height=\"400\"  title='xl-140' alt='' \/><div class='big-prev-fake'><img decoding=\"async\" loading=\"lazy\" class=\"wp-image-2215 avia-img-lazy-loading-2215\"  width=\"495\" height=\"400\" src=\"https:\/\/www.autoline.no\/wp-content\/uploads\/2016\/12\/XL-140-1-495x400.jpg\" title='xl-140' alt='' \/><\/div><\/a><a href=\"https:\/\/www.autoline.no\/wp-content\/uploads\/2016\/12\/XL-140-2-1.jpg\" data-srcset=\"https:\/\/www.autoline.no\/wp-content\/uploads\/2016\/12\/XL-140-2-1.jpg 1000w, https:\/\/www.autoline.no\/wp-content\/uploads\/2016\/12\/XL-140-2-1-450x338.jpg 450w, https:\/\/www.autoline.no\/wp-content\/uploads\/2016\/12\/XL-140-2-1-300x225.jpg 300w, https:\/\/www.autoline.no\/wp-content\/uploads\/2016\/12\/XL-140-2-1-768x576.jpg 768w, https:\/\/www.autoline.no\/wp-content\/uploads\/2016\/12\/XL-140-2-1-705x529.jpg 705w\" data-sizes=\"(max-width: 1000px) 100vw, 1000px\" data-rel='gallery-1' data-prev-img='https:\/\/www.autoline.no\/wp-content\/uploads\/2016\/12\/XL-140-2-1-495x400.jpg' class='lightbox ' data-onclick='2' title='xl-140-2'  itemprop=\"thumbnailUrl\"  ><img decoding=\"async\" fetchpriority=\"high\" class=\"wp-image-2214 avia-img-lazy-loading-not-2214\"   src=\"https:\/\/www.autoline.no\/wp-content\/uploads\/2016\/12\/XL-140-2-1-495x400.jpg\" width=\"495\" height=\"400\"  title='xl-140-2' alt='' srcset=\"https:\/\/www.autoline.no\/wp-content\/uploads\/2016\/12\/XL-140-2-1-495x400.jpg 495w, https:\/\/www.autoline.no\/wp-content\/uploads\/2016\/12\/XL-140-2-1-845x684.jpg 845w\" sizes=\"(max-width: 495px) 100vw, 495px\" \/><div class='big-prev-fake'><img decoding=\"async\" loading=\"lazy\" class=\"wp-image-2214 avia-img-lazy-loading-2214\"  width=\"495\" height=\"400\" src=\"https:\/\/www.autoline.no\/wp-content\/uploads\/2016\/12\/XL-140-2-1-495x400.jpg\" title='xl-140-2' alt='' srcset=\"https:\/\/www.autoline.no\/wp-content\/uploads\/2016\/12\/XL-140-2-1-495x400.jpg 495w, https:\/\/www.autoline.no\/wp-content\/uploads\/2016\/12\/XL-140-2-1-845x684.jpg 845w\" sizes=\"auto, (max-width: 495px) 100vw, 495px\" \/><\/div><\/a><a href=\"https:\/\/www.autoline.no\/wp-content\/uploads\/2016\/12\/XL-140-3-773x1030.jpg\" data-srcset=\"https:\/\/www.autoline.no\/wp-content\/uploads\/2016\/12\/XL-140-3-773x1030.jpg 773w, https:\/\/www.autoline.no\/wp-content\/uploads\/2016\/12\/XL-140-3-450x600.jpg 450w, https:\/\/www.autoline.no\/wp-content\/uploads\/2016\/12\/XL-140-3-225x300.jpg 225w, https:\/\/www.autoline.no\/wp-content\/uploads\/2016\/12\/XL-140-3-768x1024.jpg 768w, https:\/\/www.autoline.no\/wp-content\/uploads\/2016\/12\/XL-140-3-529x705.jpg 529w, https:\/\/www.autoline.no\/wp-content\/uploads\/2016\/12\/XL-140-3.jpg 1000w\" data-sizes=\"(max-width: 773px) 100vw, 773px\" data-rel='gallery-1' data-prev-img='https:\/\/www.autoline.no\/wp-content\/uploads\/2016\/12\/XL-140-3-495x400.jpg' class='first_thumb lightbox ' data-onclick='3' title='xl-140-3'  itemprop=\"thumbnailUrl\"  ><img decoding=\"async\" fetchpriority=\"high\" class=\"wp-image-2212 avia-img-lazy-loading-not-2212\"   src=\"https:\/\/www.autoline.no\/wp-content\/uploads\/2016\/12\/XL-140-3-495x400.jpg\" width=\"495\" height=\"400\"  title='xl-140-3' alt='' srcset=\"https:\/\/www.autoline.no\/wp-content\/uploads\/2016\/12\/XL-140-3-495x400.jpg 495w, https:\/\/www.autoline.no\/wp-content\/uploads\/2016\/12\/XL-140-3-845x684.jpg 845w\" sizes=\"(max-width: 495px) 100vw, 495px\" \/><div class='big-prev-fake'><img decoding=\"async\" loading=\"lazy\" class=\"wp-image-2212 avia-img-lazy-loading-2212\"  width=\"495\" height=\"400\" src=\"https:\/\/www.autoline.no\/wp-content\/uploads\/2016\/12\/XL-140-3-495x400.jpg\" title='xl-140-3' alt='' srcset=\"https:\/\/www.autoline.no\/wp-content\/uploads\/2016\/12\/XL-140-3-495x400.jpg 495w, https:\/\/www.autoline.no\/wp-content\/uploads\/2016\/12\/XL-140-3-845x684.jpg 845w\" sizes=\"auto, (max-width: 495px) 100vw, 495px\" \/><\/div><\/a><a href=\"https:\/\/www.autoline.no\/wp-content\/uploads\/2016\/12\/xl-140-4-1.jpg\" data-srcset=\"https:\/\/www.autoline.no\/wp-content\/uploads\/2016\/12\/xl-140-4-1.jpg 1000w, https:\/\/www.autoline.no\/wp-content\/uploads\/2016\/12\/xl-140-4-1-450x338.jpg 450w, https:\/\/www.autoline.no\/wp-content\/uploads\/2016\/12\/xl-140-4-1-300x225.jpg 300w, https:\/\/www.autoline.no\/wp-content\/uploads\/2016\/12\/xl-140-4-1-768x576.jpg 768w, https:\/\/www.autoline.no\/wp-content\/uploads\/2016\/12\/xl-140-4-1-705x529.jpg 705w\" data-sizes=\"(max-width: 1000px) 100vw, 1000px\" data-rel='gallery-1' data-prev-img='https:\/\/www.autoline.no\/wp-content\/uploads\/2016\/12\/xl-140-4-1-495x400.jpg' class='lightbox ' data-onclick='4' title='xl-140-4'  itemprop=\"thumbnailUrl\"  ><img decoding=\"async\" fetchpriority=\"high\" class=\"wp-image-2213 avia-img-lazy-loading-not-2213\"   src=\"https:\/\/www.autoline.no\/wp-content\/uploads\/2016\/12\/xl-140-4-1-495x400.jpg\" width=\"495\" height=\"400\"  title='xl-140-4' alt='' srcset=\"https:\/\/www.autoline.no\/wp-content\/uploads\/2016\/12\/xl-140-4-1-495x400.jpg 495w, https:\/\/www.autoline.no\/wp-content\/uploads\/2016\/12\/xl-140-4-1-845x684.jpg 845w\" sizes=\"(max-width: 495px) 100vw, 495px\" \/><div class='big-prev-fake'><img decoding=\"async\" loading=\"lazy\" class=\"wp-image-2213 avia-img-lazy-loading-2213\"  width=\"495\" height=\"400\" src=\"https:\/\/www.autoline.no\/wp-content\/uploads\/2016\/12\/xl-140-4-1-495x400.jpg\" title='xl-140-4' alt='' srcset=\"https:\/\/www.autoline.no\/wp-content\/uploads\/2016\/12\/xl-140-4-1-495x400.jpg 495w, https:\/\/www.autoline.no\/wp-content\/uploads\/2016\/12\/xl-140-4-1-845x684.jpg 845w\" sizes=\"auto, (max-width: 495px) 100vw, 495px\" \/><\/div><\/a><a href=\"https:\/\/www.autoline.no\/wp-content\/uploads\/2016\/12\/Autoline-sand-spreaders-at-Elmia-2012.jpg\" data-srcset=\"https:\/\/www.autoline.no\/wp-content\/uploads\/2016\/12\/Autoline-sand-spreaders-at-Elmia-2012.jpg 1000w, https:\/\/www.autoline.no\/wp-content\/uploads\/2016\/12\/Autoline-sand-spreaders-at-Elmia-2012-450x300.jpg 450w, https:\/\/www.autoline.no\/wp-content\/uploads\/2016\/12\/Autoline-sand-spreaders-at-Elmia-2012-300x200.jpg 300w, https:\/\/www.autoline.no\/wp-content\/uploads\/2016\/12\/Autoline-sand-spreaders-at-Elmia-2012-768x512.jpg 768w, https:\/\/www.autoline.no\/wp-content\/uploads\/2016\/12\/Autoline-sand-spreaders-at-Elmia-2012-705x470.jpg 705w\" data-sizes=\"(max-width: 1000px) 100vw, 1000px\" data-rel='gallery-1' data-prev-img='https:\/\/www.autoline.no\/wp-content\/uploads\/2016\/12\/Autoline-sand-spreaders-at-Elmia-2012-495x400.jpg' class='first_thumb lightbox ' data-onclick='5' title='autoline-sand-spreaders-at-elmia-2012'  itemprop=\"thumbnailUrl\"  ><img decoding=\"async\" fetchpriority=\"high\" class=\"wp-image-2211 avia-img-lazy-loading-not-2211\"   src=\"https:\/\/www.autoline.no\/wp-content\/uploads\/2016\/12\/Autoline-sand-spreaders-at-Elmia-2012-495x400.jpg\" width=\"495\" height=\"400\"  title='autoline-sand-spreaders-at-elmia-2012' alt='' \/><div class='big-prev-fake'><img decoding=\"async\" loading=\"lazy\" class=\"wp-image-2211 avia-img-lazy-loading-2211\"  width=\"495\" height=\"400\" src=\"https:\/\/www.autoline.no\/wp-content\/uploads\/2016\/12\/Autoline-sand-spreaders-at-Elmia-2012-495x400.jpg\" title='autoline-sand-spreaders-at-elmia-2012' alt='' \/><\/div><\/a><a href=\"https:\/\/www.autoline.no\/wp-content\/uploads\/2016\/12\/Autoline-sand-spreaders-at-Elmia-2012-XL.jpg\" data-srcset=\"https:\/\/www.autoline.no\/wp-content\/uploads\/2016\/12\/Autoline-sand-spreaders-at-Elmia-2012-XL.jpg 666w, https:\/\/www.autoline.no\/wp-content\/uploads\/2016\/12\/Autoline-sand-spreaders-at-Elmia-2012-XL-450x676.jpg 450w, https:\/\/www.autoline.no\/wp-content\/uploads\/2016\/12\/Autoline-sand-spreaders-at-Elmia-2012-XL-200x300.jpg 200w, https:\/\/www.autoline.no\/wp-content\/uploads\/2016\/12\/Autoline-sand-spreaders-at-Elmia-2012-XL-470x705.jpg 470w\" data-sizes=\"(max-width: 666px) 100vw, 666px\" data-rel='gallery-1' data-prev-img='https:\/\/www.autoline.no\/wp-content\/uploads\/2016\/12\/Autoline-sand-spreaders-at-Elmia-2012-XL-495x400.jpg' class='lightbox ' data-onclick='6' title='autoline-sand-spreaders-at-elmia-2012-xl'  itemprop=\"thumbnailUrl\"  ><img decoding=\"async\" fetchpriority=\"high\" class=\"wp-image-2209 avia-img-lazy-loading-not-2209\"   src=\"https:\/\/www.autoline.no\/wp-content\/uploads\/2016\/12\/Autoline-sand-spreaders-at-Elmia-2012-XL-495x400.jpg\" width=\"495\" height=\"400\"  title='autoline-sand-spreaders-at-elmia-2012-xl' alt='' \/><div class='big-prev-fake'><img decoding=\"async\" loading=\"lazy\" class=\"wp-image-2209 avia-img-lazy-loading-2209\"  width=\"495\" height=\"400\" src=\"https:\/\/www.autoline.no\/wp-content\/uploads\/2016\/12\/Autoline-sand-spreaders-at-Elmia-2012-XL-495x400.jpg\" title='autoline-sand-spreaders-at-elmia-2012-xl' alt='' \/><\/div><\/a><a href=\"https:\/\/www.autoline.no\/wp-content\/uploads\/2016\/12\/Autoline-sand-spreaders-at-Elmia-2012-XL-2.jpg\" data-srcset=\"https:\/\/www.autoline.no\/wp-content\/uploads\/2016\/12\/Autoline-sand-spreaders-at-Elmia-2012-XL-2.jpg 1000w, https:\/\/www.autoline.no\/wp-content\/uploads\/2016\/12\/Autoline-sand-spreaders-at-Elmia-2012-XL-2-450x300.jpg 450w, https:\/\/www.autoline.no\/wp-content\/uploads\/2016\/12\/Autoline-sand-spreaders-at-Elmia-2012-XL-2-300x200.jpg 300w, https:\/\/www.autoline.no\/wp-content\/uploads\/2016\/12\/Autoline-sand-spreaders-at-Elmia-2012-XL-2-768x512.jpg 768w, https:\/\/www.autoline.no\/wp-content\/uploads\/2016\/12\/Autoline-sand-spreaders-at-Elmia-2012-XL-2-705x470.jpg 705w\" data-sizes=\"(max-width: 1000px) 100vw, 1000px\" data-rel='gallery-1' data-prev-img='https:\/\/www.autoline.no\/wp-content\/uploads\/2016\/12\/Autoline-sand-spreaders-at-Elmia-2012-XL-2-495x400.jpg' class='first_thumb lightbox ' data-onclick='7' title='autoline-sand-spreaders-at-elmia-2012-xl-2'  itemprop=\"thumbnailUrl\"  ><img decoding=\"async\" fetchpriority=\"high\" class=\"wp-image-2210 avia-img-lazy-loading-not-2210\"   src=\"https:\/\/www.autoline.no\/wp-content\/uploads\/2016\/12\/Autoline-sand-spreaders-at-Elmia-2012-XL-2-495x400.jpg\" width=\"495\" height=\"400\"  title='autoline-sand-spreaders-at-elmia-2012-xl-2' alt='' \/><div class='big-prev-fake'><img decoding=\"async\" loading=\"lazy\" class=\"wp-image-2210 avia-img-lazy-loading-2210\"  width=\"495\" height=\"400\" src=\"https:\/\/www.autoline.no\/wp-content\/uploads\/2016\/12\/Autoline-sand-spreaders-at-Elmia-2012-XL-2-495x400.jpg\" title='autoline-sand-spreaders-at-elmia-2012-xl-2' alt='' \/><\/div><\/a><\/div><\/div>\n","protected":false},"excerpt":{"rendered":"<p><b>Artikel-Nr: 14000000<\/b><br \/>\nXL 140 ist unserer gr\u00f6\u00dfter Sandstreuer mit einer Kapazit\u00e4t von stolzen 140 Litern. Ein Modell, das besonders bei viel Platz am Rahmen geeignet ist, sowie, wenn zus\u00e4tzliche Streukapazit\u00e4t gew\u00fcnscht wird.<\/p>\n","protected":false},"featured_media":4115,"comment_status":"open","ping_status":"closed","template":"","meta":{"_acf_changed":false,"_links_to":"","_links_to_target":""},"product_brand":[],"product_cat":[36],"product_tag":[],"class_list":{"0":"post-1414","1":"product","2":"type-product","3":"status-publish","4":"has-post-thumbnail","6":"product_cat-sandstreuer","8":"first","9":"instock","10":"shipping-taxable","11":"purchasable","12":"product-type-simple"},"acf":[],"_links":{"self":[{"href":"https:\/\/www.autoline.no\/de\/wp-json\/wp\/v2\/product\/1414","targetHints":{"allow":["GET"]}}],"collection":[{"href":"https:\/\/www.autoline.no\/de\/wp-json\/wp\/v2\/product"}],"about":[{"href":"https:\/\/www.autoline.no\/de\/wp-json\/wp\/v2\/types\/product"}],"replies":[{"embeddable":true,"href":"https:\/\/www.autoline.no\/de\/wp-json\/wp\/v2\/comments?post=1414"}],"wp:featuredmedia":[{"embeddable":true,"href":"https:\/\/www.autoline.no\/de\/wp-json\/wp\/v2\/media\/4115"}],"wp:attachment":[{"href":"https:\/\/www.autoline.no\/de\/wp-json\/wp\/v2\/media?parent=1414"}],"wp:term":[{"taxonomy":"product_brand","embeddable":true,"href":"https:\/\/www.autoline.no\/de\/wp-json\/wp\/v2\/product_brand?post=1414"},{"taxonomy":"product_cat","embeddable":true,"href":"https:\/\/www.autoline.no\/de\/wp-json\/wp\/v2\/product_cat?post=1414"},{"taxonomy":"product_tag","embeddable":true,"href":"https:\/\/www.autoline.no\/de\/wp-json\/wp\/v2\/product_tag?post=1414"}],"curies":[{"name":"wp","href":"https:\/\/api.w.org\/{rel}","templated":true}]}}