{"id":1398,"date":"2016-12-08T10:42:10","date_gmt":"2016-12-08T09:42:10","guid":{"rendered":"http:\/\/www.autoline.no\/product\/top-load-frame-for-s90\/?lang=de"},"modified":"2020-08-07T10:15:36","modified_gmt":"2020-08-07T09:15:36","slug":"2302009-top-load-frame-for-s90-v70-y60","status":"publish","type":"product","link":"https:\/\/www.autoline.no\/de\/product\/2302009-top-load-frame-for-s90-v70-y60\/","title":{"rendered":"2302009 Top load frame for S90 V70 Y60"},"content":{"rendered":"\n<style type=\"text\/css\" data-created_by=\"avia_inline_auto\" id=\"style-css-av-6xjvae-952adb36627b4c16a551ee4da25fa60e\">\n.avia-image-container.av-6xjvae-952adb36627b4c16a551ee4da25fa60e img.avia_image{\nbox-shadow:none;\n}\n.avia-image-container.av-6xjvae-952adb36627b4c16a551ee4da25fa60e .av-image-caption-overlay-center{\ncolor:#ffffff;\n}\n<\/style>\n<div  class='avia-image-container av-6xjvae-952adb36627b4c16a551ee4da25fa60e av-styling- avia-align-center  avia-builder-el-0  el_before_av_heading  avia-builder-el-first '   itemprop=\"image\" itemscope=\"itemscope\" itemtype=\"https:\/\/schema.org\/ImageObject\" ><div class=\"avia-image-container-inner\"><div class=\"avia-image-overlay-wrap\"><img decoding=\"async\" fetchpriority=\"high\" class='wp-image-700 avia-img-lazy-loading-not-700 avia_image ' src=\"https:\/\/www.autoline.no\/wp-content\/uploads\/2016\/12\/Top-load-frame-for-S90.jpg\" alt='' title='top-load-frame-for-s90'  height=\"536\" width=\"804\"  itemprop=\"thumbnailUrl\" srcset=\"https:\/\/www.autoline.no\/wp-content\/uploads\/2016\/12\/Top-load-frame-for-S90.jpg 804w, https:\/\/www.autoline.no\/wp-content\/uploads\/2016\/12\/Top-load-frame-for-S90-450x300.jpg 450w, https:\/\/www.autoline.no\/wp-content\/uploads\/2016\/12\/Top-load-frame-for-S90-300x200.jpg 300w, https:\/\/www.autoline.no\/wp-content\/uploads\/2016\/12\/Top-load-frame-for-S90-768x512.jpg 768w, https:\/\/www.autoline.no\/wp-content\/uploads\/2016\/12\/Top-load-frame-for-S90-705x470.jpg 705w\" sizes=\"(max-width: 804px) 100vw, 804px\" \/><\/div><\/div><\/div>\n\n<style type=\"text\/css\" data-created_by=\"avia_inline_auto\" id=\"style-css-av-kdk0egpx-6a695e130f562a72869263945b51a16e\">\n#top .av-special-heading.av-kdk0egpx-6a695e130f562a72869263945b51a16e{\npadding-bottom:10px;\n}\nbody .av-special-heading.av-kdk0egpx-6a695e130f562a72869263945b51a16e .av-special-heading-tag .heading-char{\nfont-size:25px;\n}\n.av-special-heading.av-kdk0egpx-6a695e130f562a72869263945b51a16e .av-subheading{\nfont-size:15px;\n}\n<\/style>\n<div  class='av-special-heading av-kdk0egpx-6a695e130f562a72869263945b51a16e av-special-heading-h2 blockquote modern-quote  avia-builder-el-1  el_after_av_image  el_before_av_hr '><h2 class='av-special-heading-tag '  itemprop=\"headline\"  >Top Load Rahmen f\u00fcr S90 &#8211; V70 &#8211; Y60<\/h2><div class=\"special-heading-border\"><div class=\"special-heading-inner-border\"><\/div><\/div><\/div>\n\n<style type=\"text\/css\" data-created_by=\"avia_inline_auto\" id=\"style-css-av-4tp8ti-99adecc7dbd18ed70c1b0aa7d361272c\">\n#top .hr.av-4tp8ti-99adecc7dbd18ed70c1b0aa7d361272c{\nmargin-top:0;\nmargin-bottom:10px;\n}\n.hr.av-4tp8ti-99adecc7dbd18ed70c1b0aa7d361272c .hr-inner{\nwidth:26px;\nborder-color:#ffb716;\n}\n<\/style>\n<div  class='hr av-4tp8ti-99adecc7dbd18ed70c1b0aa7d361272c hr-custom  avia-builder-el-2  el_after_av_heading  el_before_av_textblock  hr-left hr-icon-no'><span class='hr-inner inner-border-av-border-fat'><span class=\"hr-inner-style\"><\/span><\/span><\/div>\n<section  class='av_textblock_section av-k5xyo247-002feab9a20921f64a8704b90db05d4a '   itemscope=\"itemscope\" itemtype=\"https:\/\/schema.org\/CreativeWork\" ><div class='avia_textblock'  itemprop=\"text\" ><p><strong>Produkt-Nr.: 2302009<\/strong><br \/>\nTop Load Rahmen f\u00fcr S90, V70 und Y60. Montagewerkzeug f\u00fcr die Bef\u00fcllung des Sandstreuers von oben.<\/p>\n<\/div><\/section>\n\n<style type=\"text\/css\" data-created_by=\"avia_inline_auto\" id=\"style-css-av-2jehva-b4549ecd7a2b138f5d6475c0c2466695\">\n#top .avia-gallery.av-2jehva-b4549ecd7a2b138f5d6475c0c2466695 .avia-gallery-thumb a{\nwidth:50%;\n}\n<\/style>\n<div  class='avia-gallery av-2jehva-b4549ecd7a2b138f5d6475c0c2466695 avia_animate_when_visible  avia-builder-el-4  el_after_av_textblock  avia-builder-el-last  avia_lazyload avia-gallery-animate avia-gallery-1'  itemprop=\"image\" itemscope=\"itemscope\" itemtype=\"https:\/\/schema.org\/ImageObject\" ><meta itemprop=\"contentURL\" content=\"https:\/\/www.autoline.no\/de\/product\/2302009-top-load-frame-for-s90-v70-y60\/\"><div class='avia-gallery-thumb'><a href=\"https:\/\/www.autoline.no\/wp-content\/uploads\/2016\/12\/S90-Top-load-1030x761.jpg\" data-srcset=\"https:\/\/www.autoline.no\/wp-content\/uploads\/2016\/12\/S90-Top-load-1030x761.jpg 1030w, https:\/\/www.autoline.no\/wp-content\/uploads\/2016\/12\/S90-Top-load-450x333.jpg 450w, https:\/\/www.autoline.no\/wp-content\/uploads\/2016\/12\/S90-Top-load-300x222.jpg 300w, https:\/\/www.autoline.no\/wp-content\/uploads\/2016\/12\/S90-Top-load-768x568.jpg 768w, https:\/\/www.autoline.no\/wp-content\/uploads\/2016\/12\/S90-Top-load-705x521.jpg 705w, https:\/\/www.autoline.no\/wp-content\/uploads\/2016\/12\/S90-Top-load.jpg 1308w\" data-sizes=\"(max-width: 1030px) 100vw, 1030px\" data-rel='gallery-1' data-prev-img='https:\/\/www.autoline.no\/wp-content\/uploads\/2016\/12\/S90-Top-load-495x400.jpg' class='first_thumb lightbox ' data-onclick='1' title='s90-top-load'  itemprop=\"thumbnailUrl\"  ><img decoding=\"async\" fetchpriority=\"high\" class=\"wp-image-704 avia-img-lazy-loading-not-704\"   src=\"https:\/\/www.autoline.no\/wp-content\/uploads\/2016\/12\/S90-Top-load-495x400.jpg\" width=\"495\" height=\"400\"  title='s90-top-load' alt='' srcset=\"https:\/\/www.autoline.no\/wp-content\/uploads\/2016\/12\/S90-Top-load-495x400.jpg 495w, https:\/\/www.autoline.no\/wp-content\/uploads\/2016\/12\/S90-Top-load-845x684.jpg 845w\" sizes=\"(max-width: 495px) 100vw, 495px\" \/><div class='big-prev-fake'><img decoding=\"async\" loading=\"lazy\" class=\"wp-image-704 avia-img-lazy-loading-704\"  width=\"495\" height=\"400\" src=\"https:\/\/www.autoline.no\/wp-content\/uploads\/2016\/12\/S90-Top-load-495x400.jpg\" title='s90-top-load' alt='' srcset=\"https:\/\/www.autoline.no\/wp-content\/uploads\/2016\/12\/S90-Top-load-495x400.jpg 495w, https:\/\/www.autoline.no\/wp-content\/uploads\/2016\/12\/S90-Top-load-845x684.jpg 845w\" sizes=\"auto, (max-width: 495px) 100vw, 495px\" \/><\/div><\/a><a href=\"https:\/\/www.autoline.no\/wp-content\/uploads\/2016\/12\/90-Top-load.jpg\" data-srcset=\"https:\/\/www.autoline.no\/wp-content\/uploads\/2016\/12\/90-Top-load.jpg 1000w, https:\/\/www.autoline.no\/wp-content\/uploads\/2016\/12\/90-Top-load-450x333.jpg 450w, https:\/\/www.autoline.no\/wp-content\/uploads\/2016\/12\/90-Top-load-300x222.jpg 300w, https:\/\/www.autoline.no\/wp-content\/uploads\/2016\/12\/90-Top-load-768x568.jpg 768w, https:\/\/www.autoline.no\/wp-content\/uploads\/2016\/12\/90-Top-load-705x521.jpg 705w\" data-sizes=\"(max-width: 1000px) 100vw, 1000px\" data-rel='gallery-1' data-prev-img='https:\/\/www.autoline.no\/wp-content\/uploads\/2016\/12\/90-Top-load-495x400.jpg' class='lightbox ' data-onclick='2' title='90-top-load'  itemprop=\"thumbnailUrl\"  ><img decoding=\"async\" fetchpriority=\"high\" class=\"wp-image-703 avia-img-lazy-loading-not-703\"   src=\"https:\/\/www.autoline.no\/wp-content\/uploads\/2016\/12\/90-Top-load-495x400.jpg\" width=\"495\" height=\"400\"  title='90-top-load' alt='' srcset=\"https:\/\/www.autoline.no\/wp-content\/uploads\/2016\/12\/90-Top-load-495x400.jpg 495w, https:\/\/www.autoline.no\/wp-content\/uploads\/2016\/12\/90-Top-load-845x684.jpg 845w\" sizes=\"(max-width: 495px) 100vw, 495px\" \/><div class='big-prev-fake'><img decoding=\"async\" loading=\"lazy\" class=\"wp-image-703 avia-img-lazy-loading-703\"  width=\"495\" height=\"400\" src=\"https:\/\/www.autoline.no\/wp-content\/uploads\/2016\/12\/90-Top-load-495x400.jpg\" title='90-top-load' alt='' srcset=\"https:\/\/www.autoline.no\/wp-content\/uploads\/2016\/12\/90-Top-load-495x400.jpg 495w, https:\/\/www.autoline.no\/wp-content\/uploads\/2016\/12\/90-Top-load-845x684.jpg 845w\" sizes=\"auto, (max-width: 495px) 100vw, 495px\" \/><\/div><\/a><\/div><\/div>\n","protected":false},"excerpt":{"rendered":"<p><strong>Produkt-Nr.: 2302009<\/strong><br \/>\nTop Load Rahmen f\u00fcr S90, V70 und Y60. Montagewerkzeug f\u00fcr die Bef\u00fcllung des Sandstreuers von oben.<\/p>\n","protected":false},"featured_media":700,"comment_status":"open","ping_status":"closed","template":"","meta":{"_acf_changed":false,"_links_to":"","_links_to_target":""},"product_brand":[],"product_cat":[78],"product_tag":[],"class_list":{"0":"post-1398","1":"product","2":"type-product","3":"status-publish","4":"has-post-thumbnail","6":"product_cat-mechanisch-de","8":"first","9":"instock","10":"shipping-taxable","11":"purchasable","12":"product-type-simple"},"acf":[],"_links":{"self":[{"href":"https:\/\/www.autoline.no\/de\/wp-json\/wp\/v2\/product\/1398","targetHints":{"allow":["GET"]}}],"collection":[{"href":"https:\/\/www.autoline.no\/de\/wp-json\/wp\/v2\/product"}],"about":[{"href":"https:\/\/www.autoline.no\/de\/wp-json\/wp\/v2\/types\/product"}],"replies":[{"embeddable":true,"href":"https:\/\/www.autoline.no\/de\/wp-json\/wp\/v2\/comments?post=1398"}],"wp:featuredmedia":[{"embeddable":true,"href":"https:\/\/www.autoline.no\/de\/wp-json\/wp\/v2\/media\/700"}],"wp:attachment":[{"href":"https:\/\/www.autoline.no\/de\/wp-json\/wp\/v2\/media?parent=1398"}],"wp:term":[{"taxonomy":"product_brand","embeddable":true,"href":"https:\/\/www.autoline.no\/de\/wp-json\/wp\/v2\/product_brand?post=1398"},{"taxonomy":"product_cat","embeddable":true,"href":"https:\/\/www.autoline.no\/de\/wp-json\/wp\/v2\/product_cat?post=1398"},{"taxonomy":"product_tag","embeddable":true,"href":"https:\/\/www.autoline.no\/de\/wp-json\/wp\/v2\/product_tag?post=1398"}],"curies":[{"name":"wp","href":"https:\/\/api.w.org\/{rel}","templated":true}]}}