{"id":1397,"date":"2016-12-08T10:38:33","date_gmt":"2016-12-08T10:38:33","guid":{"rendered":"http:\/\/www.autoline.no\/product\/vinyl-cover-for-sand-spreaders\/?lang=de"},"modified":"2020-01-28T14:31:44","modified_gmt":"2020-01-28T14:31:44","slug":"vinyl-cover-for-sand-spreaders","status":"publish","type":"product","link":"https:\/\/www.autoline.no\/de\/product\/vinyl-cover-for-sand-spreaders\/","title":{"rendered":"Vinylabdeckungen f\u00fcr die Sandstreuer"},"content":{"rendered":"\n<style type=\"text\/css\" data-created_by=\"avia_inline_auto\" id=\"style-css-av-av_image-9dd2db46af9bf22d7f6bbd15845adbf1\">\n.avia-image-container.av-av_image-9dd2db46af9bf22d7f6bbd15845adbf1 img.avia_image{\nbox-shadow:none;\n}\n.avia-image-container.av-av_image-9dd2db46af9bf22d7f6bbd15845adbf1 .av-image-caption-overlay-center{\ncolor:#ffffff;\n}\n<\/style>\n<div  class='avia-image-container av-av_image-9dd2db46af9bf22d7f6bbd15845adbf1 av-styling- avia-align-center  avia-builder-el-0  el_before_av_heading  avia-builder-el-first '   itemprop=\"image\" itemscope=\"itemscope\" itemtype=\"https:\/\/schema.org\/ImageObject\" ><div class=\"avia-image-container-inner\"><div class=\"avia-image-overlay-wrap\"><img decoding=\"async\" fetchpriority=\"high\" class='wp-image-701 avia-img-lazy-loading-not-701 avia_image ' src=\"https:\/\/www.autoline.no\/wp-content\/uploads\/2016\/12\/Vinyl-cover-for-sand-spreaders.jpg\" alt='' title='vinyl-cover-for-sand-spreaders'  height=\"536\" width=\"804\"  itemprop=\"thumbnailUrl\" srcset=\"https:\/\/www.autoline.no\/wp-content\/uploads\/2016\/12\/Vinyl-cover-for-sand-spreaders.jpg 804w, https:\/\/www.autoline.no\/wp-content\/uploads\/2016\/12\/Vinyl-cover-for-sand-spreaders-450x300.jpg 450w, https:\/\/www.autoline.no\/wp-content\/uploads\/2016\/12\/Vinyl-cover-for-sand-spreaders-300x200.jpg 300w, https:\/\/www.autoline.no\/wp-content\/uploads\/2016\/12\/Vinyl-cover-for-sand-spreaders-768x512.jpg 768w, https:\/\/www.autoline.no\/wp-content\/uploads\/2016\/12\/Vinyl-cover-for-sand-spreaders-705x470.jpg 705w\" sizes=\"(max-width: 804px) 100vw, 804px\" \/><\/div><\/div><\/div>\n\n<style type=\"text\/css\" data-created_by=\"avia_inline_auto\" id=\"style-css-av-av_heading-40ff0fb4c635d70a2fae5e165be32994\">\n#top .av-special-heading.av-av_heading-40ff0fb4c635d70a2fae5e165be32994{\npadding-bottom:10px;\n}\nbody .av-special-heading.av-av_heading-40ff0fb4c635d70a2fae5e165be32994 .av-special-heading-tag .heading-char{\nfont-size:25px;\n}\n.av-special-heading.av-av_heading-40ff0fb4c635d70a2fae5e165be32994 .av-subheading{\nfont-size:15px;\n}\n<\/style>\n<div  class='av-special-heading av-av_heading-40ff0fb4c635d70a2fae5e165be32994 av-special-heading-h1 blockquote modern-quote  avia-builder-el-1  el_after_av_image  el_before_av_hr '><h1 class='av-special-heading-tag '  itemprop=\"headline\"  >Vinylabdeckungen f\u00fcr die Sandstreuer<\/h1><div class=\"special-heading-border\"><div class=\"special-heading-inner-border\"><\/div><\/div><\/div>\n\n<style type=\"text\/css\" data-created_by=\"avia_inline_auto\" id=\"style-css-av-av_hr-6b678f1af306b12df5722988c770be05\">\n#top .hr.av-av_hr-6b678f1af306b12df5722988c770be05{\nmargin-top:0;\nmargin-bottom:10px;\n}\n.hr.av-av_hr-6b678f1af306b12df5722988c770be05 .hr-inner{\nwidth:26px;\nborder-color:#ffb716;\n}\n<\/style>\n<div  class='hr av-av_hr-6b678f1af306b12df5722988c770be05 hr-custom  avia-builder-el-2  el_after_av_heading  el_before_av_textblock  hr-left hr-icon-no'><span class='hr-inner inner-border-av-border-fat'><span class=\"hr-inner-style\"><\/span><\/span><\/div>\n<section  class='av_textblock_section av-k5xzaacz-52be0b6b2df8f0ff091b0eebe1806342 '   itemscope=\"itemscope\" itemtype=\"https:\/\/schema.org\/CreativeWork\" ><div class='avia_textblock'  itemprop=\"text\" ><div class=\"attribute-intro\">\n<div class=\"attribute-intro\">\n<div class=\"attribute-intro\">\n<p><b>Produkt-Nr.: 2302014 &#8211; <\/b>Vinylabdeckung f\u00fcr die Sandstreuer, um zu verhindern, dass Wasser in das Geh\u00e4use eindringen kann. Diese wird in F\u00e4llen ben\u00f6tigt, wo viele Reinigungsma\u00dfnahmen durchgef\u00fchrt werden, wie beispielsweise an Milchtanklastern. Die Lieferung erfolgt in der Standardgr\u00f6\u00dfe, die f\u00fcr alle Modelle au\u00dfer C50 und XL passt. Abdeckungen f\u00fcr diese Modelle sind ggf. gesondert zu bestellen.<\/p>\n<\/div>\n<div class=\"attribute-body\"><\/div>\n<\/div>\n<div class=\"attribute-body\"><\/div>\n<\/div>\n<div class=\"attribute-body\"><\/div>\n<\/div><\/section>\n","protected":false},"excerpt":{"rendered":"<p><b>Produkt-Nr.: 2302014 &#8211; <\/b>Vinylabdeckung f\u00fcr die Sandstreuer, um zu verhindern, dass Wasser in das Geh\u00e4use eindringen kann. Diese wird in F\u00e4llen ben\u00f6tigt, wo viele Reinigungsma\u00dfnahmen durchgef\u00fchrt werden, wie beispielsweise an Milchtanklastern. Die Lieferung erfolgt in der Standardgr\u00f6\u00dfe, die f\u00fcr alle Modelle au\u00dfer C50 und XL passt. Abdeckungen f\u00fcr diese Modelle sind ggf. gesondert zu bestellen.<\/p>\n","protected":false},"featured_media":701,"comment_status":"open","ping_status":"closed","template":"","meta":{"_acf_changed":false,"_links_to":"","_links_to_target":""},"product_brand":[],"product_cat":[77],"product_tag":[],"class_list":{"0":"post-1397","1":"product","2":"type-product","3":"status-publish","4":"has-post-thumbnail","6":"product_cat-tilbehor-de","8":"first","9":"instock","10":"shipping-taxable","11":"purchasable","12":"product-type-simple"},"acf":[],"_links":{"self":[{"href":"https:\/\/www.autoline.no\/de\/wp-json\/wp\/v2\/product\/1397","targetHints":{"allow":["GET"]}}],"collection":[{"href":"https:\/\/www.autoline.no\/de\/wp-json\/wp\/v2\/product"}],"about":[{"href":"https:\/\/www.autoline.no\/de\/wp-json\/wp\/v2\/types\/product"}],"replies":[{"embeddable":true,"href":"https:\/\/www.autoline.no\/de\/wp-json\/wp\/v2\/comments?post=1397"}],"wp:featuredmedia":[{"embeddable":true,"href":"https:\/\/www.autoline.no\/de\/wp-json\/wp\/v2\/media\/701"}],"wp:attachment":[{"href":"https:\/\/www.autoline.no\/de\/wp-json\/wp\/v2\/media?parent=1397"}],"wp:term":[{"taxonomy":"product_brand","embeddable":true,"href":"https:\/\/www.autoline.no\/de\/wp-json\/wp\/v2\/product_brand?post=1397"},{"taxonomy":"product_cat","embeddable":true,"href":"https:\/\/www.autoline.no\/de\/wp-json\/wp\/v2\/product_cat?post=1397"},{"taxonomy":"product_tag","embeddable":true,"href":"https:\/\/www.autoline.no\/de\/wp-json\/wp\/v2\/product_tag?post=1397"}],"curies":[{"name":"wp","href":"https:\/\/api.w.org\/{rel}","templated":true}]}}