{"id":1390,"date":"2016-12-08T10:14:19","date_gmt":"2016-12-08T09:14:19","guid":{"rendered":"http:\/\/www.autoline.no\/product\/stainless-steel-shovel-with-sides\/?lang=de"},"modified":"2020-03-12T15:12:09","modified_gmt":"2020-03-12T14:12:09","slug":"stainless-steel-shovel-with-sides","status":"publish","type":"product","link":"https:\/\/www.autoline.no\/de\/product\/stainless-steel-shovel-with-sides\/","title":{"rendered":"0098001 Shovel"},"content":{"rendered":"\n<style type=\"text\/css\" data-created_by=\"avia_inline_auto\" id=\"style-css-av-77lvou-806b8b0c53b36ddccf5ab5ecf9c271b1\">\n.avia-image-container.av-77lvou-806b8b0c53b36ddccf5ab5ecf9c271b1 img.avia_image{\nbox-shadow:none;\n}\n.avia-image-container.av-77lvou-806b8b0c53b36ddccf5ab5ecf9c271b1 .av-image-caption-overlay-center{\ncolor:#ffffff;\n}\n<\/style>\n<div  class='avia-image-container av-77lvou-806b8b0c53b36ddccf5ab5ecf9c271b1 av-styling- avia-align-center  avia-builder-el-0  el_before_av_heading  avia-builder-el-first '   itemprop=\"image\" itemscope=\"itemscope\" itemtype=\"https:\/\/schema.org\/ImageObject\" ><div class=\"avia-image-container-inner\"><div class=\"avia-image-overlay-wrap\"><img decoding=\"async\" fetchpriority=\"high\" class='wp-image-654 avia-img-lazy-loading-not-654 avia_image ' src=\"https:\/\/www.autoline.no\/wp-content\/uploads\/2016\/12\/Stainless-steel-shovel-with-sides-1.jpg\" alt='' title='stainless-steel-shovel-with-sides'  height=\"536\" width=\"804\"  itemprop=\"thumbnailUrl\" srcset=\"https:\/\/www.autoline.no\/wp-content\/uploads\/2016\/12\/Stainless-steel-shovel-with-sides-1.jpg 804w, https:\/\/www.autoline.no\/wp-content\/uploads\/2016\/12\/Stainless-steel-shovel-with-sides-1-450x300.jpg 450w, https:\/\/www.autoline.no\/wp-content\/uploads\/2016\/12\/Stainless-steel-shovel-with-sides-1-300x200.jpg 300w, https:\/\/www.autoline.no\/wp-content\/uploads\/2016\/12\/Stainless-steel-shovel-with-sides-1-768x512.jpg 768w, https:\/\/www.autoline.no\/wp-content\/uploads\/2016\/12\/Stainless-steel-shovel-with-sides-1-705x470.jpg 705w\" sizes=\"(max-width: 804px) 100vw, 804px\" \/><\/div><\/div><\/div>\n\n<style type=\"text\/css\" data-created_by=\"avia_inline_auto\" id=\"style-css-av-k7oty5ij-8cf7e1115d38b329f1c1db75351d0dcd\">\n#top .av-special-heading.av-k7oty5ij-8cf7e1115d38b329f1c1db75351d0dcd{\npadding-bottom:10px;\n}\nbody .av-special-heading.av-k7oty5ij-8cf7e1115d38b329f1c1db75351d0dcd .av-special-heading-tag .heading-char{\nfont-size:25px;\n}\n.av-special-heading.av-k7oty5ij-8cf7e1115d38b329f1c1db75351d0dcd .av-subheading{\nfont-size:15px;\n}\n<\/style>\n<div  class='av-special-heading av-k7oty5ij-8cf7e1115d38b329f1c1db75351d0dcd av-special-heading-h2 blockquote modern-quote  avia-builder-el-1  el_after_av_image  el_before_av_hr '><h2 class='av-special-heading-tag '  itemprop=\"headline\"  >Rostfreier Spaten mit hochgezogener Kante<\/h2><div class=\"special-heading-border\"><div class=\"special-heading-inner-border\"><\/div><\/div><\/div>\n\n<style type=\"text\/css\" data-created_by=\"avia_inline_auto\" id=\"style-css-av-3ubgby-78f2a282def63e141043ea083c00cead\">\n#top .hr.av-3ubgby-78f2a282def63e141043ea083c00cead{\nmargin-top:0;\nmargin-bottom:10px;\n}\n.hr.av-3ubgby-78f2a282def63e141043ea083c00cead .hr-inner{\nwidth:26px;\nborder-color:#ffb716;\n}\n<\/style>\n<div  class='hr av-3ubgby-78f2a282def63e141043ea083c00cead hr-custom  avia-builder-el-2  el_after_av_heading  el_before_av_textblock  hr-left hr-icon-no'><span class='hr-inner inner-border-av-border-fat'><span class=\"hr-inner-style\"><\/span><\/span><\/div>\n<section  class='av_textblock_section av-k5xziky1-c4b0da87c39f8a0e2fd5d82f67b83af0 '   itemscope=\"itemscope\" itemtype=\"https:\/\/schema.org\/CreativeWork\" ><div class='avia_textblock'  itemprop=\"text\" ><div class=\"attribute-intro\">\n<div class=\"attribute-intro\">\n<div class=\"attribute-intro\">\n<div class=\"attribute-intro\">\n<p><b>Produkt-Nr.: 0098001<\/b><br \/>\nOptimal zum Bef\u00fcllen der Autoline Sandstreuer mit Sand. Passt auch zu Modell C50. Bei den Vertragsh\u00e4ndlern vorr\u00e4tig. Neuentwickelter Spaten mit hochgezogener Kante aus 100% rostfreiem Material. Hochwertiges Material!<\/p>\n<\/div>\n<\/div>\n<div class=\"attribute-body\"><\/div>\n<\/div>\n<div class=\"attribute-body\"><\/div>\n<\/div>\n<div class=\"attribute-body\"><\/div>\n<\/div><\/section>\n\n<style type=\"text\/css\" data-created_by=\"avia_inline_auto\" id=\"style-css-av-2ceni6-d1cbc21c3a6a12771352c3e4294bb9ed\">\n#top .avia-gallery.av-2ceni6-d1cbc21c3a6a12771352c3e4294bb9ed .avia-gallery-thumb a{\nwidth:50%;\n}\n<\/style>\n<div  class='avia-gallery av-2ceni6-d1cbc21c3a6a12771352c3e4294bb9ed avia_animate_when_visible  avia-builder-el-4  el_after_av_textblock  avia-builder-el-last  avia_lazyload avia-gallery-animate avia-gallery-1'  itemprop=\"image\" itemscope=\"itemscope\" itemtype=\"https:\/\/schema.org\/ImageObject\" ><meta itemprop=\"contentURL\" content=\"https:\/\/www.autoline.no\/de\/product\/stainless-steel-shovel-with-sides\/\"><div class='avia-gallery-thumb'><a href=\"https:\/\/www.autoline.no\/wp-content\/uploads\/2016\/12\/Spade_utsn1.jpg\" data-srcset=\"https:\/\/www.autoline.no\/wp-content\/uploads\/2016\/12\/Spade_utsn1.jpg 900w, https:\/\/www.autoline.no\/wp-content\/uploads\/2016\/12\/Spade_utsn1-450x298.jpg 450w, https:\/\/www.autoline.no\/wp-content\/uploads\/2016\/12\/Spade_utsn1-300x199.jpg 300w, https:\/\/www.autoline.no\/wp-content\/uploads\/2016\/12\/Spade_utsn1-768x509.jpg 768w, https:\/\/www.autoline.no\/wp-content\/uploads\/2016\/12\/Spade_utsn1-705x467.jpg 705w\" data-sizes=\"(max-width: 900px) 100vw, 900px\" data-rel='gallery-1' data-prev-img='https:\/\/www.autoline.no\/wp-content\/uploads\/2016\/12\/Spade_utsn1-495x400.jpg' class='first_thumb lightbox ' data-onclick='1' title='spade_utsn1'  itemprop=\"thumbnailUrl\"  ><img decoding=\"async\" fetchpriority=\"high\" class=\"wp-image-690 avia-img-lazy-loading-not-690\"   src=\"https:\/\/www.autoline.no\/wp-content\/uploads\/2016\/12\/Spade_utsn1-495x400.jpg\" width=\"495\" height=\"400\"  title='spade_utsn1' alt='' \/><div class='big-prev-fake'><img decoding=\"async\" loading=\"lazy\" class=\"wp-image-690 avia-img-lazy-loading-690\"  width=\"495\" height=\"400\" src=\"https:\/\/www.autoline.no\/wp-content\/uploads\/2016\/12\/Spade_utsn1-495x400.jpg\" title='spade_utsn1' alt='' \/><\/div><\/a><a href=\"https:\/\/www.autoline.no\/wp-content\/uploads\/2016\/12\/Spade_utsn2.jpg\" data-srcset=\"https:\/\/www.autoline.no\/wp-content\/uploads\/2016\/12\/Spade_utsn2.jpg 900w, https:\/\/www.autoline.no\/wp-content\/uploads\/2016\/12\/Spade_utsn2-450x298.jpg 450w, https:\/\/www.autoline.no\/wp-content\/uploads\/2016\/12\/Spade_utsn2-300x199.jpg 300w, https:\/\/www.autoline.no\/wp-content\/uploads\/2016\/12\/Spade_utsn2-768x509.jpg 768w, https:\/\/www.autoline.no\/wp-content\/uploads\/2016\/12\/Spade_utsn2-705x467.jpg 705w\" data-sizes=\"(max-width: 900px) 100vw, 900px\" data-rel='gallery-1' data-prev-img='https:\/\/www.autoline.no\/wp-content\/uploads\/2016\/12\/Spade_utsn2-495x400.jpg' class='lightbox ' data-onclick='2' title='spade_utsn2'  itemprop=\"thumbnailUrl\"  ><img decoding=\"async\" fetchpriority=\"high\" class=\"wp-image-688 avia-img-lazy-loading-not-688\"   src=\"https:\/\/www.autoline.no\/wp-content\/uploads\/2016\/12\/Spade_utsn2-495x400.jpg\" width=\"495\" height=\"400\"  title='spade_utsn2' alt='' \/><div class='big-prev-fake'><img decoding=\"async\" loading=\"lazy\" class=\"wp-image-688 avia-img-lazy-loading-688\"  width=\"495\" height=\"400\" src=\"https:\/\/www.autoline.no\/wp-content\/uploads\/2016\/12\/Spade_utsn2-495x400.jpg\" title='spade_utsn2' alt='' \/><\/div><\/a><a href=\"https:\/\/www.autoline.no\/wp-content\/uploads\/2016\/12\/Spade1.jpg\" data-srcset=\"https:\/\/www.autoline.no\/wp-content\/uploads\/2016\/12\/Spade1.jpg 900w, https:\/\/www.autoline.no\/wp-content\/uploads\/2016\/12\/Spade1-450x338.jpg 450w, https:\/\/www.autoline.no\/wp-content\/uploads\/2016\/12\/Spade1-300x225.jpg 300w, https:\/\/www.autoline.no\/wp-content\/uploads\/2016\/12\/Spade1-768x576.jpg 768w, https:\/\/www.autoline.no\/wp-content\/uploads\/2016\/12\/Spade1-705x529.jpg 705w\" data-sizes=\"(max-width: 900px) 100vw, 900px\" data-rel='gallery-1' data-prev-img='https:\/\/www.autoline.no\/wp-content\/uploads\/2016\/12\/Spade1-495x400.jpg' class='first_thumb lightbox ' data-onclick='3' title='spade1'  itemprop=\"thumbnailUrl\"  ><img decoding=\"async\" fetchpriority=\"high\" class=\"wp-image-689 avia-img-lazy-loading-not-689\"   src=\"https:\/\/www.autoline.no\/wp-content\/uploads\/2016\/12\/Spade1-495x400.jpg\" width=\"495\" height=\"400\"  title='spade1' alt='' \/><div class='big-prev-fake'><img decoding=\"async\" loading=\"lazy\" class=\"wp-image-689 avia-img-lazy-loading-689\"  width=\"495\" height=\"400\" src=\"https:\/\/www.autoline.no\/wp-content\/uploads\/2016\/12\/Spade1-495x400.jpg\" title='spade1' alt='' \/><\/div><\/a><\/div><\/div>\n","protected":false},"excerpt":{"rendered":"<div class=\"attribute-intro\">\n<p><b>Produkt-Nr.: 0098001<\/b><br \/>\nOptimal zum Bef\u00fcllen der Autoline Sandstreuer mit Sand. Passt auch zu Modell C50. Bei den Vertragsh\u00e4ndlern vorr\u00e4tig. Neuentwickelter Spaten mit hochgezogener Kante aus 100% rostfreiem Material. Hochwertiges Material!<\/p>\n<\/div>\n","protected":false},"featured_media":101,"comment_status":"open","ping_status":"closed","template":"","meta":{"_acf_changed":false,"_links_to":"","_links_to_target":""},"product_brand":[],"product_cat":[77],"product_tag":[],"class_list":{"0":"post-1390","1":"product","2":"type-product","3":"status-publish","4":"has-post-thumbnail","6":"product_cat-tilbehor-de","8":"first","9":"instock","10":"shipping-taxable","11":"purchasable","12":"product-type-simple"},"acf":[],"_links":{"self":[{"href":"https:\/\/www.autoline.no\/de\/wp-json\/wp\/v2\/product\/1390","targetHints":{"allow":["GET"]}}],"collection":[{"href":"https:\/\/www.autoline.no\/de\/wp-json\/wp\/v2\/product"}],"about":[{"href":"https:\/\/www.autoline.no\/de\/wp-json\/wp\/v2\/types\/product"}],"replies":[{"embeddable":true,"href":"https:\/\/www.autoline.no\/de\/wp-json\/wp\/v2\/comments?post=1390"}],"wp:featuredmedia":[{"embeddable":true,"href":"https:\/\/www.autoline.no\/de\/wp-json\/wp\/v2\/media\/101"}],"wp:attachment":[{"href":"https:\/\/www.autoline.no\/de\/wp-json\/wp\/v2\/media?parent=1390"}],"wp:term":[{"taxonomy":"product_brand","embeddable":true,"href":"https:\/\/www.autoline.no\/de\/wp-json\/wp\/v2\/product_brand?post=1390"},{"taxonomy":"product_cat","embeddable":true,"href":"https:\/\/www.autoline.no\/de\/wp-json\/wp\/v2\/product_cat?post=1390"},{"taxonomy":"product_tag","embeddable":true,"href":"https:\/\/www.autoline.no\/de\/wp-json\/wp\/v2\/product_tag?post=1390"}],"curies":[{"name":"wp","href":"https:\/\/api.w.org\/{rel}","templated":true}]}}