{"id":1356,"date":"2016-12-06T10:32:49","date_gmt":"2016-12-06T10:32:49","guid":{"rendered":"http:\/\/www.autoline.no\/products\/parts\/?lang=de"},"modified":"2020-07-08T10:24:15","modified_gmt":"2020-07-08T09:24:15","slug":"parts","status":"publish","type":"page","link":"https:\/\/www.autoline.no\/de\/products\/parts\/","title":{"rendered":"Teile"},"content":{"rendered":"\n<style type=\"text\/css\" data-created_by=\"avia_inline_auto\" id=\"style-css-av-av_heading-2dabb450ecde5bcf81ab37883760db11\">\n#top .av-special-heading.av-av_heading-2dabb450ecde5bcf81ab37883760db11{\npadding-bottom:10px;\n}\nbody .av-special-heading.av-av_heading-2dabb450ecde5bcf81ab37883760db11 .av-special-heading-tag .heading-char{\nfont-size:25px;\n}\n.av-special-heading.av-av_heading-2dabb450ecde5bcf81ab37883760db11 .av-subheading{\nfont-size:15px;\n}\n<\/style>\n<div  class='av-special-heading av-av_heading-2dabb450ecde5bcf81ab37883760db11 av-special-heading-h1 blockquote modern-quote  avia-builder-el-0  el_before_av_textblock  avia-builder-el-first '><h1 class='av-special-heading-tag '  itemprop=\"headline\"  >Teile<\/h1><div class=\"special-heading-border\"><div class=\"special-heading-inner-border\"><\/div><\/div><\/div>\n<section  class='av_textblock_section av-2ad4vg-abbf83a11e3defeb3304be5bdb3b39ae '   itemscope=\"itemscope\" itemtype=\"https:\/\/schema.org\/CreativeWork\" ><div class='avia_textblock'  itemprop=\"text\" ><div class=\"attribute-intro\">\n<div class=\"attribute-intro\">\n<div class=\"attribute-intro\">\n<div class=\"attribute-intro\">\n<div class=\"attribute-intro\">\n<div class=\"attribute-intro\">\n<div class=\"attribute-intro\">\n<div class=\"attribute-intro\">\n<div class=\"attribute-intro\">\n<div class=\"attribute-intro\">\n<div class=\"attribute-intro\">\n<div class=\"attribute-intro\">\n<div class=\"attribute-intro\">\n<p>Unsere Vertragsh\u00e4ndler haben Teile auf Lager vorr\u00e4tig.<\/p>\n<\/div>\n<div class=\"attribute-body\"><\/div>\n<\/div>\n<div class=\"attribute-body\"><\/div>\n<\/div>\n<div class=\"attribute-body\"><\/div>\n<\/div>\n<div class=\"attribute-body\"><\/div>\n<\/div>\n<div class=\"attribute-body\"><\/div>\n<\/div>\n<div class=\"attribute-body\"><\/div>\n<\/div>\n<div class=\"attribute-body\"><\/div>\n<\/div>\n<\/div>\n<\/div>\n<\/div>\n<\/div>\n<\/div>\n<\/div><\/section>\n<div  class='avia-product-slider-container av-kcd5o1c8-08c9b6ceb2fc0285353029f4186d7312 av_fullwidth flex_column av-catalogue-column  avia-builder-el-2  el_after_av_textblock  avia-builder-el-last  av-slideshow-ui av-slider-hover-pause av-slideshow-manual av-loop-once av-loop-manual-endless first avia-product-slider1'><div class=\"av-catalogue-container av-catalogue-container-woo\"><ul class=\"av-catalogue-list\"><li><a  href=\"https:\/\/www.autoline.no\/de\/product\/autoline-relay-for-heating-element-30-amps\/\" data-product_id=\"1326\" data-product_sku=\"4098004\" class=\"av-catalogue-item  product_type_simple product-nr-1\"><img decoding=\"async\" loading=\"lazy\" width=\"180\" height=\"180\" src=\"https:\/\/www.autoline.no\/wp-content\/uploads\/2016\/12\/Autoline-relay-for-heating-element-30-amps.-180x180.jpg\" class=\"wp-image-758 avia-img-lazy-loading-758 av-catalogue-image av-cart-update-image av-catalogue-image-yes wp-post-image\" alt=\"\" srcset=\"https:\/\/www.autoline.no\/wp-content\/uploads\/2016\/12\/Autoline-relay-for-heating-element-30-amps.-180x180.jpg 180w, https:\/\/www.autoline.no\/wp-content\/uploads\/2016\/12\/Autoline-relay-for-heating-element-30-amps.-450x450.jpg 450w, https:\/\/www.autoline.no\/wp-content\/uploads\/2016\/12\/Autoline-relay-for-heating-element-30-amps.-100x100.jpg 100w, https:\/\/www.autoline.no\/wp-content\/uploads\/2016\/12\/Autoline-relay-for-heating-element-30-amps.-80x80.jpg 80w, https:\/\/www.autoline.no\/wp-content\/uploads\/2016\/12\/Autoline-relay-for-heating-element-30-amps.-36x36.jpg 36w\" sizes=\"auto, (max-width: 180px) 100vw, 180px\" \/><div class=\"av-catalogue-item-inner\"><div class=\"av-catalogue-title-container\"><div class='av-catalogue-title av-cart-update-title'>4098004 Rel\u00e9 Heater 30Amp. 24V<\/div><div class='av-catalogue-price av-cart-update-price'><span class=\"woocommerce-Price-amount amount\"><bdi><span class=\"woocommerce-Price-currencySymbol\">&euro;<\/span>29.00<\/bdi><\/span><\/div><\/div><div class='av-catalogue-content'>Produkt-Nr.: 4098004\r\nRelais 30 A f\u00fcr den Heizeinsatz, in der Controllbox mit Kreuzschlitzschraube befestigt. Einfaches Auswechseln<\/div><\/div><\/a><\/li><li><a  href=\"https:\/\/www.autoline.no\/de\/product\/4098425-scania-r-switch-singel-ntg-2016\/\" data-product_id=\"4073\" data-product_sku=\"4098425\" class=\"av-catalogue-item  product_type_simple product-nr-2\"><img decoding=\"async\" loading=\"lazy\" width=\"180\" height=\"180\" src=\"https:\/\/www.autoline.no\/wp-content\/uploads\/2020\/09\/IMG_1199-180x180.jpg\" class=\"wp-image-4071 avia-img-lazy-loading-4071 av-catalogue-image av-cart-update-image av-catalogue-image-yes wp-post-image\" alt=\"\" srcset=\"https:\/\/www.autoline.no\/wp-content\/uploads\/2020\/09\/IMG_1199-180x180.jpg 180w, https:\/\/www.autoline.no\/wp-content\/uploads\/2020\/09\/IMG_1199-80x80.jpg 80w, https:\/\/www.autoline.no\/wp-content\/uploads\/2020\/09\/IMG_1199-36x36.jpg 36w, https:\/\/www.autoline.no\/wp-content\/uploads\/2020\/09\/IMG_1199-100x100.jpg 100w, https:\/\/www.autoline.no\/wp-content\/uploads\/2020\/09\/IMG_1199-450x450.jpg 450w\" sizes=\"auto, (max-width: 180px) 100vw, 180px\" \/><div class=\"av-catalogue-item-inner\"><div class=\"av-catalogue-title-container\"><div class='av-catalogue-title av-cart-update-title'>4098425 Scania R switch singel NTG 2016<\/div><div class='av-catalogue-price av-cart-update-price'><span class=\"woocommerce-Price-amount amount\"><bdi><span class=\"woocommerce-Price-currencySymbol\">&euro;<\/span>267.80<\/bdi><\/span><\/div><\/div><div class='av-catalogue-content'>Produkt nr: 4098425\r\nScania R Schalter einzeln NTG 2016. Passend f\u00fcr Scania Modelle. Doppelschalter f\u00fcr Scania finden Sie hier: Produkt nr.: 4098426 (bald verf\u00fcgbar)<\/div><\/div><\/a><\/li><li><a  href=\"https:\/\/www.autoline.no\/de\/product\/4098426-scania-r-switch-double-ntg-2016\/\" data-product_id=\"4086\" data-product_sku=\"4098425-1\" class=\"av-catalogue-item  product_type_simple product-nr-3\"><img decoding=\"async\" loading=\"lazy\" width=\"180\" height=\"180\" src=\"https:\/\/www.autoline.no\/wp-content\/uploads\/2022\/01\/4098426-Scania-R-Switch-Double-NTG-2016-180x180.jpg\" class=\"wp-image-4090 avia-img-lazy-loading-4090 av-catalogue-image av-cart-update-image av-catalogue-image-yes wp-post-image\" alt=\"\" srcset=\"https:\/\/www.autoline.no\/wp-content\/uploads\/2022\/01\/4098426-Scania-R-Switch-Double-NTG-2016-180x180.jpg 180w, https:\/\/www.autoline.no\/wp-content\/uploads\/2022\/01\/4098426-Scania-R-Switch-Double-NTG-2016-80x80.jpg 80w, https:\/\/www.autoline.no\/wp-content\/uploads\/2022\/01\/4098426-Scania-R-Switch-Double-NTG-2016-36x36.jpg 36w, https:\/\/www.autoline.no\/wp-content\/uploads\/2022\/01\/4098426-Scania-R-Switch-Double-NTG-2016-100x100.jpg 100w, https:\/\/www.autoline.no\/wp-content\/uploads\/2022\/01\/4098426-Scania-R-Switch-Double-NTG-2016-450x450.jpg 450w\" sizes=\"auto, (max-width: 180px) 100vw, 180px\" \/><div class=\"av-catalogue-item-inner\"><div class=\"av-catalogue-title-container\"><div class='av-catalogue-title av-cart-update-title'>4098426 Scania R Switch Double NTG 2016<\/div><div class='av-catalogue-price av-cart-update-price'><span class=\"woocommerce-Price-amount amount\"><bdi><span class=\"woocommerce-Price-currencySymbol\">&euro;<\/span>310.00<\/bdi><\/span><\/div><\/div><div class='av-catalogue-content'>Produkt nr: 4098426\r\nDoppelschalter Scania R NTG 2016. Passend f\u00fcr Scania-Modelle. Einzelschalter f\u00fcr Scania finden Sie hier: Produkt-Nr.: 4098425<\/div><\/div><\/a><\/li><li><a  href=\"https:\/\/www.autoline.no\/de\/product\/4098436-man-tgx-switch-doppelt\/\" data-product_id=\"4016\" data-product_sku=\"4098436\" class=\"av-catalogue-item  product_type_simple product-nr-4\"><img decoding=\"async\" loading=\"lazy\" width=\"180\" height=\"180\" src=\"https:\/\/www.autoline.no\/wp-content\/uploads\/2022\/01\/4098436-MAN-TGX-switch-2021-Double-180x180.jpg\" class=\"wp-image-4019 avia-img-lazy-loading-4019 av-catalogue-image av-cart-update-image av-catalogue-image-yes wp-post-image\" alt=\"\" srcset=\"https:\/\/www.autoline.no\/wp-content\/uploads\/2022\/01\/4098436-MAN-TGX-switch-2021-Double-180x180.jpg 180w, https:\/\/www.autoline.no\/wp-content\/uploads\/2022\/01\/4098436-MAN-TGX-switch-2021-Double-80x80.jpg 80w, https:\/\/www.autoline.no\/wp-content\/uploads\/2022\/01\/4098436-MAN-TGX-switch-2021-Double-36x36.jpg 36w, https:\/\/www.autoline.no\/wp-content\/uploads\/2022\/01\/4098436-MAN-TGX-switch-2021-Double-100x100.jpg 100w, https:\/\/www.autoline.no\/wp-content\/uploads\/2022\/01\/4098436-MAN-TGX-switch-2021-Double-450x450.jpg 450w\" sizes=\"auto, (max-width: 180px) 100vw, 180px\" \/><div class=\"av-catalogue-item-inner\"><div class=\"av-catalogue-title-container\"><div class='av-catalogue-title av-cart-update-title'>4098436 MAN TGX Switch doppelt<\/div><div class='av-catalogue-price av-cart-update-price'><span class=\"woocommerce-Price-amount amount\"><bdi><span class=\"woocommerce-Price-currencySymbol\">&euro;<\/span>985.60<\/bdi><\/span><\/div><\/div><div class='av-catalogue-content'>Produkt-Nr.: 4098436\r\nBeschreibung: Neuer MAN TGX Schalter (2021), doppelt. Passend f\u00fcr MAN-Modelle.<\/div><\/div><\/a><\/li><li><a  href=\"https:\/\/www.autoline.no\/de\/product\/daf-xf-euro6-switch-double\/\" data-product_id=\"1364\" data-product_sku=\"4098454\" class=\"av-catalogue-item  product_type_simple product-nr-5\"><img decoding=\"async\" loading=\"lazy\" width=\"180\" height=\"180\" src=\"https:\/\/www.autoline.no\/wp-content\/uploads\/2016\/12\/DAF-XF-euro6-Switch-double-180x180.jpg\" class=\"wp-image-2478 avia-img-lazy-loading-2478 av-catalogue-image av-cart-update-image av-catalogue-image-yes wp-post-image\" alt=\"\" srcset=\"https:\/\/www.autoline.no\/wp-content\/uploads\/2016\/12\/DAF-XF-euro6-Switch-double-180x180.jpg 180w, https:\/\/www.autoline.no\/wp-content\/uploads\/2016\/12\/DAF-XF-euro6-Switch-double-450x450.jpg 450w, https:\/\/www.autoline.no\/wp-content\/uploads\/2016\/12\/DAF-XF-euro6-Switch-double-100x100.jpg 100w, https:\/\/www.autoline.no\/wp-content\/uploads\/2016\/12\/DAF-XF-euro6-Switch-double-80x80.jpg 80w, https:\/\/www.autoline.no\/wp-content\/uploads\/2016\/12\/DAF-XF-euro6-Switch-double-36x36.jpg 36w\" sizes=\"auto, (max-width: 180px) 100vw, 180px\" \/><div class=\"av-catalogue-item-inner\"><div class=\"av-catalogue-title-container\"><div class='av-catalogue-title av-cart-update-title'>4098454 DAF XF euro6 Switch doppelt<\/div><div class='av-catalogue-price av-cart-update-price'><span class=\"woocommerce-Price-amount amount\"><bdi><span class=\"woocommerce-Price-currencySymbol\">&euro;<\/span>475.00<\/bdi><\/span><\/div><\/div><div class='av-catalogue-content'>Produkt-Nr.: 4098454\r\n\r\nBeschreibung: DAF XF euro6 Switch doppelt<\/div><\/div><\/a><\/li><li><a  href=\"https:\/\/www.autoline.no\/de\/product\/4098471-mercedes-actros-atego-switch-singel\/\" data-product_id=\"3556\" data-product_sku=\"4098471\" class=\"av-catalogue-item  product_type_simple product-nr-6\"><div class=\"av-catalogue-item-inner\"><div class=\"av-catalogue-title-container\"><div class='av-catalogue-title av-cart-update-title'>4098471 Mercedes Actros\/Atego switch singel<\/div><div class='av-catalogue-price av-cart-update-price'><span class=\"woocommerce-Price-amount amount\"><bdi><span class=\"woocommerce-Price-currencySymbol\">&euro;<\/span>380.00<\/bdi><\/span><\/div><\/div><div class='av-catalogue-content'>Produkt nr.: 4098471\r\nBeskrivelse: Passer til Mercedes Actros og Atego. Dobbel switch til Mercedes Actros og Atego har Produkt nr.: 4098472<\/div><\/div><\/a><\/li><li><a  href=\"https:\/\/www.autoline.no\/de\/product\/scania-r-pb-contact-switch-icl2\/\" data-product_id=\"1377\" data-product_sku=\"4098496\" class=\"av-catalogue-item  product_type_simple product-nr-7\"><img decoding=\"async\" loading=\"lazy\" width=\"180\" height=\"180\" src=\"https:\/\/www.autoline.no\/wp-content\/uploads\/2016\/12\/Scania-R-PB-contact-switch-ICL2-180x180.jpg\" class=\"wp-image-660 avia-img-lazy-loading-660 av-catalogue-image av-cart-update-image av-catalogue-image-yes wp-post-image\" alt=\"\" srcset=\"https:\/\/www.autoline.no\/wp-content\/uploads\/2016\/12\/Scania-R-PB-contact-switch-ICL2-180x180.jpg 180w, https:\/\/www.autoline.no\/wp-content\/uploads\/2016\/12\/Scania-R-PB-contact-switch-ICL2-450x450.jpg 450w, https:\/\/www.autoline.no\/wp-content\/uploads\/2016\/12\/Scania-R-PB-contact-switch-ICL2-100x100.jpg 100w, https:\/\/www.autoline.no\/wp-content\/uploads\/2016\/12\/Scania-R-PB-contact-switch-ICL2-80x80.jpg 80w, https:\/\/www.autoline.no\/wp-content\/uploads\/2016\/12\/Scania-R-PB-contact-switch-ICL2-36x36.jpg 36w\" sizes=\"auto, (max-width: 180px) 100vw, 180px\" \/><div class=\"av-catalogue-item-inner\"><div class=\"av-catalogue-title-container\"><div class='av-catalogue-title av-cart-update-title'>4098496 Scania R PB Kontakt-Switch ICL2 NTG<\/div><div class='av-catalogue-price av-cart-update-price'><span class=\"woocommerce-Price-amount amount\"><bdi><span class=\"woocommerce-Price-currencySymbol\">&euro;<\/span>350.00<\/bdi><\/span><\/div><\/div><div class='av-catalogue-content'>Produkt-Nr.: 4098486 Scania R PB Kontakt-Switch ICL2\r\nBeschreibung: Werkzeugsatz f\u00fcr den Anschluss des originalen Anbaukontaktes<\/div><\/div><\/a><\/li><li><a  href=\"https:\/\/www.autoline.no\/de\/product\/autoline-motor-with-motor-mounting\/\" data-product_id=\"1348\" data-product_sku=\"4196001\" class=\"av-catalogue-item  product_type_simple product-nr-8\"><img decoding=\"async\" loading=\"lazy\" width=\"180\" height=\"180\" src=\"https:\/\/www.autoline.no\/wp-content\/uploads\/2016\/12\/Autoline-motor-with-motor-mounting-180x180.jpg\" class=\"wp-image-767 avia-img-lazy-loading-767 av-catalogue-image av-cart-update-image av-catalogue-image-yes wp-post-image\" alt=\"\" srcset=\"https:\/\/www.autoline.no\/wp-content\/uploads\/2016\/12\/Autoline-motor-with-motor-mounting-180x180.jpg 180w, https:\/\/www.autoline.no\/wp-content\/uploads\/2016\/12\/Autoline-motor-with-motor-mounting-450x450.jpg 450w, https:\/\/www.autoline.no\/wp-content\/uploads\/2016\/12\/Autoline-motor-with-motor-mounting-100x100.jpg 100w, https:\/\/www.autoline.no\/wp-content\/uploads\/2016\/12\/Autoline-motor-with-motor-mounting-80x80.jpg 80w, https:\/\/www.autoline.no\/wp-content\/uploads\/2016\/12\/Autoline-motor-with-motor-mounting-36x36.jpg 36w\" sizes=\"auto, (max-width: 180px) 100vw, 180px\" \/><div class=\"av-catalogue-item-inner\"><div class=\"av-catalogue-title-container\"><div class='av-catalogue-title av-cart-update-title'>4196001 Motor with sprocket 1\/2&#8243;<\/div><div class='av-catalogue-price av-cart-update-price'><span class=\"woocommerce-Price-amount amount\"><bdi><span class=\"woocommerce-Price-currencySymbol\">&euro;<\/span>480.50<\/bdi><\/span><\/div><\/div><div class='av-catalogue-content'>Produkt-Nr.: 4196001\r\nAutoline Motor 24 Volt mit Halterung und Zahnrad, passt zu allen Autoline Sandstreuern. Einfache Montage<\/div><\/div><\/a><\/li><li><a  href=\"https:\/\/www.autoline.no\/de\/product\/controlbox-2224\/\" data-product_id=\"1378\" data-product_sku=\"4422610\" class=\"av-catalogue-item  product_type_simple product-nr-9\"><img decoding=\"async\" loading=\"lazy\" width=\"180\" height=\"180\" src=\"https:\/\/www.autoline.no\/wp-content\/uploads\/2016\/12\/Controlbox-2224-180x180.jpg\" class=\"wp-image-659 avia-img-lazy-loading-659 av-catalogue-image av-cart-update-image av-catalogue-image-yes wp-post-image\" alt=\"\" srcset=\"https:\/\/www.autoline.no\/wp-content\/uploads\/2016\/12\/Controlbox-2224-180x180.jpg 180w, https:\/\/www.autoline.no\/wp-content\/uploads\/2016\/12\/Controlbox-2224-450x450.jpg 450w, https:\/\/www.autoline.no\/wp-content\/uploads\/2016\/12\/Controlbox-2224-100x100.jpg 100w, https:\/\/www.autoline.no\/wp-content\/uploads\/2016\/12\/Controlbox-2224-80x80.jpg 80w, https:\/\/www.autoline.no\/wp-content\/uploads\/2016\/12\/Controlbox-2224-36x36.jpg 36w\" sizes=\"auto, (max-width: 180px) 100vw, 180px\" \/><div class=\"av-catalogue-item-inner\"><div class=\"av-catalogue-title-container\"><div class='av-catalogue-title av-cart-update-title'>4422610 Controlbox ESS 2224<\/div><div class='av-catalogue-price av-cart-update-price'><span class=\"woocommerce-Price-amount amount\"><bdi><span class=\"woocommerce-Price-currencySymbol\">&euro;<\/span>527.10<\/bdi><\/span><\/div><\/div><div class='av-catalogue-content'>Produkt-Nr.: 4422610\r\nElektrische Steuereinheit, enth\u00e4lt Sicherungen, Relais und Anschlusspunkt f\u00fcr Kabel. Einfach und benutzerfreundlich<\/div><\/div><\/a><\/li><\/ul><\/div><\/div><div class='pagination-wrap pagination-slider  '><nav class='pagination'><span class='pagination-meta'>Page 1 of 3<\/span><span class='current'>1<\/span><a href='https:\/\/www.autoline.no\/de\/wp-json\/wp\/v2\/pages\/1356\/?avia-element-paging=2' class='inactive next_page' >2<\/a><a href='https:\/\/www.autoline.no\/de\/wp-json\/wp\/v2\/pages\/1356\/?avia-element-paging=3' class='inactive' >3<\/a><\/nav>\n<\/div>\n","protected":false},"excerpt":{"rendered":"","protected":false},"author":1,"featured_media":2244,"parent":1210,"menu_order":2,"comment_status":"closed","ping_status":"closed","template":"","meta":{"_acf_changed":false,"footnotes":"","_links_to":"","_links_to_target":""},"class_list":["post-1356","page","type-page","status-publish","has-post-thumbnail","hentry"],"acf":[],"_links":{"self":[{"href":"https:\/\/www.autoline.no\/de\/wp-json\/wp\/v2\/pages\/1356","targetHints":{"allow":["GET"]}}],"collection":[{"href":"https:\/\/www.autoline.no\/de\/wp-json\/wp\/v2\/pages"}],"about":[{"href":"https:\/\/www.autoline.no\/de\/wp-json\/wp\/v2\/types\/page"}],"author":[{"embeddable":true,"href":"https:\/\/www.autoline.no\/de\/wp-json\/wp\/v2\/users\/1"}],"replies":[{"embeddable":true,"href":"https:\/\/www.autoline.no\/de\/wp-json\/wp\/v2\/comments?post=1356"}],"version-history":[{"count":4,"href":"https:\/\/www.autoline.no\/de\/wp-json\/wp\/v2\/pages\/1356\/revisions"}],"predecessor-version":[{"id":3269,"href":"https:\/\/www.autoline.no\/de\/wp-json\/wp\/v2\/pages\/1356\/revisions\/3269"}],"up":[{"embeddable":true,"href":"https:\/\/www.autoline.no\/de\/wp-json\/wp\/v2\/pages\/1210"}],"wp:featuredmedia":[{"embeddable":true,"href":"https:\/\/www.autoline.no\/de\/wp-json\/wp\/v2\/media\/2244"}],"wp:attachment":[{"href":"https:\/\/www.autoline.no\/de\/wp-json\/wp\/v2\/media?parent=1356"}],"curies":[{"name":"wp","href":"https:\/\/api.w.org\/{rel}","templated":true}]}}