{"id":1199,"date":"2016-12-07T11:32:36","date_gmt":"2016-12-07T11:32:36","guid":{"rendered":"http:\/\/www.autoline.no\/about-us\/autoline-as\/?lang=de"},"modified":"2023-01-31T19:14:32","modified_gmt":"2023-01-31T18:14:32","slug":"autoline-as","status":"publish","type":"page","link":"https:\/\/www.autoline.no\/de\/about-us\/autoline-as\/","title":{"rendered":"Autoline as"},"content":{"rendered":"\n<style type=\"text\/css\" data-created_by=\"avia_inline_auto\" id=\"style-css-av-2y9gz3-bc6c85b1aeaddbea4ee9deb6c2658fec\">\n#top .av-special-heading.av-2y9gz3-bc6c85b1aeaddbea4ee9deb6c2658fec{\npadding-bottom:10px;\n}\nbody .av-special-heading.av-2y9gz3-bc6c85b1aeaddbea4ee9deb6c2658fec .av-special-heading-tag .heading-char{\nfont-size:25px;\n}\n.av-special-heading.av-2y9gz3-bc6c85b1aeaddbea4ee9deb6c2658fec .av-subheading{\nfont-size:15px;\n}\n<\/style>\n<div  class='av-special-heading av-2y9gz3-bc6c85b1aeaddbea4ee9deb6c2658fec av-special-heading-h1 blockquote modern-quote  avia-builder-el-0  el_before_av_textblock  avia-builder-el-first '><h1 class='av-special-heading-tag '  itemprop=\"headline\"  >Autoline as<\/h1><div class=\"special-heading-border\"><div class=\"special-heading-inner-border\"><\/div><\/div><\/div>\n<section  class='av_textblock_section av-jpnsq7ac-beff3ccd009f96931733aa50d4e61274 '   itemscope=\"itemscope\" itemtype=\"https:\/\/schema.org\/CreativeWork\" ><div class='avia_textblock'  itemprop=\"text\" ><div class=\"attribute-intro\">\n<div class=\"attribute-intro\">\n<p>Die Firma Autoline wurde 1998 gegr\u00fcndet. John-Egil Bustadmo ist Hauptgesellschafter, Gr\u00fcnder und Produktentwickler. Eine geringe Zahl von Mitarbeitern und zuverl\u00e4ssige Sublieferanten ergeben ein dynamisches und flexibles Gef\u00fcge.<\/p>\n<\/div>\n<div class=\"attribute-body\">\n<p>Entsprechend der Philosophie des Unternehmens liegt der Schwerpunkt auf Produkt und Marketing. Dank der dynamischen Struktur ist die Finanzlage trotz schwankender Nachfrage grundsolide.<\/p>\n<\/div>\n<\/div>\n<div class=\"attribute-body\"><\/div>\n<\/div><\/section>\n","protected":false},"excerpt":{"rendered":"<p>Die Firma Autoline wurde 1998 gegr\u00fcndet. John-Egil Bustadmo ist Hauptgesellschafter, Gr\u00fcnder und Produktentwickler. Eine geringe Zahl von Mitarbeitern und zuverl\u00e4ssige Sublieferanten ergeben ein dynamisches und flexibles Gef\u00fcge.<\/p>\n","protected":false},"author":1,"featured_media":238,"parent":1190,"menu_order":11,"comment_status":"closed","ping_status":"closed","template":"","meta":{"_acf_changed":false,"footnotes":"","_links_to":"","_links_to_target":""},"class_list":["post-1199","page","type-page","status-publish","has-post-thumbnail","hentry"],"acf":[],"_links":{"self":[{"href":"https:\/\/www.autoline.no\/de\/wp-json\/wp\/v2\/pages\/1199","targetHints":{"allow":["GET"]}}],"collection":[{"href":"https:\/\/www.autoline.no\/de\/wp-json\/wp\/v2\/pages"}],"about":[{"href":"https:\/\/www.autoline.no\/de\/wp-json\/wp\/v2\/types\/page"}],"author":[{"embeddable":true,"href":"https:\/\/www.autoline.no\/de\/wp-json\/wp\/v2\/users\/1"}],"replies":[{"embeddable":true,"href":"https:\/\/www.autoline.no\/de\/wp-json\/wp\/v2\/comments?post=1199"}],"version-history":[{"count":7,"href":"https:\/\/www.autoline.no\/de\/wp-json\/wp\/v2\/pages\/1199\/revisions"}],"predecessor-version":[{"id":4159,"href":"https:\/\/www.autoline.no\/de\/wp-json\/wp\/v2\/pages\/1199\/revisions\/4159"}],"up":[{"embeddable":true,"href":"https:\/\/www.autoline.no\/de\/wp-json\/wp\/v2\/pages\/1190"}],"wp:featuredmedia":[{"embeddable":true,"href":"https:\/\/www.autoline.no\/de\/wp-json\/wp\/v2\/media\/238"}],"wp:attachment":[{"href":"https:\/\/www.autoline.no\/de\/wp-json\/wp\/v2\/media?parent=1199"}],"curies":[{"name":"wp","href":"https:\/\/api.w.org\/{rel}","templated":true}]}}