{"id":1198,"date":"2016-12-07T11:36:09","date_gmt":"2016-12-07T11:36:09","guid":{"rendered":"http:\/\/www.autoline.no\/about-us\/about-the-product\/?lang=de"},"modified":"2016-12-12T04:59:51","modified_gmt":"2016-12-12T04:59:51","slug":"about-the-product","status":"publish","type":"page","link":"https:\/\/www.autoline.no\/de\/about-us\/about-the-product\/","title":{"rendered":"\u00dcber das Produkt"},"content":{"rendered":"\n<style type=\"text\/css\" data-created_by=\"avia_inline_auto\" id=\"style-css-av-av_image-67aaaa3056d0a18737e67a8e3f5e29c4\">\n.avia-image-container.av-av_image-67aaaa3056d0a18737e67a8e3f5e29c4 img.avia_image{\nbox-shadow:none;\n}\n.avia-image-container.av-av_image-67aaaa3056d0a18737e67a8e3f5e29c4 .av-image-caption-overlay-center{\ncolor:#ffffff;\n}\n<\/style>\n<div  class='avia-image-container av-av_image-67aaaa3056d0a18737e67a8e3f5e29c4 av-styling- avia-align-center  avia-builder-el-0  el_before_av_heading  avia-builder-el-first '   itemprop=\"image\" itemscope=\"itemscope\" itemtype=\"https:\/\/schema.org\/ImageObject\" ><div class=\"avia-image-container-inner\"><div class=\"avia-image-overlay-wrap\"><img decoding=\"async\" fetchpriority=\"high\" class='wp-image-562 avia-img-lazy-loading-not-562 avia_image ' src=\"https:\/\/www.autoline.no\/wp-content\/uploads\/2016\/12\/Better-safety.jpg\" alt='' title='better-safety'  height=\"536\" width=\"804\"  itemprop=\"thumbnailUrl\" srcset=\"https:\/\/www.autoline.no\/wp-content\/uploads\/2016\/12\/Better-safety.jpg 804w, https:\/\/www.autoline.no\/wp-content\/uploads\/2016\/12\/Better-safety-450x300.jpg 450w, https:\/\/www.autoline.no\/wp-content\/uploads\/2016\/12\/Better-safety-300x200.jpg 300w, https:\/\/www.autoline.no\/wp-content\/uploads\/2016\/12\/Better-safety-768x512.jpg 768w, https:\/\/www.autoline.no\/wp-content\/uploads\/2016\/12\/Better-safety-705x470.jpg 705w\" sizes=\"(max-width: 804px) 100vw, 804px\" \/><\/div><\/div><\/div>\n\n<style type=\"text\/css\" data-created_by=\"avia_inline_auto\" id=\"style-css-av-av_heading-543abb3c0deb0610d15c879c2a2d5a45\">\n#top .av-special-heading.av-av_heading-543abb3c0deb0610d15c879c2a2d5a45{\npadding-bottom:10px;\n}\nbody .av-special-heading.av-av_heading-543abb3c0deb0610d15c879c2a2d5a45 .av-special-heading-tag .heading-char{\nfont-size:25px;\n}\n.av-special-heading.av-av_heading-543abb3c0deb0610d15c879c2a2d5a45 .av-subheading{\nfont-size:15px;\n}\n<\/style>\n<div  class='av-special-heading av-av_heading-543abb3c0deb0610d15c879c2a2d5a45 av-special-heading-h1 blockquote modern-quote  avia-builder-el-1  el_after_av_image  el_before_av_textblock '><h1 class='av-special-heading-tag '  itemprop=\"headline\"  >Sicherheit \u00fcber alles<\/h1><div class=\"special-heading-border\"><div class=\"special-heading-inner-border\"><\/div><\/div><\/div>\n<section  class='av_textblock_section av-av_textblock-35972167d9f102c5ddaec0c531c98b9e '   itemscope=\"itemscope\" itemtype=\"https:\/\/schema.org\/CreativeWork\" ><div class='avia_textblock'  itemprop=\"text\" ><div class=\"attribute-intro\">\n<div class=\"attribute-intro\">\n<p>Der Einsatz eines Sandstreuers erh\u00f6ht nachweislich die Sicherheit bergauf und bergab.<\/p>\n<\/div>\n<div class=\"attribute-body\">\n<p>KFZ mit angebautem Sandstreuer fahren sicherer und besser auf glatten Stra\u00dfen. In kritischen F\u00e4llen kann der Autoline Sandstreuer die Rettung f\u00fcr Fahrer, Fahrzeug und Ladung bedeuten. Der Sandstreuer wurde in enger Zusammenarbeit mit der Transportbranche entwickelt und ist heute an Tausenden von LKW und Bussen angebaut.<\/p>\n<p>Die Vorstellung, mitten an einem steilen Hang stehen zu bleiben und wom\u00f6glich abzurutschen, braucht keinem Fahrer mehr den Schlaf zu rauben. Viele schwere Unf\u00e4lle h\u00e4tten mit Autoline Sandstreuer vermieden werden k\u00f6nnen. An Sicherheit denken, hei\u00dft vorausschauend denken.<\/p>\n<p>Der Autoline Sandstreuer steht mit Recht im Ruf, das beste Produkt f\u00fcr bessere Sicherheit auf glatten Stra\u00dfen zu sein.<\/p>\n<p>Autoline Sandstreuer werden vor den Antriebsr\u00e4dern am Nutzfahrzeug angebaut. Der Fahrer bedient den Sandstreuer von der Konsole aus. Er streut glatte Strecken f\u00fcr sich und andere Verkehrsteilnehmer.<\/p>\n<p>Die Sandstreuer werden in unterschiedlichen Gr\u00f6\u00dfen geliefert. N\u00e4heres finden Sie unter den <a href=\"http:\/\/www.autoline.no\/products\/technical-data\/?lang=de\">technischen Daten<\/a> oder erfahren Sie von Ihrem <a href=\"http:\/\/www.autoline.no\/dealers\/?lang=de\">Fachh\u00e4ndler.<\/a><\/p>\n<p><a id=\"eztoc2997_0_1\" name=\"eztoc2997_0_1\"><\/a><\/p>\n<h3>Sicherheitsprodukt aus Norwegen<\/h3>\n<p>Autoline Sandstreuer sind ein umweltfreundliches, norwegisches Sicherheitsprodukt, das in enger Zusammenarbeit mit der Nutzfahrzeugbranche entwickelt und gepr\u00fcft wurde und seit 18 Jahren im Einsatz ist.<\/p>\n<p><a id=\"eztoc2997_0_2\" name=\"eztoc2997_0_2\"><\/a><\/p>\n<h3>Sicherheit geht \u00fcber alles<\/h3>\n<p>Der Einsatz eines Sandstreuers erh\u00f6ht nachweislich die Sicherheit auf steilen Stra\u00dfen. Viele Transportunternehmen haben Autoline Sandstreuer in ihre Sicherheitsanforderungen aufgenommen.<\/p>\n<p><a id=\"eztoc2997_0_3\" name=\"eztoc2997_0_3\"><\/a><\/p>\n<h3>Auch das z\u00e4hlt: Wirtschaftlichkeit und Umwelt<\/h3>\n<p>Nachgewiesen ist, dass durch den Einsatz von Autoline Sandstreuern die Benutzung von Ketten seltener notwendig ist, was die Abnutzung von Stra\u00dfe und Reifen verringert. Sandstreuer machen den Berufsalltag der Fahrer und Fahrunternehmen sicherer und weniger stressig.<\/p>\n<\/div>\n<\/div>\n<div class=\"attribute-body\"><\/div>\n<\/div><\/section>\n","protected":false},"excerpt":{"rendered":"<p>Sand spreaders have proven, time and again, that they make it safer to drive up or down, slippery inclines.<\/p>\n","protected":false},"author":1,"featured_media":562,"parent":1190,"menu_order":10,"comment_status":"closed","ping_status":"closed","template":"","meta":{"_acf_changed":false,"footnotes":"","_links_to":"","_links_to_target":""},"class_list":["post-1198","page","type-page","status-publish","has-post-thumbnail","hentry"],"acf":[],"_links":{"self":[{"href":"https:\/\/www.autoline.no\/de\/wp-json\/wp\/v2\/pages\/1198","targetHints":{"allow":["GET"]}}],"collection":[{"href":"https:\/\/www.autoline.no\/de\/wp-json\/wp\/v2\/pages"}],"about":[{"href":"https:\/\/www.autoline.no\/de\/wp-json\/wp\/v2\/types\/page"}],"author":[{"embeddable":true,"href":"https:\/\/www.autoline.no\/de\/wp-json\/wp\/v2\/users\/1"}],"replies":[{"embeddable":true,"href":"https:\/\/www.autoline.no\/de\/wp-json\/wp\/v2\/comments?post=1198"}],"version-history":[{"count":3,"href":"https:\/\/www.autoline.no\/de\/wp-json\/wp\/v2\/pages\/1198\/revisions"}],"predecessor-version":[{"id":1215,"href":"https:\/\/www.autoline.no\/de\/wp-json\/wp\/v2\/pages\/1198\/revisions\/1215"}],"up":[{"embeddable":true,"href":"https:\/\/www.autoline.no\/de\/wp-json\/wp\/v2\/pages\/1190"}],"wp:featuredmedia":[{"embeddable":true,"href":"https:\/\/www.autoline.no\/de\/wp-json\/wp\/v2\/media\/562"}],"wp:attachment":[{"href":"https:\/\/www.autoline.no\/de\/wp-json\/wp\/v2\/media?parent=1198"}],"curies":[{"name":"wp","href":"https:\/\/api.w.org\/{rel}","templated":true}]}}