{"id":1197,"date":"2016-12-07T11:37:20","date_gmt":"2016-12-07T11:37:20","guid":{"rendered":"http:\/\/www.autoline.no\/about-us\/the-founder\/?lang=de"},"modified":"2016-12-12T04:45:46","modified_gmt":"2016-12-12T04:45:46","slug":"the-founder","status":"publish","type":"page","link":"https:\/\/www.autoline.no\/de\/about-us\/the-founder\/","title":{"rendered":"Der Gr\u00fcnder"},"content":{"rendered":"\n<style type=\"text\/css\" data-created_by=\"avia_inline_auto\" id=\"style-css-av-av_image-ef02bffe2603f0936849da0be37bda2c\">\n.avia-image-container.av-av_image-ef02bffe2603f0936849da0be37bda2c img.avia_image{\nbox-shadow:none;\n}\n.avia-image-container.av-av_image-ef02bffe2603f0936849da0be37bda2c .av-image-caption-overlay-center{\ncolor:#ffffff;\n}\n<\/style>\n<div  class='avia-image-container av-av_image-ef02bffe2603f0936849da0be37bda2c av-styling- avia-align-center  avia-builder-el-0  el_before_av_heading  avia-builder-el-first '   itemprop=\"image\" itemscope=\"itemscope\" itemtype=\"https:\/\/schema.org\/ImageObject\" ><div class=\"avia-image-container-inner\"><div class=\"avia-image-overlay-wrap\"><img decoding=\"async\" fetchpriority=\"high\" class='wp-image-563 avia-img-lazy-loading-not-563 avia_image ' src=\"https:\/\/www.autoline.no\/wp-content\/uploads\/2016\/12\/Perfection-is-not-good-enough.jpg\" alt='' title='perfection-is-not-good-enough'  height=\"536\" width=\"804\"  itemprop=\"thumbnailUrl\" srcset=\"https:\/\/www.autoline.no\/wp-content\/uploads\/2016\/12\/Perfection-is-not-good-enough.jpg 804w, https:\/\/www.autoline.no\/wp-content\/uploads\/2016\/12\/Perfection-is-not-good-enough-450x300.jpg 450w, https:\/\/www.autoline.no\/wp-content\/uploads\/2016\/12\/Perfection-is-not-good-enough-300x200.jpg 300w, https:\/\/www.autoline.no\/wp-content\/uploads\/2016\/12\/Perfection-is-not-good-enough-768x512.jpg 768w, https:\/\/www.autoline.no\/wp-content\/uploads\/2016\/12\/Perfection-is-not-good-enough-705x470.jpg 705w\" sizes=\"(max-width: 804px) 100vw, 804px\" \/><\/div><\/div><\/div>\n\n<style type=\"text\/css\" data-created_by=\"avia_inline_auto\" id=\"style-css-av-av_heading-8e2d4973798fdf644a1066659da3530b\">\n#top .av-special-heading.av-av_heading-8e2d4973798fdf644a1066659da3530b{\npadding-bottom:10px;\n}\nbody .av-special-heading.av-av_heading-8e2d4973798fdf644a1066659da3530b .av-special-heading-tag .heading-char{\nfont-size:25px;\n}\n.av-special-heading.av-av_heading-8e2d4973798fdf644a1066659da3530b .av-subheading{\nfont-size:15px;\n}\n<\/style>\n<div  class='av-special-heading av-av_heading-8e2d4973798fdf644a1066659da3530b av-special-heading-h1 blockquote modern-quote  avia-builder-el-1  el_after_av_image  el_before_av_textblock '><h1 class='av-special-heading-tag '  itemprop=\"headline\"  ><span class='special_amp'>\u201e<\/span>Perfection is not good enough<span class='special_amp'>\u201d<\/span><\/h1><div class=\"special-heading-border\"><div class=\"special-heading-inner-border\"><\/div><\/div><\/div>\n<section  class='av_textblock_section av-av_textblock-35972167d9f102c5ddaec0c531c98b9e '   itemscope=\"itemscope\" itemtype=\"https:\/\/schema.org\/CreativeWork\" ><div class='avia_textblock'  itemprop=\"text\" ><div class=\"attribute-intro\">\n<div class=\"attribute-intro\">\n<div class=\"attribute-intro\">\n<p><i>\u201eVor 20 Jahren stellte mir mein Schwiegervater die Aufgabe, einen betriebssicheren Sandstreuer zu entwickeln. Der Sandstreuer steht heute an der Weltspitze, und meinen Schwiegervater habe ich behalten.\u201d<\/i><\/p>\n<\/div>\n<div class=\"attribute-body\">\n<p>Der Gr\u00fcnder John Egil Bustadmo zeigte schon fr\u00fch sch\u00f6pferisches Talent und Durchsetzungsverm\u00f6gen. In seiner Jugend zeichnete und baute er Auto- und Schiffsmodelle. Sein Interesse f\u00fcr Motoren vertiefte sich. Nun ging es um die Restauration und den Bau von Motorr\u00e4dern und amerikanischen Autos, wobei ihn die Mechanik ebenso besch\u00e4ftigte wie das Design. Er machte eine Ausbildung als Mechaniker und sammelte als Autolackierer, LKW-Fahrer und Produktentwickler Berufserfahrung.<\/p>\n<p>Immer hatte er die Qualit\u00e4t im Fokus. Als Leitfaden diente ihm die Frage: \u201cIst dies das beste, was wir leisten k\u00f6nnen?\u201d Er sammelte ein 20-k\u00f6pfiges Team von lokalen Transportfirmen, Bankfachleuten, Unternehmensberatern, Industriedesignern, Mechanikern und Elektrikern um sich und setzte einen lehrreichen Prozess in Gang, der sich immer weiter entwickelt.<\/p>\n<p>Sein ganzes Leben hat John-Egil sein Interesse f\u00fcr Autos behalten. Amerikanische Wagen faszinieren ihn, seit er als 12-j\u00e4hriger den Lastwagen seines Gro\u00dfvaters fahren durfte. Von 1982 bis 1992 war er Pr\u00e4sident des lokalen Amcar-Klubs und von 1994 bis 2000 Vorstandsmitglied des \u201cAmerican car club of Norway\u201d. Momentan baut sich der aktive Gr\u00fcnder seinen eigenen Dragster zusammen, den er f\u00fcr das Autoline Racingteam fahren wird.<\/p>\n<\/div>\n<\/div>\n<div class=\"attribute-body\"><\/div>\n<\/div>\n<div class=\"attribute-body\"><\/div>\n<\/div><\/section>\n","protected":false},"excerpt":{"rendered":"<p>\u201eVor 20 Jahren stellte mir mein Schwiegervater die Aufgabe, einen betriebssicheren Sandstreuer zu entwickeln. Der Sandstreuer steht heute an der Weltspitze, und meinen Schwiegervater habe ich behalten.\u201d\t<\/p>\n","protected":false},"author":1,"featured_media":563,"parent":1190,"menu_order":9,"comment_status":"closed","ping_status":"closed","template":"","meta":{"_acf_changed":false,"footnotes":"","_links_to":"","_links_to_target":""},"class_list":["post-1197","page","type-page","status-publish","has-post-thumbnail","hentry"],"acf":[],"_links":{"self":[{"href":"https:\/\/www.autoline.no\/de\/wp-json\/wp\/v2\/pages\/1197","targetHints":{"allow":["GET"]}}],"collection":[{"href":"https:\/\/www.autoline.no\/de\/wp-json\/wp\/v2\/pages"}],"about":[{"href":"https:\/\/www.autoline.no\/de\/wp-json\/wp\/v2\/types\/page"}],"author":[{"embeddable":true,"href":"https:\/\/www.autoline.no\/de\/wp-json\/wp\/v2\/users\/1"}],"replies":[{"embeddable":true,"href":"https:\/\/www.autoline.no\/de\/wp-json\/wp\/v2\/comments?post=1197"}],"version-history":[{"count":2,"href":"https:\/\/www.autoline.no\/de\/wp-json\/wp\/v2\/pages\/1197\/revisions"}],"predecessor-version":[{"id":1202,"href":"https:\/\/www.autoline.no\/de\/wp-json\/wp\/v2\/pages\/1197\/revisions\/1202"}],"up":[{"embeddable":true,"href":"https:\/\/www.autoline.no\/de\/wp-json\/wp\/v2\/pages\/1190"}],"wp:featuredmedia":[{"embeddable":true,"href":"https:\/\/www.autoline.no\/de\/wp-json\/wp\/v2\/media\/563"}],"wp:attachment":[{"href":"https:\/\/www.autoline.no\/de\/wp-json\/wp\/v2\/media?parent=1197"}],"curies":[{"name":"wp","href":"https:\/\/api.w.org\/{rel}","templated":true}]}}