{"id":1190,"date":"2016-12-06T02:58:01","date_gmt":"2016-12-06T02:58:01","guid":{"rendered":"http:\/\/www.autoline.no\/about-us\/?lang=de"},"modified":"2016-12-12T04:43:52","modified_gmt":"2016-12-12T04:43:52","slug":"about-us","status":"publish","type":"page","link":"https:\/\/www.autoline.no\/de\/about-us\/","title":{"rendered":"\u00dcber uns"},"content":{"rendered":"\n<style type=\"text\/css\" data-created_by=\"avia_inline_auto\" id=\"style-css-av-av_heading-c22f0df028d9c3dda7d160baef63ade8\">\n#top .av-special-heading.av-av_heading-c22f0df028d9c3dda7d160baef63ade8{\npadding-bottom:10px;\n}\nbody .av-special-heading.av-av_heading-c22f0df028d9c3dda7d160baef63ade8 .av-special-heading-tag .heading-char{\nfont-size:25px;\n}\n.av-special-heading.av-av_heading-c22f0df028d9c3dda7d160baef63ade8 .av-subheading{\nfont-size:15px;\n}\n<\/style>\n<div  class='av-special-heading av-av_heading-c22f0df028d9c3dda7d160baef63ade8 av-special-heading-h1 blockquote modern-quote  avia-builder-el-0  el_before_av_textblock  avia-builder-el-first '><h1 class='av-special-heading-tag '  itemprop=\"headline\"  >Marktf\u00fchrend in Skandinavien<\/h1><div class=\"special-heading-border\"><div class=\"special-heading-inner-border\"><\/div><\/div><\/div>\n<section  class='av_textblock_section av-av_textblock-35972167d9f102c5ddaec0c531c98b9e '   itemscope=\"itemscope\" itemtype=\"https:\/\/schema.org\/CreativeWork\" ><div class='avia_textblock'  itemprop=\"text\" ><div class=\"attribute-intro\">\n<div class=\"attribute-intro\">\n<p>1992 brachte Autoline seine Sandstreuer auf den norwegischen Markt mit dem Ziel, sich an die Spitze Skandinaviens vorzuarbeiten.<\/p>\n<\/div>\n<div class=\"attribute-body\">\n<p>Das Unternehmen entwickelte eine Produktserie, die heute in eigener Regie hergestellt und auf dem Nutzfahrzeugmarkt abgesetzt wird. Wir haben uns in Skandinavien gut eingearbeitet und sind auf das stetige Wachstum der Kundenzahl, der Marktanteile und des Umsatzes stolz.<\/p>\n<p>Heute sind Autoline Sandstreuer auf dem Weltmarkt un\u00fcbertroffen.<\/p>\n<\/div>\n<\/div>\n<div class=\"attribute-body\"><\/div>\n<\/div><\/section>\n<div  data-autoplay=''  data-interval='5'  data-animation='fade'  data-show_slide_delay='90'  class='avia-content-slider avia-content-grid-active avia-content-slider1 avia-content-slider-even  avia-builder-el-2  el_after_av_textblock  avia-builder-el-last '  itemscope=\"itemscope\" itemtype=\"https:\/\/schema.org\/Blog\" ><div class='avia-content-slider-inner'><div class='slide-entry-wrap'><article class='slide-entry flex_column  post-entry post-entry-1197 slide-entry-overview slide-loop-1 slide-parity-odd  av_one_half first real-thumbnail'  itemscope=\"itemscope\" itemtype=\"https:\/\/schema.org\/CreativeWork\" ><a href='https:\/\/www.autoline.no\/de\/about-us\/the-founder\/' data-rel='slide-1' class='slide-image' title=''><img decoding=\"async\" loading=\"lazy\" width=\"495\" height=\"400\" src=\"https:\/\/www.autoline.no\/wp-content\/uploads\/2016\/12\/Perfection-is-not-good-enough-495x400.jpg\" class=\"wp-image-563 avia-img-lazy-loading-563 attachment-portfolio size-portfolio wp-post-image\" alt=\"\" \/><\/a><div class='slide-content'><header class=\"entry-content-header\"><h3 class='slide-entry-title entry-title'  itemprop=\"headline\" ><a href='https:\/\/www.autoline.no\/de\/about-us\/the-founder\/' title='Der Gr\u00fcnder'>Der Gr\u00fcnder<\/a><\/h3><span class=\"av-vertical-delimiter\"><\/span><\/header><div class='slide-entry-excerpt entry-content'  itemprop=\"text\" >\u201eVor 20 Jahren stellte mir mein Schwiegervater die Aufgabe, einen betriebssicheren Sandstreuer zu entwickeln. Der Sandstreuer steht heute an der Weltspitze, und meinen Schwiegervater habe ich behalten.\u201d\t<\/div><\/div><footer class=\"entry-footer\"><\/footer><span class='hidden'>\n\t\t\t\t<span class='av-structured-data'  itemprop=\"image\" itemscope=\"itemscope\" itemtype=\"https:\/\/schema.org\/ImageObject\" >\n\t\t\t\t\t\t<span itemprop='url'>https:\/\/www.autoline.no\/wp-content\/uploads\/2016\/12\/Perfection-is-not-good-enough.jpg<\/span>\n\t\t\t\t\t\t<span itemprop='height'>536<\/span>\n\t\t\t\t\t\t<span itemprop='width'>804<\/span>\n\t\t\t\t<\/span>\n\t\t\t\t<span class='av-structured-data'  itemprop=\"publisher\" itemtype=\"https:\/\/schema.org\/Organization\" itemscope=\"itemscope\" >\n\t\t\t\t\t\t<span itemprop='name'>netpower<\/span>\n\t\t\t\t\t\t<span itemprop='logo' itemscope itemtype='https:\/\/schema.org\/ImageObject'>\n\t\t\t\t\t\t\t<span itemprop='url'>http:\/\/www.autoline.no\/wp-content\/uploads\/2016\/12\/logo.png<\/span>\n\t\t\t\t\t\t<\/span>\n\t\t\t\t<\/span><span class='av-structured-data'  itemprop=\"author\" itemscope=\"itemscope\" itemtype=\"https:\/\/schema.org\/Person\" ><span itemprop='name'>netpower<\/span><\/span><span class='av-structured-data'  itemprop=\"datePublished\" datetime=\"2016-12-07T11:30:21+01:00\" >2016-12-07 11:37:20<\/span><span class='av-structured-data'  itemprop=\"dateModified\" itemtype=\"https:\/\/schema.org\/dateModified\" >2016-12-12 04:45:46<\/span><span class='av-structured-data'  itemprop=\"mainEntityOfPage\" itemtype=\"https:\/\/schema.org\/mainEntityOfPage\" ><span itemprop='name'>Der Gr\u00fcnder<\/span><\/span><\/span><\/article><article class='slide-entry flex_column  post-entry post-entry-1198 slide-entry-overview slide-loop-2 slide-parity-even  av_one_half  real-thumbnail'  itemscope=\"itemscope\" itemtype=\"https:\/\/schema.org\/CreativeWork\" ><a href='https:\/\/www.autoline.no\/de\/about-us\/about-the-product\/' data-rel='slide-1' class='slide-image' title=''><img decoding=\"async\" loading=\"lazy\" width=\"495\" height=\"400\" src=\"https:\/\/www.autoline.no\/wp-content\/uploads\/2016\/12\/Better-safety-495x400.jpg\" class=\"wp-image-562 avia-img-lazy-loading-562 attachment-portfolio size-portfolio wp-post-image\" alt=\"\" \/><\/a><div class='slide-content'><header class=\"entry-content-header\"><h3 class='slide-entry-title entry-title'  itemprop=\"headline\" ><a href='https:\/\/www.autoline.no\/de\/about-us\/about-the-product\/' title='\u00dcber das Produkt'>\u00dcber das Produkt<\/a><\/h3><span class=\"av-vertical-delimiter\"><\/span><\/header><div class='slide-entry-excerpt entry-content'  itemprop=\"text\" >Sand spreaders have proven, time and again, that they make it safer to drive up or down, slippery inclines.<\/div><\/div><footer class=\"entry-footer\"><\/footer><span class='hidden'>\n\t\t\t\t<span class='av-structured-data'  itemprop=\"image\" itemscope=\"itemscope\" itemtype=\"https:\/\/schema.org\/ImageObject\" >\n\t\t\t\t\t\t<span itemprop='url'>https:\/\/www.autoline.no\/wp-content\/uploads\/2016\/12\/Better-safety.jpg<\/span>\n\t\t\t\t\t\t<span itemprop='height'>536<\/span>\n\t\t\t\t\t\t<span itemprop='width'>804<\/span>\n\t\t\t\t<\/span>\n\t\t\t\t<span class='av-structured-data'  itemprop=\"publisher\" itemtype=\"https:\/\/schema.org\/Organization\" itemscope=\"itemscope\" >\n\t\t\t\t\t\t<span itemprop='name'>netpower<\/span>\n\t\t\t\t\t\t<span itemprop='logo' itemscope itemtype='https:\/\/schema.org\/ImageObject'>\n\t\t\t\t\t\t\t<span itemprop='url'>http:\/\/www.autoline.no\/wp-content\/uploads\/2016\/12\/logo.png<\/span>\n\t\t\t\t\t\t<\/span>\n\t\t\t\t<\/span><span class='av-structured-data'  itemprop=\"author\" itemscope=\"itemscope\" itemtype=\"https:\/\/schema.org\/Person\" ><span itemprop='name'>netpower<\/span><\/span><span class='av-structured-data'  itemprop=\"datePublished\" datetime=\"2016-12-07T11:30:21+01:00\" >2016-12-07 11:36:09<\/span><span class='av-structured-data'  itemprop=\"dateModified\" itemtype=\"https:\/\/schema.org\/dateModified\" >2016-12-12 04:59:51<\/span><span class='av-structured-data'  itemprop=\"mainEntityOfPage\" itemtype=\"https:\/\/schema.org\/mainEntityOfPage\" ><span itemprop='name'>\u00dcber das Produkt<\/span><\/span><\/span><\/article><\/div><div class='slide-entry-wrap'><article class='slide-entry flex_column  post-entry post-entry-1199 slide-entry-overview slide-loop-3 slide-parity-odd  av_one_half first real-thumbnail'  itemscope=\"itemscope\" itemtype=\"https:\/\/schema.org\/CreativeWork\" ><a href='https:\/\/www.autoline.no\/de\/about-us\/autoline-as\/' data-rel='slide-1' class='slide-image' title=''><img decoding=\"async\" loading=\"lazy\" width=\"390\" height=\"260\" src=\"https:\/\/www.autoline.no\/wp-content\/uploads\/2016\/12\/no-image.jpg\" class=\"wp-image-238 avia-img-lazy-loading-238 attachment-portfolio size-portfolio wp-post-image\" alt=\"\" srcset=\"https:\/\/www.autoline.no\/wp-content\/uploads\/2016\/12\/no-image.jpg 390w, https:\/\/www.autoline.no\/wp-content\/uploads\/2016\/12\/no-image-300x200.jpg 300w\" sizes=\"auto, (max-width: 390px) 100vw, 390px\" \/><\/a><div class='slide-content'><header class=\"entry-content-header\"><h3 class='slide-entry-title entry-title'  itemprop=\"headline\" ><a href='https:\/\/www.autoline.no\/de\/about-us\/autoline-as\/' title='Autoline as'>Autoline as<\/a><\/h3><span class=\"av-vertical-delimiter\"><\/span><\/header><div class='slide-entry-excerpt entry-content'  itemprop=\"text\" >Die Firma Autoline wurde 1998 gegr\u00fcndet. John-Egil Bustadmo ist Hauptgesellschafter, Gr\u00fcnder und Produktentwickler. Eine geringe Zahl von Mitarbeitern und zuverl\u00e4ssige Sublieferanten ergeben ein dynamisches und flexibles Gef\u00fcge.<\/div><\/div><footer class=\"entry-footer\"><\/footer><span class='hidden'>\n\t\t\t\t<span class='av-structured-data'  itemprop=\"image\" itemscope=\"itemscope\" itemtype=\"https:\/\/schema.org\/ImageObject\" >\n\t\t\t\t\t\t<span itemprop='url'>https:\/\/www.autoline.no\/wp-content\/uploads\/2016\/12\/no-image.jpg<\/span>\n\t\t\t\t\t\t<span itemprop='height'>260<\/span>\n\t\t\t\t\t\t<span itemprop='width'>390<\/span>\n\t\t\t\t<\/span>\n\t\t\t\t<span class='av-structured-data'  itemprop=\"publisher\" itemtype=\"https:\/\/schema.org\/Organization\" itemscope=\"itemscope\" >\n\t\t\t\t\t\t<span itemprop='name'>netpower<\/span>\n\t\t\t\t\t\t<span itemprop='logo' itemscope itemtype='https:\/\/schema.org\/ImageObject'>\n\t\t\t\t\t\t\t<span itemprop='url'>http:\/\/www.autoline.no\/wp-content\/uploads\/2016\/12\/logo.png<\/span>\n\t\t\t\t\t\t<\/span>\n\t\t\t\t<\/span><span class='av-structured-data'  itemprop=\"author\" itemscope=\"itemscope\" itemtype=\"https:\/\/schema.org\/Person\" ><span itemprop='name'>netpower<\/span><\/span><span class='av-structured-data'  itemprop=\"datePublished\" datetime=\"2016-12-07T11:30:21+01:00\" >2016-12-07 11:32:36<\/span><span class='av-structured-data'  itemprop=\"dateModified\" itemtype=\"https:\/\/schema.org\/dateModified\" >2023-01-31 19:14:32<\/span><span class='av-structured-data'  itemprop=\"mainEntityOfPage\" itemtype=\"https:\/\/schema.org\/mainEntityOfPage\" ><span itemprop='name'>Autoline as<\/span><\/span><\/span><\/article><article class='slide-entry flex_column  post-entry post-entry-1200 slide-entry-overview slide-loop-4 slide-parity-even  post-entry-last  av_one_half  real-thumbnail'  itemscope=\"itemscope\" itemtype=\"https:\/\/schema.org\/CreativeWork\" ><a href='https:\/\/www.autoline.no\/de\/about-us\/photos\/' data-rel='slide-1' class='slide-image' title=''><img decoding=\"async\" loading=\"lazy\" width=\"390\" height=\"260\" src=\"https:\/\/www.autoline.no\/wp-content\/uploads\/2016\/12\/no-image.jpg\" class=\"wp-image-238 avia-img-lazy-loading-238 attachment-portfolio size-portfolio wp-post-image\" alt=\"\" srcset=\"https:\/\/www.autoline.no\/wp-content\/uploads\/2016\/12\/no-image.jpg 390w, https:\/\/www.autoline.no\/wp-content\/uploads\/2016\/12\/no-image-300x200.jpg 300w\" sizes=\"auto, (max-width: 390px) 100vw, 390px\" \/><\/a><div class='slide-content'><header class=\"entry-content-header\"><h3 class='slide-entry-title entry-title'  itemprop=\"headline\" ><a href='https:\/\/www.autoline.no\/de\/about-us\/photos\/' title='Bildergalerie'>Bildergalerie<\/a><\/h3><span class=\"av-vertical-delimiter\"><\/span><\/header><div class='slide-entry-excerpt entry-content'  itemprop=\"text\" >Hier finden Sie Bilder von den vielen Events, an denen Autoline teilnimmt. Hier sehen Sie die Produkte in verschiedenen Umgebungen, die Menschen, von denen der Betrieb abh\u00e4ngig ist, Autoleidenschaft nach Feierabend und ein St\u00fcck Geschichte.\t<\/div><\/div><footer class=\"entry-footer\"><\/footer><span class='hidden'>\n\t\t\t\t<span class='av-structured-data'  itemprop=\"image\" itemscope=\"itemscope\" itemtype=\"https:\/\/schema.org\/ImageObject\" >\n\t\t\t\t\t\t<span itemprop='url'>https:\/\/www.autoline.no\/wp-content\/uploads\/2016\/12\/no-image.jpg<\/span>\n\t\t\t\t\t\t<span itemprop='height'>260<\/span>\n\t\t\t\t\t\t<span itemprop='width'>390<\/span>\n\t\t\t\t<\/span>\n\t\t\t\t<span class='av-structured-data'  itemprop=\"publisher\" itemtype=\"https:\/\/schema.org\/Organization\" itemscope=\"itemscope\" >\n\t\t\t\t\t\t<span itemprop='name'>netpower<\/span>\n\t\t\t\t\t\t<span itemprop='logo' itemscope itemtype='https:\/\/schema.org\/ImageObject'>\n\t\t\t\t\t\t\t<span itemprop='url'>http:\/\/www.autoline.no\/wp-content\/uploads\/2016\/12\/logo.png<\/span>\n\t\t\t\t\t\t<\/span>\n\t\t\t\t<\/span><span class='av-structured-data'  itemprop=\"author\" itemscope=\"itemscope\" itemtype=\"https:\/\/schema.org\/Person\" ><span itemprop='name'>netpower<\/span><\/span><span class='av-structured-data'  itemprop=\"datePublished\" datetime=\"2016-12-07T11:30:21+01:00\" >2016-12-07 11:30:21<\/span><span class='av-structured-data'  itemprop=\"dateModified\" itemtype=\"https:\/\/schema.org\/dateModified\" >2016-12-12 04:52:00<\/span><span class='av-structured-data'  itemprop=\"mainEntityOfPage\" itemtype=\"https:\/\/schema.org\/mainEntityOfPage\" ><span itemprop='name'>Bildergalerie<\/span><\/span><\/span><\/article><\/div><\/div><\/div>\n","protected":false},"excerpt":{"rendered":"","protected":false},"author":1,"featured_media":0,"parent":0,"menu_order":0,"comment_status":"closed","ping_status":"closed","template":"","meta":{"_acf_changed":false,"footnotes":"","_links_to":"","_links_to_target":""},"class_list":["post-1190","page","type-page","status-publish","hentry"],"acf":[],"_links":{"self":[{"href":"https:\/\/www.autoline.no\/de\/wp-json\/wp\/v2\/pages\/1190","targetHints":{"allow":["GET"]}}],"collection":[{"href":"https:\/\/www.autoline.no\/de\/wp-json\/wp\/v2\/pages"}],"about":[{"href":"https:\/\/www.autoline.no\/de\/wp-json\/wp\/v2\/types\/page"}],"author":[{"embeddable":true,"href":"https:\/\/www.autoline.no\/de\/wp-json\/wp\/v2\/users\/1"}],"replies":[{"embeddable":true,"href":"https:\/\/www.autoline.no\/de\/wp-json\/wp\/v2\/comments?post=1190"}],"version-history":[{"count":2,"href":"https:\/\/www.autoline.no\/de\/wp-json\/wp\/v2\/pages\/1190\/revisions"}],"predecessor-version":[{"id":1192,"href":"https:\/\/www.autoline.no\/de\/wp-json\/wp\/v2\/pages\/1190\/revisions\/1192"}],"wp:attachment":[{"href":"https:\/\/www.autoline.no\/de\/wp-json\/wp\/v2\/media?parent=1190"}],"curies":[{"name":"wp","href":"https:\/\/api.w.org\/{rel}","templated":true}]}}