{"id":1151,"date":"2016-12-06T02:58:29","date_gmt":"2016-12-06T02:58:29","guid":{"rendered":"http:\/\/www.autoline.no\/references\/?lang=de"},"modified":"2016-12-12T04:02:11","modified_gmt":"2016-12-12T04:02:11","slug":"references","status":"publish","type":"page","link":"https:\/\/www.autoline.no\/de\/references\/","title":{"rendered":"References"},"content":{"rendered":"\n<style type=\"text\/css\" data-created_by=\"avia_inline_auto\" id=\"style-css-av-av_heading-cc1d5cfa3bfaa83a2d948d065e0ff007\">\n#top .av-special-heading.av-av_heading-cc1d5cfa3bfaa83a2d948d065e0ff007{\npadding-bottom:10px;\n}\nbody .av-special-heading.av-av_heading-cc1d5cfa3bfaa83a2d948d065e0ff007 .av-special-heading-tag .heading-char{\nfont-size:25px;\n}\n.av-special-heading.av-av_heading-cc1d5cfa3bfaa83a2d948d065e0ff007 .av-subheading{\nfont-size:15px;\n}\n<\/style>\n<div  class='av-special-heading av-av_heading-cc1d5cfa3bfaa83a2d948d065e0ff007 av-special-heading-h1 blockquote modern-quote modern-centered  avia-builder-el-0  el_before_av_hr  avia-builder-el-first '><h1 class='av-special-heading-tag '  itemprop=\"headline\"  >Unser Fokus auf Sicherheit verschafft uns viele zufriedene Kunden.<\/h1><div class=\"special-heading-border\"><div class=\"special-heading-inner-border\"><\/div><\/div><\/div>\n\n<style type=\"text\/css\" data-created_by=\"avia_inline_auto\" id=\"style-css-av-av_hr-edcfa5de73054f590fc6139f5374d728\">\n#top .hr.av-av_hr-edcfa5de73054f590fc6139f5374d728{\nmargin-top:0;\nmargin-bottom:40px;\n}\n.hr.av-av_hr-edcfa5de73054f590fc6139f5374d728 .hr-inner{\nwidth:58px;\nborder-color:#ffb716;\n}\n<\/style>\n<div  class='hr av-av_hr-edcfa5de73054f590fc6139f5374d728 hr-custom  avia-builder-el-1  el_after_av_heading  el_before_av_textblock  hr-center hr-icon-no'><span class='hr-inner inner-border-av-border-fat'><span class=\"hr-inner-style\"><\/span><\/span><\/div>\n<section  class='av_textblock_section av-av_textblock-35972167d9f102c5ddaec0c531c98b9e '   itemscope=\"itemscope\" itemtype=\"https:\/\/schema.org\/CreativeWork\" ><div class='avia_textblock'  itemprop=\"text\" ><div class=\"attribute-intro\">\n<div class=\"attribute-intro\">\n<p>\u00dcber lange Zeit sind unsere Produkte von einer qualit\u00e4tsbewussten und anspruchsvollen Branche gr\u00fcndlich gepr\u00fcft worden. Stets haben wir das Augenmerk auf optimale L\u00f6sungen f\u00fcr sichere Friktion gerichtet.<\/p>\n<\/div>\n<div class=\"attribute-body\">\n<p>Ausgezeichneter Service und kompetente Kundenbetreuung tragen ebenfalls zur Kundenzufriedenheit bei. Autoline AS hat \u00fcber die Jahre \u00fcber 10 000 Einheiten geliefert. Unsere Kunden danken es uns mit guten Referenzen und R\u00fcckmeldungen.<\/p>\n<\/div>\n<\/div>\n<div class=\"attribute-body\">\n<p><img loading=\"lazy\" decoding=\"async\" class=\"alignnone size-full wp-image-257\" src=\"http:\/\/www.autoline.no\/wp-content\/uploads\/2016\/12\/Alfred-Aksnes.jpg\" alt=\"alfred-aksnes\" width=\"347\" height=\"306\" srcset=\"https:\/\/www.autoline.no\/wp-content\/uploads\/2016\/12\/Alfred-Aksnes.jpg 347w, https:\/\/www.autoline.no\/wp-content\/uploads\/2016\/12\/Alfred-Aksnes-300x265.jpg 300w\" sizes=\"auto, (max-width: 347px) 100vw, 347px\" \/><br \/>\n<b>Alfred Aksnes<\/b> \/ Boreal transport Nord<br \/>\n<i>Mobiltelefon: 98 24 05 15 \/ <a href=\"mailto:alfred.aksnes@boreal.no\" target=\"_self\" rel=\"noopener\">alfred.aksnes@boreal.no<\/a><\/i><\/p>\n<p>Ich habe die Autoline-Sandstreuer f\u00fcr Busse seit \u00fcber 10 Jahren getestet und in Betrieb und habe sehr gute Erfahrungen mit dem Produkt und dem After-Sales-Service durch Autoline gemacht. Wir haben festgestellt, dass die Gemeinde Troms die Sandstreuer f\u00fcr Busse bereits an mehreren Orten in der Gemeinde in die Ausschreibungsanforderungen aufgenommen hat und dies wird k\u00fcnftig auch in anderen Gemeinden der Fall sein.<\/p>\n<p><img loading=\"lazy\" decoding=\"async\" class=\"alignnone size-full wp-image-256\" src=\"http:\/\/www.autoline.no\/wp-content\/uploads\/2016\/12\/Eirik-Markussen.jpg\" alt=\"eirik-markussen\" width=\"347\" height=\"306\" srcset=\"https:\/\/www.autoline.no\/wp-content\/uploads\/2016\/12\/Eirik-Markussen.jpg 347w, https:\/\/www.autoline.no\/wp-content\/uploads\/2016\/12\/Eirik-Markussen-300x265.jpg 300w\" sizes=\"auto, (max-width: 347px) 100vw, 347px\" \/><br \/>\n<b>Eirik Markussen<\/b><br \/>\n<i>Mob: 95 21 50 11 \/ <a href=\"mailto:eirik@bergtransport.no\" target=\"_self\" rel=\"noopener\">eirik@bergtransport.no<\/a><\/i><\/p>\n<p>Eirik Markussen, Gesch\u00e4ftsf\u00fchrer bei Bergs Transport, Spediteur f\u00fcr Statoil in Nordnorwegen: \u201eIch kann mit Sicherheit sagen, dass Autoline Sandstreuer einen b\u00f6sen Unfall verhindert hat\u201d &#8211; streute die Fahrbahn und sicherte das Haftverm\u00f6gen bei einer Vollbremsung vor einer Kreuzung.<\/p>\n<p><img loading=\"lazy\" decoding=\"async\" class=\"alignnone size-full wp-image-255\" src=\"http:\/\/www.autoline.no\/wp-content\/uploads\/2016\/12\/Roger-Mikalsen.jpg\" alt=\"roger-mikalsen\" width=\"347\" height=\"405\" srcset=\"https:\/\/www.autoline.no\/wp-content\/uploads\/2016\/12\/Roger-Mikalsen.jpg 347w, https:\/\/www.autoline.no\/wp-content\/uploads\/2016\/12\/Roger-Mikalsen-257x300.jpg 257w\" sizes=\"auto, (max-width: 347px) 100vw, 347px\" \/><br \/>\n<b>Roger Mikalsen<\/b><br \/>\n<i>Mob. 95 19 29 85\u00a0\/\u00a0<a href=\"mailto:Roger.Mikalsen@boreal.no\" target=\"_self\" rel=\"noopener\">Roger.Mikalsen@boreal.no<\/a><\/i><\/p>\n<p>Boreal Transport Norge AS has a zero vision. This means that: \u201cWe shall strive for operations that cause zero harm to people, equipment or the environment\u201d. Our use of Autoline sand spreaders forms part of this work. We are very satisfied with Autoline\u2019s products and can confidently recommend them to other bus companies who take safety seriously.<\/p>\n<p><img loading=\"lazy\" decoding=\"async\" class=\"alignnone size-full wp-image-258\" src=\"http:\/\/www.autoline.no\/wp-content\/uploads\/2016\/12\/Bjorn-Kavli.jpg\" alt=\"bjorn-kavli\" width=\"347\" height=\"260\" srcset=\"https:\/\/www.autoline.no\/wp-content\/uploads\/2016\/12\/Bjorn-Kavli.jpg 347w, https:\/\/www.autoline.no\/wp-content\/uploads\/2016\/12\/Bjorn-Kavli-300x225.jpg 300w\" sizes=\"auto, (max-width: 347px) 100vw, 347px\" \/><br \/>\n<b>Bj\u00f8rn Kavli<\/b><br \/>\n<i>Mob: (+47) 99 29 30 28 \/ <a href=\"mailto:bjorn.kavli@tromsfylke.no\" target=\"_self\" rel=\"noopener\">bjorn.kavli@tromsfylke.no<\/a><\/i><\/p>\n<p>Das Fylke Troms ist Vorreiter, wenn es um umweltvertr\u00e4gliche, innovative L\u00f6sungen des Personentransports geht.<br \/>\nBj\u00f8rn Kavli, Verkehrschef von Troms Fylke: \u201cWir sind mit den Autoline Sandstreuern sehr zufrieden. Das Verfahren schont die Umwelt und tr\u00e4gt zur Sicherheit von Bus, Personal und Fahrg\u00e4sten bei.\u201d<\/p>\n<\/div>\n<\/div><\/section>\n","protected":false},"excerpt":{"rendered":"","protected":false},"author":1,"featured_media":0,"parent":0,"menu_order":0,"comment_status":"closed","ping_status":"closed","template":"","meta":{"_acf_changed":false,"footnotes":"","_links_to":"","_links_to_target":""},"class_list":["post-1151","page","type-page","status-publish","hentry"],"acf":[],"_links":{"self":[{"href":"https:\/\/www.autoline.no\/de\/wp-json\/wp\/v2\/pages\/1151","targetHints":{"allow":["GET"]}}],"collection":[{"href":"https:\/\/www.autoline.no\/de\/wp-json\/wp\/v2\/pages"}],"about":[{"href":"https:\/\/www.autoline.no\/de\/wp-json\/wp\/v2\/types\/page"}],"author":[{"embeddable":true,"href":"https:\/\/www.autoline.no\/de\/wp-json\/wp\/v2\/users\/1"}],"replies":[{"embeddable":true,"href":"https:\/\/www.autoline.no\/de\/wp-json\/wp\/v2\/comments?post=1151"}],"version-history":[{"count":2,"href":"https:\/\/www.autoline.no\/de\/wp-json\/wp\/v2\/pages\/1151\/revisions"}],"predecessor-version":[{"id":1153,"href":"https:\/\/www.autoline.no\/de\/wp-json\/wp\/v2\/pages\/1151\/revisions\/1153"}],"wp:attachment":[{"href":"https:\/\/www.autoline.no\/de\/wp-json\/wp\/v2\/media?parent=1151"}],"curies":[{"name":"wp","href":"https:\/\/api.w.org\/{rel}","templated":true}]}}